{"id":97,"date":"2025-12-26T08:21:51","date_gmt":"2025-12-26T08:21:51","guid":{"rendered":"https:\/\/emeraldbayhotelnhatrang.ms2.decms.asia\/?page_id=97"},"modified":"2026-04-07T08:21:13","modified_gmt":"2026-04-07T08:21:13","slug":"in-room-dining","status":"publish","type":"page","link":"https:\/\/www.emeraldbayhotelnhatrang.com\/vi\/dining-experience\/in-room-dining\/","title":{"rendered":"D\u1ecbch v\u1ee5 t\u1ea1i ph\u00f2ng"},"content":{"rendered":"<p>Kh\u00f4ng c\u1ea7n ra kh\u1ecfi ph\u00f2ng, b\u1ea1n v\u1eabn c\u00f3 th\u1ec3 t\u1eadn h\u01b0\u1edfng nh\u1eefng m\u00f3n \u0103n \u0111\u1eb7c s\u1eafc \u0111\u01b0\u1ee3c ch\u1ebf bi\u1ebfn t\u1eeb nh\u1eefng nguy\u00ean li\u1ec7u t\u01b0\u01a1i ngon nh\u1ea5t \u2013 \u0111\u00f3 ch\u00ednh l\u00e0 d\u1ecbch v\u1ee5 Room Service tinh t\u1ebf t\u1ea1i Emerald Bay. D\u00f9 b\u1ea1n mu\u1ed1n m\u1ed9t b\u1eefa tr\u01b0a nh\u1eb9 nh\u00e0ng sau bu\u1ed5i spa, m\u1ed9t bu\u1ed5i chi\u1ec1u th\u01b0 th\u1ea3 v\u1edbi c\u00e0 ph\u00ea &amp; b\u00e1nh ng\u1ecdt, hay m\u1ed9t b\u1eefa t\u1ed1i \u1ea5m c\u00fang b\u00ean ng\u01b0\u1eddi th\u00e2n trong kh\u00f4ng gian ri\u00eang t\u01b0, ch\u00fang t\u00f4i lu\u00f4n s\u1eb5n s\u00e0ng ph\u1ee5c v\u1ee5 t\u1eeb 10:00 \u0111\u1ebfn 22:00 m\u1ed7i ng\u00e0y. Ch\u1ec9 c\u1ea7n m\u1ed9t cu\u1ed9c g\u1ecdi, tr\u1ea3i nghi\u1ec7m \u1ea9m th\u1ef1c s\u1ebd \u0111\u1ebfn ngay tr\u01b0\u1edbc c\u1eeda ph\u00f2ng b\u1ea1n<\/p>\n","protected":false},"excerpt":{"rendered":"<p>Kh\u00f4ng c\u1ea7n ra kh\u1ecfi ph\u00f2ng, b\u1ea1n v\u1eabn c\u00f3 th\u1ec3 t\u1eadn h\u01b0\u1edfng nh\u1eefng m\u00f3n \u0103n \u0111\u1eb7c s\u1eafc \u0111\u01b0\u1ee3c ch\u1ebf bi\u1ebfn t\u1eeb nh\u1eefng nguy\u00ean li\u1ec7u t\u01b0\u01a1i ngon nh\u1ea5t \u2013 \u0111\u00f3 ch\u00ednh l\u00e0 d\u1ecbch v\u1ee5 Room Service tinh t\u1ebf t\u1ea1i Emerald Bay. D\u00f9 b\u1ea1n mu\u1ed1n m\u1ed9t b\u1eefa tr\u01b0a nh\u1eb9 nh\u00e0ng sau bu\u1ed5i spa, m\u1ed9t bu\u1ed5i chi\u1ec1u th\u01b0 th\u1ea3 [&hellip;]<\/p>\n","protected":false},"author":8,"featured_media":283,"parent":85,"menu_order":2,"comment_status":"closed","ping_status":"closed","template":"template-single-restaurant.php","meta":{"footnotes":""},"yoast_head":"<!-- This site is optimized with the Yoast SEO plugin v22.3 - https:\/\/yoast.com\/wordpress\/plugins\/seo\/ -->\n<title>D\u1ecbch v\u1ee5 t\u1ea1i ph\u00f2ng - Emerald Bay Hotel &amp; Spa Nha Trang<\/title>\n<meta name=\"description\" content=\"Th\u01b0\u1edfng th\u1ee9c b\u1eefa t\u1ed1i ri\u00eang t\u01b0 trong kh\u00f4ng gian c\u1ee7a b\u1ea1n, t\u1eadn h\u01b0\u1edfng s\u1ef1 ti\u1ec7n nghi v\u00e0 d\u1ecbch v\u1ee5 chu \u0111\u00e1o tr\u1ecdn v\u1eb9n t\u1eebng ph\u00fat gi\u00e2y.\" \/>\n<meta name=\"robots\" content=\"index, follow, max-snippet:-1, max-image-preview:large, max-video-preview:-1\" \/>\n<link rel=\"canonical\" href=\"https:\/\/www.emeraldbayhotelnhatrang.com\/vi\/dining-experience\/in-room-dining\/\" \/>\n<meta property=\"og:locale\" content=\"vi_VN\" \/>\n<meta property=\"og:type\" content=\"article\" \/>\n<meta property=\"og:title\" content=\"D\u1ecbch v\u1ee5 t\u1ea1i ph\u00f2ng - Emerald Bay Hotel &amp; Spa Nha Trang\" \/>\n<meta property=\"og:description\" content=\"Th\u01b0\u1edfng th\u1ee9c b\u1eefa t\u1ed1i ri\u00eang t\u01b0 trong kh\u00f4ng gian c\u1ee7a b\u1ea1n, t\u1eadn h\u01b0\u1edfng s\u1ef1 ti\u1ec7n nghi v\u00e0 d\u1ecbch v\u1ee5 chu \u0111\u00e1o tr\u1ecdn v\u1eb9n t\u1eebng ph\u00fat gi\u00e2y.\" \/>\n<meta property=\"og:url\" content=\"https:\/\/www.emeraldbayhotelnhatrang.com\/vi\/dining-experience\/in-room-dining\/\" \/>\n<meta property=\"og:site_name\" content=\"Emerald Bay Hotel &amp; Spa Nha Trang\" \/>\n<meta property=\"article:modified_time\" content=\"2026-04-07T08:21:13+00:00\" \/>\n<meta property=\"og:image\" content=\"http:\/\/www.emeraldbayhotelnhatrang.com\/wp-content\/uploads\/sites\/145\/2026\/02\/FB2.png\" \/>\n\t<meta property=\"og:image:width\" content=\"736\" \/>\n\t<meta property=\"og:image:height\" content=\"522\" \/>\n\t<meta property=\"og:image:type\" content=\"image\/png\" \/>\n<meta name=\"twitter:card\" content=\"summary_large_image\" \/>\n<meta name=\"twitter:label1\" content=\"Est. reading time\" \/>\n\t<meta name=\"twitter:data1\" content=\"1 minute\" \/>\n<script type=\"application\/ld+json\" class=\"yoast-schema-graph\">{\"@context\":\"https:\/\/schema.org\",\"@graph\":[{\"@type\":\"WebPage\",\"@id\":\"https:\/\/www.emeraldbayhotelnhatrang.com\/vi\/dining-experience\/in-room-dining\/\",\"url\":\"https:\/\/www.emeraldbayhotelnhatrang.com\/vi\/dining-experience\/in-room-dining\/\",\"name\":\"D\u1ecbch v\u1ee5 t\u1ea1i ph\u00f2ng - Emerald Bay Hotel &amp; Spa Nha Trang\",\"isPartOf\":{\"@id\":\"https:\/\/www.emeraldbayhotelnhatrang.com\/vi\/#website\"},\"primaryImageOfPage\":{\"@id\":\"https:\/\/www.emeraldbayhotelnhatrang.com\/vi\/dining-experience\/in-room-dining\/#primaryimage\"},\"image\":{\"@id\":\"https:\/\/www.emeraldbayhotelnhatrang.com\/vi\/dining-experience\/in-room-dining\/#primaryimage\"},\"thumbnailUrl\":\"https:\/\/www.emeraldbayhotelnhatrang.com\/wp-content\/uploads\/sites\/145\/2026\/02\/FB2.png\",\"datePublished\":\"2025-12-26T08:21:51+00:00\",\"dateModified\":\"2026-04-07T08:21:13+00:00\",\"description\":\"Th\u01b0\u1edfng th\u1ee9c b\u1eefa t\u1ed1i ri\u00eang t\u01b0 trong kh\u00f4ng gian c\u1ee7a b\u1ea1n, t\u1eadn h\u01b0\u1edfng s\u1ef1 ti\u1ec7n nghi v\u00e0 d\u1ecbch v\u1ee5 chu \u0111\u00e1o tr\u1ecdn v\u1eb9n t\u1eebng ph\u00fat gi\u00e2y.\",\"breadcrumb\":{\"@id\":\"https:\/\/www.emeraldbayhotelnhatrang.com\/vi\/dining-experience\/in-room-dining\/#breadcrumb\"},\"inLanguage\":\"vi-VN\",\"potentialAction\":[{\"@type\":\"ReadAction\",\"target\":[\"https:\/\/www.emeraldbayhotelnhatrang.com\/vi\/dining-experience\/in-room-dining\/\"]}]},{\"@type\":\"ImageObject\",\"inLanguage\":\"vi-VN\",\"@id\":\"https:\/\/www.emeraldbayhotelnhatrang.com\/vi\/dining-experience\/in-room-dining\/#primaryimage\",\"url\":\"https:\/\/www.emeraldbayhotelnhatrang.com\/wp-content\/uploads\/sites\/145\/2026\/02\/FB2.png\",\"contentUrl\":\"https:\/\/www.emeraldbayhotelnhatrang.com\/wp-content\/uploads\/sites\/145\/2026\/02\/FB2.png\",\"width\":736,\"height\":522},{\"@type\":\"BreadcrumbList\",\"@id\":\"https:\/\/www.emeraldbayhotelnhatrang.com\/vi\/dining-experience\/in-room-dining\/#breadcrumb\",\"itemListElement\":[{\"@type\":\"ListItem\",\"position\":1,\"name\":\"Home\",\"item\":\"https:\/\/www.emeraldbayhotelnhatrang.com\/vi\/\"},{\"@type\":\"ListItem\",\"position\":2,\"name\":\"\u1ea8m th\u1ef1c\",\"item\":\"https:\/\/www.emeraldbayhotelnhatrang.com\/vi\/dining-experience\/\"},{\"@type\":\"ListItem\",\"position\":3,\"name\":\"D\u1ecbch v\u1ee5 t\u1ea1i ph\u00f2ng\"}]},{\"@type\":\"WebSite\",\"@id\":\"https:\/\/www.emeraldbayhotelnhatrang.com\/vi\/#website\",\"url\":\"https:\/\/www.emeraldbayhotelnhatrang.com\/vi\/\",\"name\":\"Emerald Bay Hotel &amp; Spa Nha Trang\",\"description\":\"\",\"potentialAction\":[{\"@type\":\"SearchAction\",\"target\":{\"@type\":\"EntryPoint\",\"urlTemplate\":\"https:\/\/www.emeraldbayhotelnhatrang.com\/vi\/?s={search_term_string}\"},\"query-input\":\"required name=search_term_string\"}],\"inLanguage\":\"vi-VN\"}]}<\/script>\n<!-- \/ Yoast SEO plugin. -->","yoast_head_json":{"title":"D\u1ecbch v\u1ee5 t\u1ea1i ph\u00f2ng - Emerald Bay Hotel &amp; Spa Nha Trang","description":"Th\u01b0\u1edfng th\u1ee9c b\u1eefa t\u1ed1i ri\u00eang t\u01b0 trong kh\u00f4ng gian c\u1ee7a b\u1ea1n, t\u1eadn h\u01b0\u1edfng s\u1ef1 ti\u1ec7n nghi v\u00e0 d\u1ecbch v\u1ee5 chu \u0111\u00e1o tr\u1ecdn v\u1eb9n t\u1eebng ph\u00fat gi\u00e2y.","robots":{"index":"index","follow":"follow","max-snippet":"max-snippet:-1","max-image-preview":"max-image-preview:large","max-video-preview":"max-video-preview:-1"},"canonical":"https:\/\/www.emeraldbayhotelnhatrang.com\/vi\/dining-experience\/in-room-dining\/","og_locale":"vi_VN","og_type":"article","og_title":"D\u1ecbch v\u1ee5 t\u1ea1i ph\u00f2ng - Emerald Bay Hotel &amp; Spa Nha Trang","og_description":"Th\u01b0\u1edfng th\u1ee9c b\u1eefa t\u1ed1i ri\u00eang t\u01b0 trong kh\u00f4ng gian c\u1ee7a b\u1ea1n, t\u1eadn h\u01b0\u1edfng s\u1ef1 ti\u1ec7n nghi v\u00e0 d\u1ecbch v\u1ee5 chu \u0111\u00e1o tr\u1ecdn v\u1eb9n t\u1eebng ph\u00fat gi\u00e2y.","og_url":"https:\/\/www.emeraldbayhotelnhatrang.com\/vi\/dining-experience\/in-room-dining\/","og_site_name":"Emerald Bay Hotel &amp; Spa Nha Trang","article_modified_time":"2026-04-07T08:21:13+00:00","og_image":[{"width":736,"height":522,"url":"http:\/\/www.emeraldbayhotelnhatrang.com\/wp-content\/uploads\/sites\/145\/2026\/02\/FB2.png","type":"image\/png"}],"twitter_card":"summary_large_image","twitter_misc":{"Est. reading time":"1 minute"},"schema":{"@context":"https:\/\/schema.org","@graph":[{"@type":"WebPage","@id":"https:\/\/www.emeraldbayhotelnhatrang.com\/vi\/dining-experience\/in-room-dining\/","url":"https:\/\/www.emeraldbayhotelnhatrang.com\/vi\/dining-experience\/in-room-dining\/","name":"D\u1ecbch v\u1ee5 t\u1ea1i ph\u00f2ng - Emerald Bay Hotel &amp; Spa Nha Trang","isPartOf":{"@id":"https:\/\/www.emeraldbayhotelnhatrang.com\/vi\/#website"},"primaryImageOfPage":{"@id":"https:\/\/www.emeraldbayhotelnhatrang.com\/vi\/dining-experience\/in-room-dining\/#primaryimage"},"image":{"@id":"https:\/\/www.emeraldbayhotelnhatrang.com\/vi\/dining-experience\/in-room-dining\/#primaryimage"},"thumbnailUrl":"https:\/\/www.emeraldbayhotelnhatrang.com\/wp-content\/uploads\/sites\/145\/2026\/02\/FB2.png","datePublished":"2025-12-26T08:21:51+00:00","dateModified":"2026-04-07T08:21:13+00:00","description":"Th\u01b0\u1edfng th\u1ee9c b\u1eefa t\u1ed1i ri\u00eang t\u01b0 trong kh\u00f4ng gian c\u1ee7a b\u1ea1n, t\u1eadn h\u01b0\u1edfng s\u1ef1 ti\u1ec7n nghi v\u00e0 d\u1ecbch v\u1ee5 chu \u0111\u00e1o tr\u1ecdn v\u1eb9n t\u1eebng ph\u00fat gi\u00e2y.","breadcrumb":{"@id":"https:\/\/www.emeraldbayhotelnhatrang.com\/vi\/dining-experience\/in-room-dining\/#breadcrumb"},"inLanguage":"vi-VN","potentialAction":[{"@type":"ReadAction","target":["https:\/\/www.emeraldbayhotelnhatrang.com\/vi\/dining-experience\/in-room-dining\/"]}]},{"@type":"ImageObject","inLanguage":"vi-VN","@id":"https:\/\/www.emeraldbayhotelnhatrang.com\/vi\/dining-experience\/in-room-dining\/#primaryimage","url":"https:\/\/www.emeraldbayhotelnhatrang.com\/wp-content\/uploads\/sites\/145\/2026\/02\/FB2.png","contentUrl":"https:\/\/www.emeraldbayhotelnhatrang.com\/wp-content\/uploads\/sites\/145\/2026\/02\/FB2.png","width":736,"height":522},{"@type":"BreadcrumbList","@id":"https:\/\/www.emeraldbayhotelnhatrang.com\/vi\/dining-experience\/in-room-dining\/#breadcrumb","itemListElement":[{"@type":"ListItem","position":1,"name":"Home","item":"https:\/\/www.emeraldbayhotelnhatrang.com\/vi\/"},{"@type":"ListItem","position":2,"name":"\u1ea8m th\u1ef1c","item":"https:\/\/www.emeraldbayhotelnhatrang.com\/vi\/dining-experience\/"},{"@type":"ListItem","position":3,"name":"D\u1ecbch v\u1ee5 t\u1ea1i ph\u00f2ng"}]},{"@type":"WebSite","@id":"https:\/\/www.emeraldbayhotelnhatrang.com\/vi\/#website","url":"https:\/\/www.emeraldbayhotelnhatrang.com\/vi\/","name":"Emerald Bay Hotel &amp; Spa Nha Trang","description":"","potentialAction":[{"@type":"SearchAction","target":{"@type":"EntryPoint","urlTemplate":"https:\/\/www.emeraldbayhotelnhatrang.com\/vi\/?s={search_term_string}"},"query-input":"required name=search_term_string"}],"inLanguage":"vi-VN"}]}},"acf":[],"_links":{"self":[{"href":"https:\/\/www.emeraldbayhotelnhatrang.com\/vi\/wp-json\/wp\/v2\/pages\/97"}],"collection":[{"href":"https:\/\/www.emeraldbayhotelnhatrang.com\/vi\/wp-json\/wp\/v2\/pages"}],"about":[{"href":"https:\/\/www.emeraldbayhotelnhatrang.com\/vi\/wp-json\/wp\/v2\/types\/page"}],"author":[{"embeddable":true,"href":"https:\/\/www.emeraldbayhotelnhatrang.com\/vi\/wp-json\/wp\/v2\/users\/8"}],"replies":[{"embeddable":true,"href":"https:\/\/www.emeraldbayhotelnhatrang.com\/vi\/wp-json\/wp\/v2\/comments?post=97"}],"version-history":[{"count":0,"href":"https:\/\/www.emeraldbayhotelnhatrang.com\/vi\/wp-json\/wp\/v2\/pages\/97\/revisions"}],"up":[{"embeddable":true,"href":"https:\/\/www.emeraldbayhotelnhatrang.com\/vi\/wp-json\/wp\/v2\/pages\/85"}],"wp:featuredmedia":[{"embeddable":true,"href":"https:\/\/www.emeraldbayhotelnhatrang.com\/vi\/wp-json\/wp\/v2\/media\/283"}],"wp:attachment":[{"href":"https:\/\/www.emeraldbayhotelnhatrang.com\/vi\/wp-json\/wp\/v2\/media?parent=97"}],"curies":[{"name":"wp","href":"https:\/\/api.w.org\/{rel}","templated":true}]}}