{"id":87,"date":"2025-12-26T08:07:30","date_gmt":"2025-12-26T08:07:30","guid":{"rendered":"https:\/\/emeraldbayhotelnhatrang.ms2.decms.asia\/?page_id=87"},"modified":"2026-04-02T06:07:22","modified_gmt":"2026-04-02T06:07:22","slug":"ocean-palace-restaurant","status":"publish","type":"page","link":"https:\/\/www.emeraldbayhotelnhatrang.com\/vi\/dining-experience\/ocean-palace-restaurant\/","title":{"rendered":"Nh\u00e0 h\u00e0ng Ocean Palace"},"content":{"rendered":"<p style=\"text-align: center\" data-pm-slice=\"1 1 []\">T\u1ea1i Ocean Palace, m\u1ed7i tr\u1ea3i nghi\u1ec7m \u1ea9m th\u1ef1c l\u00e0 m\u1ed9t n\u00e9t ch\u1ea5m ph\u00e1 v\u0103n h\u00f3a ri\u00eang. T\u1ea1i \u0111\u00e2y, tinh hoa \u1ea9m th\u1ef1c Vi\u1ec7t \u0111\u01b0\u1ee3c t\u00f4n vinh qua t\u1eebng m\u00f3n \u0103n. Nh\u00e0 h\u00e0ng mang \u0111\u1ebfn s\u1ef1 k\u1ebft h\u1ee3p tinh t\u1ebf \u1ea9m th\u1ef1c \u0111\u1ecba ph\u01b0\u01a1ng v\u00e0 h\u01b0\u01a1ng v\u1ecb qu\u1ed1c t\u1ebf.<\/p>\n<p style=\"text-align: center\">Kh\u00f4ng c\u1ea7n nh\u1eefng nguy\u00ean li\u1ec7u xa hoa, th\u1ef1c \u0111\u01a1n t\u1ea1i Ocean Palace v\u1eabn \u0111\u1ee7 s\u1ee9c chinh ph\u1ee5c m\u1ecdi v\u1ecb gi\u00e1c b\u1eb1ng s\u1ef1 tinh t\u1ebf, c\u00e2n b\u1eb1ng v\u00e0 dung ho\u00e0 ho\u00e0n h\u1ea3o trong t\u1eebng t\u1ea7ng h\u01b0\u01a1ng.<\/p>\n<p style=\"text-align: center\">\n","protected":false},"excerpt":{"rendered":"<p>T\u1ea1i Ocean Palace, m\u1ed7i tr\u1ea3i nghi\u1ec7m \u1ea9m th\u1ef1c l\u00e0 m\u1ed9t n\u00e9t ch\u1ea5m ph\u00e1 v\u0103n h\u00f3a ri\u00eang. T\u1ea1i \u0111\u00e2y, tinh hoa \u1ea9m th\u1ef1c Vi\u1ec7t \u0111\u01b0\u1ee3c t\u00f4n vinh qua t\u1eebng m\u00f3n \u0103n. Nh\u00e0 h\u00e0ng mang \u0111\u1ebfn s\u1ef1 k\u1ebft h\u1ee3p tinh t\u1ebf \u1ea9m th\u1ef1c \u0111\u1ecba ph\u01b0\u01a1ng v\u00e0 h\u01b0\u01a1ng v\u1ecb qu\u1ed1c t\u1ebf. Kh\u00f4ng c\u1ea7n nh\u1eefng nguy\u00ean li\u1ec7u xa hoa, [&hellip;]<\/p>\n","protected":false},"author":8,"featured_media":94,"parent":85,"menu_order":0,"comment_status":"closed","ping_status":"closed","template":"template-single-restaurant.php","meta":{"footnotes":""},"yoast_head":"<!-- This site is optimized with the Yoast SEO plugin v22.3 - https:\/\/yoast.com\/wordpress\/plugins\/seo\/ -->\n<title>Nh\u00e0 h\u00e0ng Ocean| Emerald Bay Hotel &amp; Spa Nha Trang<\/title>\n<meta name=\"description\" content=\"Tr\u1ea3i nghi\u1ec7m \u1ea9m th\u1ef1c tinh t\u1ebf trong kh\u00f4ng gian l\u00e3ng m\u1ea1n v\u00e0 sang tr\u1ecdng t\u1ea1i Ocean Palace.\" \/>\n<meta name=\"robots\" content=\"index, follow, max-snippet:-1, max-image-preview:large, max-video-preview:-1\" \/>\n<link rel=\"canonical\" href=\"https:\/\/www.emeraldbayhotelnhatrang.com\/vi\/dining-experience\/ocean-palace-restaurant\/\" \/>\n<meta property=\"og:locale\" content=\"vi_VN\" \/>\n<meta property=\"og:type\" content=\"article\" \/>\n<meta property=\"og:title\" content=\"Nh\u00e0 h\u00e0ng Ocean| Emerald Bay Hotel &amp; Spa Nha Trang\" \/>\n<meta property=\"og:description\" content=\"Tr\u1ea3i nghi\u1ec7m \u1ea9m th\u1ef1c tinh t\u1ebf trong kh\u00f4ng gian l\u00e3ng m\u1ea1n v\u00e0 sang tr\u1ecdng t\u1ea1i Ocean Palace.\" \/>\n<meta property=\"og:url\" content=\"https:\/\/www.emeraldbayhotelnhatrang.com\/vi\/dining-experience\/ocean-palace-restaurant\/\" \/>\n<meta property=\"og:site_name\" content=\"Emerald Bay Hotel &amp; Spa Nha Trang\" \/>\n<meta property=\"article:modified_time\" content=\"2026-04-02T06:07:22+00:00\" \/>\n<meta property=\"og:image\" content=\"http:\/\/www.emeraldbayhotelnhatrang.com\/wp-content\/uploads\/sites\/145\/2025\/12\/top1.jpg\" \/>\n\t<meta property=\"og:image:width\" content=\"2200\" \/>\n\t<meta property=\"og:image:height\" content=\"1466\" \/>\n\t<meta property=\"og:image:type\" content=\"image\/jpeg\" \/>\n<meta name=\"twitter:card\" content=\"summary_large_image\" \/>\n<meta name=\"twitter:label1\" content=\"Est. reading time\" \/>\n\t<meta name=\"twitter:data1\" content=\"1 minute\" \/>\n<script type=\"application\/ld+json\" class=\"yoast-schema-graph\">{\"@context\":\"https:\/\/schema.org\",\"@graph\":[{\"@type\":\"WebPage\",\"@id\":\"https:\/\/www.emeraldbayhotelnhatrang.com\/vi\/dining-experience\/ocean-palace-restaurant\/\",\"url\":\"https:\/\/www.emeraldbayhotelnhatrang.com\/vi\/dining-experience\/ocean-palace-restaurant\/\",\"name\":\"Nh\u00e0 h\u00e0ng Ocean| Emerald Bay Hotel & Spa Nha Trang\",\"isPartOf\":{\"@id\":\"https:\/\/www.emeraldbayhotelnhatrang.com\/vi\/#website\"},\"primaryImageOfPage\":{\"@id\":\"https:\/\/www.emeraldbayhotelnhatrang.com\/vi\/dining-experience\/ocean-palace-restaurant\/#primaryimage\"},\"image\":{\"@id\":\"https:\/\/www.emeraldbayhotelnhatrang.com\/vi\/dining-experience\/ocean-palace-restaurant\/#primaryimage\"},\"thumbnailUrl\":\"https:\/\/www.emeraldbayhotelnhatrang.com\/wp-content\/uploads\/sites\/145\/2025\/12\/top1.jpg\",\"datePublished\":\"2025-12-26T08:07:30+00:00\",\"dateModified\":\"2026-04-02T06:07:22+00:00\",\"description\":\"Tr\u1ea3i nghi\u1ec7m \u1ea9m th\u1ef1c tinh t\u1ebf trong kh\u00f4ng gian l\u00e3ng m\u1ea1n v\u00e0 sang tr\u1ecdng t\u1ea1i Ocean Palace.\",\"breadcrumb\":{\"@id\":\"https:\/\/www.emeraldbayhotelnhatrang.com\/vi\/dining-experience\/ocean-palace-restaurant\/#breadcrumb\"},\"inLanguage\":\"vi-VN\",\"potentialAction\":[{\"@type\":\"ReadAction\",\"target\":[\"https:\/\/www.emeraldbayhotelnhatrang.com\/vi\/dining-experience\/ocean-palace-restaurant\/\"]}]},{\"@type\":\"ImageObject\",\"inLanguage\":\"vi-VN\",\"@id\":\"https:\/\/www.emeraldbayhotelnhatrang.com\/vi\/dining-experience\/ocean-palace-restaurant\/#primaryimage\",\"url\":\"https:\/\/www.emeraldbayhotelnhatrang.com\/wp-content\/uploads\/sites\/145\/2025\/12\/top1.jpg\",\"contentUrl\":\"https:\/\/www.emeraldbayhotelnhatrang.com\/wp-content\/uploads\/sites\/145\/2025\/12\/top1.jpg\",\"width\":2200,\"height\":1466},{\"@type\":\"BreadcrumbList\",\"@id\":\"https:\/\/www.emeraldbayhotelnhatrang.com\/vi\/dining-experience\/ocean-palace-restaurant\/#breadcrumb\",\"itemListElement\":[{\"@type\":\"ListItem\",\"position\":1,\"name\":\"Home\",\"item\":\"https:\/\/www.emeraldbayhotelnhatrang.com\/vi\/\"},{\"@type\":\"ListItem\",\"position\":2,\"name\":\"\u1ea8m th\u1ef1c\",\"item\":\"https:\/\/www.emeraldbayhotelnhatrang.com\/vi\/dining-experience\/\"},{\"@type\":\"ListItem\",\"position\":3,\"name\":\"Nh\u00e0 h\u00e0ng Ocean Palace\"}]},{\"@type\":\"WebSite\",\"@id\":\"https:\/\/www.emeraldbayhotelnhatrang.com\/vi\/#website\",\"url\":\"https:\/\/www.emeraldbayhotelnhatrang.com\/vi\/\",\"name\":\"Emerald Bay Hotel &amp; Spa Nha Trang\",\"description\":\"\",\"potentialAction\":[{\"@type\":\"SearchAction\",\"target\":{\"@type\":\"EntryPoint\",\"urlTemplate\":\"https:\/\/www.emeraldbayhotelnhatrang.com\/vi\/?s={search_term_string}\"},\"query-input\":\"required name=search_term_string\"}],\"inLanguage\":\"vi-VN\"}]}<\/script>\n<!-- \/ Yoast SEO plugin. -->","yoast_head_json":{"title":"Nh\u00e0 h\u00e0ng Ocean| Emerald Bay Hotel & Spa Nha Trang","description":"Tr\u1ea3i nghi\u1ec7m \u1ea9m th\u1ef1c tinh t\u1ebf trong kh\u00f4ng gian l\u00e3ng m\u1ea1n v\u00e0 sang tr\u1ecdng t\u1ea1i Ocean Palace.","robots":{"index":"index","follow":"follow","max-snippet":"max-snippet:-1","max-image-preview":"max-image-preview:large","max-video-preview":"max-video-preview:-1"},"canonical":"https:\/\/www.emeraldbayhotelnhatrang.com\/vi\/dining-experience\/ocean-palace-restaurant\/","og_locale":"vi_VN","og_type":"article","og_title":"Nh\u00e0 h\u00e0ng Ocean| Emerald Bay Hotel & Spa Nha Trang","og_description":"Tr\u1ea3i nghi\u1ec7m \u1ea9m th\u1ef1c tinh t\u1ebf trong kh\u00f4ng gian l\u00e3ng m\u1ea1n v\u00e0 sang tr\u1ecdng t\u1ea1i Ocean Palace.","og_url":"https:\/\/www.emeraldbayhotelnhatrang.com\/vi\/dining-experience\/ocean-palace-restaurant\/","og_site_name":"Emerald Bay Hotel &amp; Spa Nha Trang","article_modified_time":"2026-04-02T06:07:22+00:00","og_image":[{"width":2200,"height":1466,"url":"http:\/\/www.emeraldbayhotelnhatrang.com\/wp-content\/uploads\/sites\/145\/2025\/12\/top1.jpg","type":"image\/jpeg"}],"twitter_card":"summary_large_image","twitter_misc":{"Est. reading time":"1 minute"},"schema":{"@context":"https:\/\/schema.org","@graph":[{"@type":"WebPage","@id":"https:\/\/www.emeraldbayhotelnhatrang.com\/vi\/dining-experience\/ocean-palace-restaurant\/","url":"https:\/\/www.emeraldbayhotelnhatrang.com\/vi\/dining-experience\/ocean-palace-restaurant\/","name":"Nh\u00e0 h\u00e0ng Ocean| Emerald Bay Hotel & Spa Nha Trang","isPartOf":{"@id":"https:\/\/www.emeraldbayhotelnhatrang.com\/vi\/#website"},"primaryImageOfPage":{"@id":"https:\/\/www.emeraldbayhotelnhatrang.com\/vi\/dining-experience\/ocean-palace-restaurant\/#primaryimage"},"image":{"@id":"https:\/\/www.emeraldbayhotelnhatrang.com\/vi\/dining-experience\/ocean-palace-restaurant\/#primaryimage"},"thumbnailUrl":"https:\/\/www.emeraldbayhotelnhatrang.com\/wp-content\/uploads\/sites\/145\/2025\/12\/top1.jpg","datePublished":"2025-12-26T08:07:30+00:00","dateModified":"2026-04-02T06:07:22+00:00","description":"Tr\u1ea3i nghi\u1ec7m \u1ea9m th\u1ef1c tinh t\u1ebf trong kh\u00f4ng gian l\u00e3ng m\u1ea1n v\u00e0 sang tr\u1ecdng t\u1ea1i Ocean Palace.","breadcrumb":{"@id":"https:\/\/www.emeraldbayhotelnhatrang.com\/vi\/dining-experience\/ocean-palace-restaurant\/#breadcrumb"},"inLanguage":"vi-VN","potentialAction":[{"@type":"ReadAction","target":["https:\/\/www.emeraldbayhotelnhatrang.com\/vi\/dining-experience\/ocean-palace-restaurant\/"]}]},{"@type":"ImageObject","inLanguage":"vi-VN","@id":"https:\/\/www.emeraldbayhotelnhatrang.com\/vi\/dining-experience\/ocean-palace-restaurant\/#primaryimage","url":"https:\/\/www.emeraldbayhotelnhatrang.com\/wp-content\/uploads\/sites\/145\/2025\/12\/top1.jpg","contentUrl":"https:\/\/www.emeraldbayhotelnhatrang.com\/wp-content\/uploads\/sites\/145\/2025\/12\/top1.jpg","width":2200,"height":1466},{"@type":"BreadcrumbList","@id":"https:\/\/www.emeraldbayhotelnhatrang.com\/vi\/dining-experience\/ocean-palace-restaurant\/#breadcrumb","itemListElement":[{"@type":"ListItem","position":1,"name":"Home","item":"https:\/\/www.emeraldbayhotelnhatrang.com\/vi\/"},{"@type":"ListItem","position":2,"name":"\u1ea8m th\u1ef1c","item":"https:\/\/www.emeraldbayhotelnhatrang.com\/vi\/dining-experience\/"},{"@type":"ListItem","position":3,"name":"Nh\u00e0 h\u00e0ng Ocean Palace"}]},{"@type":"WebSite","@id":"https:\/\/www.emeraldbayhotelnhatrang.com\/vi\/#website","url":"https:\/\/www.emeraldbayhotelnhatrang.com\/vi\/","name":"Emerald Bay Hotel &amp; Spa Nha Trang","description":"","potentialAction":[{"@type":"SearchAction","target":{"@type":"EntryPoint","urlTemplate":"https:\/\/www.emeraldbayhotelnhatrang.com\/vi\/?s={search_term_string}"},"query-input":"required name=search_term_string"}],"inLanguage":"vi-VN"}]}},"acf":[],"_links":{"self":[{"href":"https:\/\/www.emeraldbayhotelnhatrang.com\/vi\/wp-json\/wp\/v2\/pages\/87"}],"collection":[{"href":"https:\/\/www.emeraldbayhotelnhatrang.com\/vi\/wp-json\/wp\/v2\/pages"}],"about":[{"href":"https:\/\/www.emeraldbayhotelnhatrang.com\/vi\/wp-json\/wp\/v2\/types\/page"}],"author":[{"embeddable":true,"href":"https:\/\/www.emeraldbayhotelnhatrang.com\/vi\/wp-json\/wp\/v2\/users\/8"}],"replies":[{"embeddable":true,"href":"https:\/\/www.emeraldbayhotelnhatrang.com\/vi\/wp-json\/wp\/v2\/comments?post=87"}],"version-history":[{"count":0,"href":"https:\/\/www.emeraldbayhotelnhatrang.com\/vi\/wp-json\/wp\/v2\/pages\/87\/revisions"}],"up":[{"embeddable":true,"href":"https:\/\/www.emeraldbayhotelnhatrang.com\/vi\/wp-json\/wp\/v2\/pages\/85"}],"wp:featuredmedia":[{"embeddable":true,"href":"https:\/\/www.emeraldbayhotelnhatrang.com\/vi\/wp-json\/wp\/v2\/media\/94"}],"wp:attachment":[{"href":"https:\/\/www.emeraldbayhotelnhatrang.com\/vi\/wp-json\/wp\/v2\/media?parent=87"}],"curies":[{"name":"wp","href":"https:\/\/api.w.org\/{rel}","templated":true}]}}