{"id":85,"date":"2025-12-26T08:00:15","date_gmt":"2025-12-26T08:00:15","guid":{"rendered":"https:\/\/emeraldbayhotelnhatrang.ms2.decms.asia\/?page_id=85"},"modified":"2026-04-29T10:26:36","modified_gmt":"2026-04-29T10:26:36","slug":"dining-experience","status":"publish","type":"page","link":"https:\/\/www.emeraldbayhotelnhatrang.com\/vi\/chuong-trinh-khuyen-mai\/dining-experience\/","title":{"rendered":"\u1ea8m th\u1ef1c"},"content":{"rendered":"<p>\u1ea8m th\u1ef1c t\u1ea1i Ocean Place l\u00e0 h\u00e0nh tr\u00ecnh c\u1ee7a s\u1ef1 giao h\u00f2a tinh t\u1ebf \u2014 n\u01a1i phong c\u00e1ch fusion g\u1eb7p g\u1ee1 tinh hoa \u1ea9m th\u1ef1c \u00c2u \u2013 \u00c1, t\u1ea1o n\u00ean b\u1ea3n h\u00f2a ca h\u01b0\u01a1ng v\u1ecb \u0111\u1ea7y c\u1ea3m x\u00fac. T\u1ea1i \u0111\u00e2y, m\u1ed7i m\u00f3n \u0103n kh\u00f4ng ch\u1ec9 l\u00e0 tr\u1ea3i nghi\u1ec7m v\u1ecb gi\u00e1c, m\u00e0 c\u00f2n l\u00e0 s\u1ef1 \u0111\u00e1nh th\u1ee9c c\u1ee7a kh\u1ee9u gi\u00e1c, th\u1ecb gi\u00e1c v\u00e0 c\u1ea3m x\u00fac \u2013 t\u1ea5t c\u1ea3 h\u00f2a quy\u1ec7n trong kh\u00f4ng gian thanh b\u00ecnh c\u1ee7a bi\u1ec3n c\u1ea3.<\/p>\n","protected":false},"excerpt":{"rendered":"<p>\u1ea8m th\u1ef1c t\u1ea1i Ocean Place l\u00e0 h\u00e0nh tr\u00ecnh c\u1ee7a s\u1ef1 giao h\u00f2a tinh t\u1ebf \u2014 n\u01a1i phong c\u00e1ch fusion g\u1eb7p g\u1ee1 tinh hoa \u1ea9m th\u1ef1c \u00c2u \u2013 \u00c1, t\u1ea1o n\u00ean b\u1ea3n h\u00f2a ca h\u01b0\u01a1ng v\u1ecb \u0111\u1ea7y c\u1ea3m x\u00fac. T\u1ea1i \u0111\u00e2y, m\u1ed7i m\u00f3n \u0103n kh\u00f4ng ch\u1ec9 l\u00e0 tr\u1ea3i nghi\u1ec7m v\u1ecb gi\u00e1c, m\u00e0 c\u00f2n l\u00e0 s\u1ef1 \u0111\u00e1nh [&hellip;]<\/p>\n","protected":false},"author":8,"featured_media":89,"parent":454,"menu_order":0,"comment_status":"closed","ping_status":"closed","template":"template-offers.php","meta":{"footnotes":""},"yoast_head":"<!-- This site is optimized with the Yoast SEO plugin v22.3 - https:\/\/yoast.com\/wordpress\/plugins\/seo\/ -->\n<title>\u1ea8m th\u1ef1c | Emerald Bay Hotel &amp; Spa Nha Trang<\/title>\n<meta name=\"description\" content=\"Kh\u00e1m ph\u00e1 nh\u00e0 h\u00e0ng Ocean Palace \u00e0nh tr\u00ecnh c\u1ee7a s\u1ef1 giao h\u00f2a tinh t\u1ebf \u2014 n\u01a1i phong c\u00e1ch fusion g\u1eb7p g\u1ee1 tinh hoa \u1ea9m th\u1ef1c \u00c2u \u2013 \u00c1, t\u1ea1o n\u00ean b\u1ea3n h\u00f2a ca h\u01b0\u01a1ng v\u1ecb \u0111\u1ea7y c\u1ea3m x\u00fac\" \/>\n<meta name=\"robots\" content=\"index, follow, max-snippet:-1, max-image-preview:large, max-video-preview:-1\" \/>\n<link rel=\"canonical\" href=\"https:\/\/www.emeraldbayhotelnhatrang.com\/vi\/chuong-trinh-khuyen-mai\/dining-experience\/\" \/>\n<meta property=\"og:locale\" content=\"vi_VN\" \/>\n<meta property=\"og:type\" content=\"article\" \/>\n<meta property=\"og:title\" content=\"\u1ea8m th\u1ef1c | Emerald Bay Hotel &amp; Spa Nha Trang\" \/>\n<meta property=\"og:description\" content=\"Kh\u00e1m ph\u00e1 nh\u00e0 h\u00e0ng Ocean Palace \u00e0nh tr\u00ecnh c\u1ee7a s\u1ef1 giao h\u00f2a tinh t\u1ebf \u2014 n\u01a1i phong c\u00e1ch fusion g\u1eb7p g\u1ee1 tinh hoa \u1ea9m th\u1ef1c \u00c2u \u2013 \u00c1, t\u1ea1o n\u00ean b\u1ea3n h\u00f2a ca h\u01b0\u01a1ng v\u1ecb \u0111\u1ea7y c\u1ea3m x\u00fac\" \/>\n<meta property=\"og:url\" content=\"https:\/\/www.emeraldbayhotelnhatrang.com\/vi\/chuong-trinh-khuyen-mai\/dining-experience\/\" \/>\n<meta property=\"og:site_name\" content=\"Emerald Bay Hotel &amp; Spa Nha Trang\" \/>\n<meta property=\"article:modified_time\" content=\"2026-04-29T10:26:36+00:00\" \/>\n<meta property=\"og:image\" content=\"http:\/\/www.emeraldbayhotelnhatrang.com\/wp-content\/uploads\/sites\/145\/2025\/12\/ALC.jpg\" \/>\n\t<meta property=\"og:image:width\" content=\"1760\" \/>\n\t<meta property=\"og:image:height\" content=\"2200\" \/>\n\t<meta property=\"og:image:type\" content=\"image\/jpeg\" \/>\n<meta name=\"twitter:card\" content=\"summary_large_image\" \/>\n<meta name=\"twitter:label1\" content=\"Est. reading time\" \/>\n\t<meta name=\"twitter:data1\" content=\"1 minute\" \/>\n<script type=\"application\/ld+json\" class=\"yoast-schema-graph\">{\"@context\":\"https:\/\/schema.org\",\"@graph\":[{\"@type\":\"WebPage\",\"@id\":\"https:\/\/www.emeraldbayhotelnhatrang.com\/vi\/chuong-trinh-khuyen-mai\/dining-experience\/\",\"url\":\"https:\/\/www.emeraldbayhotelnhatrang.com\/vi\/chuong-trinh-khuyen-mai\/dining-experience\/\",\"name\":\"\u1ea8m th\u1ef1c | Emerald Bay Hotel & Spa Nha Trang\",\"isPartOf\":{\"@id\":\"https:\/\/www.emeraldbayhotelnhatrang.com\/vi\/#website\"},\"primaryImageOfPage\":{\"@id\":\"https:\/\/www.emeraldbayhotelnhatrang.com\/vi\/chuong-trinh-khuyen-mai\/dining-experience\/#primaryimage\"},\"image\":{\"@id\":\"https:\/\/www.emeraldbayhotelnhatrang.com\/vi\/chuong-trinh-khuyen-mai\/dining-experience\/#primaryimage\"},\"thumbnailUrl\":\"https:\/\/www.emeraldbayhotelnhatrang.com\/wp-content\/uploads\/sites\/145\/2025\/12\/ALC.jpg\",\"datePublished\":\"2025-12-26T08:00:15+00:00\",\"dateModified\":\"2026-04-29T10:26:36+00:00\",\"description\":\"Kh\u00e1m ph\u00e1 nh\u00e0 h\u00e0ng Ocean Palace \u00e0nh tr\u00ecnh c\u1ee7a s\u1ef1 giao h\u00f2a tinh t\u1ebf \u2014 n\u01a1i phong c\u00e1ch fusion g\u1eb7p g\u1ee1 tinh hoa \u1ea9m th\u1ef1c \u00c2u \u2013 \u00c1, t\u1ea1o n\u00ean b\u1ea3n h\u00f2a ca h\u01b0\u01a1ng v\u1ecb \u0111\u1ea7y c\u1ea3m x\u00fac\",\"breadcrumb\":{\"@id\":\"https:\/\/www.emeraldbayhotelnhatrang.com\/vi\/chuong-trinh-khuyen-mai\/dining-experience\/#breadcrumb\"},\"inLanguage\":\"vi-VN\",\"potentialAction\":[{\"@type\":\"ReadAction\",\"target\":[\"https:\/\/www.emeraldbayhotelnhatrang.com\/vi\/chuong-trinh-khuyen-mai\/dining-experience\/\"]}]},{\"@type\":\"ImageObject\",\"inLanguage\":\"vi-VN\",\"@id\":\"https:\/\/www.emeraldbayhotelnhatrang.com\/vi\/chuong-trinh-khuyen-mai\/dining-experience\/#primaryimage\",\"url\":\"https:\/\/www.emeraldbayhotelnhatrang.com\/wp-content\/uploads\/sites\/145\/2025\/12\/ALC.jpg\",\"contentUrl\":\"https:\/\/www.emeraldbayhotelnhatrang.com\/wp-content\/uploads\/sites\/145\/2025\/12\/ALC.jpg\",\"width\":1760,\"height\":2200},{\"@type\":\"BreadcrumbList\",\"@id\":\"https:\/\/www.emeraldbayhotelnhatrang.com\/vi\/chuong-trinh-khuyen-mai\/dining-experience\/#breadcrumb\",\"itemListElement\":[{\"@type\":\"ListItem\",\"position\":1,\"name\":\"Home\",\"item\":\"https:\/\/www.emeraldbayhotelnhatrang.com\/vi\/\"},{\"@type\":\"ListItem\",\"position\":2,\"name\":\"Ch\u01b0\u01a1ng tr\u00ecnh khuy\u1ebfn m\u00e3i\",\"item\":\"https:\/\/www.emeraldbayhotelnhatrang.com\/vi\/chuong-trinh-khuyen-mai\/\"},{\"@type\":\"ListItem\",\"position\":3,\"name\":\"\u1ea8m th\u1ef1c\"}]},{\"@type\":\"WebSite\",\"@id\":\"https:\/\/www.emeraldbayhotelnhatrang.com\/vi\/#website\",\"url\":\"https:\/\/www.emeraldbayhotelnhatrang.com\/vi\/\",\"name\":\"Emerald Bay Hotel &amp; Spa Nha Trang\",\"description\":\"\",\"potentialAction\":[{\"@type\":\"SearchAction\",\"target\":{\"@type\":\"EntryPoint\",\"urlTemplate\":\"https:\/\/www.emeraldbayhotelnhatrang.com\/vi\/?s={search_term_string}\"},\"query-input\":\"required name=search_term_string\"}],\"inLanguage\":\"vi-VN\"}]}<\/script>\n<!-- \/ Yoast SEO plugin. -->","yoast_head_json":{"title":"\u1ea8m th\u1ef1c | Emerald Bay Hotel & Spa Nha Trang","description":"Kh\u00e1m ph\u00e1 nh\u00e0 h\u00e0ng Ocean Palace \u00e0nh tr\u00ecnh c\u1ee7a s\u1ef1 giao h\u00f2a tinh t\u1ebf \u2014 n\u01a1i phong c\u00e1ch fusion g\u1eb7p g\u1ee1 tinh hoa \u1ea9m th\u1ef1c \u00c2u \u2013 \u00c1, t\u1ea1o n\u00ean b\u1ea3n h\u00f2a ca h\u01b0\u01a1ng v\u1ecb \u0111\u1ea7y c\u1ea3m x\u00fac","robots":{"index":"index","follow":"follow","max-snippet":"max-snippet:-1","max-image-preview":"max-image-preview:large","max-video-preview":"max-video-preview:-1"},"canonical":"https:\/\/www.emeraldbayhotelnhatrang.com\/vi\/chuong-trinh-khuyen-mai\/dining-experience\/","og_locale":"vi_VN","og_type":"article","og_title":"\u1ea8m th\u1ef1c | Emerald Bay Hotel & Spa Nha Trang","og_description":"Kh\u00e1m ph\u00e1 nh\u00e0 h\u00e0ng Ocean Palace \u00e0nh tr\u00ecnh c\u1ee7a s\u1ef1 giao h\u00f2a tinh t\u1ebf \u2014 n\u01a1i phong c\u00e1ch fusion g\u1eb7p g\u1ee1 tinh hoa \u1ea9m th\u1ef1c \u00c2u \u2013 \u00c1, t\u1ea1o n\u00ean b\u1ea3n h\u00f2a ca h\u01b0\u01a1ng v\u1ecb \u0111\u1ea7y c\u1ea3m x\u00fac","og_url":"https:\/\/www.emeraldbayhotelnhatrang.com\/vi\/chuong-trinh-khuyen-mai\/dining-experience\/","og_site_name":"Emerald Bay Hotel &amp; Spa Nha Trang","article_modified_time":"2026-04-29T10:26:36+00:00","og_image":[{"width":1760,"height":2200,"url":"http:\/\/www.emeraldbayhotelnhatrang.com\/wp-content\/uploads\/sites\/145\/2025\/12\/ALC.jpg","type":"image\/jpeg"}],"twitter_card":"summary_large_image","twitter_misc":{"Est. reading time":"1 minute"},"schema":{"@context":"https:\/\/schema.org","@graph":[{"@type":"WebPage","@id":"https:\/\/www.emeraldbayhotelnhatrang.com\/vi\/chuong-trinh-khuyen-mai\/dining-experience\/","url":"https:\/\/www.emeraldbayhotelnhatrang.com\/vi\/chuong-trinh-khuyen-mai\/dining-experience\/","name":"\u1ea8m th\u1ef1c | Emerald Bay Hotel & Spa Nha Trang","isPartOf":{"@id":"https:\/\/www.emeraldbayhotelnhatrang.com\/vi\/#website"},"primaryImageOfPage":{"@id":"https:\/\/www.emeraldbayhotelnhatrang.com\/vi\/chuong-trinh-khuyen-mai\/dining-experience\/#primaryimage"},"image":{"@id":"https:\/\/www.emeraldbayhotelnhatrang.com\/vi\/chuong-trinh-khuyen-mai\/dining-experience\/#primaryimage"},"thumbnailUrl":"https:\/\/www.emeraldbayhotelnhatrang.com\/wp-content\/uploads\/sites\/145\/2025\/12\/ALC.jpg","datePublished":"2025-12-26T08:00:15+00:00","dateModified":"2026-04-29T10:26:36+00:00","description":"Kh\u00e1m ph\u00e1 nh\u00e0 h\u00e0ng Ocean Palace \u00e0nh tr\u00ecnh c\u1ee7a s\u1ef1 giao h\u00f2a tinh t\u1ebf \u2014 n\u01a1i phong c\u00e1ch fusion g\u1eb7p g\u1ee1 tinh hoa \u1ea9m th\u1ef1c \u00c2u \u2013 \u00c1, t\u1ea1o n\u00ean b\u1ea3n h\u00f2a ca h\u01b0\u01a1ng v\u1ecb \u0111\u1ea7y c\u1ea3m x\u00fac","breadcrumb":{"@id":"https:\/\/www.emeraldbayhotelnhatrang.com\/vi\/chuong-trinh-khuyen-mai\/dining-experience\/#breadcrumb"},"inLanguage":"vi-VN","potentialAction":[{"@type":"ReadAction","target":["https:\/\/www.emeraldbayhotelnhatrang.com\/vi\/chuong-trinh-khuyen-mai\/dining-experience\/"]}]},{"@type":"ImageObject","inLanguage":"vi-VN","@id":"https:\/\/www.emeraldbayhotelnhatrang.com\/vi\/chuong-trinh-khuyen-mai\/dining-experience\/#primaryimage","url":"https:\/\/www.emeraldbayhotelnhatrang.com\/wp-content\/uploads\/sites\/145\/2025\/12\/ALC.jpg","contentUrl":"https:\/\/www.emeraldbayhotelnhatrang.com\/wp-content\/uploads\/sites\/145\/2025\/12\/ALC.jpg","width":1760,"height":2200},{"@type":"BreadcrumbList","@id":"https:\/\/www.emeraldbayhotelnhatrang.com\/vi\/chuong-trinh-khuyen-mai\/dining-experience\/#breadcrumb","itemListElement":[{"@type":"ListItem","position":1,"name":"Home","item":"https:\/\/www.emeraldbayhotelnhatrang.com\/vi\/"},{"@type":"ListItem","position":2,"name":"Ch\u01b0\u01a1ng tr\u00ecnh khuy\u1ebfn m\u00e3i","item":"https:\/\/www.emeraldbayhotelnhatrang.com\/vi\/chuong-trinh-khuyen-mai\/"},{"@type":"ListItem","position":3,"name":"\u1ea8m th\u1ef1c"}]},{"@type":"WebSite","@id":"https:\/\/www.emeraldbayhotelnhatrang.com\/vi\/#website","url":"https:\/\/www.emeraldbayhotelnhatrang.com\/vi\/","name":"Emerald Bay Hotel &amp; Spa Nha Trang","description":"","potentialAction":[{"@type":"SearchAction","target":{"@type":"EntryPoint","urlTemplate":"https:\/\/www.emeraldbayhotelnhatrang.com\/vi\/?s={search_term_string}"},"query-input":"required name=search_term_string"}],"inLanguage":"vi-VN"}]}},"acf":[],"_links":{"self":[{"href":"https:\/\/www.emeraldbayhotelnhatrang.com\/vi\/wp-json\/wp\/v2\/pages\/85"}],"collection":[{"href":"https:\/\/www.emeraldbayhotelnhatrang.com\/vi\/wp-json\/wp\/v2\/pages"}],"about":[{"href":"https:\/\/www.emeraldbayhotelnhatrang.com\/vi\/wp-json\/wp\/v2\/types\/page"}],"author":[{"embeddable":true,"href":"https:\/\/www.emeraldbayhotelnhatrang.com\/vi\/wp-json\/wp\/v2\/users\/8"}],"replies":[{"embeddable":true,"href":"https:\/\/www.emeraldbayhotelnhatrang.com\/vi\/wp-json\/wp\/v2\/comments?post=85"}],"version-history":[{"count":0,"href":"https:\/\/www.emeraldbayhotelnhatrang.com\/vi\/wp-json\/wp\/v2\/pages\/85\/revisions"}],"up":[{"embeddable":true,"href":"https:\/\/www.emeraldbayhotelnhatrang.com\/vi\/wp-json\/wp\/v2\/pages\/454"}],"wp:featuredmedia":[{"embeddable":true,"href":"https:\/\/www.emeraldbayhotelnhatrang.com\/vi\/wp-json\/wp\/v2\/media\/89"}],"wp:attachment":[{"href":"https:\/\/www.emeraldbayhotelnhatrang.com\/vi\/wp-json\/wp\/v2\/media?parent=85"}],"curies":[{"name":"wp","href":"https:\/\/api.w.org\/{rel}","templated":true}]}}