{"id":8,"date":"2025-12-24T07:29:01","date_gmt":"2025-12-24T07:29:01","guid":{"rendered":"https:\/\/emeraldbayhotelnhatrang.ms2.decms.asia\/?page_id=8"},"modified":"2025-12-24T08:13:11","modified_gmt":"2025-12-24T08:13:11","slug":"rooms","status":"publish","type":"page","link":"https:\/\/www.emeraldbayhotelnhatrang.com\/vi\/rooms\/","title":{"rendered":"C\u00e1c h\u1ea1ng ph\u00f2ng"},"content":{"rendered":"<p>Mang \u0111\u1ebfn s\u1ef1 tho\u1ea3i m\u00e1i, phong c\u00e1ch v\u00e0 nh\u1eefng ti\u1ec7n nghi \u0111\u1eb3ng c\u1ea5p, Emerald Bay Hotel &#038; Spa thi\u1ebft k\u1ebf c\u00e1c h\u1ea1ng ph\u00f2ng \u0111\u00e1p \u1ee9ng m\u1ecdi nhu c\u1ea7u ngh\u1ec9 d\u01b0\u1ee1ng c\u1ee7a du kh\u00e1ch. M\u1ed7i c\u0103n ph\u00f2ng l\u00e0 s\u1ef1 k\u1ebft h\u1ee3p h\u00e0i h\u00f2a gi\u1eefa c\u1ea3m gi\u00e1c \u1ea5m \u00e1p, th\u00e2n thu\u1ed9c nh\u01b0 \u1edf nh\u00e0 v\u00e0 n\u00e9t sang tr\u1ecdng, tinh t\u1ebf c\u1ee7a kh\u00f4ng gian ngh\u1ec9 d\u01b0\u1ee1ng b\u00ean v\u1ecbnh bi\u1ec3n Nha Trang \u2013 n\u01a1i kh\u01a1i g\u1ee3i c\u1ea3m h\u1ee9ng cho t\u1eebng h\u00e0nh tr\u00ecnh kh\u00e1m ph\u00e1.<\/p>\n","protected":false},"excerpt":{"rendered":"<p>Mang \u0111\u1ebfn s\u1ef1 tho\u1ea3i m\u00e1i, phong c\u00e1ch v\u00e0 nh\u1eefng ti\u1ec7n nghi \u0111\u1eb3ng c\u1ea5p, Emerald Bay Hotel &#038; Spa thi\u1ebft k\u1ebf c\u00e1c h\u1ea1ng ph\u00f2ng \u0111\u00e1p \u1ee9ng m\u1ecdi nhu c\u1ea7u ngh\u1ec9 d\u01b0\u1ee1ng c\u1ee7a du kh\u00e1ch. M\u1ed7i c\u0103n ph\u00f2ng l\u00e0 s\u1ef1 k\u1ebft h\u1ee3p h\u00e0i h\u00f2a gi\u1eefa c\u1ea3m gi\u00e1c \u1ea5m \u00e1p, th\u00e2n thu\u1ed9c nh\u01b0 \u1edf nh\u00e0 v\u00e0 n\u00e9t sang [&hellip;]<\/p>\n","protected":false},"author":8,"featured_media":9,"parent":0,"menu_order":0,"comment_status":"closed","ping_status":"closed","template":"template-rooms.php","meta":{"footnotes":""},"yoast_head":"<!-- This site is optimized with the Yoast SEO plugin v22.3 - https:\/\/yoast.com\/wordpress\/plugins\/seo\/ -->\n<title>C\u00e1c h\u1ea1ng ph\u00f2ng | Emerald Bay Hotel &amp; Spa Nha Trang<\/title>\n<meta name=\"description\" content=\"Kh\u00e1m ph\u00e1 c\u00e1c h\u1ea1ng ph\u00f2ng sang tr\u1ecdng c\u00f9ng d\u1ecbch v\u1ee5 ti\u1ec7n nghi, m\u1edf ra h\u00e0nh tr\u00ecnh tr\u1ea3i nghi\u1ec7m tr\u1ecdn v\u1eb9n t\u1ea1i Nha Trang.\" \/>\n<meta name=\"robots\" content=\"index, follow, max-snippet:-1, max-image-preview:large, max-video-preview:-1\" \/>\n<link rel=\"canonical\" href=\"https:\/\/www.emeraldbayhotelnhatrang.com\/vi\/rooms\/\" \/>\n<meta property=\"og:locale\" content=\"vi_VN\" \/>\n<meta property=\"og:type\" content=\"article\" \/>\n<meta property=\"og:title\" content=\"C\u00e1c h\u1ea1ng ph\u00f2ng | Emerald Bay Hotel &amp; Spa Nha Trang\" \/>\n<meta property=\"og:description\" content=\"Kh\u00e1m ph\u00e1 c\u00e1c h\u1ea1ng ph\u00f2ng sang tr\u1ecdng c\u00f9ng d\u1ecbch v\u1ee5 ti\u1ec7n nghi, m\u1edf ra h\u00e0nh tr\u00ecnh tr\u1ea3i nghi\u1ec7m tr\u1ecdn v\u1eb9n t\u1ea1i Nha Trang.\" \/>\n<meta property=\"og:url\" content=\"https:\/\/www.emeraldbayhotelnhatrang.com\/vi\/rooms\/\" \/>\n<meta property=\"og:site_name\" content=\"Emerald Bay Hotel &amp; Spa Nha Trang\" \/>\n<meta property=\"article:modified_time\" content=\"2025-12-24T08:13:11+00:00\" \/>\n<meta property=\"og:image\" content=\"https:\/\/www.emeraldbayhotelnhatrang.com\/wp-content\/uploads\/sites\/145\/2025\/12\/7C22958-HDR.jpg\" \/>\n\t<meta property=\"og:image:width\" content=\"2200\" \/>\n\t<meta property=\"og:image:height\" content=\"1386\" \/>\n\t<meta property=\"og:image:type\" content=\"image\/jpeg\" \/>\n<meta name=\"twitter:card\" content=\"summary_large_image\" \/>\n<meta name=\"twitter:label1\" content=\"Est. reading time\" \/>\n\t<meta name=\"twitter:data1\" content=\"1 minute\" \/>\n<script type=\"application\/ld+json\" class=\"yoast-schema-graph\">{\"@context\":\"https:\/\/schema.org\",\"@graph\":[{\"@type\":\"WebPage\",\"@id\":\"https:\/\/www.emeraldbayhotelnhatrang.com\/vi\/rooms\/\",\"url\":\"https:\/\/www.emeraldbayhotelnhatrang.com\/vi\/rooms\/\",\"name\":\"C\u00e1c h\u1ea1ng ph\u00f2ng | Emerald Bay Hotel & Spa Nha Trang\",\"isPartOf\":{\"@id\":\"https:\/\/www.emeraldbayhotelnhatrang.com\/vi\/#website\"},\"primaryImageOfPage\":{\"@id\":\"https:\/\/www.emeraldbayhotelnhatrang.com\/vi\/rooms\/#primaryimage\"},\"image\":{\"@id\":\"https:\/\/www.emeraldbayhotelnhatrang.com\/vi\/rooms\/#primaryimage\"},\"thumbnailUrl\":\"https:\/\/www.emeraldbayhotelnhatrang.com\/wp-content\/uploads\/sites\/145\/2025\/12\/7C22958-HDR.jpg\",\"datePublished\":\"2025-12-24T07:29:01+00:00\",\"dateModified\":\"2025-12-24T08:13:11+00:00\",\"description\":\"Kh\u00e1m ph\u00e1 c\u00e1c h\u1ea1ng ph\u00f2ng sang tr\u1ecdng c\u00f9ng d\u1ecbch v\u1ee5 ti\u1ec7n nghi, m\u1edf ra h\u00e0nh tr\u00ecnh tr\u1ea3i nghi\u1ec7m tr\u1ecdn v\u1eb9n t\u1ea1i Nha Trang.\",\"breadcrumb\":{\"@id\":\"https:\/\/www.emeraldbayhotelnhatrang.com\/vi\/rooms\/#breadcrumb\"},\"inLanguage\":\"vi-VN\",\"potentialAction\":[{\"@type\":\"ReadAction\",\"target\":[\"https:\/\/www.emeraldbayhotelnhatrang.com\/vi\/rooms\/\"]}]},{\"@type\":\"ImageObject\",\"inLanguage\":\"vi-VN\",\"@id\":\"https:\/\/www.emeraldbayhotelnhatrang.com\/vi\/rooms\/#primaryimage\",\"url\":\"https:\/\/www.emeraldbayhotelnhatrang.com\/wp-content\/uploads\/sites\/145\/2025\/12\/7C22958-HDR.jpg\",\"contentUrl\":\"https:\/\/www.emeraldbayhotelnhatrang.com\/wp-content\/uploads\/sites\/145\/2025\/12\/7C22958-HDR.jpg\",\"width\":2200,\"height\":1386},{\"@type\":\"BreadcrumbList\",\"@id\":\"https:\/\/www.emeraldbayhotelnhatrang.com\/vi\/rooms\/#breadcrumb\",\"itemListElement\":[{\"@type\":\"ListItem\",\"position\":1,\"name\":\"Home\",\"item\":\"https:\/\/www.emeraldbayhotelnhatrang.com\/vi\/\"},{\"@type\":\"ListItem\",\"position\":2,\"name\":\"C\u00e1c h\u1ea1ng ph\u00f2ng\"}]},{\"@type\":\"WebSite\",\"@id\":\"https:\/\/www.emeraldbayhotelnhatrang.com\/vi\/#website\",\"url\":\"https:\/\/www.emeraldbayhotelnhatrang.com\/vi\/\",\"name\":\"Emerald Bay Hotel &amp; Spa Nha Trang\",\"description\":\"\",\"potentialAction\":[{\"@type\":\"SearchAction\",\"target\":{\"@type\":\"EntryPoint\",\"urlTemplate\":\"https:\/\/www.emeraldbayhotelnhatrang.com\/vi\/?s={search_term_string}\"},\"query-input\":\"required name=search_term_string\"}],\"inLanguage\":\"vi-VN\"}]}<\/script>\n<!-- \/ Yoast SEO plugin. -->","yoast_head_json":{"title":"C\u00e1c h\u1ea1ng ph\u00f2ng | Emerald Bay Hotel & Spa Nha Trang","description":"Kh\u00e1m ph\u00e1 c\u00e1c h\u1ea1ng ph\u00f2ng sang tr\u1ecdng c\u00f9ng d\u1ecbch v\u1ee5 ti\u1ec7n nghi, m\u1edf ra h\u00e0nh tr\u00ecnh tr\u1ea3i nghi\u1ec7m tr\u1ecdn v\u1eb9n t\u1ea1i Nha Trang.","robots":{"index":"index","follow":"follow","max-snippet":"max-snippet:-1","max-image-preview":"max-image-preview:large","max-video-preview":"max-video-preview:-1"},"canonical":"https:\/\/www.emeraldbayhotelnhatrang.com\/vi\/rooms\/","og_locale":"vi_VN","og_type":"article","og_title":"C\u00e1c h\u1ea1ng ph\u00f2ng | Emerald Bay Hotel & Spa Nha Trang","og_description":"Kh\u00e1m ph\u00e1 c\u00e1c h\u1ea1ng ph\u00f2ng sang tr\u1ecdng c\u00f9ng d\u1ecbch v\u1ee5 ti\u1ec7n nghi, m\u1edf ra h\u00e0nh tr\u00ecnh tr\u1ea3i nghi\u1ec7m tr\u1ecdn v\u1eb9n t\u1ea1i Nha Trang.","og_url":"https:\/\/www.emeraldbayhotelnhatrang.com\/vi\/rooms\/","og_site_name":"Emerald Bay Hotel &amp; Spa Nha Trang","article_modified_time":"2025-12-24T08:13:11+00:00","og_image":[{"width":2200,"height":1386,"url":"https:\/\/www.emeraldbayhotelnhatrang.com\/wp-content\/uploads\/sites\/145\/2025\/12\/7C22958-HDR.jpg","type":"image\/jpeg"}],"twitter_card":"summary_large_image","twitter_misc":{"Est. reading time":"1 minute"},"schema":{"@context":"https:\/\/schema.org","@graph":[{"@type":"WebPage","@id":"https:\/\/www.emeraldbayhotelnhatrang.com\/vi\/rooms\/","url":"https:\/\/www.emeraldbayhotelnhatrang.com\/vi\/rooms\/","name":"C\u00e1c h\u1ea1ng ph\u00f2ng | Emerald Bay Hotel & Spa Nha Trang","isPartOf":{"@id":"https:\/\/www.emeraldbayhotelnhatrang.com\/vi\/#website"},"primaryImageOfPage":{"@id":"https:\/\/www.emeraldbayhotelnhatrang.com\/vi\/rooms\/#primaryimage"},"image":{"@id":"https:\/\/www.emeraldbayhotelnhatrang.com\/vi\/rooms\/#primaryimage"},"thumbnailUrl":"https:\/\/www.emeraldbayhotelnhatrang.com\/wp-content\/uploads\/sites\/145\/2025\/12\/7C22958-HDR.jpg","datePublished":"2025-12-24T07:29:01+00:00","dateModified":"2025-12-24T08:13:11+00:00","description":"Kh\u00e1m ph\u00e1 c\u00e1c h\u1ea1ng ph\u00f2ng sang tr\u1ecdng c\u00f9ng d\u1ecbch v\u1ee5 ti\u1ec7n nghi, m\u1edf ra h\u00e0nh tr\u00ecnh tr\u1ea3i nghi\u1ec7m tr\u1ecdn v\u1eb9n t\u1ea1i Nha Trang.","breadcrumb":{"@id":"https:\/\/www.emeraldbayhotelnhatrang.com\/vi\/rooms\/#breadcrumb"},"inLanguage":"vi-VN","potentialAction":[{"@type":"ReadAction","target":["https:\/\/www.emeraldbayhotelnhatrang.com\/vi\/rooms\/"]}]},{"@type":"ImageObject","inLanguage":"vi-VN","@id":"https:\/\/www.emeraldbayhotelnhatrang.com\/vi\/rooms\/#primaryimage","url":"https:\/\/www.emeraldbayhotelnhatrang.com\/wp-content\/uploads\/sites\/145\/2025\/12\/7C22958-HDR.jpg","contentUrl":"https:\/\/www.emeraldbayhotelnhatrang.com\/wp-content\/uploads\/sites\/145\/2025\/12\/7C22958-HDR.jpg","width":2200,"height":1386},{"@type":"BreadcrumbList","@id":"https:\/\/www.emeraldbayhotelnhatrang.com\/vi\/rooms\/#breadcrumb","itemListElement":[{"@type":"ListItem","position":1,"name":"Home","item":"https:\/\/www.emeraldbayhotelnhatrang.com\/vi\/"},{"@type":"ListItem","position":2,"name":"C\u00e1c h\u1ea1ng ph\u00f2ng"}]},{"@type":"WebSite","@id":"https:\/\/www.emeraldbayhotelnhatrang.com\/vi\/#website","url":"https:\/\/www.emeraldbayhotelnhatrang.com\/vi\/","name":"Emerald Bay Hotel &amp; Spa Nha Trang","description":"","potentialAction":[{"@type":"SearchAction","target":{"@type":"EntryPoint","urlTemplate":"https:\/\/www.emeraldbayhotelnhatrang.com\/vi\/?s={search_term_string}"},"query-input":"required name=search_term_string"}],"inLanguage":"vi-VN"}]}},"acf":[],"_links":{"self":[{"href":"https:\/\/www.emeraldbayhotelnhatrang.com\/vi\/wp-json\/wp\/v2\/pages\/8"}],"collection":[{"href":"https:\/\/www.emeraldbayhotelnhatrang.com\/vi\/wp-json\/wp\/v2\/pages"}],"about":[{"href":"https:\/\/www.emeraldbayhotelnhatrang.com\/vi\/wp-json\/wp\/v2\/types\/page"}],"author":[{"embeddable":true,"href":"https:\/\/www.emeraldbayhotelnhatrang.com\/vi\/wp-json\/wp\/v2\/users\/8"}],"replies":[{"embeddable":true,"href":"https:\/\/www.emeraldbayhotelnhatrang.com\/vi\/wp-json\/wp\/v2\/comments?post=8"}],"version-history":[{"count":0,"href":"https:\/\/www.emeraldbayhotelnhatrang.com\/vi\/wp-json\/wp\/v2\/pages\/8\/revisions"}],"wp:featuredmedia":[{"embeddable":true,"href":"https:\/\/www.emeraldbayhotelnhatrang.com\/vi\/wp-json\/wp\/v2\/media\/9"}],"wp:attachment":[{"href":"https:\/\/www.emeraldbayhotelnhatrang.com\/vi\/wp-json\/wp\/v2\/media?parent=8"}],"curies":[{"name":"wp","href":"https:\/\/api.w.org\/{rel}","templated":true}]}}