{"id":79,"date":"2025-12-26T07:43:09","date_gmt":"2025-12-26T07:43:09","guid":{"rendered":"https:\/\/emeraldbayhotelnhatrang.ms2.decms.asia\/?page_id=79"},"modified":"2026-04-15T07:05:18","modified_gmt":"2026-04-15T07:05:18","slug":"family-connecting-ocean-view","status":"publish","type":"page","link":"https:\/\/www.emeraldbayhotelnhatrang.com\/vi\/rooms\/family-connecting-ocean-view\/","title":{"rendered":"Family Connecting Ocean view"},"content":{"rendered":"<p>Family Connecting Ocean View m\u1edf ra kh\u00f4ng gian s\u1ed1ng r\u1ed9ng r\u00e3i v\u1edbi hai ph\u00f2ng ng\u1ee7 ri\u00eang bi\u1ec7t \u0111\u01b0\u1ee3c k\u1ebft n\u1ed1i tinh t\u1ebf v\u1eeba ri\u00eang t\u01b0, v\u1eeba g\u1eafn k\u1ebft. T\u1eeb khung c\u1eeda s\u1ed5 h\u01b0\u1edbng th\u1eb3ng ra \u0111\u1ea1i d\u01b0\u01a1ng, \u00e1nh s\u00e1ng v\u00e0 s\u1eafc xanh h\u00f2a quy\u1ec7n, t\u1ea1o n\u00ean khung c\u1ea3nh y\u00ean b\u00ecnh cho nh\u1eefng ph\u00fat gi\u00e2y qu\u00e2y qu\u1ea7n.<\/p>\n","protected":false},"excerpt":{"rendered":"<p>Family Connecting Ocean View m\u1edf ra kh\u00f4ng gian s\u1ed1ng r\u1ed9ng r\u00e3i v\u1edbi hai ph\u00f2ng ng\u1ee7 ri\u00eang bi\u1ec7t \u0111\u01b0\u1ee3c k\u1ebft n\u1ed1i tinh t\u1ebf v\u1eeba ri\u00eang t\u01b0, v\u1eeba g\u1eafn k\u1ebft. T\u1eeb khung c\u1eeda s\u1ed5 h\u01b0\u1edbng th\u1eb3ng ra \u0111\u1ea1i d\u01b0\u01a1ng, \u00e1nh s\u00e1ng v\u00e0 s\u1eafc xanh h\u00f2a quy\u1ec7n, t\u1ea1o n\u00ean khung c\u1ea3nh y\u00ean b\u00ecnh cho nh\u1eefng ph\u00fat gi\u00e2y qu\u00e2y [&hellip;]<\/p>\n","protected":false},"author":8,"featured_media":84,"parent":8,"menu_order":8,"comment_status":"closed","ping_status":"closed","template":"template-single-room.php","meta":{"footnotes":""},"yoast_head":"<!-- This site is optimized with the Yoast SEO plugin v22.3 - https:\/\/yoast.com\/wordpress\/plugins\/seo\/ -->\n<title>Family Ocean View | Emerald Bay Hotel &amp; Spa Nha Trang<\/title>\n<meta name=\"description\" content=\"Family Connecting Ocean View t\u1ea1i Emerald Bay mang \u0111\u1ebfn hai ph\u00f2ng ng\u1ee7 li\u00ean th\u00f4ng tinh t\u1ebf, kh\u00f4ng gian r\u1ed9ng r\u00e3i v\u1edbi t\u1ea7m nh\u00ecn bi\u1ec3n y\u00ean b\u00ecnh.\" \/>\n<meta name=\"robots\" content=\"index, follow, max-snippet:-1, max-image-preview:large, max-video-preview:-1\" \/>\n<link rel=\"canonical\" href=\"https:\/\/www.emeraldbayhotelnhatrang.com\/vi\/rooms\/family-connecting-ocean-view\/\" \/>\n<meta property=\"og:locale\" content=\"vi_VN\" \/>\n<meta property=\"og:type\" content=\"article\" \/>\n<meta property=\"og:title\" content=\"Family Ocean View | Emerald Bay Hotel &amp; Spa Nha Trang\" \/>\n<meta property=\"og:description\" content=\"Family Connecting Ocean View t\u1ea1i Emerald Bay mang \u0111\u1ebfn hai ph\u00f2ng ng\u1ee7 li\u00ean th\u00f4ng tinh t\u1ebf, kh\u00f4ng gian r\u1ed9ng r\u00e3i v\u1edbi t\u1ea7m nh\u00ecn bi\u1ec3n y\u00ean b\u00ecnh.\" \/>\n<meta property=\"og:url\" content=\"https:\/\/www.emeraldbayhotelnhatrang.com\/vi\/rooms\/family-connecting-ocean-view\/\" \/>\n<meta property=\"og:site_name\" content=\"Emerald Bay Hotel &amp; Spa Nha Trang\" \/>\n<meta property=\"article:modified_time\" content=\"2026-04-15T07:05:18+00:00\" \/>\n<meta property=\"og:image\" content=\"http:\/\/www.emeraldbayhotelnhatrang.com\/wp-content\/uploads\/sites\/145\/2025\/12\/Fam-ocean-1.jpg\" \/>\n\t<meta property=\"og:image:width\" content=\"2200\" \/>\n\t<meta property=\"og:image:height\" content=\"1468\" \/>\n\t<meta property=\"og:image:type\" content=\"image\/jpeg\" \/>\n<meta name=\"twitter:card\" content=\"summary_large_image\" \/>\n<meta name=\"twitter:label1\" content=\"Est. reading time\" \/>\n\t<meta name=\"twitter:data1\" content=\"1 minute\" \/>\n<script type=\"application\/ld+json\" class=\"yoast-schema-graph\">{\"@context\":\"https:\/\/schema.org\",\"@graph\":[{\"@type\":\"WebPage\",\"@id\":\"https:\/\/www.emeraldbayhotelnhatrang.com\/vi\/rooms\/family-connecting-ocean-view\/\",\"url\":\"https:\/\/www.emeraldbayhotelnhatrang.com\/vi\/rooms\/family-connecting-ocean-view\/\",\"name\":\"Family Ocean View | Emerald Bay Hotel & Spa Nha Trang\",\"isPartOf\":{\"@id\":\"https:\/\/www.emeraldbayhotelnhatrang.com\/vi\/#website\"},\"primaryImageOfPage\":{\"@id\":\"https:\/\/www.emeraldbayhotelnhatrang.com\/vi\/rooms\/family-connecting-ocean-view\/#primaryimage\"},\"image\":{\"@id\":\"https:\/\/www.emeraldbayhotelnhatrang.com\/vi\/rooms\/family-connecting-ocean-view\/#primaryimage\"},\"thumbnailUrl\":\"https:\/\/www.emeraldbayhotelnhatrang.com\/wp-content\/uploads\/sites\/145\/2025\/12\/Fam-ocean-1.jpg\",\"datePublished\":\"2025-12-26T07:43:09+00:00\",\"dateModified\":\"2026-04-15T07:05:18+00:00\",\"description\":\"Family Connecting Ocean View t\u1ea1i Emerald Bay mang \u0111\u1ebfn hai ph\u00f2ng ng\u1ee7 li\u00ean th\u00f4ng tinh t\u1ebf, kh\u00f4ng gian r\u1ed9ng r\u00e3i v\u1edbi t\u1ea7m nh\u00ecn bi\u1ec3n y\u00ean b\u00ecnh.\",\"breadcrumb\":{\"@id\":\"https:\/\/www.emeraldbayhotelnhatrang.com\/vi\/rooms\/family-connecting-ocean-view\/#breadcrumb\"},\"inLanguage\":\"vi-VN\",\"potentialAction\":[{\"@type\":\"ReadAction\",\"target\":[\"https:\/\/www.emeraldbayhotelnhatrang.com\/vi\/rooms\/family-connecting-ocean-view\/\"]}]},{\"@type\":\"ImageObject\",\"inLanguage\":\"vi-VN\",\"@id\":\"https:\/\/www.emeraldbayhotelnhatrang.com\/vi\/rooms\/family-connecting-ocean-view\/#primaryimage\",\"url\":\"https:\/\/www.emeraldbayhotelnhatrang.com\/wp-content\/uploads\/sites\/145\/2025\/12\/Fam-ocean-1.jpg\",\"contentUrl\":\"https:\/\/www.emeraldbayhotelnhatrang.com\/wp-content\/uploads\/sites\/145\/2025\/12\/Fam-ocean-1.jpg\",\"width\":2200,\"height\":1468},{\"@type\":\"BreadcrumbList\",\"@id\":\"https:\/\/www.emeraldbayhotelnhatrang.com\/vi\/rooms\/family-connecting-ocean-view\/#breadcrumb\",\"itemListElement\":[{\"@type\":\"ListItem\",\"position\":1,\"name\":\"Home\",\"item\":\"https:\/\/www.emeraldbayhotelnhatrang.com\/vi\/\"},{\"@type\":\"ListItem\",\"position\":2,\"name\":\"C\u00e1c h\u1ea1ng ph\u00f2ng\",\"item\":\"https:\/\/www.emeraldbayhotelnhatrang.com\/vi\/rooms\/\"},{\"@type\":\"ListItem\",\"position\":3,\"name\":\"Family Connecting Ocean view\"}]},{\"@type\":\"WebSite\",\"@id\":\"https:\/\/www.emeraldbayhotelnhatrang.com\/vi\/#website\",\"url\":\"https:\/\/www.emeraldbayhotelnhatrang.com\/vi\/\",\"name\":\"Emerald Bay Hotel &amp; Spa Nha Trang\",\"description\":\"\",\"potentialAction\":[{\"@type\":\"SearchAction\",\"target\":{\"@type\":\"EntryPoint\",\"urlTemplate\":\"https:\/\/www.emeraldbayhotelnhatrang.com\/vi\/?s={search_term_string}\"},\"query-input\":\"required name=search_term_string\"}],\"inLanguage\":\"vi-VN\"}]}<\/script>\n<!-- \/ Yoast SEO plugin. -->","yoast_head_json":{"title":"Family Ocean View | Emerald Bay Hotel & Spa Nha Trang","description":"Family Connecting Ocean View t\u1ea1i Emerald Bay mang \u0111\u1ebfn hai ph\u00f2ng ng\u1ee7 li\u00ean th\u00f4ng tinh t\u1ebf, kh\u00f4ng gian r\u1ed9ng r\u00e3i v\u1edbi t\u1ea7m nh\u00ecn bi\u1ec3n y\u00ean b\u00ecnh.","robots":{"index":"index","follow":"follow","max-snippet":"max-snippet:-1","max-image-preview":"max-image-preview:large","max-video-preview":"max-video-preview:-1"},"canonical":"https:\/\/www.emeraldbayhotelnhatrang.com\/vi\/rooms\/family-connecting-ocean-view\/","og_locale":"vi_VN","og_type":"article","og_title":"Family Ocean View | Emerald Bay Hotel & Spa Nha Trang","og_description":"Family Connecting Ocean View t\u1ea1i Emerald Bay mang \u0111\u1ebfn hai ph\u00f2ng ng\u1ee7 li\u00ean th\u00f4ng tinh t\u1ebf, kh\u00f4ng gian r\u1ed9ng r\u00e3i v\u1edbi t\u1ea7m nh\u00ecn bi\u1ec3n y\u00ean b\u00ecnh.","og_url":"https:\/\/www.emeraldbayhotelnhatrang.com\/vi\/rooms\/family-connecting-ocean-view\/","og_site_name":"Emerald Bay Hotel &amp; Spa Nha Trang","article_modified_time":"2026-04-15T07:05:18+00:00","og_image":[{"width":2200,"height":1468,"url":"http:\/\/www.emeraldbayhotelnhatrang.com\/wp-content\/uploads\/sites\/145\/2025\/12\/Fam-ocean-1.jpg","type":"image\/jpeg"}],"twitter_card":"summary_large_image","twitter_misc":{"Est. reading time":"1 minute"},"schema":{"@context":"https:\/\/schema.org","@graph":[{"@type":"WebPage","@id":"https:\/\/www.emeraldbayhotelnhatrang.com\/vi\/rooms\/family-connecting-ocean-view\/","url":"https:\/\/www.emeraldbayhotelnhatrang.com\/vi\/rooms\/family-connecting-ocean-view\/","name":"Family Ocean View | Emerald Bay Hotel & Spa Nha Trang","isPartOf":{"@id":"https:\/\/www.emeraldbayhotelnhatrang.com\/vi\/#website"},"primaryImageOfPage":{"@id":"https:\/\/www.emeraldbayhotelnhatrang.com\/vi\/rooms\/family-connecting-ocean-view\/#primaryimage"},"image":{"@id":"https:\/\/www.emeraldbayhotelnhatrang.com\/vi\/rooms\/family-connecting-ocean-view\/#primaryimage"},"thumbnailUrl":"https:\/\/www.emeraldbayhotelnhatrang.com\/wp-content\/uploads\/sites\/145\/2025\/12\/Fam-ocean-1.jpg","datePublished":"2025-12-26T07:43:09+00:00","dateModified":"2026-04-15T07:05:18+00:00","description":"Family Connecting Ocean View t\u1ea1i Emerald Bay mang \u0111\u1ebfn hai ph\u00f2ng ng\u1ee7 li\u00ean th\u00f4ng tinh t\u1ebf, kh\u00f4ng gian r\u1ed9ng r\u00e3i v\u1edbi t\u1ea7m nh\u00ecn bi\u1ec3n y\u00ean b\u00ecnh.","breadcrumb":{"@id":"https:\/\/www.emeraldbayhotelnhatrang.com\/vi\/rooms\/family-connecting-ocean-view\/#breadcrumb"},"inLanguage":"vi-VN","potentialAction":[{"@type":"ReadAction","target":["https:\/\/www.emeraldbayhotelnhatrang.com\/vi\/rooms\/family-connecting-ocean-view\/"]}]},{"@type":"ImageObject","inLanguage":"vi-VN","@id":"https:\/\/www.emeraldbayhotelnhatrang.com\/vi\/rooms\/family-connecting-ocean-view\/#primaryimage","url":"https:\/\/www.emeraldbayhotelnhatrang.com\/wp-content\/uploads\/sites\/145\/2025\/12\/Fam-ocean-1.jpg","contentUrl":"https:\/\/www.emeraldbayhotelnhatrang.com\/wp-content\/uploads\/sites\/145\/2025\/12\/Fam-ocean-1.jpg","width":2200,"height":1468},{"@type":"BreadcrumbList","@id":"https:\/\/www.emeraldbayhotelnhatrang.com\/vi\/rooms\/family-connecting-ocean-view\/#breadcrumb","itemListElement":[{"@type":"ListItem","position":1,"name":"Home","item":"https:\/\/www.emeraldbayhotelnhatrang.com\/vi\/"},{"@type":"ListItem","position":2,"name":"C\u00e1c h\u1ea1ng ph\u00f2ng","item":"https:\/\/www.emeraldbayhotelnhatrang.com\/vi\/rooms\/"},{"@type":"ListItem","position":3,"name":"Family Connecting Ocean view"}]},{"@type":"WebSite","@id":"https:\/\/www.emeraldbayhotelnhatrang.com\/vi\/#website","url":"https:\/\/www.emeraldbayhotelnhatrang.com\/vi\/","name":"Emerald Bay Hotel &amp; Spa Nha Trang","description":"","potentialAction":[{"@type":"SearchAction","target":{"@type":"EntryPoint","urlTemplate":"https:\/\/www.emeraldbayhotelnhatrang.com\/vi\/?s={search_term_string}"},"query-input":"required name=search_term_string"}],"inLanguage":"vi-VN"}]}},"acf":[],"_links":{"self":[{"href":"https:\/\/www.emeraldbayhotelnhatrang.com\/vi\/wp-json\/wp\/v2\/pages\/79"}],"collection":[{"href":"https:\/\/www.emeraldbayhotelnhatrang.com\/vi\/wp-json\/wp\/v2\/pages"}],"about":[{"href":"https:\/\/www.emeraldbayhotelnhatrang.com\/vi\/wp-json\/wp\/v2\/types\/page"}],"author":[{"embeddable":true,"href":"https:\/\/www.emeraldbayhotelnhatrang.com\/vi\/wp-json\/wp\/v2\/users\/8"}],"replies":[{"embeddable":true,"href":"https:\/\/www.emeraldbayhotelnhatrang.com\/vi\/wp-json\/wp\/v2\/comments?post=79"}],"version-history":[{"count":0,"href":"https:\/\/www.emeraldbayhotelnhatrang.com\/vi\/wp-json\/wp\/v2\/pages\/79\/revisions"}],"up":[{"embeddable":true,"href":"https:\/\/www.emeraldbayhotelnhatrang.com\/vi\/wp-json\/wp\/v2\/pages\/8"}],"wp:featuredmedia":[{"embeddable":true,"href":"https:\/\/www.emeraldbayhotelnhatrang.com\/vi\/wp-json\/wp\/v2\/media\/84"}],"wp:attachment":[{"href":"https:\/\/www.emeraldbayhotelnhatrang.com\/vi\/wp-json\/wp\/v2\/media?parent=79"}],"curies":[{"name":"wp","href":"https:\/\/api.w.org\/{rel}","templated":true}]}}