{"id":74,"date":"2025-12-26T07:38:39","date_gmt":"2025-12-26T07:38:39","guid":{"rendered":"https:\/\/emeraldbayhotelnhatrang.ms2.decms.asia\/?page_id=74"},"modified":"2026-04-15T07:07:22","modified_gmt":"2026-04-15T07:07:22","slug":"family-connecting-cityview","status":"publish","type":"page","link":"https:\/\/www.emeraldbayhotelnhatrang.com\/vi\/rooms\/family-connecting-cityview\/","title":{"rendered":"Family Connecting Cityview"},"content":{"rendered":"<p>Gi\u1eefa nh\u1ecbp s\u1ed1ng s\u00f4i \u0111\u1ed9ng c\u1ee7a th\u00e0nh ph\u1ed1 bi\u1ec3n, ph\u00f2ng Family Connecting City View mang \u0111\u1ebfn kh\u00f4ng gian \u1ea5m \u00e1p, g\u1eafn k\u1ebft cho c\u1ea3 gia \u0111\u00ecnh. Nh\u1eefng ph\u00f2ng \u0111\u01b0\u1ee3c thi\u1ebft k\u1ebf li\u00ean th\u00f4ng tinh t\u1ebf c\u00e2n b\u1eb1ng gi\u1eefa s\u1ef1 ri\u00eang t\u01b0 v\u00e0 k\u1ebft n\u1ed1i, t\u1ea1o c\u1ea3m gi\u00e1c tho\u1ea3i m\u00e1i cho m\u1ecdi th\u00e0nh vi\u00ean.<\/p>\n","protected":false},"excerpt":{"rendered":"<p>Gi\u1eefa nh\u1ecbp s\u1ed1ng s\u00f4i \u0111\u1ed9ng c\u1ee7a th\u00e0nh ph\u1ed1 bi\u1ec3n, ph\u00f2ng Family Connecting City View mang \u0111\u1ebfn kh\u00f4ng gian \u1ea5m \u00e1p, g\u1eafn k\u1ebft cho c\u1ea3 gia \u0111\u00ecnh. Nh\u1eefng ph\u00f2ng \u0111\u01b0\u1ee3c thi\u1ebft k\u1ebf li\u00ean th\u00f4ng tinh t\u1ebf c\u00e2n b\u1eb1ng gi\u1eefa s\u1ef1 ri\u00eang t\u01b0 v\u00e0 k\u1ebft n\u1ed1i, t\u1ea1o c\u1ea3m gi\u00e1c tho\u1ea3i m\u00e1i cho m\u1ecdi th\u00e0nh vi\u00ean.<\/p>\n","protected":false},"author":8,"featured_media":77,"parent":8,"menu_order":7,"comment_status":"closed","ping_status":"closed","template":"template-single-room.php","meta":{"footnotes":""},"yoast_head":"<!-- This site is optimized with the Yoast SEO plugin v22.3 - https:\/\/yoast.com\/wordpress\/plugins\/seo\/ -->\n<title>Family | Emerald Bay Hotel &amp; Spa Nha Trang<\/title>\n<meta name=\"description\" content=\"H\u1ea1ng ph\u00f2ng cho gia \u0111\u00ecnh v\u1edbi hai ph\u00f2ng ng\u1ee7 ri\u00eang bi\u1ec7t \u0111\u01b0\u1ee3c li\u00ean th\u00f4ng tinh t\u1ebf, mang l\u1ea1i s\u1ef1 ti\u1ec7n nghi v\u00e0 ri\u00eang t\u01b0 tr\u1ecdn v\u1eb9n cho t\u1eebng th\u00e0nh vi\u00ean\" \/>\n<meta name=\"robots\" content=\"index, follow, max-snippet:-1, max-image-preview:large, max-video-preview:-1\" \/>\n<link rel=\"canonical\" href=\"https:\/\/www.emeraldbayhotelnhatrang.com\/vi\/rooms\/family-connecting-cityview\/\" \/>\n<meta property=\"og:locale\" content=\"vi_VN\" \/>\n<meta property=\"og:type\" content=\"article\" \/>\n<meta property=\"og:title\" content=\"Family | Emerald Bay Hotel &amp; Spa Nha Trang\" \/>\n<meta property=\"og:description\" content=\"H\u1ea1ng ph\u00f2ng cho gia \u0111\u00ecnh v\u1edbi hai ph\u00f2ng ng\u1ee7 ri\u00eang bi\u1ec7t \u0111\u01b0\u1ee3c li\u00ean th\u00f4ng tinh t\u1ebf, mang l\u1ea1i s\u1ef1 ti\u1ec7n nghi v\u00e0 ri\u00eang t\u01b0 tr\u1ecdn v\u1eb9n cho t\u1eebng th\u00e0nh vi\u00ean\" \/>\n<meta property=\"og:url\" content=\"https:\/\/www.emeraldbayhotelnhatrang.com\/vi\/rooms\/family-connecting-cityview\/\" \/>\n<meta property=\"og:site_name\" content=\"Emerald Bay Hotel &amp; Spa Nha Trang\" \/>\n<meta property=\"article:modified_time\" content=\"2026-04-15T07:07:22+00:00\" \/>\n<meta property=\"og:image\" content=\"http:\/\/www.emeraldbayhotelnhatrang.com\/wp-content\/uploads\/sites\/145\/2025\/12\/Fam-city-2-.jpg\" \/>\n\t<meta property=\"og:image:width\" content=\"2200\" \/>\n\t<meta property=\"og:image:height\" content=\"1460\" \/>\n\t<meta property=\"og:image:type\" content=\"image\/jpeg\" \/>\n<meta name=\"twitter:card\" content=\"summary_large_image\" \/>\n<meta name=\"twitter:label1\" content=\"Est. reading time\" \/>\n\t<meta name=\"twitter:data1\" content=\"1 minute\" \/>\n<script type=\"application\/ld+json\" class=\"yoast-schema-graph\">{\"@context\":\"https:\/\/schema.org\",\"@graph\":[{\"@type\":\"WebPage\",\"@id\":\"https:\/\/www.emeraldbayhotelnhatrang.com\/vi\/rooms\/family-connecting-cityview\/\",\"url\":\"https:\/\/www.emeraldbayhotelnhatrang.com\/vi\/rooms\/family-connecting-cityview\/\",\"name\":\"Family | Emerald Bay Hotel & Spa Nha Trang\",\"isPartOf\":{\"@id\":\"https:\/\/www.emeraldbayhotelnhatrang.com\/vi\/#website\"},\"primaryImageOfPage\":{\"@id\":\"https:\/\/www.emeraldbayhotelnhatrang.com\/vi\/rooms\/family-connecting-cityview\/#primaryimage\"},\"image\":{\"@id\":\"https:\/\/www.emeraldbayhotelnhatrang.com\/vi\/rooms\/family-connecting-cityview\/#primaryimage\"},\"thumbnailUrl\":\"https:\/\/www.emeraldbayhotelnhatrang.com\/wp-content\/uploads\/sites\/145\/2025\/12\/Fam-city-2-.jpg\",\"datePublished\":\"2025-12-26T07:38:39+00:00\",\"dateModified\":\"2026-04-15T07:07:22+00:00\",\"description\":\"H\u1ea1ng ph\u00f2ng cho gia \u0111\u00ecnh v\u1edbi hai ph\u00f2ng ng\u1ee7 ri\u00eang bi\u1ec7t \u0111\u01b0\u1ee3c li\u00ean th\u00f4ng tinh t\u1ebf, mang l\u1ea1i s\u1ef1 ti\u1ec7n nghi v\u00e0 ri\u00eang t\u01b0 tr\u1ecdn v\u1eb9n cho t\u1eebng th\u00e0nh vi\u00ean\",\"breadcrumb\":{\"@id\":\"https:\/\/www.emeraldbayhotelnhatrang.com\/vi\/rooms\/family-connecting-cityview\/#breadcrumb\"},\"inLanguage\":\"vi-VN\",\"potentialAction\":[{\"@type\":\"ReadAction\",\"target\":[\"https:\/\/www.emeraldbayhotelnhatrang.com\/vi\/rooms\/family-connecting-cityview\/\"]}]},{\"@type\":\"ImageObject\",\"inLanguage\":\"vi-VN\",\"@id\":\"https:\/\/www.emeraldbayhotelnhatrang.com\/vi\/rooms\/family-connecting-cityview\/#primaryimage\",\"url\":\"https:\/\/www.emeraldbayhotelnhatrang.com\/wp-content\/uploads\/sites\/145\/2025\/12\/Fam-city-2-.jpg\",\"contentUrl\":\"https:\/\/www.emeraldbayhotelnhatrang.com\/wp-content\/uploads\/sites\/145\/2025\/12\/Fam-city-2-.jpg\",\"width\":2200,\"height\":1460},{\"@type\":\"BreadcrumbList\",\"@id\":\"https:\/\/www.emeraldbayhotelnhatrang.com\/vi\/rooms\/family-connecting-cityview\/#breadcrumb\",\"itemListElement\":[{\"@type\":\"ListItem\",\"position\":1,\"name\":\"Home\",\"item\":\"https:\/\/www.emeraldbayhotelnhatrang.com\/vi\/\"},{\"@type\":\"ListItem\",\"position\":2,\"name\":\"C\u00e1c h\u1ea1ng ph\u00f2ng\",\"item\":\"https:\/\/www.emeraldbayhotelnhatrang.com\/vi\/rooms\/\"},{\"@type\":\"ListItem\",\"position\":3,\"name\":\"Family Connecting Cityview\"}]},{\"@type\":\"WebSite\",\"@id\":\"https:\/\/www.emeraldbayhotelnhatrang.com\/vi\/#website\",\"url\":\"https:\/\/www.emeraldbayhotelnhatrang.com\/vi\/\",\"name\":\"Emerald Bay Hotel &amp; Spa Nha Trang\",\"description\":\"\",\"potentialAction\":[{\"@type\":\"SearchAction\",\"target\":{\"@type\":\"EntryPoint\",\"urlTemplate\":\"https:\/\/www.emeraldbayhotelnhatrang.com\/vi\/?s={search_term_string}\"},\"query-input\":\"required name=search_term_string\"}],\"inLanguage\":\"vi-VN\"}]}<\/script>\n<!-- \/ Yoast SEO plugin. -->","yoast_head_json":{"title":"Family | Emerald Bay Hotel & Spa Nha Trang","description":"H\u1ea1ng ph\u00f2ng cho gia \u0111\u00ecnh v\u1edbi hai ph\u00f2ng ng\u1ee7 ri\u00eang bi\u1ec7t \u0111\u01b0\u1ee3c li\u00ean th\u00f4ng tinh t\u1ebf, mang l\u1ea1i s\u1ef1 ti\u1ec7n nghi v\u00e0 ri\u00eang t\u01b0 tr\u1ecdn v\u1eb9n cho t\u1eebng th\u00e0nh vi\u00ean","robots":{"index":"index","follow":"follow","max-snippet":"max-snippet:-1","max-image-preview":"max-image-preview:large","max-video-preview":"max-video-preview:-1"},"canonical":"https:\/\/www.emeraldbayhotelnhatrang.com\/vi\/rooms\/family-connecting-cityview\/","og_locale":"vi_VN","og_type":"article","og_title":"Family | Emerald Bay Hotel & Spa Nha Trang","og_description":"H\u1ea1ng ph\u00f2ng cho gia \u0111\u00ecnh v\u1edbi hai ph\u00f2ng ng\u1ee7 ri\u00eang bi\u1ec7t \u0111\u01b0\u1ee3c li\u00ean th\u00f4ng tinh t\u1ebf, mang l\u1ea1i s\u1ef1 ti\u1ec7n nghi v\u00e0 ri\u00eang t\u01b0 tr\u1ecdn v\u1eb9n cho t\u1eebng th\u00e0nh vi\u00ean","og_url":"https:\/\/www.emeraldbayhotelnhatrang.com\/vi\/rooms\/family-connecting-cityview\/","og_site_name":"Emerald Bay Hotel &amp; Spa Nha Trang","article_modified_time":"2026-04-15T07:07:22+00:00","og_image":[{"width":2200,"height":1460,"url":"http:\/\/www.emeraldbayhotelnhatrang.com\/wp-content\/uploads\/sites\/145\/2025\/12\/Fam-city-2-.jpg","type":"image\/jpeg"}],"twitter_card":"summary_large_image","twitter_misc":{"Est. reading time":"1 minute"},"schema":{"@context":"https:\/\/schema.org","@graph":[{"@type":"WebPage","@id":"https:\/\/www.emeraldbayhotelnhatrang.com\/vi\/rooms\/family-connecting-cityview\/","url":"https:\/\/www.emeraldbayhotelnhatrang.com\/vi\/rooms\/family-connecting-cityview\/","name":"Family | Emerald Bay Hotel & Spa Nha Trang","isPartOf":{"@id":"https:\/\/www.emeraldbayhotelnhatrang.com\/vi\/#website"},"primaryImageOfPage":{"@id":"https:\/\/www.emeraldbayhotelnhatrang.com\/vi\/rooms\/family-connecting-cityview\/#primaryimage"},"image":{"@id":"https:\/\/www.emeraldbayhotelnhatrang.com\/vi\/rooms\/family-connecting-cityview\/#primaryimage"},"thumbnailUrl":"https:\/\/www.emeraldbayhotelnhatrang.com\/wp-content\/uploads\/sites\/145\/2025\/12\/Fam-city-2-.jpg","datePublished":"2025-12-26T07:38:39+00:00","dateModified":"2026-04-15T07:07:22+00:00","description":"H\u1ea1ng ph\u00f2ng cho gia \u0111\u00ecnh v\u1edbi hai ph\u00f2ng ng\u1ee7 ri\u00eang bi\u1ec7t \u0111\u01b0\u1ee3c li\u00ean th\u00f4ng tinh t\u1ebf, mang l\u1ea1i s\u1ef1 ti\u1ec7n nghi v\u00e0 ri\u00eang t\u01b0 tr\u1ecdn v\u1eb9n cho t\u1eebng th\u00e0nh vi\u00ean","breadcrumb":{"@id":"https:\/\/www.emeraldbayhotelnhatrang.com\/vi\/rooms\/family-connecting-cityview\/#breadcrumb"},"inLanguage":"vi-VN","potentialAction":[{"@type":"ReadAction","target":["https:\/\/www.emeraldbayhotelnhatrang.com\/vi\/rooms\/family-connecting-cityview\/"]}]},{"@type":"ImageObject","inLanguage":"vi-VN","@id":"https:\/\/www.emeraldbayhotelnhatrang.com\/vi\/rooms\/family-connecting-cityview\/#primaryimage","url":"https:\/\/www.emeraldbayhotelnhatrang.com\/wp-content\/uploads\/sites\/145\/2025\/12\/Fam-city-2-.jpg","contentUrl":"https:\/\/www.emeraldbayhotelnhatrang.com\/wp-content\/uploads\/sites\/145\/2025\/12\/Fam-city-2-.jpg","width":2200,"height":1460},{"@type":"BreadcrumbList","@id":"https:\/\/www.emeraldbayhotelnhatrang.com\/vi\/rooms\/family-connecting-cityview\/#breadcrumb","itemListElement":[{"@type":"ListItem","position":1,"name":"Home","item":"https:\/\/www.emeraldbayhotelnhatrang.com\/vi\/"},{"@type":"ListItem","position":2,"name":"C\u00e1c h\u1ea1ng ph\u00f2ng","item":"https:\/\/www.emeraldbayhotelnhatrang.com\/vi\/rooms\/"},{"@type":"ListItem","position":3,"name":"Family Connecting Cityview"}]},{"@type":"WebSite","@id":"https:\/\/www.emeraldbayhotelnhatrang.com\/vi\/#website","url":"https:\/\/www.emeraldbayhotelnhatrang.com\/vi\/","name":"Emerald Bay Hotel &amp; Spa Nha Trang","description":"","potentialAction":[{"@type":"SearchAction","target":{"@type":"EntryPoint","urlTemplate":"https:\/\/www.emeraldbayhotelnhatrang.com\/vi\/?s={search_term_string}"},"query-input":"required name=search_term_string"}],"inLanguage":"vi-VN"}]}},"acf":[],"_links":{"self":[{"href":"https:\/\/www.emeraldbayhotelnhatrang.com\/vi\/wp-json\/wp\/v2\/pages\/74"}],"collection":[{"href":"https:\/\/www.emeraldbayhotelnhatrang.com\/vi\/wp-json\/wp\/v2\/pages"}],"about":[{"href":"https:\/\/www.emeraldbayhotelnhatrang.com\/vi\/wp-json\/wp\/v2\/types\/page"}],"author":[{"embeddable":true,"href":"https:\/\/www.emeraldbayhotelnhatrang.com\/vi\/wp-json\/wp\/v2\/users\/8"}],"replies":[{"embeddable":true,"href":"https:\/\/www.emeraldbayhotelnhatrang.com\/vi\/wp-json\/wp\/v2\/comments?post=74"}],"version-history":[{"count":0,"href":"https:\/\/www.emeraldbayhotelnhatrang.com\/vi\/wp-json\/wp\/v2\/pages\/74\/revisions"}],"up":[{"embeddable":true,"href":"https:\/\/www.emeraldbayhotelnhatrang.com\/vi\/wp-json\/wp\/v2\/pages\/8"}],"wp:featuredmedia":[{"embeddable":true,"href":"https:\/\/www.emeraldbayhotelnhatrang.com\/vi\/wp-json\/wp\/v2\/media\/77"}],"wp:attachment":[{"href":"https:\/\/www.emeraldbayhotelnhatrang.com\/vi\/wp-json\/wp\/v2\/media?parent=74"}],"curies":[{"name":"wp","href":"https:\/\/api.w.org\/{rel}","templated":true}]}}