{"id":66,"date":"2025-12-26T07:35:04","date_gmt":"2025-12-26T07:35:04","guid":{"rendered":"https:\/\/emeraldbayhotelnhatrang.ms2.decms.asia\/?page_id=66"},"modified":"2026-04-15T07:03:30","modified_gmt":"2026-04-15T07:03:30","slug":"suite-seaview","status":"publish","type":"page","link":"https:\/\/www.emeraldbayhotelnhatrang.com\/vi\/rooms\/suite-seaview\/","title":{"rendered":"Suite Seaview"},"content":{"rendered":"<p>Tr\u1ea3i m\u00ecnh gi\u1eefa \u0111\u1ea1i d\u01b0\u01a1ng xanh th\u1eb3m, Suite Sea View t\u1ea1i Emerald Bay Hotel &amp; Spa Nha Trang vang l\u00ean nh\u01b0 b\u1ea3n giao h\u01b0\u1edfng c\u1ee7a \u00e1nh n\u1eafng v\u00e0 gi\u00f3 bi\u1ec3n. T\u1eeb khung c\u1eeda k\u00ednh tho\u00e1ng \u0111\u00e3ng, bi\u1ec3n Nha Trang m\u1edf ra trong ban mai d\u1ecbu d\u00e0ng, r\u1ed3i \u0111\u1ecf r\u1ef1c khi b\u00ecnh minh nhu\u1ed9m v\u00e0ng t\u1eebng con s\u00f3ng.<\/p>\n<p>N\u1ed9i th\u1ea5t \u0111\u01b0\u1ee3c b\u00e0i tr\u00ed theo phong c\u00e1ch g\u1ed7 sang tr\u1ecdng,\u00a0 kh\u1ebd kh\u1eafc n\u00ean m\u1ed9t kh\u00f4ng gian ngh\u1ec9 d\u01b0\u1ee1ng chan h\u00f2a c\u1ea3m x\u00fac, mang v\u1ebb \u0111\u1eb9p tinh kh\u00f4i c\u1ee7a Nha Trang \u0111i\u1ec3m h\u1eb9n.<\/p>\n","protected":false},"excerpt":{"rendered":"<p>Tr\u1ea3i m\u00ecnh gi\u1eefa \u0111\u1ea1i d\u01b0\u01a1ng xanh th\u1eb3m, Suite Sea View t\u1ea1i Emerald Bay Hotel &amp; Spa Nha Trang vang l\u00ean nh\u01b0 b\u1ea3n giao h\u01b0\u1edfng c\u1ee7a \u00e1nh n\u1eafng v\u00e0 gi\u00f3 bi\u1ec3n. T\u1eeb khung c\u1eeda k\u00ednh tho\u00e1ng \u0111\u00e3ng, bi\u1ec3n Nha Trang m\u1edf ra trong ban mai d\u1ecbu d\u00e0ng, r\u1ed3i \u0111\u1ecf r\u1ef1c khi b\u00ecnh minh nhu\u1ed9m v\u00e0ng t\u1eebng [&hellip;]<\/p>\n","protected":false},"author":8,"featured_media":71,"parent":8,"menu_order":6,"comment_status":"closed","ping_status":"closed","template":"template-single-room.php","meta":{"footnotes":""},"yoast_head":"<!-- This site is optimized with the Yoast SEO plugin v22.3 - https:\/\/yoast.com\/wordpress\/plugins\/seo\/ -->\n<title>Suite | Emerald Bay Hotel &amp; Spa Nha Trang<\/title>\n<meta name=\"description\" content=\"Suite Sea View t\u1ea1i Emerald Bay Hotel &amp; Spa Nha Trang mang \u0111\u1ebfn t\u1ea7m nh\u00ecn bi\u1ec3n tuy\u1ec7t \u0111\u1eb9p v\u00e0 n\u1ed9i th\u1ea5t g\u1ed7 sang tr\u1ecdng, t\u1ea1o kh\u00f4ng gian ngh\u1ec9 d\u01b0\u1ee1ng th\u01b0 th\u00e1i v\u00e0 l\u00e3ng m\u1ea1n.\" \/>\n<meta name=\"robots\" content=\"index, follow, max-snippet:-1, max-image-preview:large, max-video-preview:-1\" \/>\n<link rel=\"canonical\" href=\"https:\/\/www.emeraldbayhotelnhatrang.com\/vi\/rooms\/suite-seaview\/\" \/>\n<meta property=\"og:locale\" content=\"vi_VN\" \/>\n<meta property=\"og:type\" content=\"article\" \/>\n<meta property=\"og:title\" content=\"Suite | Emerald Bay Hotel &amp; Spa Nha Trang\" \/>\n<meta property=\"og:description\" content=\"Suite Sea View t\u1ea1i Emerald Bay Hotel &amp; Spa Nha Trang mang \u0111\u1ebfn t\u1ea7m nh\u00ecn bi\u1ec3n tuy\u1ec7t \u0111\u1eb9p v\u00e0 n\u1ed9i th\u1ea5t g\u1ed7 sang tr\u1ecdng, t\u1ea1o kh\u00f4ng gian ngh\u1ec9 d\u01b0\u1ee1ng th\u01b0 th\u00e1i v\u00e0 l\u00e3ng m\u1ea1n.\" \/>\n<meta property=\"og:url\" content=\"https:\/\/www.emeraldbayhotelnhatrang.com\/vi\/rooms\/suite-seaview\/\" \/>\n<meta property=\"og:site_name\" content=\"Emerald Bay Hotel &amp; Spa Nha Trang\" \/>\n<meta property=\"article:modified_time\" content=\"2026-04-15T07:03:30+00:00\" \/>\n<meta property=\"og:image\" content=\"http:\/\/www.emeraldbayhotelnhatrang.com\/wp-content\/uploads\/sites\/145\/2025\/12\/Suite-3.jpg\" \/>\n\t<meta property=\"og:image:width\" content=\"2200\" \/>\n\t<meta property=\"og:image:height\" content=\"1467\" \/>\n\t<meta property=\"og:image:type\" content=\"image\/jpeg\" \/>\n<meta name=\"twitter:card\" content=\"summary_large_image\" \/>\n<meta name=\"twitter:label1\" content=\"Est. reading time\" \/>\n\t<meta name=\"twitter:data1\" content=\"1 minute\" \/>\n<script type=\"application\/ld+json\" class=\"yoast-schema-graph\">{\"@context\":\"https:\/\/schema.org\",\"@graph\":[{\"@type\":\"WebPage\",\"@id\":\"https:\/\/www.emeraldbayhotelnhatrang.com\/vi\/rooms\/suite-seaview\/\",\"url\":\"https:\/\/www.emeraldbayhotelnhatrang.com\/vi\/rooms\/suite-seaview\/\",\"name\":\"Suite | Emerald Bay Hotel & Spa Nha Trang\",\"isPartOf\":{\"@id\":\"https:\/\/www.emeraldbayhotelnhatrang.com\/vi\/#website\"},\"primaryImageOfPage\":{\"@id\":\"https:\/\/www.emeraldbayhotelnhatrang.com\/vi\/rooms\/suite-seaview\/#primaryimage\"},\"image\":{\"@id\":\"https:\/\/www.emeraldbayhotelnhatrang.com\/vi\/rooms\/suite-seaview\/#primaryimage\"},\"thumbnailUrl\":\"https:\/\/www.emeraldbayhotelnhatrang.com\/wp-content\/uploads\/sites\/145\/2025\/12\/Suite-3.jpg\",\"datePublished\":\"2025-12-26T07:35:04+00:00\",\"dateModified\":\"2026-04-15T07:03:30+00:00\",\"description\":\"Suite Sea View t\u1ea1i Emerald Bay Hotel & Spa Nha Trang mang \u0111\u1ebfn t\u1ea7m nh\u00ecn bi\u1ec3n tuy\u1ec7t \u0111\u1eb9p v\u00e0 n\u1ed9i th\u1ea5t g\u1ed7 sang tr\u1ecdng, t\u1ea1o kh\u00f4ng gian ngh\u1ec9 d\u01b0\u1ee1ng th\u01b0 th\u00e1i v\u00e0 l\u00e3ng m\u1ea1n.\",\"breadcrumb\":{\"@id\":\"https:\/\/www.emeraldbayhotelnhatrang.com\/vi\/rooms\/suite-seaview\/#breadcrumb\"},\"inLanguage\":\"vi-VN\",\"potentialAction\":[{\"@type\":\"ReadAction\",\"target\":[\"https:\/\/www.emeraldbayhotelnhatrang.com\/vi\/rooms\/suite-seaview\/\"]}]},{\"@type\":\"ImageObject\",\"inLanguage\":\"vi-VN\",\"@id\":\"https:\/\/www.emeraldbayhotelnhatrang.com\/vi\/rooms\/suite-seaview\/#primaryimage\",\"url\":\"https:\/\/www.emeraldbayhotelnhatrang.com\/wp-content\/uploads\/sites\/145\/2025\/12\/Suite-3.jpg\",\"contentUrl\":\"https:\/\/www.emeraldbayhotelnhatrang.com\/wp-content\/uploads\/sites\/145\/2025\/12\/Suite-3.jpg\",\"width\":2200,\"height\":1467},{\"@type\":\"BreadcrumbList\",\"@id\":\"https:\/\/www.emeraldbayhotelnhatrang.com\/vi\/rooms\/suite-seaview\/#breadcrumb\",\"itemListElement\":[{\"@type\":\"ListItem\",\"position\":1,\"name\":\"Home\",\"item\":\"https:\/\/www.emeraldbayhotelnhatrang.com\/vi\/\"},{\"@type\":\"ListItem\",\"position\":2,\"name\":\"C\u00e1c h\u1ea1ng ph\u00f2ng\",\"item\":\"https:\/\/www.emeraldbayhotelnhatrang.com\/vi\/rooms\/\"},{\"@type\":\"ListItem\",\"position\":3,\"name\":\"Suite Seaview\"}]},{\"@type\":\"WebSite\",\"@id\":\"https:\/\/www.emeraldbayhotelnhatrang.com\/vi\/#website\",\"url\":\"https:\/\/www.emeraldbayhotelnhatrang.com\/vi\/\",\"name\":\"Emerald Bay Hotel &amp; Spa Nha Trang\",\"description\":\"\",\"potentialAction\":[{\"@type\":\"SearchAction\",\"target\":{\"@type\":\"EntryPoint\",\"urlTemplate\":\"https:\/\/www.emeraldbayhotelnhatrang.com\/vi\/?s={search_term_string}\"},\"query-input\":\"required name=search_term_string\"}],\"inLanguage\":\"vi-VN\"}]}<\/script>\n<!-- \/ Yoast SEO plugin. -->","yoast_head_json":{"title":"Suite | Emerald Bay Hotel & Spa Nha Trang","description":"Suite Sea View t\u1ea1i Emerald Bay Hotel & Spa Nha Trang mang \u0111\u1ebfn t\u1ea7m nh\u00ecn bi\u1ec3n tuy\u1ec7t \u0111\u1eb9p v\u00e0 n\u1ed9i th\u1ea5t g\u1ed7 sang tr\u1ecdng, t\u1ea1o kh\u00f4ng gian ngh\u1ec9 d\u01b0\u1ee1ng th\u01b0 th\u00e1i v\u00e0 l\u00e3ng m\u1ea1n.","robots":{"index":"index","follow":"follow","max-snippet":"max-snippet:-1","max-image-preview":"max-image-preview:large","max-video-preview":"max-video-preview:-1"},"canonical":"https:\/\/www.emeraldbayhotelnhatrang.com\/vi\/rooms\/suite-seaview\/","og_locale":"vi_VN","og_type":"article","og_title":"Suite | Emerald Bay Hotel & Spa Nha Trang","og_description":"Suite Sea View t\u1ea1i Emerald Bay Hotel & Spa Nha Trang mang \u0111\u1ebfn t\u1ea7m nh\u00ecn bi\u1ec3n tuy\u1ec7t \u0111\u1eb9p v\u00e0 n\u1ed9i th\u1ea5t g\u1ed7 sang tr\u1ecdng, t\u1ea1o kh\u00f4ng gian ngh\u1ec9 d\u01b0\u1ee1ng th\u01b0 th\u00e1i v\u00e0 l\u00e3ng m\u1ea1n.","og_url":"https:\/\/www.emeraldbayhotelnhatrang.com\/vi\/rooms\/suite-seaview\/","og_site_name":"Emerald Bay Hotel &amp; Spa Nha Trang","article_modified_time":"2026-04-15T07:03:30+00:00","og_image":[{"width":2200,"height":1467,"url":"http:\/\/www.emeraldbayhotelnhatrang.com\/wp-content\/uploads\/sites\/145\/2025\/12\/Suite-3.jpg","type":"image\/jpeg"}],"twitter_card":"summary_large_image","twitter_misc":{"Est. reading time":"1 minute"},"schema":{"@context":"https:\/\/schema.org","@graph":[{"@type":"WebPage","@id":"https:\/\/www.emeraldbayhotelnhatrang.com\/vi\/rooms\/suite-seaview\/","url":"https:\/\/www.emeraldbayhotelnhatrang.com\/vi\/rooms\/suite-seaview\/","name":"Suite | Emerald Bay Hotel & Spa Nha Trang","isPartOf":{"@id":"https:\/\/www.emeraldbayhotelnhatrang.com\/vi\/#website"},"primaryImageOfPage":{"@id":"https:\/\/www.emeraldbayhotelnhatrang.com\/vi\/rooms\/suite-seaview\/#primaryimage"},"image":{"@id":"https:\/\/www.emeraldbayhotelnhatrang.com\/vi\/rooms\/suite-seaview\/#primaryimage"},"thumbnailUrl":"https:\/\/www.emeraldbayhotelnhatrang.com\/wp-content\/uploads\/sites\/145\/2025\/12\/Suite-3.jpg","datePublished":"2025-12-26T07:35:04+00:00","dateModified":"2026-04-15T07:03:30+00:00","description":"Suite Sea View t\u1ea1i Emerald Bay Hotel & Spa Nha Trang mang \u0111\u1ebfn t\u1ea7m nh\u00ecn bi\u1ec3n tuy\u1ec7t \u0111\u1eb9p v\u00e0 n\u1ed9i th\u1ea5t g\u1ed7 sang tr\u1ecdng, t\u1ea1o kh\u00f4ng gian ngh\u1ec9 d\u01b0\u1ee1ng th\u01b0 th\u00e1i v\u00e0 l\u00e3ng m\u1ea1n.","breadcrumb":{"@id":"https:\/\/www.emeraldbayhotelnhatrang.com\/vi\/rooms\/suite-seaview\/#breadcrumb"},"inLanguage":"vi-VN","potentialAction":[{"@type":"ReadAction","target":["https:\/\/www.emeraldbayhotelnhatrang.com\/vi\/rooms\/suite-seaview\/"]}]},{"@type":"ImageObject","inLanguage":"vi-VN","@id":"https:\/\/www.emeraldbayhotelnhatrang.com\/vi\/rooms\/suite-seaview\/#primaryimage","url":"https:\/\/www.emeraldbayhotelnhatrang.com\/wp-content\/uploads\/sites\/145\/2025\/12\/Suite-3.jpg","contentUrl":"https:\/\/www.emeraldbayhotelnhatrang.com\/wp-content\/uploads\/sites\/145\/2025\/12\/Suite-3.jpg","width":2200,"height":1467},{"@type":"BreadcrumbList","@id":"https:\/\/www.emeraldbayhotelnhatrang.com\/vi\/rooms\/suite-seaview\/#breadcrumb","itemListElement":[{"@type":"ListItem","position":1,"name":"Home","item":"https:\/\/www.emeraldbayhotelnhatrang.com\/vi\/"},{"@type":"ListItem","position":2,"name":"C\u00e1c h\u1ea1ng ph\u00f2ng","item":"https:\/\/www.emeraldbayhotelnhatrang.com\/vi\/rooms\/"},{"@type":"ListItem","position":3,"name":"Suite Seaview"}]},{"@type":"WebSite","@id":"https:\/\/www.emeraldbayhotelnhatrang.com\/vi\/#website","url":"https:\/\/www.emeraldbayhotelnhatrang.com\/vi\/","name":"Emerald Bay Hotel &amp; Spa Nha Trang","description":"","potentialAction":[{"@type":"SearchAction","target":{"@type":"EntryPoint","urlTemplate":"https:\/\/www.emeraldbayhotelnhatrang.com\/vi\/?s={search_term_string}"},"query-input":"required name=search_term_string"}],"inLanguage":"vi-VN"}]}},"acf":[],"_links":{"self":[{"href":"https:\/\/www.emeraldbayhotelnhatrang.com\/vi\/wp-json\/wp\/v2\/pages\/66"}],"collection":[{"href":"https:\/\/www.emeraldbayhotelnhatrang.com\/vi\/wp-json\/wp\/v2\/pages"}],"about":[{"href":"https:\/\/www.emeraldbayhotelnhatrang.com\/vi\/wp-json\/wp\/v2\/types\/page"}],"author":[{"embeddable":true,"href":"https:\/\/www.emeraldbayhotelnhatrang.com\/vi\/wp-json\/wp\/v2\/users\/8"}],"replies":[{"embeddable":true,"href":"https:\/\/www.emeraldbayhotelnhatrang.com\/vi\/wp-json\/wp\/v2\/comments?post=66"}],"version-history":[{"count":0,"href":"https:\/\/www.emeraldbayhotelnhatrang.com\/vi\/wp-json\/wp\/v2\/pages\/66\/revisions"}],"up":[{"embeddable":true,"href":"https:\/\/www.emeraldbayhotelnhatrang.com\/vi\/wp-json\/wp\/v2\/pages\/8"}],"wp:featuredmedia":[{"embeddable":true,"href":"https:\/\/www.emeraldbayhotelnhatrang.com\/vi\/wp-json\/wp\/v2\/media\/71"}],"wp:attachment":[{"href":"https:\/\/www.emeraldbayhotelnhatrang.com\/vi\/wp-json\/wp\/v2\/media?parent=66"}],"curies":[{"name":"wp","href":"https:\/\/api.w.org\/{rel}","templated":true}]}}