{"id":615,"date":"2026-04-29T17:06:55","date_gmt":"2026-04-29T17:06:55","guid":{"rendered":"https:\/\/www.emeraldbayhotelnhatrang.com\/?page_id=615"},"modified":"2026-04-29T17:07:53","modified_gmt":"2026-04-29T17:07:53","slug":"uu-da-spa","status":"publish","type":"page","link":"https:\/\/www.emeraldbayhotelnhatrang.com\/vi\/uu-da-spa\/","title":{"rendered":"\u01afu \u0111\u00e3 spa"},"content":{"rendered":"<p style=\"text-align: center\" data-start=\"150\" data-end=\"434\">T\u00e1i t\u1ea1o n\u0103ng l\u01b0\u1ee3ng v\u00e0 c\u00e2n b\u1eb1ng c\u01a1 th\u1ec3 v\u1edbi c\u00e1c g\u00f3i tr\u1ecb li\u1ec7u v\u00e0 spa \u0111\u01b0\u1ee3c thi\u1ebft k\u1ebf chuy\u00ean s\u00e2u, mang \u0111\u1ebfn tr\u1ea3i nghi\u1ec7m th\u01b0 gi\u00e3n tr\u1ecdn v\u1eb9n cho c\u1ea3 th\u1ec3 ch\u1ea5t l\u1eabn tinh th\u1ea7n. Nh\u1eefng \u01b0u \u0111\u00e3i h\u1ea5p d\u1eabn gi\u00fap b\u1ea1n d\u1ec5 d\u00e0ng t\u1eadn h\u01b0\u1edfng c\u00e1c li\u1ec7u ph\u00e1p ch\u0103m s\u00f3c chuy\u00ean nghi\u1ec7p trong kh\u00f4ng gian y\u00ean t\u0129nh v\u00e0 tinh t\u1ebf.<\/p>\n<p style=\"text-align: center\" data-start=\"436\" data-end=\"767\">T\u1eeb c\u00e1c li\u1ec7u tr\u00ecnh massage truy\u1ec1n th\u1ed1ng, ch\u0103m s\u00f3c da \u0111\u1ebfn c\u00e1c g\u00f3i tr\u1ecb li\u1ec7u ph\u1ee5c h\u1ed3i chuy\u00ean s\u00e2u, m\u1ed7i tr\u1ea3i nghi\u1ec7m \u0111\u1ec1u \u0111\u01b0\u1ee3c th\u1ef1c hi\u1ec7n b\u1edfi \u0111\u1ed9i ng\u0169 k\u1ef9 thu\u1eadt vi\u00ean gi\u00e0u kinh nghi\u1ec7m, k\u1ebft h\u1ee3p c\u00f9ng s\u1ea3n ph\u1ea9m ch\u1ea5t l\u01b0\u1ee3ng cao. \u0110\u00e2y l\u00e0 l\u1ef1a ch\u1ecdn l\u00fd t\u01b0\u1edfng \u0111\u1ec3 b\u1ea1n t\u1ea1m g\u00e1c l\u1ea1i nh\u1ecbp s\u1ed1ng b\u1eadn r\u1ed9n, nu\u00f4ng chi\u1ec1u b\u1ea3n th\u00e2n v\u00e0 t\u00ecm l\u1ea1i s\u1ef1 c\u00e2n b\u1eb1ng t\u1eeb b\u00ean trong.<\/p>\n","protected":false},"excerpt":{"rendered":"<p>T\u00e1i t\u1ea1o n\u0103ng l\u01b0\u1ee3ng v\u00e0 c\u00e2n b\u1eb1ng c\u01a1 th\u1ec3 v\u1edbi c\u00e1c g\u00f3i tr\u1ecb li\u1ec7u v\u00e0 spa \u0111\u01b0\u1ee3c thi\u1ebft k\u1ebf chuy\u00ean s\u00e2u, mang \u0111\u1ebfn tr\u1ea3i nghi\u1ec7m th\u01b0 gi\u00e3n tr\u1ecdn v\u1eb9n cho c\u1ea3 th\u1ec3 ch\u1ea5t l\u1eabn tinh th\u1ea7n. Nh\u1eefng \u01b0u \u0111\u00e3i h\u1ea5p d\u1eabn gi\u00fap b\u1ea1n d\u1ec5 d\u00e0ng t\u1eadn h\u01b0\u1edfng c\u00e1c li\u1ec7u ph\u00e1p ch\u0103m s\u00f3c chuy\u00ean nghi\u1ec7p trong [&hellip;]<\/p>\n","protected":false},"author":270,"featured_media":469,"parent":0,"menu_order":0,"comment_status":"closed","ping_status":"closed","template":"template-offers.php","meta":{"footnotes":""},"yoast_head":"<!-- This site is optimized with the Yoast SEO plugin v22.3 - https:\/\/yoast.com\/wordpress\/plugins\/seo\/ -->\n<title>\u01afu \u0111\u00e3 spa - Emerald Bay Hotel &amp; Spa Nha Trang<\/title>\n<meta name=\"robots\" content=\"index, follow, max-snippet:-1, max-image-preview:large, max-video-preview:-1\" \/>\n<link rel=\"canonical\" href=\"https:\/\/www.emeraldbayhotelnhatrang.com\/vi\/uu-da-spa\/\" \/>\n<meta property=\"og:locale\" content=\"vi_VN\" \/>\n<meta property=\"og:type\" content=\"article\" \/>\n<meta property=\"og:title\" content=\"\u01afu \u0111\u00e3 spa - Emerald Bay Hotel &amp; Spa Nha Trang\" \/>\n<meta property=\"og:description\" content=\"T\u00e1i t\u1ea1o n\u0103ng l\u01b0\u1ee3ng v\u00e0 c\u00e2n b\u1eb1ng c\u01a1 th\u1ec3 v\u1edbi c\u00e1c g\u00f3i tr\u1ecb li\u1ec7u v\u00e0 spa \u0111\u01b0\u1ee3c thi\u1ebft k\u1ebf chuy\u00ean s\u00e2u, mang \u0111\u1ebfn tr\u1ea3i nghi\u1ec7m th\u01b0 gi\u00e3n tr\u1ecdn v\u1eb9n cho c\u1ea3 th\u1ec3 ch\u1ea5t l\u1eabn tinh th\u1ea7n. Nh\u1eefng \u01b0u \u0111\u00e3i h\u1ea5p d\u1eabn gi\u00fap b\u1ea1n d\u1ec5 d\u00e0ng t\u1eadn h\u01b0\u1edfng c\u00e1c li\u1ec7u ph\u00e1p ch\u0103m s\u00f3c chuy\u00ean nghi\u1ec7p trong [&hellip;]\" \/>\n<meta property=\"og:url\" content=\"https:\/\/www.emeraldbayhotelnhatrang.com\/vi\/uu-da-spa\/\" \/>\n<meta property=\"og:site_name\" content=\"Emerald Bay Hotel &amp; Spa Nha Trang\" \/>\n<meta property=\"article:modified_time\" content=\"2026-04-29T17:07:53+00:00\" \/>\n<meta property=\"og:image\" content=\"http:\/\/www.emeraldbayhotelnhatrang.com\/wp-content\/uploads\/sites\/145\/2026\/04\/ST_05655.jpg\" \/>\n\t<meta property=\"og:image:width\" content=\"2200\" \/>\n\t<meta property=\"og:image:height\" content=\"1467\" \/>\n\t<meta property=\"og:image:type\" content=\"image\/jpeg\" \/>\n<meta name=\"twitter:card\" content=\"summary_large_image\" \/>\n<meta name=\"twitter:label1\" content=\"Est. reading time\" \/>\n\t<meta name=\"twitter:data1\" content=\"1 minute\" \/>\n<script type=\"application\/ld+json\" class=\"yoast-schema-graph\">{\"@context\":\"https:\/\/schema.org\",\"@graph\":[{\"@type\":\"WebPage\",\"@id\":\"https:\/\/www.emeraldbayhotelnhatrang.com\/vi\/uu-da-spa\/\",\"url\":\"https:\/\/www.emeraldbayhotelnhatrang.com\/vi\/uu-da-spa\/\",\"name\":\"\u01afu \u0111\u00e3 spa - Emerald Bay Hotel &amp; Spa Nha Trang\",\"isPartOf\":{\"@id\":\"https:\/\/www.emeraldbayhotelnhatrang.com\/vi\/#website\"},\"primaryImageOfPage\":{\"@id\":\"https:\/\/www.emeraldbayhotelnhatrang.com\/vi\/uu-da-spa\/#primaryimage\"},\"image\":{\"@id\":\"https:\/\/www.emeraldbayhotelnhatrang.com\/vi\/uu-da-spa\/#primaryimage\"},\"thumbnailUrl\":\"https:\/\/www.emeraldbayhotelnhatrang.com\/wp-content\/uploads\/sites\/145\/2026\/04\/ST_05655.jpg\",\"datePublished\":\"2026-04-29T17:06:55+00:00\",\"dateModified\":\"2026-04-29T17:07:53+00:00\",\"breadcrumb\":{\"@id\":\"https:\/\/www.emeraldbayhotelnhatrang.com\/vi\/uu-da-spa\/#breadcrumb\"},\"inLanguage\":\"vi-VN\",\"potentialAction\":[{\"@type\":\"ReadAction\",\"target\":[\"https:\/\/www.emeraldbayhotelnhatrang.com\/vi\/uu-da-spa\/\"]}]},{\"@type\":\"ImageObject\",\"inLanguage\":\"vi-VN\",\"@id\":\"https:\/\/www.emeraldbayhotelnhatrang.com\/vi\/uu-da-spa\/#primaryimage\",\"url\":\"https:\/\/www.emeraldbayhotelnhatrang.com\/wp-content\/uploads\/sites\/145\/2026\/04\/ST_05655.jpg\",\"contentUrl\":\"https:\/\/www.emeraldbayhotelnhatrang.com\/wp-content\/uploads\/sites\/145\/2026\/04\/ST_05655.jpg\",\"width\":2200,\"height\":1467},{\"@type\":\"BreadcrumbList\",\"@id\":\"https:\/\/www.emeraldbayhotelnhatrang.com\/vi\/uu-da-spa\/#breadcrumb\",\"itemListElement\":[{\"@type\":\"ListItem\",\"position\":1,\"name\":\"Home\",\"item\":\"https:\/\/www.emeraldbayhotelnhatrang.com\/vi\/\"},{\"@type\":\"ListItem\",\"position\":2,\"name\":\"\u01afu \u0111\u00e3 spa\"}]},{\"@type\":\"WebSite\",\"@id\":\"https:\/\/www.emeraldbayhotelnhatrang.com\/vi\/#website\",\"url\":\"https:\/\/www.emeraldbayhotelnhatrang.com\/vi\/\",\"name\":\"Emerald Bay Hotel &amp; Spa Nha Trang\",\"description\":\"\",\"potentialAction\":[{\"@type\":\"SearchAction\",\"target\":{\"@type\":\"EntryPoint\",\"urlTemplate\":\"https:\/\/www.emeraldbayhotelnhatrang.com\/vi\/?s={search_term_string}\"},\"query-input\":\"required name=search_term_string\"}],\"inLanguage\":\"vi-VN\"}]}<\/script>\n<!-- \/ Yoast SEO plugin. -->","yoast_head_json":{"title":"\u01afu \u0111\u00e3 spa - Emerald Bay Hotel &amp; Spa Nha Trang","robots":{"index":"index","follow":"follow","max-snippet":"max-snippet:-1","max-image-preview":"max-image-preview:large","max-video-preview":"max-video-preview:-1"},"canonical":"https:\/\/www.emeraldbayhotelnhatrang.com\/vi\/uu-da-spa\/","og_locale":"vi_VN","og_type":"article","og_title":"\u01afu \u0111\u00e3 spa - Emerald Bay Hotel &amp; Spa Nha Trang","og_description":"T\u00e1i t\u1ea1o n\u0103ng l\u01b0\u1ee3ng v\u00e0 c\u00e2n b\u1eb1ng c\u01a1 th\u1ec3 v\u1edbi c\u00e1c g\u00f3i tr\u1ecb li\u1ec7u v\u00e0 spa \u0111\u01b0\u1ee3c thi\u1ebft k\u1ebf chuy\u00ean s\u00e2u, mang \u0111\u1ebfn tr\u1ea3i nghi\u1ec7m th\u01b0 gi\u00e3n tr\u1ecdn v\u1eb9n cho c\u1ea3 th\u1ec3 ch\u1ea5t l\u1eabn tinh th\u1ea7n. Nh\u1eefng \u01b0u \u0111\u00e3i h\u1ea5p d\u1eabn gi\u00fap b\u1ea1n d\u1ec5 d\u00e0ng t\u1eadn h\u01b0\u1edfng c\u00e1c li\u1ec7u ph\u00e1p ch\u0103m s\u00f3c chuy\u00ean nghi\u1ec7p trong [&hellip;]","og_url":"https:\/\/www.emeraldbayhotelnhatrang.com\/vi\/uu-da-spa\/","og_site_name":"Emerald Bay Hotel &amp; Spa Nha Trang","article_modified_time":"2026-04-29T17:07:53+00:00","og_image":[{"width":2200,"height":1467,"url":"http:\/\/www.emeraldbayhotelnhatrang.com\/wp-content\/uploads\/sites\/145\/2026\/04\/ST_05655.jpg","type":"image\/jpeg"}],"twitter_card":"summary_large_image","twitter_misc":{"Est. reading time":"1 minute"},"schema":{"@context":"https:\/\/schema.org","@graph":[{"@type":"WebPage","@id":"https:\/\/www.emeraldbayhotelnhatrang.com\/vi\/uu-da-spa\/","url":"https:\/\/www.emeraldbayhotelnhatrang.com\/vi\/uu-da-spa\/","name":"\u01afu \u0111\u00e3 spa - Emerald Bay Hotel &amp; Spa Nha Trang","isPartOf":{"@id":"https:\/\/www.emeraldbayhotelnhatrang.com\/vi\/#website"},"primaryImageOfPage":{"@id":"https:\/\/www.emeraldbayhotelnhatrang.com\/vi\/uu-da-spa\/#primaryimage"},"image":{"@id":"https:\/\/www.emeraldbayhotelnhatrang.com\/vi\/uu-da-spa\/#primaryimage"},"thumbnailUrl":"https:\/\/www.emeraldbayhotelnhatrang.com\/wp-content\/uploads\/sites\/145\/2026\/04\/ST_05655.jpg","datePublished":"2026-04-29T17:06:55+00:00","dateModified":"2026-04-29T17:07:53+00:00","breadcrumb":{"@id":"https:\/\/www.emeraldbayhotelnhatrang.com\/vi\/uu-da-spa\/#breadcrumb"},"inLanguage":"vi-VN","potentialAction":[{"@type":"ReadAction","target":["https:\/\/www.emeraldbayhotelnhatrang.com\/vi\/uu-da-spa\/"]}]},{"@type":"ImageObject","inLanguage":"vi-VN","@id":"https:\/\/www.emeraldbayhotelnhatrang.com\/vi\/uu-da-spa\/#primaryimage","url":"https:\/\/www.emeraldbayhotelnhatrang.com\/wp-content\/uploads\/sites\/145\/2026\/04\/ST_05655.jpg","contentUrl":"https:\/\/www.emeraldbayhotelnhatrang.com\/wp-content\/uploads\/sites\/145\/2026\/04\/ST_05655.jpg","width":2200,"height":1467},{"@type":"BreadcrumbList","@id":"https:\/\/www.emeraldbayhotelnhatrang.com\/vi\/uu-da-spa\/#breadcrumb","itemListElement":[{"@type":"ListItem","position":1,"name":"Home","item":"https:\/\/www.emeraldbayhotelnhatrang.com\/vi\/"},{"@type":"ListItem","position":2,"name":"\u01afu \u0111\u00e3 spa"}]},{"@type":"WebSite","@id":"https:\/\/www.emeraldbayhotelnhatrang.com\/vi\/#website","url":"https:\/\/www.emeraldbayhotelnhatrang.com\/vi\/","name":"Emerald Bay Hotel &amp; Spa Nha Trang","description":"","potentialAction":[{"@type":"SearchAction","target":{"@type":"EntryPoint","urlTemplate":"https:\/\/www.emeraldbayhotelnhatrang.com\/vi\/?s={search_term_string}"},"query-input":"required name=search_term_string"}],"inLanguage":"vi-VN"}]}},"acf":[],"_links":{"self":[{"href":"https:\/\/www.emeraldbayhotelnhatrang.com\/vi\/wp-json\/wp\/v2\/pages\/615"}],"collection":[{"href":"https:\/\/www.emeraldbayhotelnhatrang.com\/vi\/wp-json\/wp\/v2\/pages"}],"about":[{"href":"https:\/\/www.emeraldbayhotelnhatrang.com\/vi\/wp-json\/wp\/v2\/types\/page"}],"author":[{"embeddable":true,"href":"https:\/\/www.emeraldbayhotelnhatrang.com\/vi\/wp-json\/wp\/v2\/users\/270"}],"replies":[{"embeddable":true,"href":"https:\/\/www.emeraldbayhotelnhatrang.com\/vi\/wp-json\/wp\/v2\/comments?post=615"}],"version-history":[{"count":0,"href":"https:\/\/www.emeraldbayhotelnhatrang.com\/vi\/wp-json\/wp\/v2\/pages\/615\/revisions"}],"wp:featuredmedia":[{"embeddable":true,"href":"https:\/\/www.emeraldbayhotelnhatrang.com\/vi\/wp-json\/wp\/v2\/media\/469"}],"wp:attachment":[{"href":"https:\/\/www.emeraldbayhotelnhatrang.com\/vi\/wp-json\/wp\/v2\/media?parent=615"}],"curies":[{"name":"wp","href":"https:\/\/api.w.org\/{rel}","templated":true}]}}