{"id":612,"date":"2026-04-29T16:44:55","date_gmt":"2026-04-29T16:44:55","guid":{"rendered":"https:\/\/www.emeraldbayhotelnhatrang.com\/?page_id=612"},"modified":"2026-04-29T16:47:24","modified_gmt":"2026-04-29T16:47:24","slug":"uu-dai-luu-tru","status":"publish","type":"page","link":"https:\/\/www.emeraldbayhotelnhatrang.com\/vi\/uu-dai-luu-tru\/","title":{"rendered":"\u01afu \u0111\u00e3i l\u01b0u tr\u00fa"},"content":{"rendered":"<p style=\"text-align: center\" data-start=\"147\" data-end=\"487\">T\u1eadn h\u01b0\u1edfng k\u1ef3 ngh\u1ec9 tr\u1ecdn v\u1eb9n h\u01a1n v\u1edbi c\u00e1c g\u00f3i ph\u00f2ng \u0111\u01b0\u1ee3c thi\u1ebft k\u1ebf linh ho\u1ea1t, k\u1ebft h\u1ee3p h\u00e0i h\u00f2a gi\u1eefa l\u01b0u tr\u00fa v\u00e0 nh\u1eefng tr\u1ea3i nghi\u1ec7m \u0111i k\u00e8m. M\u1ed7i \u01b0u \u0111\u00e3i kh\u00f4ng ch\u1ec9 mang \u0111\u1ebfn m\u1ee9c gi\u00e1 h\u1ea5p d\u1eabn m\u00e0 c\u00f2n t\u00edch h\u1ee3p nhi\u1ec1u quy\u1ec1n l\u1ee3i gi\u00e1 tr\u1ecb nh\u01b0 b\u1eefa s\u00e1ng, d\u1ecbch v\u1ee5 spa, \u1ea9m th\u1ef1c ho\u1eb7c c\u00e1c ho\u1ea1t \u0111\u1ed9ng gi\u1ea3i tr\u00ed, gi\u00fap b\u1ea1n t\u1ed1i \u01b0u chi ph\u00ed m\u00e0 v\u1eabn t\u1eadn h\u01b0\u1edfng \u0111\u1ea7y \u0111\u1ee7 ti\u1ec7n nghi.<\/p>\n<p style=\"text-align: center\" data-start=\"489\" data-end=\"717\">D\u00f9 b\u1ea1n \u0111ang t\u00ecm ki\u1ebfm m\u1ed9t k\u1ef3 ngh\u1ec9 th\u01b0 gi\u00e3n, chuy\u1ebfn \u0111i l\u00e3ng m\u1ea1n hay h\u00e0nh tr\u00ecnh kh\u00e1m ph\u00e1, c\u00e1c g\u00f3i ph\u00f2ng ngh\u1ec9 \u0111\u1ec1u \u0111\u01b0\u1ee3c x\u00e2y d\u1ef1ng \u0111\u1ec3 \u0111\u00e1p \u1ee9ng \u0111a d\u1ea1ng nhu c\u1ea7u, mang \u0111\u1ebfn s\u1ef1 ti\u1ec7n l\u1ee3i v\u00e0 tr\u1ea3i nghi\u1ec7m \u0111\u00e1ng nh\u1edb trong t\u1eebng kho\u1ea3nh kh\u1eafc l\u01b0u tr\u00fa.<\/p>\n","protected":false},"excerpt":{"rendered":"<p>T\u1eadn h\u01b0\u1edfng k\u1ef3 ngh\u1ec9 tr\u1ecdn v\u1eb9n h\u01a1n v\u1edbi c\u00e1c g\u00f3i ph\u00f2ng \u0111\u01b0\u1ee3c thi\u1ebft k\u1ebf linh ho\u1ea1t, k\u1ebft h\u1ee3p h\u00e0i h\u00f2a gi\u1eefa l\u01b0u tr\u00fa v\u00e0 nh\u1eefng tr\u1ea3i nghi\u1ec7m \u0111i k\u00e8m. M\u1ed7i \u01b0u \u0111\u00e3i kh\u00f4ng ch\u1ec9 mang \u0111\u1ebfn m\u1ee9c gi\u00e1 h\u1ea5p d\u1eabn m\u00e0 c\u00f2n t\u00edch h\u1ee3p nhi\u1ec1u quy\u1ec1n l\u1ee3i gi\u00e1 tr\u1ecb nh\u01b0 b\u1eefa s\u00e1ng, d\u1ecbch v\u1ee5 spa, [&hellip;]<\/p>\n","protected":false},"author":270,"featured_media":21,"parent":0,"menu_order":0,"comment_status":"closed","ping_status":"closed","template":"template-offers.php","meta":{"footnotes":""},"yoast_head":"<!-- This site is optimized with the Yoast SEO plugin v22.3 - https:\/\/yoast.com\/wordpress\/plugins\/seo\/ -->\n<title>\u01afu \u0111\u00e3i l\u01b0u tr\u00fa - Emerald Bay Hotel &amp; Spa Nha Trang<\/title>\n<meta name=\"robots\" content=\"index, follow, max-snippet:-1, max-image-preview:large, max-video-preview:-1\" \/>\n<link rel=\"canonical\" href=\"https:\/\/www.emeraldbayhotelnhatrang.com\/vi\/uu-dai-luu-tru\/\" \/>\n<meta property=\"og:locale\" content=\"vi_VN\" \/>\n<meta property=\"og:type\" content=\"article\" \/>\n<meta property=\"og:title\" content=\"\u01afu \u0111\u00e3i l\u01b0u tr\u00fa - Emerald Bay Hotel &amp; Spa Nha Trang\" \/>\n<meta property=\"og:description\" content=\"T\u1eadn h\u01b0\u1edfng k\u1ef3 ngh\u1ec9 tr\u1ecdn v\u1eb9n h\u01a1n v\u1edbi c\u00e1c g\u00f3i ph\u00f2ng \u0111\u01b0\u1ee3c thi\u1ebft k\u1ebf linh ho\u1ea1t, k\u1ebft h\u1ee3p h\u00e0i h\u00f2a gi\u1eefa l\u01b0u tr\u00fa v\u00e0 nh\u1eefng tr\u1ea3i nghi\u1ec7m \u0111i k\u00e8m. M\u1ed7i \u01b0u \u0111\u00e3i kh\u00f4ng ch\u1ec9 mang \u0111\u1ebfn m\u1ee9c gi\u00e1 h\u1ea5p d\u1eabn m\u00e0 c\u00f2n t\u00edch h\u1ee3p nhi\u1ec1u quy\u1ec1n l\u1ee3i gi\u00e1 tr\u1ecb nh\u01b0 b\u1eefa s\u00e1ng, d\u1ecbch v\u1ee5 spa, [&hellip;]\" \/>\n<meta property=\"og:url\" content=\"https:\/\/www.emeraldbayhotelnhatrang.com\/vi\/uu-dai-luu-tru\/\" \/>\n<meta property=\"og:site_name\" content=\"Emerald Bay Hotel &amp; Spa Nha Trang\" \/>\n<meta property=\"article:modified_time\" content=\"2026-04-29T16:47:24+00:00\" \/>\n<meta property=\"og:image\" content=\"http:\/\/www.emeraldbayhotelnhatrang.com\/wp-content\/uploads\/sites\/145\/2025\/12\/Superior-1.jpg\" \/>\n\t<meta property=\"og:image:width\" content=\"2200\" \/>\n\t<meta property=\"og:image:height\" content=\"1457\" \/>\n\t<meta property=\"og:image:type\" content=\"image\/jpeg\" \/>\n<meta name=\"twitter:card\" content=\"summary_large_image\" \/>\n<meta name=\"twitter:label1\" content=\"Est. reading time\" \/>\n\t<meta name=\"twitter:data1\" content=\"1 minute\" \/>\n<script type=\"application\/ld+json\" class=\"yoast-schema-graph\">{\"@context\":\"https:\/\/schema.org\",\"@graph\":[{\"@type\":\"WebPage\",\"@id\":\"https:\/\/www.emeraldbayhotelnhatrang.com\/vi\/uu-dai-luu-tru\/\",\"url\":\"https:\/\/www.emeraldbayhotelnhatrang.com\/vi\/uu-dai-luu-tru\/\",\"name\":\"\u01afu \u0111\u00e3i l\u01b0u tr\u00fa - Emerald Bay Hotel &amp; Spa Nha Trang\",\"isPartOf\":{\"@id\":\"https:\/\/www.emeraldbayhotelnhatrang.com\/vi\/#website\"},\"primaryImageOfPage\":{\"@id\":\"https:\/\/www.emeraldbayhotelnhatrang.com\/vi\/uu-dai-luu-tru\/#primaryimage\"},\"image\":{\"@id\":\"https:\/\/www.emeraldbayhotelnhatrang.com\/vi\/uu-dai-luu-tru\/#primaryimage\"},\"thumbnailUrl\":\"https:\/\/www.emeraldbayhotelnhatrang.com\/wp-content\/uploads\/sites\/145\/2025\/12\/Superior-1.jpg\",\"datePublished\":\"2026-04-29T16:44:55+00:00\",\"dateModified\":\"2026-04-29T16:47:24+00:00\",\"breadcrumb\":{\"@id\":\"https:\/\/www.emeraldbayhotelnhatrang.com\/vi\/uu-dai-luu-tru\/#breadcrumb\"},\"inLanguage\":\"vi-VN\",\"potentialAction\":[{\"@type\":\"ReadAction\",\"target\":[\"https:\/\/www.emeraldbayhotelnhatrang.com\/vi\/uu-dai-luu-tru\/\"]}]},{\"@type\":\"ImageObject\",\"inLanguage\":\"vi-VN\",\"@id\":\"https:\/\/www.emeraldbayhotelnhatrang.com\/vi\/uu-dai-luu-tru\/#primaryimage\",\"url\":\"https:\/\/www.emeraldbayhotelnhatrang.com\/wp-content\/uploads\/sites\/145\/2025\/12\/Superior-1.jpg\",\"contentUrl\":\"https:\/\/www.emeraldbayhotelnhatrang.com\/wp-content\/uploads\/sites\/145\/2025\/12\/Superior-1.jpg\",\"width\":2200,\"height\":1457},{\"@type\":\"BreadcrumbList\",\"@id\":\"https:\/\/www.emeraldbayhotelnhatrang.com\/vi\/uu-dai-luu-tru\/#breadcrumb\",\"itemListElement\":[{\"@type\":\"ListItem\",\"position\":1,\"name\":\"Home\",\"item\":\"https:\/\/www.emeraldbayhotelnhatrang.com\/vi\/\"},{\"@type\":\"ListItem\",\"position\":2,\"name\":\"Ch\u01b0\u01a1ng tr\u00ecnh khuy\u1ebfn m\u00e3i\",\"item\":\"https:\/\/www.emeraldbayhotelnhatrang.com\/vi\/chuong-trinh-khuyen-mai\/\"},{\"@type\":\"ListItem\",\"position\":3,\"name\":\"\u01afu \u0111\u00e3i l\u01b0u tr\u00fa\"}]},{\"@type\":\"WebSite\",\"@id\":\"https:\/\/www.emeraldbayhotelnhatrang.com\/vi\/#website\",\"url\":\"https:\/\/www.emeraldbayhotelnhatrang.com\/vi\/\",\"name\":\"Emerald Bay Hotel &amp; Spa Nha Trang\",\"description\":\"\",\"potentialAction\":[{\"@type\":\"SearchAction\",\"target\":{\"@type\":\"EntryPoint\",\"urlTemplate\":\"https:\/\/www.emeraldbayhotelnhatrang.com\/vi\/?s={search_term_string}\"},\"query-input\":\"required name=search_term_string\"}],\"inLanguage\":\"vi-VN\"}]}<\/script>\n<!-- \/ Yoast SEO plugin. -->","yoast_head_json":{"title":"\u01afu \u0111\u00e3i l\u01b0u tr\u00fa - Emerald Bay Hotel &amp; Spa Nha Trang","robots":{"index":"index","follow":"follow","max-snippet":"max-snippet:-1","max-image-preview":"max-image-preview:large","max-video-preview":"max-video-preview:-1"},"canonical":"https:\/\/www.emeraldbayhotelnhatrang.com\/vi\/uu-dai-luu-tru\/","og_locale":"vi_VN","og_type":"article","og_title":"\u01afu \u0111\u00e3i l\u01b0u tr\u00fa - Emerald Bay Hotel &amp; Spa Nha Trang","og_description":"T\u1eadn h\u01b0\u1edfng k\u1ef3 ngh\u1ec9 tr\u1ecdn v\u1eb9n h\u01a1n v\u1edbi c\u00e1c g\u00f3i ph\u00f2ng \u0111\u01b0\u1ee3c thi\u1ebft k\u1ebf linh ho\u1ea1t, k\u1ebft h\u1ee3p h\u00e0i h\u00f2a gi\u1eefa l\u01b0u tr\u00fa v\u00e0 nh\u1eefng tr\u1ea3i nghi\u1ec7m \u0111i k\u00e8m. M\u1ed7i \u01b0u \u0111\u00e3i kh\u00f4ng ch\u1ec9 mang \u0111\u1ebfn m\u1ee9c gi\u00e1 h\u1ea5p d\u1eabn m\u00e0 c\u00f2n t\u00edch h\u1ee3p nhi\u1ec1u quy\u1ec1n l\u1ee3i gi\u00e1 tr\u1ecb nh\u01b0 b\u1eefa s\u00e1ng, d\u1ecbch v\u1ee5 spa, [&hellip;]","og_url":"https:\/\/www.emeraldbayhotelnhatrang.com\/vi\/uu-dai-luu-tru\/","og_site_name":"Emerald Bay Hotel &amp; Spa Nha Trang","article_modified_time":"2026-04-29T16:47:24+00:00","og_image":[{"width":2200,"height":1457,"url":"http:\/\/www.emeraldbayhotelnhatrang.com\/wp-content\/uploads\/sites\/145\/2025\/12\/Superior-1.jpg","type":"image\/jpeg"}],"twitter_card":"summary_large_image","twitter_misc":{"Est. reading time":"1 minute"},"schema":{"@context":"https:\/\/schema.org","@graph":[{"@type":"WebPage","@id":"https:\/\/www.emeraldbayhotelnhatrang.com\/vi\/uu-dai-luu-tru\/","url":"https:\/\/www.emeraldbayhotelnhatrang.com\/vi\/uu-dai-luu-tru\/","name":"\u01afu \u0111\u00e3i l\u01b0u tr\u00fa - Emerald Bay Hotel &amp; Spa Nha Trang","isPartOf":{"@id":"https:\/\/www.emeraldbayhotelnhatrang.com\/vi\/#website"},"primaryImageOfPage":{"@id":"https:\/\/www.emeraldbayhotelnhatrang.com\/vi\/uu-dai-luu-tru\/#primaryimage"},"image":{"@id":"https:\/\/www.emeraldbayhotelnhatrang.com\/vi\/uu-dai-luu-tru\/#primaryimage"},"thumbnailUrl":"https:\/\/www.emeraldbayhotelnhatrang.com\/wp-content\/uploads\/sites\/145\/2025\/12\/Superior-1.jpg","datePublished":"2026-04-29T16:44:55+00:00","dateModified":"2026-04-29T16:47:24+00:00","breadcrumb":{"@id":"https:\/\/www.emeraldbayhotelnhatrang.com\/vi\/uu-dai-luu-tru\/#breadcrumb"},"inLanguage":"vi-VN","potentialAction":[{"@type":"ReadAction","target":["https:\/\/www.emeraldbayhotelnhatrang.com\/vi\/uu-dai-luu-tru\/"]}]},{"@type":"ImageObject","inLanguage":"vi-VN","@id":"https:\/\/www.emeraldbayhotelnhatrang.com\/vi\/uu-dai-luu-tru\/#primaryimage","url":"https:\/\/www.emeraldbayhotelnhatrang.com\/wp-content\/uploads\/sites\/145\/2025\/12\/Superior-1.jpg","contentUrl":"https:\/\/www.emeraldbayhotelnhatrang.com\/wp-content\/uploads\/sites\/145\/2025\/12\/Superior-1.jpg","width":2200,"height":1457},{"@type":"BreadcrumbList","@id":"https:\/\/www.emeraldbayhotelnhatrang.com\/vi\/uu-dai-luu-tru\/#breadcrumb","itemListElement":[{"@type":"ListItem","position":1,"name":"Home","item":"https:\/\/www.emeraldbayhotelnhatrang.com\/vi\/"},{"@type":"ListItem","position":2,"name":"Ch\u01b0\u01a1ng tr\u00ecnh khuy\u1ebfn m\u00e3i","item":"https:\/\/www.emeraldbayhotelnhatrang.com\/vi\/chuong-trinh-khuyen-mai\/"},{"@type":"ListItem","position":3,"name":"\u01afu \u0111\u00e3i l\u01b0u tr\u00fa"}]},{"@type":"WebSite","@id":"https:\/\/www.emeraldbayhotelnhatrang.com\/vi\/#website","url":"https:\/\/www.emeraldbayhotelnhatrang.com\/vi\/","name":"Emerald Bay Hotel &amp; Spa Nha Trang","description":"","potentialAction":[{"@type":"SearchAction","target":{"@type":"EntryPoint","urlTemplate":"https:\/\/www.emeraldbayhotelnhatrang.com\/vi\/?s={search_term_string}"},"query-input":"required name=search_term_string"}],"inLanguage":"vi-VN"}]}},"acf":[],"_links":{"self":[{"href":"https:\/\/www.emeraldbayhotelnhatrang.com\/vi\/wp-json\/wp\/v2\/pages\/612"}],"collection":[{"href":"https:\/\/www.emeraldbayhotelnhatrang.com\/vi\/wp-json\/wp\/v2\/pages"}],"about":[{"href":"https:\/\/www.emeraldbayhotelnhatrang.com\/vi\/wp-json\/wp\/v2\/types\/page"}],"author":[{"embeddable":true,"href":"https:\/\/www.emeraldbayhotelnhatrang.com\/vi\/wp-json\/wp\/v2\/users\/270"}],"replies":[{"embeddable":true,"href":"https:\/\/www.emeraldbayhotelnhatrang.com\/vi\/wp-json\/wp\/v2\/comments?post=612"}],"version-history":[{"count":0,"href":"https:\/\/www.emeraldbayhotelnhatrang.com\/vi\/wp-json\/wp\/v2\/pages\/612\/revisions"}],"wp:featuredmedia":[{"embeddable":true,"href":"https:\/\/www.emeraldbayhotelnhatrang.com\/vi\/wp-json\/wp\/v2\/media\/21"}],"wp:attachment":[{"href":"https:\/\/www.emeraldbayhotelnhatrang.com\/vi\/wp-json\/wp\/v2\/media?parent=612"}],"curies":[{"name":"wp","href":"https:\/\/api.w.org\/{rel}","templated":true}]}}