{"id":610,"date":"2026-04-29T16:27:44","date_gmt":"2026-04-29T16:27:44","guid":{"rendered":"https:\/\/www.emeraldbayhotelnhatrang.com\/?page_id=610"},"modified":"2026-04-29T16:39:30","modified_gmt":"2026-04-29T16:39:30","slug":"uu-da-am-thuc","status":"publish","type":"page","link":"https:\/\/www.emeraldbayhotelnhatrang.com\/vi\/uu-da-am-thuc\/","title":{"rendered":"\u01afu \u0111\u00e3i \u1ea9m th\u1ef1c"},"content":{"rendered":"<p style=\"text-align: center\">Th\u01b0\u1edfng th\u1ee9c tr\u1ecdn v\u1eb9n h\u01b0\u01a1ng v\u1ecb trong kh\u00f4ng gian ngh\u1ec9 d\u01b0\u1ee1ng \u0111\u1ea7y c\u1ea3m h\u1ee9ng t\u1ea1i Emerald Bay. Chu\u1ed7i \u01b0u \u0111\u00e3i \u1ea9m th\u1ef1c \u0111\u01b0\u1ee3c thi\u1ebft k\u1ebf \u0111a d\u1ea1ng, mang \u0111\u1ebfn cho b\u1ea1n c\u01a1 h\u1ed9i tr\u1ea3i nghi\u1ec7m nh\u1eefng m\u00f3n \u0103n \u0111\u1eb7c s\u1eafc v\u1edbi m\u1ee9c gi\u00e1 h\u1ea5p d\u1eabn h\u01a1n bao gi\u1edd h\u1ebft. T\u1eeb nh\u1eefng b\u1eefa \u0103n \u0111\u1eadm ch\u1ea5t \u0111\u1ecba ph\u01b0\u01a1ng \u0111\u1ebfn tinh hoa \u1ea9m th\u1ef1c qu\u1ed1c t\u1ebf, m\u1ed7i l\u1ef1a ch\u1ecdn \u0111\u1ec1u l\u00e0 s\u1ef1 k\u1ebft h\u1ee3p h\u00e0i h\u00f2a gi\u1eefa h\u01b0\u01a1ng v\u1ecb, kh\u00f4ng gian v\u00e0 c\u1ea3m x\u00fac. D\u00f9 l\u00e0 bu\u1ed5i h\u1eb9n h\u00f2 ri\u00eang t\u01b0 hay nh\u1eefng kho\u1ea3nh kh\u1eafc sum h\u1ecdp, Emerald Bay lu\u00f4n s\u1eb5n s\u00e0ng mang \u0111\u1ebfn tr\u1ea3i nghi\u1ec7m \u1ea9m th\u1ef1c tr\u1ecdn v\u1eb9n theo c\u00e1ch b\u1ea1n mong mu\u1ed1n.<\/p>\n","protected":false},"excerpt":{"rendered":"<p>Th\u01b0\u1edfng th\u1ee9c tr\u1ecdn v\u1eb9n h\u01b0\u01a1ng v\u1ecb trong kh\u00f4ng gian ngh\u1ec9 d\u01b0\u1ee1ng \u0111\u1ea7y c\u1ea3m h\u1ee9ng t\u1ea1i Emerald Bay. Chu\u1ed7i \u01b0u \u0111\u00e3i \u1ea9m th\u1ef1c \u0111\u01b0\u1ee3c thi\u1ebft k\u1ebf \u0111a d\u1ea1ng, mang \u0111\u1ebfn cho b\u1ea1n c\u01a1 h\u1ed9i tr\u1ea3i nghi\u1ec7m nh\u1eefng m\u00f3n \u0103n \u0111\u1eb7c s\u1eafc v\u1edbi m\u1ee9c gi\u00e1 h\u1ea5p d\u1eabn h\u01a1n bao gi\u1edd h\u1ebft. T\u1eeb nh\u1eefng b\u1eefa \u0103n \u0111\u1eadm ch\u1ea5t [&hellip;]<\/p>\n","protected":false},"author":270,"featured_media":523,"parent":0,"menu_order":0,"comment_status":"closed","ping_status":"closed","template":"template-offers.php","meta":{"footnotes":""},"yoast_head":"<!-- This site is optimized with the Yoast SEO plugin v22.3 - https:\/\/yoast.com\/wordpress\/plugins\/seo\/ -->\n<title>\u01afu \u0111\u00e3i \u1ea9m th\u1ef1c - Emerald Bay Hotel &amp; Spa Nha Trang<\/title>\n<meta name=\"robots\" content=\"index, follow, max-snippet:-1, max-image-preview:large, max-video-preview:-1\" \/>\n<link rel=\"canonical\" href=\"https:\/\/www.emeraldbayhotelnhatrang.com\/vi\/uu-da-am-thuc\/\" \/>\n<meta property=\"og:locale\" content=\"vi_VN\" \/>\n<meta property=\"og:type\" content=\"article\" \/>\n<meta property=\"og:title\" content=\"\u01afu \u0111\u00e3i \u1ea9m th\u1ef1c - Emerald Bay Hotel &amp; Spa Nha Trang\" \/>\n<meta property=\"og:description\" content=\"Th\u01b0\u1edfng th\u1ee9c tr\u1ecdn v\u1eb9n h\u01b0\u01a1ng v\u1ecb trong kh\u00f4ng gian ngh\u1ec9 d\u01b0\u1ee1ng \u0111\u1ea7y c\u1ea3m h\u1ee9ng t\u1ea1i Emerald Bay. Chu\u1ed7i \u01b0u \u0111\u00e3i \u1ea9m th\u1ef1c \u0111\u01b0\u1ee3c thi\u1ebft k\u1ebf \u0111a d\u1ea1ng, mang \u0111\u1ebfn cho b\u1ea1n c\u01a1 h\u1ed9i tr\u1ea3i nghi\u1ec7m nh\u1eefng m\u00f3n \u0103n \u0111\u1eb7c s\u1eafc v\u1edbi m\u1ee9c gi\u00e1 h\u1ea5p d\u1eabn h\u01a1n bao gi\u1edd h\u1ebft. T\u1eeb nh\u1eefng b\u1eefa \u0103n \u0111\u1eadm ch\u1ea5t [&hellip;]\" \/>\n<meta property=\"og:url\" content=\"https:\/\/www.emeraldbayhotelnhatrang.com\/vi\/uu-da-am-thuc\/\" \/>\n<meta property=\"og:site_name\" content=\"Emerald Bay Hotel &amp; Spa Nha Trang\" \/>\n<meta property=\"article:modified_time\" content=\"2026-04-29T16:39:30+00:00\" \/>\n<meta property=\"og:image\" content=\"http:\/\/www.emeraldbayhotelnhatrang.com\/wp-content\/uploads\/sites\/145\/2026\/04\/ST_01573-copy-e1776923900317.jpg\" \/>\n\t<meta property=\"og:image:width\" content=\"1466\" \/>\n\t<meta property=\"og:image:height\" content=\"1668\" \/>\n\t<meta property=\"og:image:type\" content=\"image\/jpeg\" \/>\n<meta name=\"twitter:card\" content=\"summary_large_image\" \/>\n<meta name=\"twitter:label1\" content=\"Est. reading time\" \/>\n\t<meta name=\"twitter:data1\" content=\"1 minute\" \/>\n<script type=\"application\/ld+json\" class=\"yoast-schema-graph\">{\"@context\":\"https:\/\/schema.org\",\"@graph\":[{\"@type\":\"WebPage\",\"@id\":\"https:\/\/www.emeraldbayhotelnhatrang.com\/vi\/uu-da-am-thuc\/\",\"url\":\"https:\/\/www.emeraldbayhotelnhatrang.com\/vi\/uu-da-am-thuc\/\",\"name\":\"\u01afu \u0111\u00e3i \u1ea9m th\u1ef1c - Emerald Bay Hotel &amp; Spa Nha Trang\",\"isPartOf\":{\"@id\":\"https:\/\/www.emeraldbayhotelnhatrang.com\/vi\/#website\"},\"primaryImageOfPage\":{\"@id\":\"https:\/\/www.emeraldbayhotelnhatrang.com\/vi\/uu-da-am-thuc\/#primaryimage\"},\"image\":{\"@id\":\"https:\/\/www.emeraldbayhotelnhatrang.com\/vi\/uu-da-am-thuc\/#primaryimage\"},\"thumbnailUrl\":\"https:\/\/www.emeraldbayhotelnhatrang.com\/wp-content\/uploads\/sites\/145\/2026\/04\/ST_01573-copy-e1776923900317.jpg\",\"datePublished\":\"2026-04-29T16:27:44+00:00\",\"dateModified\":\"2026-04-29T16:39:30+00:00\",\"breadcrumb\":{\"@id\":\"https:\/\/www.emeraldbayhotelnhatrang.com\/vi\/uu-da-am-thuc\/#breadcrumb\"},\"inLanguage\":\"vi-VN\",\"potentialAction\":[{\"@type\":\"ReadAction\",\"target\":[\"https:\/\/www.emeraldbayhotelnhatrang.com\/vi\/uu-da-am-thuc\/\"]}]},{\"@type\":\"ImageObject\",\"inLanguage\":\"vi-VN\",\"@id\":\"https:\/\/www.emeraldbayhotelnhatrang.com\/vi\/uu-da-am-thuc\/#primaryimage\",\"url\":\"https:\/\/www.emeraldbayhotelnhatrang.com\/wp-content\/uploads\/sites\/145\/2026\/04\/ST_01573-copy-e1776923900317.jpg\",\"contentUrl\":\"https:\/\/www.emeraldbayhotelnhatrang.com\/wp-content\/uploads\/sites\/145\/2026\/04\/ST_01573-copy-e1776923900317.jpg\",\"width\":1466,\"height\":1668},{\"@type\":\"BreadcrumbList\",\"@id\":\"https:\/\/www.emeraldbayhotelnhatrang.com\/vi\/uu-da-am-thuc\/#breadcrumb\",\"itemListElement\":[{\"@type\":\"ListItem\",\"position\":1,\"name\":\"Home\",\"item\":\"https:\/\/www.emeraldbayhotelnhatrang.com\/vi\/\"},{\"@type\":\"ListItem\",\"position\":2,\"name\":\"\u01afu \u0111\u00e3i \u1ea9m th\u1ef1c\"}]},{\"@type\":\"WebSite\",\"@id\":\"https:\/\/www.emeraldbayhotelnhatrang.com\/vi\/#website\",\"url\":\"https:\/\/www.emeraldbayhotelnhatrang.com\/vi\/\",\"name\":\"Emerald Bay Hotel &amp; Spa Nha Trang\",\"description\":\"\",\"potentialAction\":[{\"@type\":\"SearchAction\",\"target\":{\"@type\":\"EntryPoint\",\"urlTemplate\":\"https:\/\/www.emeraldbayhotelnhatrang.com\/vi\/?s={search_term_string}\"},\"query-input\":\"required name=search_term_string\"}],\"inLanguage\":\"vi-VN\"}]}<\/script>\n<!-- \/ Yoast SEO plugin. -->","yoast_head_json":{"title":"\u01afu \u0111\u00e3i \u1ea9m th\u1ef1c - Emerald Bay Hotel &amp; Spa Nha Trang","robots":{"index":"index","follow":"follow","max-snippet":"max-snippet:-1","max-image-preview":"max-image-preview:large","max-video-preview":"max-video-preview:-1"},"canonical":"https:\/\/www.emeraldbayhotelnhatrang.com\/vi\/uu-da-am-thuc\/","og_locale":"vi_VN","og_type":"article","og_title":"\u01afu \u0111\u00e3i \u1ea9m th\u1ef1c - Emerald Bay Hotel &amp; Spa Nha Trang","og_description":"Th\u01b0\u1edfng th\u1ee9c tr\u1ecdn v\u1eb9n h\u01b0\u01a1ng v\u1ecb trong kh\u00f4ng gian ngh\u1ec9 d\u01b0\u1ee1ng \u0111\u1ea7y c\u1ea3m h\u1ee9ng t\u1ea1i Emerald Bay. Chu\u1ed7i \u01b0u \u0111\u00e3i \u1ea9m th\u1ef1c \u0111\u01b0\u1ee3c thi\u1ebft k\u1ebf \u0111a d\u1ea1ng, mang \u0111\u1ebfn cho b\u1ea1n c\u01a1 h\u1ed9i tr\u1ea3i nghi\u1ec7m nh\u1eefng m\u00f3n \u0103n \u0111\u1eb7c s\u1eafc v\u1edbi m\u1ee9c gi\u00e1 h\u1ea5p d\u1eabn h\u01a1n bao gi\u1edd h\u1ebft. T\u1eeb nh\u1eefng b\u1eefa \u0103n \u0111\u1eadm ch\u1ea5t [&hellip;]","og_url":"https:\/\/www.emeraldbayhotelnhatrang.com\/vi\/uu-da-am-thuc\/","og_site_name":"Emerald Bay Hotel &amp; Spa Nha Trang","article_modified_time":"2026-04-29T16:39:30+00:00","og_image":[{"width":1466,"height":1668,"url":"http:\/\/www.emeraldbayhotelnhatrang.com\/wp-content\/uploads\/sites\/145\/2026\/04\/ST_01573-copy-e1776923900317.jpg","type":"image\/jpeg"}],"twitter_card":"summary_large_image","twitter_misc":{"Est. reading time":"1 minute"},"schema":{"@context":"https:\/\/schema.org","@graph":[{"@type":"WebPage","@id":"https:\/\/www.emeraldbayhotelnhatrang.com\/vi\/uu-da-am-thuc\/","url":"https:\/\/www.emeraldbayhotelnhatrang.com\/vi\/uu-da-am-thuc\/","name":"\u01afu \u0111\u00e3i \u1ea9m th\u1ef1c - Emerald Bay Hotel &amp; Spa Nha Trang","isPartOf":{"@id":"https:\/\/www.emeraldbayhotelnhatrang.com\/vi\/#website"},"primaryImageOfPage":{"@id":"https:\/\/www.emeraldbayhotelnhatrang.com\/vi\/uu-da-am-thuc\/#primaryimage"},"image":{"@id":"https:\/\/www.emeraldbayhotelnhatrang.com\/vi\/uu-da-am-thuc\/#primaryimage"},"thumbnailUrl":"https:\/\/www.emeraldbayhotelnhatrang.com\/wp-content\/uploads\/sites\/145\/2026\/04\/ST_01573-copy-e1776923900317.jpg","datePublished":"2026-04-29T16:27:44+00:00","dateModified":"2026-04-29T16:39:30+00:00","breadcrumb":{"@id":"https:\/\/www.emeraldbayhotelnhatrang.com\/vi\/uu-da-am-thuc\/#breadcrumb"},"inLanguage":"vi-VN","potentialAction":[{"@type":"ReadAction","target":["https:\/\/www.emeraldbayhotelnhatrang.com\/vi\/uu-da-am-thuc\/"]}]},{"@type":"ImageObject","inLanguage":"vi-VN","@id":"https:\/\/www.emeraldbayhotelnhatrang.com\/vi\/uu-da-am-thuc\/#primaryimage","url":"https:\/\/www.emeraldbayhotelnhatrang.com\/wp-content\/uploads\/sites\/145\/2026\/04\/ST_01573-copy-e1776923900317.jpg","contentUrl":"https:\/\/www.emeraldbayhotelnhatrang.com\/wp-content\/uploads\/sites\/145\/2026\/04\/ST_01573-copy-e1776923900317.jpg","width":1466,"height":1668},{"@type":"BreadcrumbList","@id":"https:\/\/www.emeraldbayhotelnhatrang.com\/vi\/uu-da-am-thuc\/#breadcrumb","itemListElement":[{"@type":"ListItem","position":1,"name":"Home","item":"https:\/\/www.emeraldbayhotelnhatrang.com\/vi\/"},{"@type":"ListItem","position":2,"name":"\u01afu \u0111\u00e3i \u1ea9m th\u1ef1c"}]},{"@type":"WebSite","@id":"https:\/\/www.emeraldbayhotelnhatrang.com\/vi\/#website","url":"https:\/\/www.emeraldbayhotelnhatrang.com\/vi\/","name":"Emerald Bay Hotel &amp; Spa Nha Trang","description":"","potentialAction":[{"@type":"SearchAction","target":{"@type":"EntryPoint","urlTemplate":"https:\/\/www.emeraldbayhotelnhatrang.com\/vi\/?s={search_term_string}"},"query-input":"required name=search_term_string"}],"inLanguage":"vi-VN"}]}},"acf":[],"_links":{"self":[{"href":"https:\/\/www.emeraldbayhotelnhatrang.com\/vi\/wp-json\/wp\/v2\/pages\/610"}],"collection":[{"href":"https:\/\/www.emeraldbayhotelnhatrang.com\/vi\/wp-json\/wp\/v2\/pages"}],"about":[{"href":"https:\/\/www.emeraldbayhotelnhatrang.com\/vi\/wp-json\/wp\/v2\/types\/page"}],"author":[{"embeddable":true,"href":"https:\/\/www.emeraldbayhotelnhatrang.com\/vi\/wp-json\/wp\/v2\/users\/270"}],"replies":[{"embeddable":true,"href":"https:\/\/www.emeraldbayhotelnhatrang.com\/vi\/wp-json\/wp\/v2\/comments?post=610"}],"version-history":[{"count":0,"href":"https:\/\/www.emeraldbayhotelnhatrang.com\/vi\/wp-json\/wp\/v2\/pages\/610\/revisions"}],"wp:featuredmedia":[{"embeddable":true,"href":"https:\/\/www.emeraldbayhotelnhatrang.com\/vi\/wp-json\/wp\/v2\/media\/523"}],"wp:attachment":[{"href":"https:\/\/www.emeraldbayhotelnhatrang.com\/vi\/wp-json\/wp\/v2\/media?parent=610"}],"curies":[{"name":"wp","href":"https:\/\/api.w.org\/{rel}","templated":true}]}}