{"id":607,"date":"2026-02-27T09:03:57","date_gmt":"2026-02-27T09:03:57","guid":{"rendered":"https:\/\/www.emeraldbayhotelnhatrang.com\/?page_id=607"},"modified":"2026-04-29T16:17:52","modified_gmt":"2026-04-29T16:17:52","slug":"tien-ich","status":"publish","type":"page","link":"https:\/\/www.emeraldbayhotelnhatrang.com\/vi\/tien-ich\/","title":{"rendered":"Ti\u1ec7n \u00edch"},"content":{"rendered":"<p>Kh\u1edfi \u0111\u1ea7u h\u00e0nh tr\u00ecnh ngh\u1ec9 d\u01b0\u1ee1ng c\u1ee7a b\u1ea1n trong kh\u00f4ng gian n\u01a1i m\u1ecdi ti\u1ec7n \u00edch \u0111\u01b0\u1ee3c \u0111\u1ea7u t\u01b0 ch\u1ec9n chu v\u00e0 tinh t\u1ebf. H\u1ec7 th\u1ed1ng d\u1ecbch v\u1ee5 \u0111a d\u1ea1ng kh\u00f4ng ch\u1ec9 \u0111\u00e1p \u1ee9ng nhu c\u1ea7u ngh\u1ec9 ng\u01a1i m\u00e0 c\u00f2n n\u00e2ng t\u1ea7m tr\u1ea3i nghi\u1ec7m s\u1ed1ng, mang \u0111\u1ebfn s\u1ef1 tho\u1ea3i m\u00e1i tuy\u1ec7t \u0111\u1ed1i v\u00e0 nh\u1eefng kho\u1ea3nh kh\u1eafc t\u1eadn h\u01b0\u1edfng \u0111\u1ea7y c\u1ea3m h\u1ee9ng. T\u1ea1i \u0111\u00e2y, m\u1ed7i chi ti\u1ebft \u0111\u1ec1u \u0111\u01b0\u1ee3c t\u1ea1o n\u00ean \u0111\u1ec3 k\u1ef3 ngh\u1ec9 c\u1ee7a b\u1ea1n tr\u1edf n\u00ean tr\u1ecdn v\u1eb9n v\u00e0 kh\u00e1c bi\u1ec7t.<\/p>\n","protected":false},"excerpt":{"rendered":"<p>Kh\u1edfi \u0111\u1ea7u h\u00e0nh tr\u00ecnh ngh\u1ec9 d\u01b0\u1ee1ng c\u1ee7a b\u1ea1n trong kh\u00f4ng gian n\u01a1i m\u1ecdi ti\u1ec7n \u00edch \u0111\u01b0\u1ee3c \u0111\u1ea7u t\u01b0 ch\u1ec9n chu v\u00e0 tinh t\u1ebf. H\u1ec7 th\u1ed1ng d\u1ecbch v\u1ee5 \u0111a d\u1ea1ng kh\u00f4ng ch\u1ec9 \u0111\u00e1p \u1ee9ng nhu c\u1ea7u ngh\u1ec9 ng\u01a1i m\u00e0 c\u00f2n n\u00e2ng t\u1ea7m tr\u1ea3i nghi\u1ec7m s\u1ed1ng, mang \u0111\u1ebfn s\u1ef1 tho\u1ea3i m\u00e1i tuy\u1ec7t \u0111\u1ed1i v\u00e0 nh\u1eefng kho\u1ea3nh kh\u1eafc [&hellip;]<\/p>\n","protected":false},"author":270,"featured_media":0,"parent":0,"menu_order":0,"comment_status":"closed","ping_status":"closed","template":"template-facilities.php","meta":{"footnotes":""},"yoast_head":"<!-- This site is optimized with the Yoast SEO plugin v22.3 - https:\/\/yoast.com\/wordpress\/plugins\/seo\/ -->\n<title>Ti\u1ec7n \u00edch - Emerald Bay Hotel &amp; Spa Nha Trang<\/title>\n<meta name=\"robots\" content=\"index, follow, max-snippet:-1, max-image-preview:large, max-video-preview:-1\" \/>\n<link rel=\"canonical\" href=\"https:\/\/www.emeraldbayhotelnhatrang.com\/vi\/tien-ich\/\" \/>\n<meta property=\"og:locale\" content=\"vi_VN\" \/>\n<meta property=\"og:type\" content=\"article\" \/>\n<meta property=\"og:title\" content=\"Ti\u1ec7n \u00edch - Emerald Bay Hotel &amp; Spa Nha Trang\" \/>\n<meta property=\"og:description\" content=\"Kh\u1edfi \u0111\u1ea7u h\u00e0nh tr\u00ecnh ngh\u1ec9 d\u01b0\u1ee1ng c\u1ee7a b\u1ea1n trong kh\u00f4ng gian n\u01a1i m\u1ecdi ti\u1ec7n \u00edch \u0111\u01b0\u1ee3c \u0111\u1ea7u t\u01b0 ch\u1ec9n chu v\u00e0 tinh t\u1ebf. H\u1ec7 th\u1ed1ng d\u1ecbch v\u1ee5 \u0111a d\u1ea1ng kh\u00f4ng ch\u1ec9 \u0111\u00e1p \u1ee9ng nhu c\u1ea7u ngh\u1ec9 ng\u01a1i m\u00e0 c\u00f2n n\u00e2ng t\u1ea7m tr\u1ea3i nghi\u1ec7m s\u1ed1ng, mang \u0111\u1ebfn s\u1ef1 tho\u1ea3i m\u00e1i tuy\u1ec7t \u0111\u1ed1i v\u00e0 nh\u1eefng kho\u1ea3nh kh\u1eafc [&hellip;]\" \/>\n<meta property=\"og:url\" content=\"https:\/\/www.emeraldbayhotelnhatrang.com\/vi\/tien-ich\/\" \/>\n<meta property=\"og:site_name\" content=\"Emerald Bay Hotel &amp; Spa Nha Trang\" \/>\n<meta property=\"article:modified_time\" content=\"2026-04-29T16:17:52+00:00\" \/>\n<meta name=\"twitter:card\" content=\"summary_large_image\" \/>\n<meta name=\"twitter:label1\" content=\"Est. reading time\" \/>\n\t<meta name=\"twitter:data1\" content=\"1 minute\" \/>\n<script type=\"application\/ld+json\" class=\"yoast-schema-graph\">{\"@context\":\"https:\/\/schema.org\",\"@graph\":[{\"@type\":\"WebPage\",\"@id\":\"https:\/\/www.emeraldbayhotelnhatrang.com\/vi\/tien-ich\/\",\"url\":\"https:\/\/www.emeraldbayhotelnhatrang.com\/vi\/tien-ich\/\",\"name\":\"Ti\u1ec7n \u00edch - Emerald Bay Hotel &amp; Spa Nha Trang\",\"isPartOf\":{\"@id\":\"https:\/\/www.emeraldbayhotelnhatrang.com\/vi\/#website\"},\"datePublished\":\"2026-02-27T09:03:57+00:00\",\"dateModified\":\"2026-04-29T16:17:52+00:00\",\"breadcrumb\":{\"@id\":\"https:\/\/www.emeraldbayhotelnhatrang.com\/vi\/tien-ich\/#breadcrumb\"},\"inLanguage\":\"vi-VN\",\"potentialAction\":[{\"@type\":\"ReadAction\",\"target\":[\"https:\/\/www.emeraldbayhotelnhatrang.com\/vi\/tien-ich\/\"]}]},{\"@type\":\"BreadcrumbList\",\"@id\":\"https:\/\/www.emeraldbayhotelnhatrang.com\/vi\/tien-ich\/#breadcrumb\",\"itemListElement\":[{\"@type\":\"ListItem\",\"position\":1,\"name\":\"Home\",\"item\":\"https:\/\/www.emeraldbayhotelnhatrang.com\/vi\/\"},{\"@type\":\"ListItem\",\"position\":2,\"name\":\"Ti\u1ec7n \u00edch\"}]},{\"@type\":\"WebSite\",\"@id\":\"https:\/\/www.emeraldbayhotelnhatrang.com\/vi\/#website\",\"url\":\"https:\/\/www.emeraldbayhotelnhatrang.com\/vi\/\",\"name\":\"Emerald Bay Hotel &amp; Spa Nha Trang\",\"description\":\"\",\"potentialAction\":[{\"@type\":\"SearchAction\",\"target\":{\"@type\":\"EntryPoint\",\"urlTemplate\":\"https:\/\/www.emeraldbayhotelnhatrang.com\/vi\/?s={search_term_string}\"},\"query-input\":\"required name=search_term_string\"}],\"inLanguage\":\"vi-VN\"}]}<\/script>\n<!-- \/ Yoast SEO plugin. -->","yoast_head_json":{"title":"Ti\u1ec7n \u00edch - Emerald Bay Hotel &amp; Spa Nha Trang","robots":{"index":"index","follow":"follow","max-snippet":"max-snippet:-1","max-image-preview":"max-image-preview:large","max-video-preview":"max-video-preview:-1"},"canonical":"https:\/\/www.emeraldbayhotelnhatrang.com\/vi\/tien-ich\/","og_locale":"vi_VN","og_type":"article","og_title":"Ti\u1ec7n \u00edch - Emerald Bay Hotel &amp; Spa Nha Trang","og_description":"Kh\u1edfi \u0111\u1ea7u h\u00e0nh tr\u00ecnh ngh\u1ec9 d\u01b0\u1ee1ng c\u1ee7a b\u1ea1n trong kh\u00f4ng gian n\u01a1i m\u1ecdi ti\u1ec7n \u00edch \u0111\u01b0\u1ee3c \u0111\u1ea7u t\u01b0 ch\u1ec9n chu v\u00e0 tinh t\u1ebf. H\u1ec7 th\u1ed1ng d\u1ecbch v\u1ee5 \u0111a d\u1ea1ng kh\u00f4ng ch\u1ec9 \u0111\u00e1p \u1ee9ng nhu c\u1ea7u ngh\u1ec9 ng\u01a1i m\u00e0 c\u00f2n n\u00e2ng t\u1ea7m tr\u1ea3i nghi\u1ec7m s\u1ed1ng, mang \u0111\u1ebfn s\u1ef1 tho\u1ea3i m\u00e1i tuy\u1ec7t \u0111\u1ed1i v\u00e0 nh\u1eefng kho\u1ea3nh kh\u1eafc [&hellip;]","og_url":"https:\/\/www.emeraldbayhotelnhatrang.com\/vi\/tien-ich\/","og_site_name":"Emerald Bay Hotel &amp; Spa Nha Trang","article_modified_time":"2026-04-29T16:17:52+00:00","twitter_card":"summary_large_image","twitter_misc":{"Est. reading time":"1 minute"},"schema":{"@context":"https:\/\/schema.org","@graph":[{"@type":"WebPage","@id":"https:\/\/www.emeraldbayhotelnhatrang.com\/vi\/tien-ich\/","url":"https:\/\/www.emeraldbayhotelnhatrang.com\/vi\/tien-ich\/","name":"Ti\u1ec7n \u00edch - Emerald Bay Hotel &amp; Spa Nha Trang","isPartOf":{"@id":"https:\/\/www.emeraldbayhotelnhatrang.com\/vi\/#website"},"datePublished":"2026-02-27T09:03:57+00:00","dateModified":"2026-04-29T16:17:52+00:00","breadcrumb":{"@id":"https:\/\/www.emeraldbayhotelnhatrang.com\/vi\/tien-ich\/#breadcrumb"},"inLanguage":"vi-VN","potentialAction":[{"@type":"ReadAction","target":["https:\/\/www.emeraldbayhotelnhatrang.com\/vi\/tien-ich\/"]}]},{"@type":"BreadcrumbList","@id":"https:\/\/www.emeraldbayhotelnhatrang.com\/vi\/tien-ich\/#breadcrumb","itemListElement":[{"@type":"ListItem","position":1,"name":"Home","item":"https:\/\/www.emeraldbayhotelnhatrang.com\/vi\/"},{"@type":"ListItem","position":2,"name":"Ti\u1ec7n \u00edch"}]},{"@type":"WebSite","@id":"https:\/\/www.emeraldbayhotelnhatrang.com\/vi\/#website","url":"https:\/\/www.emeraldbayhotelnhatrang.com\/vi\/","name":"Emerald Bay Hotel &amp; Spa Nha Trang","description":"","potentialAction":[{"@type":"SearchAction","target":{"@type":"EntryPoint","urlTemplate":"https:\/\/www.emeraldbayhotelnhatrang.com\/vi\/?s={search_term_string}"},"query-input":"required name=search_term_string"}],"inLanguage":"vi-VN"}]}},"acf":[],"_links":{"self":[{"href":"https:\/\/www.emeraldbayhotelnhatrang.com\/vi\/wp-json\/wp\/v2\/pages\/607"}],"collection":[{"href":"https:\/\/www.emeraldbayhotelnhatrang.com\/vi\/wp-json\/wp\/v2\/pages"}],"about":[{"href":"https:\/\/www.emeraldbayhotelnhatrang.com\/vi\/wp-json\/wp\/v2\/types\/page"}],"author":[{"embeddable":true,"href":"https:\/\/www.emeraldbayhotelnhatrang.com\/vi\/wp-json\/wp\/v2\/users\/270"}],"replies":[{"embeddable":true,"href":"https:\/\/www.emeraldbayhotelnhatrang.com\/vi\/wp-json\/wp\/v2\/comments?post=607"}],"version-history":[{"count":0,"href":"https:\/\/www.emeraldbayhotelnhatrang.com\/vi\/wp-json\/wp\/v2\/pages\/607\/revisions"}],"wp:attachment":[{"href":"https:\/\/www.emeraldbayhotelnhatrang.com\/vi\/wp-json\/wp\/v2\/media?parent=607"}],"curies":[{"name":"wp","href":"https:\/\/api.w.org\/{rel}","templated":true}]}}