{"id":545,"date":"2026-04-23T06:21:01","date_gmt":"2026-04-23T06:21:01","guid":{"rendered":"https:\/\/www.emeraldbayhotelnhatrang.com\/?page_id=545"},"modified":"2026-04-23T06:23:57","modified_gmt":"2026-04-23T06:23:57","slug":"dich-vu-giat-ui-70-000-vnd-1kg","status":"publish","type":"page","link":"https:\/\/www.emeraldbayhotelnhatrang.com\/vi\/chuong-trinh-khuyen-mai\/dich-vu-giat-ui-70-000-vnd-1kg\/","title":{"rendered":"D\u1ecbch v\u1ee5 gi\u1eb7t \u1ee7i 70.000 VN\u0110\/ 1KG"},"content":{"rendered":"<p style=\"text-align: center\">T\u1ea1i Emerald Bay Hotel &amp; Spa Nha Trang, d\u1ecbch v\u1ee5 gi\u1eb7t \u1ee7i \u0111\u01b0\u1ee3c thi\u1ebft k\u1ebf nh\u1eb1m mang \u0111\u1ebfn s\u1ef1 ti\u1ec7n l\u1ee3i t\u1ed1i \u0111a cho k\u1ef3 ngh\u1ec9 c\u1ee7a b\u1ea1n, gi\u00fap b\u1ea1n lu\u00f4n tho\u1ea3i m\u00e1i v\u00e0 g\u1ecdn g\u00e0ng trong su\u1ed1t th\u1eddi gian l\u01b0u tr\u00fa.<\/p>\n<p style=\"text-align: center\">V\u1edbi m\u1ee9c gi\u00e1 ch\u1ec9 <strong>70.000 VN\u0110\/kg<\/strong>, ch\u00fang t\u00f4i cung c\u1ea5p d\u1ecbch v\u1ee5 gi\u1eb7t \u1ee7i nhanh ch\u00f3ng, s\u1ea1ch s\u1ebd v\u00e0 c\u1ea9n th\u1eadn cho t\u1eebng trang ph\u1ee5c. \u0110\u1eb7c bi\u1ec7t, kh\u00e1ch s\u1ea1n h\u1ed7 tr\u1ee3 <strong>nh\u1eadn v\u00e0 giao t\u1eadn ph\u00f2ng<\/strong>, gi\u00fap b\u1ea1n ti\u1ebft ki\u1ec7m th\u1eddi gian v\u00e0 t\u1eadn h\u01b0\u1edfng tr\u1ecdn v\u1eb9n k\u1ef3 ngh\u1ec9 m\u00e0 kh\u00f4ng c\u1ea7n lo l\u1eafng v\u1ec1 vi\u1ec7c gi\u1eb7t gi\u0169.<\/p>\n<p style=\"text-align: center\">Ch\u1ec9 c\u1ea7n m\u1ed9t cu\u1ed9c g\u1ecdi, \u0111\u1ed9i ng\u0169 nh\u00e2n vi\u00ean c\u1ee7a ch\u00fang t\u00f4i s\u1ebd \u0111\u1ebfn t\u1eadn ph\u00f2ng \u0111\u1ec3 ti\u1ebfp nh\u1eadn \u0111\u1ed3 v\u00e0 giao tr\u1ea3 \u0111\u00fang h\u1eb9n, mang \u0111\u1ebfn tr\u1ea3i nghi\u1ec7m d\u1ecbch v\u1ee5 chu \u0111\u00e1o, chuy\u00ean nghi\u1ec7p v\u00e0 thu\u1eadn ti\u1ec7n nh\u1ea5t cho m\u1ecdi kh\u00e1ch l\u01b0u tr\u00fa.<\/p>\n","protected":false},"excerpt":{"rendered":"<p>T\u1ea1i Emerald Bay Hotel &amp; Spa Nha Trang, d\u1ecbch v\u1ee5 gi\u1eb7t \u1ee7i \u0111\u01b0\u1ee3c thi\u1ebft k\u1ebf nh\u1eb1m mang \u0111\u1ebfn s\u1ef1 ti\u1ec7n l\u1ee3i t\u1ed1i \u0111a cho k\u1ef3 ngh\u1ec9 c\u1ee7a b\u1ea1n, gi\u00fap b\u1ea1n lu\u00f4n tho\u1ea3i m\u00e1i v\u00e0 g\u1ecdn g\u00e0ng trong su\u1ed1t th\u1eddi gian l\u01b0u tr\u00fa. V\u1edbi m\u1ee9c gi\u00e1 ch\u1ec9 70.000 VN\u0110\/kg, ch\u00fang t\u00f4i cung c\u1ea5p d\u1ecbch v\u1ee5 gi\u1eb7t [&hellip;]<\/p>\n","protected":false},"author":270,"featured_media":117,"parent":454,"menu_order":0,"comment_status":"closed","ping_status":"closed","template":"template-single-offer.php","meta":{"footnotes":""},"yoast_head":"<!-- This site is optimized with the Yoast SEO plugin v22.3 - https:\/\/yoast.com\/wordpress\/plugins\/seo\/ -->\n<title>D\u1ecbch v\u1ee5 gi\u1eb7t \u1ee7i 70.000 VN\u0110\/ 1KG - Emerald Bay Hotel &amp; Spa Nha Trang<\/title>\n<meta name=\"robots\" content=\"index, follow, max-snippet:-1, max-image-preview:large, max-video-preview:-1\" \/>\n<link rel=\"canonical\" href=\"https:\/\/www.emeraldbayhotelnhatrang.com\/vi\/chuong-trinh-khuyen-mai\/dich-vu-giat-ui-70-000-vnd-1kg\/\" \/>\n<meta property=\"og:locale\" content=\"vi_VN\" \/>\n<meta property=\"og:type\" content=\"article\" \/>\n<meta property=\"og:title\" content=\"D\u1ecbch v\u1ee5 gi\u1eb7t \u1ee7i 70.000 VN\u0110\/ 1KG - Emerald Bay Hotel &amp; Spa Nha Trang\" \/>\n<meta property=\"og:description\" content=\"T\u1ea1i Emerald Bay Hotel &amp; Spa Nha Trang, d\u1ecbch v\u1ee5 gi\u1eb7t \u1ee7i \u0111\u01b0\u1ee3c thi\u1ebft k\u1ebf nh\u1eb1m mang \u0111\u1ebfn s\u1ef1 ti\u1ec7n l\u1ee3i t\u1ed1i \u0111a cho k\u1ef3 ngh\u1ec9 c\u1ee7a b\u1ea1n, gi\u00fap b\u1ea1n lu\u00f4n tho\u1ea3i m\u00e1i v\u00e0 g\u1ecdn g\u00e0ng trong su\u1ed1t th\u1eddi gian l\u01b0u tr\u00fa. V\u1edbi m\u1ee9c gi\u00e1 ch\u1ec9 70.000 VN\u0110\/kg, ch\u00fang t\u00f4i cung c\u1ea5p d\u1ecbch v\u1ee5 gi\u1eb7t [&hellip;]\" \/>\n<meta property=\"og:url\" content=\"https:\/\/www.emeraldbayhotelnhatrang.com\/vi\/chuong-trinh-khuyen-mai\/dich-vu-giat-ui-70-000-vnd-1kg\/\" \/>\n<meta property=\"og:site_name\" content=\"Emerald Bay Hotel &amp; Spa Nha Trang\" \/>\n<meta property=\"article:modified_time\" content=\"2026-04-23T06:23:57+00:00\" \/>\n<meta property=\"og:image\" content=\"http:\/\/www.emeraldbayhotelnhatrang.com\/wp-content\/uploads\/sites\/145\/2025\/12\/laundry-3.jpg\" \/>\n\t<meta property=\"og:image:width\" content=\"2200\" \/>\n\t<meta property=\"og:image:height\" content=\"1467\" \/>\n\t<meta property=\"og:image:type\" content=\"image\/jpeg\" \/>\n<meta name=\"twitter:card\" content=\"summary_large_image\" \/>\n<meta name=\"twitter:label1\" content=\"Est. reading time\" \/>\n\t<meta name=\"twitter:data1\" content=\"1 minute\" \/>\n<script type=\"application\/ld+json\" class=\"yoast-schema-graph\">{\"@context\":\"https:\/\/schema.org\",\"@graph\":[{\"@type\":\"WebPage\",\"@id\":\"https:\/\/www.emeraldbayhotelnhatrang.com\/vi\/chuong-trinh-khuyen-mai\/dich-vu-giat-ui-70-000-vnd-1kg\/\",\"url\":\"https:\/\/www.emeraldbayhotelnhatrang.com\/vi\/chuong-trinh-khuyen-mai\/dich-vu-giat-ui-70-000-vnd-1kg\/\",\"name\":\"D\u1ecbch v\u1ee5 gi\u1eb7t \u1ee7i 70.000 VN\u0110\/ 1KG - Emerald Bay Hotel &amp; Spa Nha Trang\",\"isPartOf\":{\"@id\":\"https:\/\/www.emeraldbayhotelnhatrang.com\/vi\/#website\"},\"primaryImageOfPage\":{\"@id\":\"https:\/\/www.emeraldbayhotelnhatrang.com\/vi\/chuong-trinh-khuyen-mai\/dich-vu-giat-ui-70-000-vnd-1kg\/#primaryimage\"},\"image\":{\"@id\":\"https:\/\/www.emeraldbayhotelnhatrang.com\/vi\/chuong-trinh-khuyen-mai\/dich-vu-giat-ui-70-000-vnd-1kg\/#primaryimage\"},\"thumbnailUrl\":\"https:\/\/www.emeraldbayhotelnhatrang.com\/wp-content\/uploads\/sites\/145\/2025\/12\/laundry-3.jpg\",\"datePublished\":\"2026-04-23T06:21:01+00:00\",\"dateModified\":\"2026-04-23T06:23:57+00:00\",\"breadcrumb\":{\"@id\":\"https:\/\/www.emeraldbayhotelnhatrang.com\/vi\/chuong-trinh-khuyen-mai\/dich-vu-giat-ui-70-000-vnd-1kg\/#breadcrumb\"},\"inLanguage\":\"vi-VN\",\"potentialAction\":[{\"@type\":\"ReadAction\",\"target\":[\"https:\/\/www.emeraldbayhotelnhatrang.com\/vi\/chuong-trinh-khuyen-mai\/dich-vu-giat-ui-70-000-vnd-1kg\/\"]}]},{\"@type\":\"ImageObject\",\"inLanguage\":\"vi-VN\",\"@id\":\"https:\/\/www.emeraldbayhotelnhatrang.com\/vi\/chuong-trinh-khuyen-mai\/dich-vu-giat-ui-70-000-vnd-1kg\/#primaryimage\",\"url\":\"https:\/\/www.emeraldbayhotelnhatrang.com\/wp-content\/uploads\/sites\/145\/2025\/12\/laundry-3.jpg\",\"contentUrl\":\"https:\/\/www.emeraldbayhotelnhatrang.com\/wp-content\/uploads\/sites\/145\/2025\/12\/laundry-3.jpg\",\"width\":2200,\"height\":1467},{\"@type\":\"BreadcrumbList\",\"@id\":\"https:\/\/www.emeraldbayhotelnhatrang.com\/vi\/chuong-trinh-khuyen-mai\/dich-vu-giat-ui-70-000-vnd-1kg\/#breadcrumb\",\"itemListElement\":[{\"@type\":\"ListItem\",\"position\":1,\"name\":\"Home\",\"item\":\"https:\/\/www.emeraldbayhotelnhatrang.com\/vi\/\"},{\"@type\":\"ListItem\",\"position\":2,\"name\":\"Ch\u01b0\u01a1ng tr\u00ecnh khuy\u1ebfn m\u00e3i\",\"item\":\"https:\/\/www.emeraldbayhotelnhatrang.com\/vi\/chuong-trinh-khuyen-mai\/\"},{\"@type\":\"ListItem\",\"position\":3,\"name\":\"D\u1ecbch v\u1ee5 gi\u1eb7t \u1ee7i 70.000 VN\u0110\/ 1KG\"}]},{\"@type\":\"WebSite\",\"@id\":\"https:\/\/www.emeraldbayhotelnhatrang.com\/vi\/#website\",\"url\":\"https:\/\/www.emeraldbayhotelnhatrang.com\/vi\/\",\"name\":\"Emerald Bay Hotel &amp; Spa Nha Trang\",\"description\":\"\",\"potentialAction\":[{\"@type\":\"SearchAction\",\"target\":{\"@type\":\"EntryPoint\",\"urlTemplate\":\"https:\/\/www.emeraldbayhotelnhatrang.com\/vi\/?s={search_term_string}\"},\"query-input\":\"required name=search_term_string\"}],\"inLanguage\":\"vi-VN\"}]}<\/script>\n<!-- \/ Yoast SEO plugin. -->","yoast_head_json":{"title":"D\u1ecbch v\u1ee5 gi\u1eb7t \u1ee7i 70.000 VN\u0110\/ 1KG - Emerald Bay Hotel &amp; Spa Nha Trang","robots":{"index":"index","follow":"follow","max-snippet":"max-snippet:-1","max-image-preview":"max-image-preview:large","max-video-preview":"max-video-preview:-1"},"canonical":"https:\/\/www.emeraldbayhotelnhatrang.com\/vi\/chuong-trinh-khuyen-mai\/dich-vu-giat-ui-70-000-vnd-1kg\/","og_locale":"vi_VN","og_type":"article","og_title":"D\u1ecbch v\u1ee5 gi\u1eb7t \u1ee7i 70.000 VN\u0110\/ 1KG - Emerald Bay Hotel &amp; Spa Nha Trang","og_description":"T\u1ea1i Emerald Bay Hotel &amp; Spa Nha Trang, d\u1ecbch v\u1ee5 gi\u1eb7t \u1ee7i \u0111\u01b0\u1ee3c thi\u1ebft k\u1ebf nh\u1eb1m mang \u0111\u1ebfn s\u1ef1 ti\u1ec7n l\u1ee3i t\u1ed1i \u0111a cho k\u1ef3 ngh\u1ec9 c\u1ee7a b\u1ea1n, gi\u00fap b\u1ea1n lu\u00f4n tho\u1ea3i m\u00e1i v\u00e0 g\u1ecdn g\u00e0ng trong su\u1ed1t th\u1eddi gian l\u01b0u tr\u00fa. V\u1edbi m\u1ee9c gi\u00e1 ch\u1ec9 70.000 VN\u0110\/kg, ch\u00fang t\u00f4i cung c\u1ea5p d\u1ecbch v\u1ee5 gi\u1eb7t [&hellip;]","og_url":"https:\/\/www.emeraldbayhotelnhatrang.com\/vi\/chuong-trinh-khuyen-mai\/dich-vu-giat-ui-70-000-vnd-1kg\/","og_site_name":"Emerald Bay Hotel &amp; Spa Nha Trang","article_modified_time":"2026-04-23T06:23:57+00:00","og_image":[{"width":2200,"height":1467,"url":"http:\/\/www.emeraldbayhotelnhatrang.com\/wp-content\/uploads\/sites\/145\/2025\/12\/laundry-3.jpg","type":"image\/jpeg"}],"twitter_card":"summary_large_image","twitter_misc":{"Est. reading time":"1 minute"},"schema":{"@context":"https:\/\/schema.org","@graph":[{"@type":"WebPage","@id":"https:\/\/www.emeraldbayhotelnhatrang.com\/vi\/chuong-trinh-khuyen-mai\/dich-vu-giat-ui-70-000-vnd-1kg\/","url":"https:\/\/www.emeraldbayhotelnhatrang.com\/vi\/chuong-trinh-khuyen-mai\/dich-vu-giat-ui-70-000-vnd-1kg\/","name":"D\u1ecbch v\u1ee5 gi\u1eb7t \u1ee7i 70.000 VN\u0110\/ 1KG - Emerald Bay Hotel &amp; Spa Nha Trang","isPartOf":{"@id":"https:\/\/www.emeraldbayhotelnhatrang.com\/vi\/#website"},"primaryImageOfPage":{"@id":"https:\/\/www.emeraldbayhotelnhatrang.com\/vi\/chuong-trinh-khuyen-mai\/dich-vu-giat-ui-70-000-vnd-1kg\/#primaryimage"},"image":{"@id":"https:\/\/www.emeraldbayhotelnhatrang.com\/vi\/chuong-trinh-khuyen-mai\/dich-vu-giat-ui-70-000-vnd-1kg\/#primaryimage"},"thumbnailUrl":"https:\/\/www.emeraldbayhotelnhatrang.com\/wp-content\/uploads\/sites\/145\/2025\/12\/laundry-3.jpg","datePublished":"2026-04-23T06:21:01+00:00","dateModified":"2026-04-23T06:23:57+00:00","breadcrumb":{"@id":"https:\/\/www.emeraldbayhotelnhatrang.com\/vi\/chuong-trinh-khuyen-mai\/dich-vu-giat-ui-70-000-vnd-1kg\/#breadcrumb"},"inLanguage":"vi-VN","potentialAction":[{"@type":"ReadAction","target":["https:\/\/www.emeraldbayhotelnhatrang.com\/vi\/chuong-trinh-khuyen-mai\/dich-vu-giat-ui-70-000-vnd-1kg\/"]}]},{"@type":"ImageObject","inLanguage":"vi-VN","@id":"https:\/\/www.emeraldbayhotelnhatrang.com\/vi\/chuong-trinh-khuyen-mai\/dich-vu-giat-ui-70-000-vnd-1kg\/#primaryimage","url":"https:\/\/www.emeraldbayhotelnhatrang.com\/wp-content\/uploads\/sites\/145\/2025\/12\/laundry-3.jpg","contentUrl":"https:\/\/www.emeraldbayhotelnhatrang.com\/wp-content\/uploads\/sites\/145\/2025\/12\/laundry-3.jpg","width":2200,"height":1467},{"@type":"BreadcrumbList","@id":"https:\/\/www.emeraldbayhotelnhatrang.com\/vi\/chuong-trinh-khuyen-mai\/dich-vu-giat-ui-70-000-vnd-1kg\/#breadcrumb","itemListElement":[{"@type":"ListItem","position":1,"name":"Home","item":"https:\/\/www.emeraldbayhotelnhatrang.com\/vi\/"},{"@type":"ListItem","position":2,"name":"Ch\u01b0\u01a1ng tr\u00ecnh khuy\u1ebfn m\u00e3i","item":"https:\/\/www.emeraldbayhotelnhatrang.com\/vi\/chuong-trinh-khuyen-mai\/"},{"@type":"ListItem","position":3,"name":"D\u1ecbch v\u1ee5 gi\u1eb7t \u1ee7i 70.000 VN\u0110\/ 1KG"}]},{"@type":"WebSite","@id":"https:\/\/www.emeraldbayhotelnhatrang.com\/vi\/#website","url":"https:\/\/www.emeraldbayhotelnhatrang.com\/vi\/","name":"Emerald Bay Hotel &amp; Spa Nha Trang","description":"","potentialAction":[{"@type":"SearchAction","target":{"@type":"EntryPoint","urlTemplate":"https:\/\/www.emeraldbayhotelnhatrang.com\/vi\/?s={search_term_string}"},"query-input":"required name=search_term_string"}],"inLanguage":"vi-VN"}]}},"acf":[],"_links":{"self":[{"href":"https:\/\/www.emeraldbayhotelnhatrang.com\/vi\/wp-json\/wp\/v2\/pages\/545"}],"collection":[{"href":"https:\/\/www.emeraldbayhotelnhatrang.com\/vi\/wp-json\/wp\/v2\/pages"}],"about":[{"href":"https:\/\/www.emeraldbayhotelnhatrang.com\/vi\/wp-json\/wp\/v2\/types\/page"}],"author":[{"embeddable":true,"href":"https:\/\/www.emeraldbayhotelnhatrang.com\/vi\/wp-json\/wp\/v2\/users\/270"}],"replies":[{"embeddable":true,"href":"https:\/\/www.emeraldbayhotelnhatrang.com\/vi\/wp-json\/wp\/v2\/comments?post=545"}],"version-history":[{"count":0,"href":"https:\/\/www.emeraldbayhotelnhatrang.com\/vi\/wp-json\/wp\/v2\/pages\/545\/revisions"}],"up":[{"embeddable":true,"href":"https:\/\/www.emeraldbayhotelnhatrang.com\/vi\/wp-json\/wp\/v2\/pages\/454"}],"wp:featuredmedia":[{"embeddable":true,"href":"https:\/\/www.emeraldbayhotelnhatrang.com\/vi\/wp-json\/wp\/v2\/media\/117"}],"wp:attachment":[{"href":"https:\/\/www.emeraldbayhotelnhatrang.com\/vi\/wp-json\/wp\/v2\/media?parent=545"}],"curies":[{"name":"wp","href":"https:\/\/api.w.org\/{rel}","templated":true}]}}