{"id":532,"date":"2026-04-23T06:07:10","date_gmt":"2026-04-23T06:07:10","guid":{"rendered":"https:\/\/www.emeraldbayhotelnhatrang.com\/?page_id=532"},"modified":"2026-04-23T06:17:31","modified_gmt":"2026-04-23T06:17:31","slug":"combo-pizza","status":"publish","type":"page","link":"https:\/\/www.emeraldbayhotelnhatrang.com\/vi\/chuong-trinh-khuyen-mai\/combo-pizza\/","title":{"rendered":"Combo Pizza ch\u1ec9 t\u1eeb 225.000 VN\u0110"},"content":{"rendered":"<div class=\"xdj266r x14z9mp xat24cr x1lziwak x1vvkbs x126k92a\">\n<div dir=\"auto\" style=\"text-align: center\"><strong>Combo Pizza \u2013 Tr\u1ecdn v\u1ecb ngon, tr\u1ecdn kho\u1ea3nh kh\u1eafc<\/strong><\/div>\n<\/div>\n<div class=\"x14z9mp xat24cr x1lziwak x1vvkbs xtlvy1s x126k92a\">\n<div dir=\"auto\" style=\"text-align: center\">Emerald Bay mang \u0111\u1ebfn combo pizza v\u1edbi \u0111a d\u1ea1ng h\u01b0\u01a1ng v\u1ecb, t\u1eeb c\u1ed5 \u0111i\u1ec3n \u0111\u1ebfn hi\u1ec7n \u0111\u1ea1i, mang \u0111\u1ebfn s\u1ef1 b\u00f9ng n\u1ed5 v\u1ecb gi\u00e1c trong t\u1eebng mi\u1ebfng b\u00e1nh. B\u1ea1n c\u00f3 th\u1ec3 l\u1ef1a ch\u1ecdn 2 combo \u01b0u \u0111\u00e3i<\/div>\n<div dir=\"auto\">\n<p style=\"text-align: center\"><strong>COMBO 1 &#8211; 225.000 VN\u0110<\/strong><\/p>\n<p style=\"text-align: center\">01 Pizza (ch\u1ecdn: Hawaiian \/ Sicilian \/ H\u1ea3i S\u1ea3n)<br \/>\nKhoai t\u00e2y chi\u00ean<\/p>\n<p style=\"text-align: center\"><strong>COMBO 2 &#8211; 255.000 VN\u0110<\/strong><\/p>\n<p style=\"text-align: center\">01 Pizza (ch\u1ecdn: Hawaiian \/ Sicilian \/ H\u1ea3i S\u1ea3n)<br \/>\nKhoai t\u00e2y chi\u00ean<br \/>\n01 n\u01b0\u1edbc \u00e9p t\u01b0\u01a1i (D\u1ee9a \/ Cam \/ \u1ed4i \/ C\u00e0 r\u1ed1t \/ D\u01b0a h\u1ea5u \/ Chanh)<\/p>\n<\/div>\n<p style=\"text-align: center\">Ch\u00fang t\u00f4i ph\u1ee5c v\u1ee5 t\u1ea1i ph\u00f2ng, mang \u0111\u1ebfn cho b\u1ea1n tr\u1ea3i nghi\u1ec7m th\u01b0\u1edfng th\u1ee9c pizza n\u00f3ng h\u1ed5i, chu\u1ea9n v\u1ecb ngay trong kh\u00f4ng gian ri\u00eang t\u01b0 v\u00e0 ti\u1ec7n nghi c\u1ee7a kh\u00e1ch s\u1ea1n.<\/p>\n<p>&nbsp;<\/p>\n<div dir=\"auto\"><\/div>\n<\/div>\n<div dir=\"auto\"><\/div>\n","protected":false},"excerpt":{"rendered":"<p>Combo Pizza \u2013 Tr\u1ecdn v\u1ecb ngon, tr\u1ecdn kho\u1ea3nh kh\u1eafc Emerald Bay mang \u0111\u1ebfn combo pizza v\u1edbi \u0111a d\u1ea1ng h\u01b0\u01a1ng v\u1ecb, t\u1eeb c\u1ed5 \u0111i\u1ec3n \u0111\u1ebfn hi\u1ec7n \u0111\u1ea1i, mang \u0111\u1ebfn s\u1ef1 b\u00f9ng n\u1ed5 v\u1ecb gi\u00e1c trong t\u1eebng mi\u1ebfng b\u00e1nh. B\u1ea1n c\u00f3 th\u1ec3 l\u1ef1a ch\u1ecdn 2 combo \u01b0u \u0111\u00e3i COMBO 1 &#8211; 225.000 VN\u0110 01 Pizza (ch\u1ecdn: Hawaiian [&hellip;]<\/p>\n","protected":false},"author":270,"featured_media":539,"parent":454,"menu_order":0,"comment_status":"closed","ping_status":"closed","template":"template-single-offer.php","meta":{"footnotes":""},"yoast_head":"<!-- This site is optimized with the Yoast SEO plugin v22.3 - https:\/\/yoast.com\/wordpress\/plugins\/seo\/ -->\n<title>Combo Pizza ch\u1ec9 t\u1eeb 225.000 VN\u0110 - Emerald Bay Hotel &amp; Spa Nha Trang<\/title>\n<meta name=\"robots\" content=\"index, follow, max-snippet:-1, max-image-preview:large, max-video-preview:-1\" \/>\n<link rel=\"canonical\" href=\"https:\/\/www.emeraldbayhotelnhatrang.com\/vi\/chuong-trinh-khuyen-mai\/combo-pizza\/\" \/>\n<meta property=\"og:locale\" content=\"vi_VN\" \/>\n<meta property=\"og:type\" content=\"article\" \/>\n<meta property=\"og:title\" content=\"Combo Pizza ch\u1ec9 t\u1eeb 225.000 VN\u0110 - Emerald Bay Hotel &amp; Spa Nha Trang\" \/>\n<meta property=\"og:description\" content=\"Combo Pizza \u2013 Tr\u1ecdn v\u1ecb ngon, tr\u1ecdn kho\u1ea3nh kh\u1eafc Emerald Bay mang \u0111\u1ebfn combo pizza v\u1edbi \u0111a d\u1ea1ng h\u01b0\u01a1ng v\u1ecb, t\u1eeb c\u1ed5 \u0111i\u1ec3n \u0111\u1ebfn hi\u1ec7n \u0111\u1ea1i, mang \u0111\u1ebfn s\u1ef1 b\u00f9ng n\u1ed5 v\u1ecb gi\u00e1c trong t\u1eebng mi\u1ebfng b\u00e1nh. B\u1ea1n c\u00f3 th\u1ec3 l\u1ef1a ch\u1ecdn 2 combo \u01b0u \u0111\u00e3i COMBO 1 &#8211; 225.000 VN\u0110 01 Pizza (ch\u1ecdn: Hawaiian [&hellip;]\" \/>\n<meta property=\"og:url\" content=\"https:\/\/www.emeraldbayhotelnhatrang.com\/vi\/chuong-trinh-khuyen-mai\/combo-pizza\/\" \/>\n<meta property=\"og:site_name\" content=\"Emerald Bay Hotel &amp; Spa Nha Trang\" \/>\n<meta property=\"article:modified_time\" content=\"2026-04-23T06:17:31+00:00\" \/>\n<meta property=\"og:image\" content=\"http:\/\/www.emeraldbayhotelnhatrang.com\/wp-content\/uploads\/sites\/145\/2026\/04\/ST_00129.jpg\" \/>\n\t<meta property=\"og:image:width\" content=\"2200\" \/>\n\t<meta property=\"og:image:height\" content=\"1467\" \/>\n\t<meta property=\"og:image:type\" content=\"image\/jpeg\" \/>\n<meta name=\"twitter:card\" content=\"summary_large_image\" \/>\n<meta name=\"twitter:label1\" content=\"Est. reading time\" \/>\n\t<meta name=\"twitter:data1\" content=\"1 minute\" \/>\n<script type=\"application\/ld+json\" class=\"yoast-schema-graph\">{\"@context\":\"https:\/\/schema.org\",\"@graph\":[{\"@type\":\"WebPage\",\"@id\":\"https:\/\/www.emeraldbayhotelnhatrang.com\/vi\/chuong-trinh-khuyen-mai\/combo-pizza\/\",\"url\":\"https:\/\/www.emeraldbayhotelnhatrang.com\/vi\/chuong-trinh-khuyen-mai\/combo-pizza\/\",\"name\":\"Combo Pizza ch\u1ec9 t\u1eeb 225.000 VN\u0110 - Emerald Bay Hotel &amp; Spa Nha Trang\",\"isPartOf\":{\"@id\":\"https:\/\/www.emeraldbayhotelnhatrang.com\/vi\/#website\"},\"primaryImageOfPage\":{\"@id\":\"https:\/\/www.emeraldbayhotelnhatrang.com\/vi\/chuong-trinh-khuyen-mai\/combo-pizza\/#primaryimage\"},\"image\":{\"@id\":\"https:\/\/www.emeraldbayhotelnhatrang.com\/vi\/chuong-trinh-khuyen-mai\/combo-pizza\/#primaryimage\"},\"thumbnailUrl\":\"https:\/\/www.emeraldbayhotelnhatrang.com\/wp-content\/uploads\/sites\/145\/2026\/04\/ST_00129.jpg\",\"datePublished\":\"2026-04-23T06:07:10+00:00\",\"dateModified\":\"2026-04-23T06:17:31+00:00\",\"breadcrumb\":{\"@id\":\"https:\/\/www.emeraldbayhotelnhatrang.com\/vi\/chuong-trinh-khuyen-mai\/combo-pizza\/#breadcrumb\"},\"inLanguage\":\"vi-VN\",\"potentialAction\":[{\"@type\":\"ReadAction\",\"target\":[\"https:\/\/www.emeraldbayhotelnhatrang.com\/vi\/chuong-trinh-khuyen-mai\/combo-pizza\/\"]}]},{\"@type\":\"ImageObject\",\"inLanguage\":\"vi-VN\",\"@id\":\"https:\/\/www.emeraldbayhotelnhatrang.com\/vi\/chuong-trinh-khuyen-mai\/combo-pizza\/#primaryimage\",\"url\":\"https:\/\/www.emeraldbayhotelnhatrang.com\/wp-content\/uploads\/sites\/145\/2026\/04\/ST_00129.jpg\",\"contentUrl\":\"https:\/\/www.emeraldbayhotelnhatrang.com\/wp-content\/uploads\/sites\/145\/2026\/04\/ST_00129.jpg\",\"width\":2200,\"height\":1467},{\"@type\":\"BreadcrumbList\",\"@id\":\"https:\/\/www.emeraldbayhotelnhatrang.com\/vi\/chuong-trinh-khuyen-mai\/combo-pizza\/#breadcrumb\",\"itemListElement\":[{\"@type\":\"ListItem\",\"position\":1,\"name\":\"Home\",\"item\":\"https:\/\/www.emeraldbayhotelnhatrang.com\/vi\/\"},{\"@type\":\"ListItem\",\"position\":2,\"name\":\"Ch\u01b0\u01a1ng tr\u00ecnh khuy\u1ebfn m\u00e3i\",\"item\":\"https:\/\/www.emeraldbayhotelnhatrang.com\/vi\/chuong-trinh-khuyen-mai\/\"},{\"@type\":\"ListItem\",\"position\":3,\"name\":\"Combo Pizza ch\u1ec9 t\u1eeb 225.000 VN\u0110\"}]},{\"@type\":\"WebSite\",\"@id\":\"https:\/\/www.emeraldbayhotelnhatrang.com\/vi\/#website\",\"url\":\"https:\/\/www.emeraldbayhotelnhatrang.com\/vi\/\",\"name\":\"Emerald Bay Hotel &amp; Spa Nha Trang\",\"description\":\"\",\"potentialAction\":[{\"@type\":\"SearchAction\",\"target\":{\"@type\":\"EntryPoint\",\"urlTemplate\":\"https:\/\/www.emeraldbayhotelnhatrang.com\/vi\/?s={search_term_string}\"},\"query-input\":\"required name=search_term_string\"}],\"inLanguage\":\"vi-VN\"}]}<\/script>\n<!-- \/ Yoast SEO plugin. -->","yoast_head_json":{"title":"Combo Pizza ch\u1ec9 t\u1eeb 225.000 VN\u0110 - Emerald Bay Hotel &amp; Spa Nha Trang","robots":{"index":"index","follow":"follow","max-snippet":"max-snippet:-1","max-image-preview":"max-image-preview:large","max-video-preview":"max-video-preview:-1"},"canonical":"https:\/\/www.emeraldbayhotelnhatrang.com\/vi\/chuong-trinh-khuyen-mai\/combo-pizza\/","og_locale":"vi_VN","og_type":"article","og_title":"Combo Pizza ch\u1ec9 t\u1eeb 225.000 VN\u0110 - Emerald Bay Hotel &amp; Spa Nha Trang","og_description":"Combo Pizza \u2013 Tr\u1ecdn v\u1ecb ngon, tr\u1ecdn kho\u1ea3nh kh\u1eafc Emerald Bay mang \u0111\u1ebfn combo pizza v\u1edbi \u0111a d\u1ea1ng h\u01b0\u01a1ng v\u1ecb, t\u1eeb c\u1ed5 \u0111i\u1ec3n \u0111\u1ebfn hi\u1ec7n \u0111\u1ea1i, mang \u0111\u1ebfn s\u1ef1 b\u00f9ng n\u1ed5 v\u1ecb gi\u00e1c trong t\u1eebng mi\u1ebfng b\u00e1nh. B\u1ea1n c\u00f3 th\u1ec3 l\u1ef1a ch\u1ecdn 2 combo \u01b0u \u0111\u00e3i COMBO 1 &#8211; 225.000 VN\u0110 01 Pizza (ch\u1ecdn: Hawaiian [&hellip;]","og_url":"https:\/\/www.emeraldbayhotelnhatrang.com\/vi\/chuong-trinh-khuyen-mai\/combo-pizza\/","og_site_name":"Emerald Bay Hotel &amp; Spa Nha Trang","article_modified_time":"2026-04-23T06:17:31+00:00","og_image":[{"width":2200,"height":1467,"url":"http:\/\/www.emeraldbayhotelnhatrang.com\/wp-content\/uploads\/sites\/145\/2026\/04\/ST_00129.jpg","type":"image\/jpeg"}],"twitter_card":"summary_large_image","twitter_misc":{"Est. reading time":"1 minute"},"schema":{"@context":"https:\/\/schema.org","@graph":[{"@type":"WebPage","@id":"https:\/\/www.emeraldbayhotelnhatrang.com\/vi\/chuong-trinh-khuyen-mai\/combo-pizza\/","url":"https:\/\/www.emeraldbayhotelnhatrang.com\/vi\/chuong-trinh-khuyen-mai\/combo-pizza\/","name":"Combo Pizza ch\u1ec9 t\u1eeb 225.000 VN\u0110 - Emerald Bay Hotel &amp; Spa Nha Trang","isPartOf":{"@id":"https:\/\/www.emeraldbayhotelnhatrang.com\/vi\/#website"},"primaryImageOfPage":{"@id":"https:\/\/www.emeraldbayhotelnhatrang.com\/vi\/chuong-trinh-khuyen-mai\/combo-pizza\/#primaryimage"},"image":{"@id":"https:\/\/www.emeraldbayhotelnhatrang.com\/vi\/chuong-trinh-khuyen-mai\/combo-pizza\/#primaryimage"},"thumbnailUrl":"https:\/\/www.emeraldbayhotelnhatrang.com\/wp-content\/uploads\/sites\/145\/2026\/04\/ST_00129.jpg","datePublished":"2026-04-23T06:07:10+00:00","dateModified":"2026-04-23T06:17:31+00:00","breadcrumb":{"@id":"https:\/\/www.emeraldbayhotelnhatrang.com\/vi\/chuong-trinh-khuyen-mai\/combo-pizza\/#breadcrumb"},"inLanguage":"vi-VN","potentialAction":[{"@type":"ReadAction","target":["https:\/\/www.emeraldbayhotelnhatrang.com\/vi\/chuong-trinh-khuyen-mai\/combo-pizza\/"]}]},{"@type":"ImageObject","inLanguage":"vi-VN","@id":"https:\/\/www.emeraldbayhotelnhatrang.com\/vi\/chuong-trinh-khuyen-mai\/combo-pizza\/#primaryimage","url":"https:\/\/www.emeraldbayhotelnhatrang.com\/wp-content\/uploads\/sites\/145\/2026\/04\/ST_00129.jpg","contentUrl":"https:\/\/www.emeraldbayhotelnhatrang.com\/wp-content\/uploads\/sites\/145\/2026\/04\/ST_00129.jpg","width":2200,"height":1467},{"@type":"BreadcrumbList","@id":"https:\/\/www.emeraldbayhotelnhatrang.com\/vi\/chuong-trinh-khuyen-mai\/combo-pizza\/#breadcrumb","itemListElement":[{"@type":"ListItem","position":1,"name":"Home","item":"https:\/\/www.emeraldbayhotelnhatrang.com\/vi\/"},{"@type":"ListItem","position":2,"name":"Ch\u01b0\u01a1ng tr\u00ecnh khuy\u1ebfn m\u00e3i","item":"https:\/\/www.emeraldbayhotelnhatrang.com\/vi\/chuong-trinh-khuyen-mai\/"},{"@type":"ListItem","position":3,"name":"Combo Pizza ch\u1ec9 t\u1eeb 225.000 VN\u0110"}]},{"@type":"WebSite","@id":"https:\/\/www.emeraldbayhotelnhatrang.com\/vi\/#website","url":"https:\/\/www.emeraldbayhotelnhatrang.com\/vi\/","name":"Emerald Bay Hotel &amp; Spa Nha Trang","description":"","potentialAction":[{"@type":"SearchAction","target":{"@type":"EntryPoint","urlTemplate":"https:\/\/www.emeraldbayhotelnhatrang.com\/vi\/?s={search_term_string}"},"query-input":"required name=search_term_string"}],"inLanguage":"vi-VN"}]}},"acf":[],"_links":{"self":[{"href":"https:\/\/www.emeraldbayhotelnhatrang.com\/vi\/wp-json\/wp\/v2\/pages\/532"}],"collection":[{"href":"https:\/\/www.emeraldbayhotelnhatrang.com\/vi\/wp-json\/wp\/v2\/pages"}],"about":[{"href":"https:\/\/www.emeraldbayhotelnhatrang.com\/vi\/wp-json\/wp\/v2\/types\/page"}],"author":[{"embeddable":true,"href":"https:\/\/www.emeraldbayhotelnhatrang.com\/vi\/wp-json\/wp\/v2\/users\/270"}],"replies":[{"embeddable":true,"href":"https:\/\/www.emeraldbayhotelnhatrang.com\/vi\/wp-json\/wp\/v2\/comments?post=532"}],"version-history":[{"count":0,"href":"https:\/\/www.emeraldbayhotelnhatrang.com\/vi\/wp-json\/wp\/v2\/pages\/532\/revisions"}],"up":[{"embeddable":true,"href":"https:\/\/www.emeraldbayhotelnhatrang.com\/vi\/wp-json\/wp\/v2\/pages\/454"}],"wp:featuredmedia":[{"embeddable":true,"href":"https:\/\/www.emeraldbayhotelnhatrang.com\/vi\/wp-json\/wp\/v2\/media\/539"}],"wp:attachment":[{"href":"https:\/\/www.emeraldbayhotelnhatrang.com\/vi\/wp-json\/wp\/v2\/media?parent=532"}],"curies":[{"name":"wp","href":"https:\/\/api.w.org\/{rel}","templated":true}]}}