{"id":531,"date":"2026-04-23T05:56:14","date_gmt":"2026-04-23T05:56:14","guid":{"rendered":"https:\/\/www.emeraldbayhotelnhatrang.com\/?page_id=531"},"modified":"2026-04-23T06:01:38","modified_gmt":"2026-04-23T06:01:38","slug":"set-menu-toi-lang-man-500-000-vnd","status":"publish","type":"page","link":"https:\/\/www.emeraldbayhotelnhatrang.com\/vi\/chuong-trinh-khuyen-mai\/set-menu-toi-lang-man-500-000-vnd\/","title":{"rendered":"Set menu t\u1ed1i l\u00e3ng m\u1ea1n 500.000 VN\u0110"},"content":{"rendered":"<div class=\"xdj266r x14z9mp xat24cr x1lziwak x1vvkbs x126k92a\">\n<div dir=\"auto\" style=\"text-align: center\">ROMANTIC NIGHT &#8211; SET MENU CHO 2 KH\u00c1CH<\/div>\n<\/div>\n<div class=\"x14z9mp xat24cr x1lziwak x1vvkbs xtlvy1s x126k92a\" style=\"text-align: center\">\n<div dir=\"auto\">M\u1ed9t b\u1eefa t\u1ed1i nh\u1eb9 nh\u00e0ng nh\u01b0ng \u0111\u1ee7 tinh t\u1ebf, \u0111\u1ee7 l\u1eafng \u0111\u1ecdng ch\u1ec9 ri\u00eang 2 ng\u01b0\u1eddi, m\u1eddi qu\u00fd kh\u00e1ch \u0111\u1ebfn v\u00e0 th\u01b0\u1edfng th\u1ee9c Set Menu t\u1ea1i Emerald Bay Hotel &amp; Spa Nha Trang.<\/div>\n<div dir=\"auto\">Th\u1ef1c \u0111\u01a1n m\u1edf \u0111\u1ea7u v\u1edbi m\u00f3n khai v\u1ecb \ud835\ude3e\ud835\ude56\ud835\ude5a\ud835\ude68\ud835\ude56\ud835\ude67 \ud835\ude4e\ud835\ude56\ud835\ude61\ud835\ude56\ud835\ude59 t\u01b0\u01a1i m\u00e1t, ti\u1ebfp t\u1ee5c h\u00e0nh tr\u00ecnh v\u1ecb gi\u00e1c v\u1edbi hai m\u00f3n ch\u00ednh \ud835\ude4f\ud835\ude64\u0302\ud835\ude62 \ud835\ude58\ud835\ude6a\ud835\ude64\u0323\u0302\ud835\ude63 \ud835\ude3d\ud835\ude56\ud835\ude58\ud835\ude64\ud835\ude63 v\u00e0 \ud835\ude4e\ud835\ude65\ud835\ude56\ud835\ude5c\ud835\ude5d\ud835\ude5a\ud835\ude69\ud835\ude69\ud835\ude5e \ud835\ude3d\ud835\ude64\ud835\ude61\ud835\ude64\ud835\ude5c\ud835\ude63\ud835\ude5a\ud835\ude68\ud835\ude5a, v\u00e0 k\u1ebft th\u00fac v\u1edbi m\u00f3n tr\u00e1i c\u00e2y t\u01b0\u01a1i tr\u00e1ng mi\u1ec7ng gi\u00e0u vitamin.<\/div>\n<\/div>\n<div class=\"x14z9mp xat24cr x1lziwak x1vvkbs xtlvy1s x126k92a\" style=\"text-align: center\">\n<div dir=\"auto\" style=\"text-align: center\"><strong>Gi\u00e1 \u01b0u \u0111\u00e3i \u0111\u1eb7c bi\u1ec7t: Ch\u1ec9 500.000 VN\u0110 \/ 2 kh\u00e1ch<\/strong><\/div>\n<\/div>\n<div class=\"x14z9mp xat24cr x1lziwak x1vvkbs xtlvy1s x126k92a\">\n<div dir=\"auto\" style=\"text-align: center\">C\u00f9ng ng\u01b0\u1eddi th\u01b0\u01a1ng th\u01b0\u1edfng th\u1ee9c h\u01b0\u01a1ng v\u1ecb \u1ea9m th\u1ef1c sang tr\u1ecdng ngay t\u1ea1i Emerald Bay Hotel &amp; Spa Nha Trang!<\/div>\n<\/div>\n","protected":false},"excerpt":{"rendered":"<p>ROMANTIC NIGHT &#8211; SET MENU CHO 2 KH\u00c1CH M\u1ed9t b\u1eefa t\u1ed1i nh\u1eb9 nh\u00e0ng nh\u01b0ng \u0111\u1ee7 tinh t\u1ebf, \u0111\u1ee7 l\u1eafng \u0111\u1ecdng ch\u1ec9 ri\u00eang 2 ng\u01b0\u1eddi, m\u1eddi qu\u00fd kh\u00e1ch \u0111\u1ebfn v\u00e0 th\u01b0\u1edfng th\u1ee9c Set Menu t\u1ea1i Emerald Bay Hotel &amp; Spa Nha Trang. Th\u1ef1c \u0111\u01a1n m\u1edf \u0111\u1ea7u v\u1edbi m\u00f3n khai v\u1ecb \ud835\ude3e\ud835\ude56\ud835\ude5a\ud835\ude68\ud835\ude56\ud835\ude67 \ud835\ude4e\ud835\ude56\ud835\ude61\ud835\ude56\ud835\ude59 t\u01b0\u01a1i m\u00e1t, ti\u1ebfp t\u1ee5c [&hellip;]<\/p>\n","protected":false},"author":270,"featured_media":523,"parent":454,"menu_order":0,"comment_status":"closed","ping_status":"closed","template":"template-single-offer.php","meta":{"footnotes":""},"yoast_head":"<!-- This site is optimized with the Yoast SEO plugin v22.3 - https:\/\/yoast.com\/wordpress\/plugins\/seo\/ -->\n<title>Set menu t\u1ed1i l\u00e3ng m\u1ea1n 500.000 VN\u0110 - Emerald Bay Hotel &amp; Spa Nha Trang<\/title>\n<meta name=\"robots\" content=\"index, follow, max-snippet:-1, max-image-preview:large, max-video-preview:-1\" \/>\n<link rel=\"canonical\" href=\"https:\/\/www.emeraldbayhotelnhatrang.com\/vi\/chuong-trinh-khuyen-mai\/set-menu-toi-lang-man-500-000-vnd\/\" \/>\n<meta property=\"og:locale\" content=\"vi_VN\" \/>\n<meta property=\"og:type\" content=\"article\" \/>\n<meta property=\"og:title\" content=\"Set menu t\u1ed1i l\u00e3ng m\u1ea1n 500.000 VN\u0110 - Emerald Bay Hotel &amp; Spa Nha Trang\" \/>\n<meta property=\"og:description\" content=\"ROMANTIC NIGHT &#8211; SET MENU CHO 2 KH\u00c1CH M\u1ed9t b\u1eefa t\u1ed1i nh\u1eb9 nh\u00e0ng nh\u01b0ng \u0111\u1ee7 tinh t\u1ebf, \u0111\u1ee7 l\u1eafng \u0111\u1ecdng ch\u1ec9 ri\u00eang 2 ng\u01b0\u1eddi, m\u1eddi qu\u00fd kh\u00e1ch \u0111\u1ebfn v\u00e0 th\u01b0\u1edfng th\u1ee9c Set Menu t\u1ea1i Emerald Bay Hotel &amp; Spa Nha Trang. Th\u1ef1c \u0111\u01a1n m\u1edf \u0111\u1ea7u v\u1edbi m\u00f3n khai v\u1ecb \ud835\ude3e\ud835\ude56\ud835\ude5a\ud835\ude68\ud835\ude56\ud835\ude67 \ud835\ude4e\ud835\ude56\ud835\ude61\ud835\ude56\ud835\ude59 t\u01b0\u01a1i m\u00e1t, ti\u1ebfp t\u1ee5c [&hellip;]\" \/>\n<meta property=\"og:url\" content=\"https:\/\/www.emeraldbayhotelnhatrang.com\/vi\/chuong-trinh-khuyen-mai\/set-menu-toi-lang-man-500-000-vnd\/\" \/>\n<meta property=\"og:site_name\" content=\"Emerald Bay Hotel &amp; Spa Nha Trang\" \/>\n<meta property=\"article:modified_time\" content=\"2026-04-23T06:01:38+00:00\" \/>\n<meta property=\"og:image\" content=\"http:\/\/www.emeraldbayhotelnhatrang.com\/wp-content\/uploads\/sites\/145\/2026\/04\/ST_01573-copy-e1776923900317.jpg\" \/>\n\t<meta property=\"og:image:width\" content=\"1466\" \/>\n\t<meta property=\"og:image:height\" content=\"1668\" \/>\n\t<meta property=\"og:image:type\" content=\"image\/jpeg\" \/>\n<meta name=\"twitter:card\" content=\"summary_large_image\" \/>\n<meta name=\"twitter:label1\" content=\"Est. reading time\" \/>\n\t<meta name=\"twitter:data1\" content=\"1 minute\" \/>\n<script type=\"application\/ld+json\" class=\"yoast-schema-graph\">{\"@context\":\"https:\/\/schema.org\",\"@graph\":[{\"@type\":\"WebPage\",\"@id\":\"https:\/\/www.emeraldbayhotelnhatrang.com\/vi\/chuong-trinh-khuyen-mai\/set-menu-toi-lang-man-500-000-vnd\/\",\"url\":\"https:\/\/www.emeraldbayhotelnhatrang.com\/vi\/chuong-trinh-khuyen-mai\/set-menu-toi-lang-man-500-000-vnd\/\",\"name\":\"Set menu t\u1ed1i l\u00e3ng m\u1ea1n 500.000 VN\u0110 - Emerald Bay Hotel &amp; Spa Nha Trang\",\"isPartOf\":{\"@id\":\"https:\/\/www.emeraldbayhotelnhatrang.com\/vi\/#website\"},\"primaryImageOfPage\":{\"@id\":\"https:\/\/www.emeraldbayhotelnhatrang.com\/vi\/chuong-trinh-khuyen-mai\/set-menu-toi-lang-man-500-000-vnd\/#primaryimage\"},\"image\":{\"@id\":\"https:\/\/www.emeraldbayhotelnhatrang.com\/vi\/chuong-trinh-khuyen-mai\/set-menu-toi-lang-man-500-000-vnd\/#primaryimage\"},\"thumbnailUrl\":\"https:\/\/www.emeraldbayhotelnhatrang.com\/wp-content\/uploads\/sites\/145\/2026\/04\/ST_01573-copy-e1776923900317.jpg\",\"datePublished\":\"2026-04-23T05:56:14+00:00\",\"dateModified\":\"2026-04-23T06:01:38+00:00\",\"breadcrumb\":{\"@id\":\"https:\/\/www.emeraldbayhotelnhatrang.com\/vi\/chuong-trinh-khuyen-mai\/set-menu-toi-lang-man-500-000-vnd\/#breadcrumb\"},\"inLanguage\":\"vi-VN\",\"potentialAction\":[{\"@type\":\"ReadAction\",\"target\":[\"https:\/\/www.emeraldbayhotelnhatrang.com\/vi\/chuong-trinh-khuyen-mai\/set-menu-toi-lang-man-500-000-vnd\/\"]}]},{\"@type\":\"ImageObject\",\"inLanguage\":\"vi-VN\",\"@id\":\"https:\/\/www.emeraldbayhotelnhatrang.com\/vi\/chuong-trinh-khuyen-mai\/set-menu-toi-lang-man-500-000-vnd\/#primaryimage\",\"url\":\"https:\/\/www.emeraldbayhotelnhatrang.com\/wp-content\/uploads\/sites\/145\/2026\/04\/ST_01573-copy-e1776923900317.jpg\",\"contentUrl\":\"https:\/\/www.emeraldbayhotelnhatrang.com\/wp-content\/uploads\/sites\/145\/2026\/04\/ST_01573-copy-e1776923900317.jpg\",\"width\":1466,\"height\":1668},{\"@type\":\"BreadcrumbList\",\"@id\":\"https:\/\/www.emeraldbayhotelnhatrang.com\/vi\/chuong-trinh-khuyen-mai\/set-menu-toi-lang-man-500-000-vnd\/#breadcrumb\",\"itemListElement\":[{\"@type\":\"ListItem\",\"position\":1,\"name\":\"Home\",\"item\":\"https:\/\/www.emeraldbayhotelnhatrang.com\/vi\/\"},{\"@type\":\"ListItem\",\"position\":2,\"name\":\"Ch\u01b0\u01a1ng tr\u00ecnh khuy\u1ebfn m\u00e3i\",\"item\":\"https:\/\/www.emeraldbayhotelnhatrang.com\/vi\/chuong-trinh-khuyen-mai\/\"},{\"@type\":\"ListItem\",\"position\":3,\"name\":\"Set menu t\u1ed1i l\u00e3ng m\u1ea1n 500.000 VN\u0110\"}]},{\"@type\":\"WebSite\",\"@id\":\"https:\/\/www.emeraldbayhotelnhatrang.com\/vi\/#website\",\"url\":\"https:\/\/www.emeraldbayhotelnhatrang.com\/vi\/\",\"name\":\"Emerald Bay Hotel &amp; Spa Nha Trang\",\"description\":\"\",\"potentialAction\":[{\"@type\":\"SearchAction\",\"target\":{\"@type\":\"EntryPoint\",\"urlTemplate\":\"https:\/\/www.emeraldbayhotelnhatrang.com\/vi\/?s={search_term_string}\"},\"query-input\":\"required name=search_term_string\"}],\"inLanguage\":\"vi-VN\"}]}<\/script>\n<!-- \/ Yoast SEO plugin. -->","yoast_head_json":{"title":"Set menu t\u1ed1i l\u00e3ng m\u1ea1n 500.000 VN\u0110 - Emerald Bay Hotel &amp; Spa Nha Trang","robots":{"index":"index","follow":"follow","max-snippet":"max-snippet:-1","max-image-preview":"max-image-preview:large","max-video-preview":"max-video-preview:-1"},"canonical":"https:\/\/www.emeraldbayhotelnhatrang.com\/vi\/chuong-trinh-khuyen-mai\/set-menu-toi-lang-man-500-000-vnd\/","og_locale":"vi_VN","og_type":"article","og_title":"Set menu t\u1ed1i l\u00e3ng m\u1ea1n 500.000 VN\u0110 - Emerald Bay Hotel &amp; Spa Nha Trang","og_description":"ROMANTIC NIGHT &#8211; SET MENU CHO 2 KH\u00c1CH M\u1ed9t b\u1eefa t\u1ed1i nh\u1eb9 nh\u00e0ng nh\u01b0ng \u0111\u1ee7 tinh t\u1ebf, \u0111\u1ee7 l\u1eafng \u0111\u1ecdng ch\u1ec9 ri\u00eang 2 ng\u01b0\u1eddi, m\u1eddi qu\u00fd kh\u00e1ch \u0111\u1ebfn v\u00e0 th\u01b0\u1edfng th\u1ee9c Set Menu t\u1ea1i Emerald Bay Hotel &amp; Spa Nha Trang. Th\u1ef1c \u0111\u01a1n m\u1edf \u0111\u1ea7u v\u1edbi m\u00f3n khai v\u1ecb \ud835\ude3e\ud835\ude56\ud835\ude5a\ud835\ude68\ud835\ude56\ud835\ude67 \ud835\ude4e\ud835\ude56\ud835\ude61\ud835\ude56\ud835\ude59 t\u01b0\u01a1i m\u00e1t, ti\u1ebfp t\u1ee5c [&hellip;]","og_url":"https:\/\/www.emeraldbayhotelnhatrang.com\/vi\/chuong-trinh-khuyen-mai\/set-menu-toi-lang-man-500-000-vnd\/","og_site_name":"Emerald Bay Hotel &amp; Spa Nha Trang","article_modified_time":"2026-04-23T06:01:38+00:00","og_image":[{"width":1466,"height":1668,"url":"http:\/\/www.emeraldbayhotelnhatrang.com\/wp-content\/uploads\/sites\/145\/2026\/04\/ST_01573-copy-e1776923900317.jpg","type":"image\/jpeg"}],"twitter_card":"summary_large_image","twitter_misc":{"Est. reading time":"1 minute"},"schema":{"@context":"https:\/\/schema.org","@graph":[{"@type":"WebPage","@id":"https:\/\/www.emeraldbayhotelnhatrang.com\/vi\/chuong-trinh-khuyen-mai\/set-menu-toi-lang-man-500-000-vnd\/","url":"https:\/\/www.emeraldbayhotelnhatrang.com\/vi\/chuong-trinh-khuyen-mai\/set-menu-toi-lang-man-500-000-vnd\/","name":"Set menu t\u1ed1i l\u00e3ng m\u1ea1n 500.000 VN\u0110 - Emerald Bay Hotel &amp; Spa Nha Trang","isPartOf":{"@id":"https:\/\/www.emeraldbayhotelnhatrang.com\/vi\/#website"},"primaryImageOfPage":{"@id":"https:\/\/www.emeraldbayhotelnhatrang.com\/vi\/chuong-trinh-khuyen-mai\/set-menu-toi-lang-man-500-000-vnd\/#primaryimage"},"image":{"@id":"https:\/\/www.emeraldbayhotelnhatrang.com\/vi\/chuong-trinh-khuyen-mai\/set-menu-toi-lang-man-500-000-vnd\/#primaryimage"},"thumbnailUrl":"https:\/\/www.emeraldbayhotelnhatrang.com\/wp-content\/uploads\/sites\/145\/2026\/04\/ST_01573-copy-e1776923900317.jpg","datePublished":"2026-04-23T05:56:14+00:00","dateModified":"2026-04-23T06:01:38+00:00","breadcrumb":{"@id":"https:\/\/www.emeraldbayhotelnhatrang.com\/vi\/chuong-trinh-khuyen-mai\/set-menu-toi-lang-man-500-000-vnd\/#breadcrumb"},"inLanguage":"vi-VN","potentialAction":[{"@type":"ReadAction","target":["https:\/\/www.emeraldbayhotelnhatrang.com\/vi\/chuong-trinh-khuyen-mai\/set-menu-toi-lang-man-500-000-vnd\/"]}]},{"@type":"ImageObject","inLanguage":"vi-VN","@id":"https:\/\/www.emeraldbayhotelnhatrang.com\/vi\/chuong-trinh-khuyen-mai\/set-menu-toi-lang-man-500-000-vnd\/#primaryimage","url":"https:\/\/www.emeraldbayhotelnhatrang.com\/wp-content\/uploads\/sites\/145\/2026\/04\/ST_01573-copy-e1776923900317.jpg","contentUrl":"https:\/\/www.emeraldbayhotelnhatrang.com\/wp-content\/uploads\/sites\/145\/2026\/04\/ST_01573-copy-e1776923900317.jpg","width":1466,"height":1668},{"@type":"BreadcrumbList","@id":"https:\/\/www.emeraldbayhotelnhatrang.com\/vi\/chuong-trinh-khuyen-mai\/set-menu-toi-lang-man-500-000-vnd\/#breadcrumb","itemListElement":[{"@type":"ListItem","position":1,"name":"Home","item":"https:\/\/www.emeraldbayhotelnhatrang.com\/vi\/"},{"@type":"ListItem","position":2,"name":"Ch\u01b0\u01a1ng tr\u00ecnh khuy\u1ebfn m\u00e3i","item":"https:\/\/www.emeraldbayhotelnhatrang.com\/vi\/chuong-trinh-khuyen-mai\/"},{"@type":"ListItem","position":3,"name":"Set menu t\u1ed1i l\u00e3ng m\u1ea1n 500.000 VN\u0110"}]},{"@type":"WebSite","@id":"https:\/\/www.emeraldbayhotelnhatrang.com\/vi\/#website","url":"https:\/\/www.emeraldbayhotelnhatrang.com\/vi\/","name":"Emerald Bay Hotel &amp; Spa Nha Trang","description":"","potentialAction":[{"@type":"SearchAction","target":{"@type":"EntryPoint","urlTemplate":"https:\/\/www.emeraldbayhotelnhatrang.com\/vi\/?s={search_term_string}"},"query-input":"required name=search_term_string"}],"inLanguage":"vi-VN"}]}},"acf":[],"_links":{"self":[{"href":"https:\/\/www.emeraldbayhotelnhatrang.com\/vi\/wp-json\/wp\/v2\/pages\/531"}],"collection":[{"href":"https:\/\/www.emeraldbayhotelnhatrang.com\/vi\/wp-json\/wp\/v2\/pages"}],"about":[{"href":"https:\/\/www.emeraldbayhotelnhatrang.com\/vi\/wp-json\/wp\/v2\/types\/page"}],"author":[{"embeddable":true,"href":"https:\/\/www.emeraldbayhotelnhatrang.com\/vi\/wp-json\/wp\/v2\/users\/270"}],"replies":[{"embeddable":true,"href":"https:\/\/www.emeraldbayhotelnhatrang.com\/vi\/wp-json\/wp\/v2\/comments?post=531"}],"version-history":[{"count":0,"href":"https:\/\/www.emeraldbayhotelnhatrang.com\/vi\/wp-json\/wp\/v2\/pages\/531\/revisions"}],"up":[{"embeddable":true,"href":"https:\/\/www.emeraldbayhotelnhatrang.com\/vi\/wp-json\/wp\/v2\/pages\/454"}],"wp:featuredmedia":[{"embeddable":true,"href":"https:\/\/www.emeraldbayhotelnhatrang.com\/vi\/wp-json\/wp\/v2\/media\/523"}],"wp:attachment":[{"href":"https:\/\/www.emeraldbayhotelnhatrang.com\/vi\/wp-json\/wp\/v2\/media?parent=531"}],"curies":[{"name":"wp","href":"https:\/\/api.w.org\/{rel}","templated":true}]}}