{"id":518,"date":"2026-04-23T05:47:38","date_gmt":"2026-04-23T05:47:38","guid":{"rendered":"https:\/\/www.emeraldbayhotelnhatrang.com\/?page_id=518"},"modified":"2026-04-23T05:50:13","modified_gmt":"2026-04-23T05:50:13","slug":"goi-tri-lieu-emerald-bay","status":"publish","type":"page","link":"https:\/\/www.emeraldbayhotelnhatrang.com\/vi\/chuong-trinh-khuyen-mai\/goi-tri-lieu-emerald-bay\/","title":{"rendered":"G\u00f3i tr\u1ecb li\u1ec7u Emerald Bay 590.000 VN\u0110"},"content":{"rendered":"<p style=\"text-align: center\">Tr\u1ea3i nghi\u1ec7m s\u1ef1 th\u01b0 gi\u00e3n tinh t\u1ebf v\u1edbi <strong data-start=\"36\" data-end=\"71\">Emerald Bay Signature Treatment<\/strong> \u2013 g\u00f3i tr\u1ecb li\u1ec7u \u0111\u01b0\u1ee3c thi\u1ebft k\u1ebf nh\u1eb1m t\u00e1i t\u1ea1o n\u0103ng l\u01b0\u1ee3ng v\u00e0 c\u00e2n b\u1eb1ng to\u00e0n di\u1ec7n cho c\u01a1 th\u1ec3 l\u1eabn t\u00e2m tr\u00ed. Trong kh\u00f4ng gian spa y\u00ean t\u0129nh v\u00e0 sang tr\u1ecdng, t\u1eebng li\u1ec7u ph\u00e1p \u0111\u01b0\u1ee3c th\u1ef1c hi\u1ec7n t\u1ec9 m\u1ec9 b\u1edfi \u0111\u1ed9i ng\u0169 tr\u1ecb li\u1ec7u vi\u00ean chuy\u00ean nghi\u1ec7p, k\u1ebft h\u1ee3p tinh d\u1ea7u thi\u00ean nhi\u00ean v\u00e0 k\u1ef9 thu\u1eadt massage chuy\u00ean s\u00e2u, gi\u00fap xoa d\u1ecbu c\u0103ng th\u1eb3ng, gi\u1ea3i ph\u00f3ng \u00e1p l\u1ef1c v\u00e0 ph\u1ee5c h\u1ed3i s\u1ee9c s\u1ed1ng t\u1eeb b\u00ean trong.<\/p>\n<p style=\"text-align: center\">\n<p style=\"text-align: center\"><strong>G\u00f3i tr\u1ecb li\u1ec7u Emerald Bay gi\u00e1 590.000 VN\u0110 bao g\u1ed3m:<\/strong><\/p>\n<p style=\"text-align: center\">Th\u01b0 gi\u00e3n L\u01b0ng &#8211; vai &#8211; c\u1ed5 30 ph\u00fat<\/p>\n<p style=\"text-align: center\">Th\u01b0 gi\u00e3n v\u00e0 ch\u0103m s\u00f3c da m\u1eb7t 30 ph\u00fat<\/p>\n<p style=\"text-align: center\">H\u00e3y \u0111\u1ec3 Emerald Spa \u0111\u1ed3ng h\u00e0nh c\u00f9ng b\u1ea1n trong h\u00e0nh tr\u00ecnh ch\u0103m s\u00f3c th\u00e2n t\u00e2m theo c\u00e1ch tinh t\u1ebf nh\u1ea5t.<\/p>\n","protected":false},"excerpt":{"rendered":"<p>Tr\u1ea3i nghi\u1ec7m s\u1ef1 th\u01b0 gi\u00e3n tinh t\u1ebf v\u1edbi Emerald Bay Signature Treatment \u2013 g\u00f3i tr\u1ecb li\u1ec7u \u0111\u01b0\u1ee3c thi\u1ebft k\u1ebf nh\u1eb1m t\u00e1i t\u1ea1o n\u0103ng l\u01b0\u1ee3ng v\u00e0 c\u00e2n b\u1eb1ng to\u00e0n di\u1ec7n cho c\u01a1 th\u1ec3 l\u1eabn t\u00e2m tr\u00ed. Trong kh\u00f4ng gian spa y\u00ean t\u0129nh v\u00e0 sang tr\u1ecdng, t\u1eebng li\u1ec7u ph\u00e1p \u0111\u01b0\u1ee3c th\u1ef1c hi\u1ec7n t\u1ec9 m\u1ec9 b\u1edfi \u0111\u1ed9i ng\u0169 [&hellip;]<\/p>\n","protected":false},"author":270,"featured_media":466,"parent":454,"menu_order":0,"comment_status":"closed","ping_status":"closed","template":"template-single-offer.php","meta":{"footnotes":""},"yoast_head":"<!-- This site is optimized with the Yoast SEO plugin v22.3 - https:\/\/yoast.com\/wordpress\/plugins\/seo\/ -->\n<title>G\u00f3i tr\u1ecb li\u1ec7u Emerald Bay 590.000 VN\u0110 - Emerald Bay Hotel &amp; Spa Nha Trang<\/title>\n<meta name=\"robots\" content=\"index, follow, max-snippet:-1, max-image-preview:large, max-video-preview:-1\" \/>\n<link rel=\"canonical\" href=\"https:\/\/www.emeraldbayhotelnhatrang.com\/vi\/chuong-trinh-khuyen-mai\/goi-tri-lieu-emerald-bay\/\" \/>\n<meta property=\"og:locale\" content=\"vi_VN\" \/>\n<meta property=\"og:type\" content=\"article\" \/>\n<meta property=\"og:title\" content=\"G\u00f3i tr\u1ecb li\u1ec7u Emerald Bay 590.000 VN\u0110 - Emerald Bay Hotel &amp; Spa Nha Trang\" \/>\n<meta property=\"og:description\" content=\"Tr\u1ea3i nghi\u1ec7m s\u1ef1 th\u01b0 gi\u00e3n tinh t\u1ebf v\u1edbi Emerald Bay Signature Treatment \u2013 g\u00f3i tr\u1ecb li\u1ec7u \u0111\u01b0\u1ee3c thi\u1ebft k\u1ebf nh\u1eb1m t\u00e1i t\u1ea1o n\u0103ng l\u01b0\u1ee3ng v\u00e0 c\u00e2n b\u1eb1ng to\u00e0n di\u1ec7n cho c\u01a1 th\u1ec3 l\u1eabn t\u00e2m tr\u00ed. Trong kh\u00f4ng gian spa y\u00ean t\u0129nh v\u00e0 sang tr\u1ecdng, t\u1eebng li\u1ec7u ph\u00e1p \u0111\u01b0\u1ee3c th\u1ef1c hi\u1ec7n t\u1ec9 m\u1ec9 b\u1edfi \u0111\u1ed9i ng\u0169 [&hellip;]\" \/>\n<meta property=\"og:url\" content=\"https:\/\/www.emeraldbayhotelnhatrang.com\/vi\/chuong-trinh-khuyen-mai\/goi-tri-lieu-emerald-bay\/\" \/>\n<meta property=\"og:site_name\" content=\"Emerald Bay Hotel &amp; Spa Nha Trang\" \/>\n<meta property=\"article:modified_time\" content=\"2026-04-23T05:50:13+00:00\" \/>\n<meta property=\"og:image\" content=\"http:\/\/www.emeraldbayhotelnhatrang.com\/wp-content\/uploads\/sites\/145\/2026\/04\/Emerald_125-e1776916614695.jpg\" \/>\n\t<meta property=\"og:image:width\" content=\"2200\" \/>\n\t<meta property=\"og:image:height\" content=\"1045\" \/>\n\t<meta property=\"og:image:type\" content=\"image\/jpeg\" \/>\n<meta name=\"twitter:card\" content=\"summary_large_image\" \/>\n<meta name=\"twitter:label1\" content=\"Est. reading time\" \/>\n\t<meta name=\"twitter:data1\" content=\"1 minute\" \/>\n<script type=\"application\/ld+json\" class=\"yoast-schema-graph\">{\"@context\":\"https:\/\/schema.org\",\"@graph\":[{\"@type\":\"WebPage\",\"@id\":\"https:\/\/www.emeraldbayhotelnhatrang.com\/vi\/chuong-trinh-khuyen-mai\/goi-tri-lieu-emerald-bay\/\",\"url\":\"https:\/\/www.emeraldbayhotelnhatrang.com\/vi\/chuong-trinh-khuyen-mai\/goi-tri-lieu-emerald-bay\/\",\"name\":\"G\u00f3i tr\u1ecb li\u1ec7u Emerald Bay 590.000 VN\u0110 - Emerald Bay Hotel &amp; Spa Nha Trang\",\"isPartOf\":{\"@id\":\"https:\/\/www.emeraldbayhotelnhatrang.com\/vi\/#website\"},\"primaryImageOfPage\":{\"@id\":\"https:\/\/www.emeraldbayhotelnhatrang.com\/vi\/chuong-trinh-khuyen-mai\/goi-tri-lieu-emerald-bay\/#primaryimage\"},\"image\":{\"@id\":\"https:\/\/www.emeraldbayhotelnhatrang.com\/vi\/chuong-trinh-khuyen-mai\/goi-tri-lieu-emerald-bay\/#primaryimage\"},\"thumbnailUrl\":\"https:\/\/www.emeraldbayhotelnhatrang.com\/wp-content\/uploads\/sites\/145\/2026\/04\/Emerald_125-e1776916614695.jpg\",\"datePublished\":\"2026-04-23T05:47:38+00:00\",\"dateModified\":\"2026-04-23T05:50:13+00:00\",\"breadcrumb\":{\"@id\":\"https:\/\/www.emeraldbayhotelnhatrang.com\/vi\/chuong-trinh-khuyen-mai\/goi-tri-lieu-emerald-bay\/#breadcrumb\"},\"inLanguage\":\"vi-VN\",\"potentialAction\":[{\"@type\":\"ReadAction\",\"target\":[\"https:\/\/www.emeraldbayhotelnhatrang.com\/vi\/chuong-trinh-khuyen-mai\/goi-tri-lieu-emerald-bay\/\"]}]},{\"@type\":\"ImageObject\",\"inLanguage\":\"vi-VN\",\"@id\":\"https:\/\/www.emeraldbayhotelnhatrang.com\/vi\/chuong-trinh-khuyen-mai\/goi-tri-lieu-emerald-bay\/#primaryimage\",\"url\":\"https:\/\/www.emeraldbayhotelnhatrang.com\/wp-content\/uploads\/sites\/145\/2026\/04\/Emerald_125-e1776916614695.jpg\",\"contentUrl\":\"https:\/\/www.emeraldbayhotelnhatrang.com\/wp-content\/uploads\/sites\/145\/2026\/04\/Emerald_125-e1776916614695.jpg\",\"width\":2200,\"height\":1045},{\"@type\":\"BreadcrumbList\",\"@id\":\"https:\/\/www.emeraldbayhotelnhatrang.com\/vi\/chuong-trinh-khuyen-mai\/goi-tri-lieu-emerald-bay\/#breadcrumb\",\"itemListElement\":[{\"@type\":\"ListItem\",\"position\":1,\"name\":\"Home\",\"item\":\"https:\/\/www.emeraldbayhotelnhatrang.com\/vi\/\"},{\"@type\":\"ListItem\",\"position\":2,\"name\":\"Ch\u01b0\u01a1ng tr\u00ecnh khuy\u1ebfn m\u00e3i\",\"item\":\"https:\/\/www.emeraldbayhotelnhatrang.com\/vi\/chuong-trinh-khuyen-mai\/\"},{\"@type\":\"ListItem\",\"position\":3,\"name\":\"G\u00f3i tr\u1ecb li\u1ec7u Emerald Bay 590.000 VN\u0110\"}]},{\"@type\":\"WebSite\",\"@id\":\"https:\/\/www.emeraldbayhotelnhatrang.com\/vi\/#website\",\"url\":\"https:\/\/www.emeraldbayhotelnhatrang.com\/vi\/\",\"name\":\"Emerald Bay Hotel &amp; Spa Nha Trang\",\"description\":\"\",\"potentialAction\":[{\"@type\":\"SearchAction\",\"target\":{\"@type\":\"EntryPoint\",\"urlTemplate\":\"https:\/\/www.emeraldbayhotelnhatrang.com\/vi\/?s={search_term_string}\"},\"query-input\":\"required name=search_term_string\"}],\"inLanguage\":\"vi-VN\"}]}<\/script>\n<!-- \/ Yoast SEO plugin. -->","yoast_head_json":{"title":"G\u00f3i tr\u1ecb li\u1ec7u Emerald Bay 590.000 VN\u0110 - Emerald Bay Hotel &amp; Spa Nha Trang","robots":{"index":"index","follow":"follow","max-snippet":"max-snippet:-1","max-image-preview":"max-image-preview:large","max-video-preview":"max-video-preview:-1"},"canonical":"https:\/\/www.emeraldbayhotelnhatrang.com\/vi\/chuong-trinh-khuyen-mai\/goi-tri-lieu-emerald-bay\/","og_locale":"vi_VN","og_type":"article","og_title":"G\u00f3i tr\u1ecb li\u1ec7u Emerald Bay 590.000 VN\u0110 - Emerald Bay Hotel &amp; Spa Nha Trang","og_description":"Tr\u1ea3i nghi\u1ec7m s\u1ef1 th\u01b0 gi\u00e3n tinh t\u1ebf v\u1edbi Emerald Bay Signature Treatment \u2013 g\u00f3i tr\u1ecb li\u1ec7u \u0111\u01b0\u1ee3c thi\u1ebft k\u1ebf nh\u1eb1m t\u00e1i t\u1ea1o n\u0103ng l\u01b0\u1ee3ng v\u00e0 c\u00e2n b\u1eb1ng to\u00e0n di\u1ec7n cho c\u01a1 th\u1ec3 l\u1eabn t\u00e2m tr\u00ed. Trong kh\u00f4ng gian spa y\u00ean t\u0129nh v\u00e0 sang tr\u1ecdng, t\u1eebng li\u1ec7u ph\u00e1p \u0111\u01b0\u1ee3c th\u1ef1c hi\u1ec7n t\u1ec9 m\u1ec9 b\u1edfi \u0111\u1ed9i ng\u0169 [&hellip;]","og_url":"https:\/\/www.emeraldbayhotelnhatrang.com\/vi\/chuong-trinh-khuyen-mai\/goi-tri-lieu-emerald-bay\/","og_site_name":"Emerald Bay Hotel &amp; Spa Nha Trang","article_modified_time":"2026-04-23T05:50:13+00:00","og_image":[{"width":2200,"height":1045,"url":"http:\/\/www.emeraldbayhotelnhatrang.com\/wp-content\/uploads\/sites\/145\/2026\/04\/Emerald_125-e1776916614695.jpg","type":"image\/jpeg"}],"twitter_card":"summary_large_image","twitter_misc":{"Est. reading time":"1 minute"},"schema":{"@context":"https:\/\/schema.org","@graph":[{"@type":"WebPage","@id":"https:\/\/www.emeraldbayhotelnhatrang.com\/vi\/chuong-trinh-khuyen-mai\/goi-tri-lieu-emerald-bay\/","url":"https:\/\/www.emeraldbayhotelnhatrang.com\/vi\/chuong-trinh-khuyen-mai\/goi-tri-lieu-emerald-bay\/","name":"G\u00f3i tr\u1ecb li\u1ec7u Emerald Bay 590.000 VN\u0110 - Emerald Bay Hotel &amp; Spa Nha Trang","isPartOf":{"@id":"https:\/\/www.emeraldbayhotelnhatrang.com\/vi\/#website"},"primaryImageOfPage":{"@id":"https:\/\/www.emeraldbayhotelnhatrang.com\/vi\/chuong-trinh-khuyen-mai\/goi-tri-lieu-emerald-bay\/#primaryimage"},"image":{"@id":"https:\/\/www.emeraldbayhotelnhatrang.com\/vi\/chuong-trinh-khuyen-mai\/goi-tri-lieu-emerald-bay\/#primaryimage"},"thumbnailUrl":"https:\/\/www.emeraldbayhotelnhatrang.com\/wp-content\/uploads\/sites\/145\/2026\/04\/Emerald_125-e1776916614695.jpg","datePublished":"2026-04-23T05:47:38+00:00","dateModified":"2026-04-23T05:50:13+00:00","breadcrumb":{"@id":"https:\/\/www.emeraldbayhotelnhatrang.com\/vi\/chuong-trinh-khuyen-mai\/goi-tri-lieu-emerald-bay\/#breadcrumb"},"inLanguage":"vi-VN","potentialAction":[{"@type":"ReadAction","target":["https:\/\/www.emeraldbayhotelnhatrang.com\/vi\/chuong-trinh-khuyen-mai\/goi-tri-lieu-emerald-bay\/"]}]},{"@type":"ImageObject","inLanguage":"vi-VN","@id":"https:\/\/www.emeraldbayhotelnhatrang.com\/vi\/chuong-trinh-khuyen-mai\/goi-tri-lieu-emerald-bay\/#primaryimage","url":"https:\/\/www.emeraldbayhotelnhatrang.com\/wp-content\/uploads\/sites\/145\/2026\/04\/Emerald_125-e1776916614695.jpg","contentUrl":"https:\/\/www.emeraldbayhotelnhatrang.com\/wp-content\/uploads\/sites\/145\/2026\/04\/Emerald_125-e1776916614695.jpg","width":2200,"height":1045},{"@type":"BreadcrumbList","@id":"https:\/\/www.emeraldbayhotelnhatrang.com\/vi\/chuong-trinh-khuyen-mai\/goi-tri-lieu-emerald-bay\/#breadcrumb","itemListElement":[{"@type":"ListItem","position":1,"name":"Home","item":"https:\/\/www.emeraldbayhotelnhatrang.com\/vi\/"},{"@type":"ListItem","position":2,"name":"Ch\u01b0\u01a1ng tr\u00ecnh khuy\u1ebfn m\u00e3i","item":"https:\/\/www.emeraldbayhotelnhatrang.com\/vi\/chuong-trinh-khuyen-mai\/"},{"@type":"ListItem","position":3,"name":"G\u00f3i tr\u1ecb li\u1ec7u Emerald Bay 590.000 VN\u0110"}]},{"@type":"WebSite","@id":"https:\/\/www.emeraldbayhotelnhatrang.com\/vi\/#website","url":"https:\/\/www.emeraldbayhotelnhatrang.com\/vi\/","name":"Emerald Bay Hotel &amp; Spa Nha Trang","description":"","potentialAction":[{"@type":"SearchAction","target":{"@type":"EntryPoint","urlTemplate":"https:\/\/www.emeraldbayhotelnhatrang.com\/vi\/?s={search_term_string}"},"query-input":"required name=search_term_string"}],"inLanguage":"vi-VN"}]}},"acf":[],"_links":{"self":[{"href":"https:\/\/www.emeraldbayhotelnhatrang.com\/vi\/wp-json\/wp\/v2\/pages\/518"}],"collection":[{"href":"https:\/\/www.emeraldbayhotelnhatrang.com\/vi\/wp-json\/wp\/v2\/pages"}],"about":[{"href":"https:\/\/www.emeraldbayhotelnhatrang.com\/vi\/wp-json\/wp\/v2\/types\/page"}],"author":[{"embeddable":true,"href":"https:\/\/www.emeraldbayhotelnhatrang.com\/vi\/wp-json\/wp\/v2\/users\/270"}],"replies":[{"embeddable":true,"href":"https:\/\/www.emeraldbayhotelnhatrang.com\/vi\/wp-json\/wp\/v2\/comments?post=518"}],"version-history":[{"count":0,"href":"https:\/\/www.emeraldbayhotelnhatrang.com\/vi\/wp-json\/wp\/v2\/pages\/518\/revisions"}],"up":[{"embeddable":true,"href":"https:\/\/www.emeraldbayhotelnhatrang.com\/vi\/wp-json\/wp\/v2\/pages\/454"}],"wp:featuredmedia":[{"embeddable":true,"href":"https:\/\/www.emeraldbayhotelnhatrang.com\/vi\/wp-json\/wp\/v2\/media\/466"}],"wp:attachment":[{"href":"https:\/\/www.emeraldbayhotelnhatrang.com\/vi\/wp-json\/wp\/v2\/media?parent=518"}],"curies":[{"name":"wp","href":"https:\/\/api.w.org\/{rel}","templated":true}]}}