{"id":517,"date":"2026-04-23T05:41:53","date_gmt":"2026-04-23T05:41:53","guid":{"rendered":"https:\/\/www.emeraldbayhotelnhatrang.com\/?page_id=517"},"modified":"2026-04-23T05:46:42","modified_gmt":"2026-04-23T05:46:42","slug":"goi-tri-lieu-thien-duong-tinh-yeu","status":"publish","type":"page","link":"https:\/\/www.emeraldbayhotelnhatrang.com\/vi\/chuong-trinh-khuyen-mai\/goi-tri-lieu-thien-duong-tinh-yeu\/","title":{"rendered":"G\u00f3i tr\u1ecb li\u1ec7u Thi\u00ean \u0111\u01b0\u1eddng t\u00ecnh y\u00eau 790.000 VN\u0110"},"content":{"rendered":"<div class=\"xdj266r x14z9mp xat24cr x1lziwak x1vvkbs x126k92a\">\n<div dir=\"auto\" style=\"text-align: center\">\u01afU \u0110\u00c3I SPA \u0110\u1eb6C BI\u1ec6T &#8211; G\u00d3I TR\u1eca LI\u1ec6U \u201cTHI\u00caN \u0110\u01af\u1edcNG T\u00ccNH Y\u00caU\u201d<\/div>\n<div dir=\"auto\"><\/div>\n<\/div>\n<div class=\"x14z9mp xat24cr x1lziwak x1vvkbs xtlvy1s x126k92a\" style=\"text-align: center\">\n<div dir=\"auto\">\u0110\u1ec3 k\u1ef3 ngh\u1ec9 th\u00eam tr\u1ecdn v\u1eb9n v\u00e0 nh\u1eb9 nh\u00e0ng h\u01a1n, Emerald Bay Hotel &amp; Spa Nha Trang mang \u0111\u1ebfn li\u1ec7u tr\u00ecnh spa 120 ph\u00fat gi\u00fap c\u01a1 th\u1ec3 ph\u1ee5c h\u1ed3i n\u0103ng l\u01b0\u1ee3ng chuy\u00ean s\u00e2u.<\/div>\n<\/div>\n<div class=\"x14z9mp xat24cr x1lziwak x1vvkbs xtlvy1s x126k92a\" style=\"text-align: center\">\n<div dir=\"auto\"><strong>GI\u00c1 CH\u1ec8 790.000 VND NET\/PAX<\/strong><\/div>\n<div dir=\"auto\"><\/div>\n<div dir=\"auto\">Li\u1ec7u tr\u00ecnh bao g\u1ed3m:<\/div>\n<div dir=\"auto\"><span class=\"html-span xexx8yu xyri2b x18d9i69 x1c1uobl x1hl2dhg x16tdsg8 x1vvkbs x3nfvp2 x1j61x8r x1fcty0u xdj266r xat24cr xm2jcoa x1mpyi22 xxymvpz xlup9mm x1kky2od\"><img loading=\"lazy\" decoding=\"async\" class=\"xz74otr x15mokao x1ga7v0g x16uus16 xbiv7yw\" src=\"https:\/\/static.xx.fbcdn.net\/images\/emoji.php\/v9\/tf4\/1\/16\/2728.png\" alt=\"\u2728\" width=\"16\" height=\"16\" \/><\/span> 60 ph\u00fat ch\u0103m s\u00f3c da m\u1eb7t chuy\u00ean s\u00e2u, d\u01b0\u1ee1ng l\u00e0n da v\u00e0 mang l\u1ea1i c\u1ea3m gi\u00e1c d\u1ec5 ch\u1ecbu t\u1ef1 nhi\u00ean.<\/div>\n<div dir=\"auto\"><span class=\"html-span xexx8yu xyri2b x18d9i69 x1c1uobl x1hl2dhg x16tdsg8 x1vvkbs x3nfvp2 x1j61x8r x1fcty0u xdj266r xat24cr xm2jcoa x1mpyi22 xxymvpz xlup9mm x1kky2od\"><img loading=\"lazy\" decoding=\"async\" class=\"xz74otr x15mokao x1ga7v0g x16uus16 xbiv7yw\" src=\"https:\/\/static.xx.fbcdn.net\/images\/emoji.php\/v9\/tf4\/1\/16\/2728.png\" alt=\"\u2728\" width=\"16\" height=\"16\" \/><\/span> 60 ph\u00fat tr\u1ecb li\u1ec7u c\u01a1 th\u1ec3 v\u1edbi tinh d\u1ea7u thi\u00ean nhi\u00ean, gi\u00fap th\u01b0 gi\u00e3n t\u1eebng nh\u00f3m c\u01a1 v\u00e0 t\u00e1i t\u1ea1o ngu\u1ed3n n\u0103ng l\u01b0\u1ee3ng t\u00edch c\u1ef1c.<\/div>\n<\/div>\n<div class=\"x14z9mp xat24cr x1lziwak x1vvkbs xtlvy1s x126k92a\" style=\"text-align: center\">\n<div dir=\"auto\">Kh\u00f4ng gian spa ri\u00eang t\u01b0, y\u00ean t\u0129nh c\u00f9ng li\u1ec7u tr\u00ecnh \u0111\u01b0\u1ee3c th\u1ef1c hi\u1ec7n b\u1edfi \u0111\u1ed9i ng\u0169 chuy\u00ean nghi\u1ec7p s\u1ebd mang \u0111\u1ebfn nh\u1eefng ph\u00fat gi\u00e2y th\u01b0 gi\u00e3n l\u00fd t\u01b0\u1edfng,<\/div>\n<\/div>\n<div class=\"x14z9mp xat24cr x1lziwak x1vvkbs xtlvy1s x126k92a\">\n<div dir=\"auto\" style=\"text-align: center\">Li\u00ean h\u1ec7 \u0111\u1eb7t l\u1ecbch s\u1edbm \u0111\u1ec3 kh\u00f4ng b\u1ecf l\u1ee1 \u01b0u \u0111\u00e3i h\u1ea5p d\u1eabn n\u00e0y.<\/div>\n<\/div>\n","protected":false},"excerpt":{"rendered":"<p>\u01afU \u0110\u00c3I SPA \u0110\u1eb6C BI\u1ec6T &#8211; G\u00d3I TR\u1eca LI\u1ec6U \u201cTHI\u00caN \u0110\u01af\u1edcNG T\u00ccNH Y\u00caU\u201d \u0110\u1ec3 k\u1ef3 ngh\u1ec9 th\u00eam tr\u1ecdn v\u1eb9n v\u00e0 nh\u1eb9 nh\u00e0ng h\u01a1n, Emerald Bay Hotel &amp; Spa Nha Trang mang \u0111\u1ebfn li\u1ec7u tr\u00ecnh spa 120 ph\u00fat gi\u00fap c\u01a1 th\u1ec3 ph\u1ee5c h\u1ed3i n\u0103ng l\u01b0\u1ee3ng chuy\u00ean s\u00e2u. GI\u00c1 CH\u1ec8 790.000 VND NET\/PAX Li\u1ec7u tr\u00ecnh bao g\u1ed3m: [&hellip;]<\/p>\n","protected":false},"author":270,"featured_media":467,"parent":454,"menu_order":0,"comment_status":"closed","ping_status":"closed","template":"template-single-offer.php","meta":{"footnotes":""},"yoast_head":"<!-- This site is optimized with the Yoast SEO plugin v22.3 - https:\/\/yoast.com\/wordpress\/plugins\/seo\/ -->\n<title>G\u00f3i tr\u1ecb li\u1ec7u Thi\u00ean \u0111\u01b0\u1eddng t\u00ecnh y\u00eau 790.000 VN\u0110 - Emerald Bay Hotel &amp; Spa Nha Trang<\/title>\n<meta name=\"robots\" content=\"index, follow, max-snippet:-1, max-image-preview:large, max-video-preview:-1\" \/>\n<link rel=\"canonical\" href=\"https:\/\/www.emeraldbayhotelnhatrang.com\/vi\/chuong-trinh-khuyen-mai\/goi-tri-lieu-thien-duong-tinh-yeu\/\" \/>\n<meta property=\"og:locale\" content=\"vi_VN\" \/>\n<meta property=\"og:type\" content=\"article\" \/>\n<meta property=\"og:title\" content=\"G\u00f3i tr\u1ecb li\u1ec7u Thi\u00ean \u0111\u01b0\u1eddng t\u00ecnh y\u00eau 790.000 VN\u0110 - Emerald Bay Hotel &amp; Spa Nha Trang\" \/>\n<meta property=\"og:description\" content=\"\u01afU \u0110\u00c3I SPA \u0110\u1eb6C BI\u1ec6T &#8211; G\u00d3I TR\u1eca LI\u1ec6U \u201cTHI\u00caN \u0110\u01af\u1edcNG T\u00ccNH Y\u00caU\u201d \u0110\u1ec3 k\u1ef3 ngh\u1ec9 th\u00eam tr\u1ecdn v\u1eb9n v\u00e0 nh\u1eb9 nh\u00e0ng h\u01a1n, Emerald Bay Hotel &amp; Spa Nha Trang mang \u0111\u1ebfn li\u1ec7u tr\u00ecnh spa 120 ph\u00fat gi\u00fap c\u01a1 th\u1ec3 ph\u1ee5c h\u1ed3i n\u0103ng l\u01b0\u1ee3ng chuy\u00ean s\u00e2u. GI\u00c1 CH\u1ec8 790.000 VND NET\/PAX Li\u1ec7u tr\u00ecnh bao g\u1ed3m: [&hellip;]\" \/>\n<meta property=\"og:url\" content=\"https:\/\/www.emeraldbayhotelnhatrang.com\/vi\/chuong-trinh-khuyen-mai\/goi-tri-lieu-thien-duong-tinh-yeu\/\" \/>\n<meta property=\"og:site_name\" content=\"Emerald Bay Hotel &amp; Spa Nha Trang\" \/>\n<meta property=\"article:modified_time\" content=\"2026-04-23T05:46:42+00:00\" \/>\n<meta property=\"og:image\" content=\"http:\/\/www.emeraldbayhotelnhatrang.com\/wp-content\/uploads\/sites\/145\/2026\/04\/ST_05630-HDR.jpg\" \/>\n\t<meta property=\"og:image:width\" content=\"2200\" \/>\n\t<meta property=\"og:image:height\" content=\"1467\" \/>\n\t<meta property=\"og:image:type\" content=\"image\/jpeg\" \/>\n<meta name=\"twitter:card\" content=\"summary_large_image\" \/>\n<meta name=\"twitter:label1\" content=\"Est. reading time\" \/>\n\t<meta name=\"twitter:data1\" content=\"2 minutes\" \/>\n<script type=\"application\/ld+json\" class=\"yoast-schema-graph\">{\"@context\":\"https:\/\/schema.org\",\"@graph\":[{\"@type\":\"WebPage\",\"@id\":\"https:\/\/www.emeraldbayhotelnhatrang.com\/vi\/chuong-trinh-khuyen-mai\/goi-tri-lieu-thien-duong-tinh-yeu\/\",\"url\":\"https:\/\/www.emeraldbayhotelnhatrang.com\/vi\/chuong-trinh-khuyen-mai\/goi-tri-lieu-thien-duong-tinh-yeu\/\",\"name\":\"G\u00f3i tr\u1ecb li\u1ec7u Thi\u00ean \u0111\u01b0\u1eddng t\u00ecnh y\u00eau 790.000 VN\u0110 - Emerald Bay Hotel &amp; Spa Nha Trang\",\"isPartOf\":{\"@id\":\"https:\/\/www.emeraldbayhotelnhatrang.com\/vi\/#website\"},\"primaryImageOfPage\":{\"@id\":\"https:\/\/www.emeraldbayhotelnhatrang.com\/vi\/chuong-trinh-khuyen-mai\/goi-tri-lieu-thien-duong-tinh-yeu\/#primaryimage\"},\"image\":{\"@id\":\"https:\/\/www.emeraldbayhotelnhatrang.com\/vi\/chuong-trinh-khuyen-mai\/goi-tri-lieu-thien-duong-tinh-yeu\/#primaryimage\"},\"thumbnailUrl\":\"https:\/\/www.emeraldbayhotelnhatrang.com\/wp-content\/uploads\/sites\/145\/2026\/04\/ST_05630-HDR.jpg\",\"datePublished\":\"2026-04-23T05:41:53+00:00\",\"dateModified\":\"2026-04-23T05:46:42+00:00\",\"breadcrumb\":{\"@id\":\"https:\/\/www.emeraldbayhotelnhatrang.com\/vi\/chuong-trinh-khuyen-mai\/goi-tri-lieu-thien-duong-tinh-yeu\/#breadcrumb\"},\"inLanguage\":\"vi-VN\",\"potentialAction\":[{\"@type\":\"ReadAction\",\"target\":[\"https:\/\/www.emeraldbayhotelnhatrang.com\/vi\/chuong-trinh-khuyen-mai\/goi-tri-lieu-thien-duong-tinh-yeu\/\"]}]},{\"@type\":\"ImageObject\",\"inLanguage\":\"vi-VN\",\"@id\":\"https:\/\/www.emeraldbayhotelnhatrang.com\/vi\/chuong-trinh-khuyen-mai\/goi-tri-lieu-thien-duong-tinh-yeu\/#primaryimage\",\"url\":\"https:\/\/www.emeraldbayhotelnhatrang.com\/wp-content\/uploads\/sites\/145\/2026\/04\/ST_05630-HDR.jpg\",\"contentUrl\":\"https:\/\/www.emeraldbayhotelnhatrang.com\/wp-content\/uploads\/sites\/145\/2026\/04\/ST_05630-HDR.jpg\",\"width\":2200,\"height\":1467},{\"@type\":\"BreadcrumbList\",\"@id\":\"https:\/\/www.emeraldbayhotelnhatrang.com\/vi\/chuong-trinh-khuyen-mai\/goi-tri-lieu-thien-duong-tinh-yeu\/#breadcrumb\",\"itemListElement\":[{\"@type\":\"ListItem\",\"position\":1,\"name\":\"Home\",\"item\":\"https:\/\/www.emeraldbayhotelnhatrang.com\/vi\/\"},{\"@type\":\"ListItem\",\"position\":2,\"name\":\"Ch\u01b0\u01a1ng tr\u00ecnh khuy\u1ebfn m\u00e3i\",\"item\":\"https:\/\/www.emeraldbayhotelnhatrang.com\/vi\/chuong-trinh-khuyen-mai\/\"},{\"@type\":\"ListItem\",\"position\":3,\"name\":\"G\u00f3i tr\u1ecb li\u1ec7u Thi\u00ean \u0111\u01b0\u1eddng t\u00ecnh y\u00eau 790.000 VN\u0110\"}]},{\"@type\":\"WebSite\",\"@id\":\"https:\/\/www.emeraldbayhotelnhatrang.com\/vi\/#website\",\"url\":\"https:\/\/www.emeraldbayhotelnhatrang.com\/vi\/\",\"name\":\"Emerald Bay Hotel &amp; Spa Nha Trang\",\"description\":\"\",\"potentialAction\":[{\"@type\":\"SearchAction\",\"target\":{\"@type\":\"EntryPoint\",\"urlTemplate\":\"https:\/\/www.emeraldbayhotelnhatrang.com\/vi\/?s={search_term_string}\"},\"query-input\":\"required name=search_term_string\"}],\"inLanguage\":\"vi-VN\"}]}<\/script>\n<!-- \/ Yoast SEO plugin. -->","yoast_head_json":{"title":"G\u00f3i tr\u1ecb li\u1ec7u Thi\u00ean \u0111\u01b0\u1eddng t\u00ecnh y\u00eau 790.000 VN\u0110 - Emerald Bay Hotel &amp; Spa Nha Trang","robots":{"index":"index","follow":"follow","max-snippet":"max-snippet:-1","max-image-preview":"max-image-preview:large","max-video-preview":"max-video-preview:-1"},"canonical":"https:\/\/www.emeraldbayhotelnhatrang.com\/vi\/chuong-trinh-khuyen-mai\/goi-tri-lieu-thien-duong-tinh-yeu\/","og_locale":"vi_VN","og_type":"article","og_title":"G\u00f3i tr\u1ecb li\u1ec7u Thi\u00ean \u0111\u01b0\u1eddng t\u00ecnh y\u00eau 790.000 VN\u0110 - Emerald Bay Hotel &amp; Spa Nha Trang","og_description":"\u01afU \u0110\u00c3I SPA \u0110\u1eb6C BI\u1ec6T &#8211; G\u00d3I TR\u1eca LI\u1ec6U \u201cTHI\u00caN \u0110\u01af\u1edcNG T\u00ccNH Y\u00caU\u201d \u0110\u1ec3 k\u1ef3 ngh\u1ec9 th\u00eam tr\u1ecdn v\u1eb9n v\u00e0 nh\u1eb9 nh\u00e0ng h\u01a1n, Emerald Bay Hotel &amp; Spa Nha Trang mang \u0111\u1ebfn li\u1ec7u tr\u00ecnh spa 120 ph\u00fat gi\u00fap c\u01a1 th\u1ec3 ph\u1ee5c h\u1ed3i n\u0103ng l\u01b0\u1ee3ng chuy\u00ean s\u00e2u. GI\u00c1 CH\u1ec8 790.000 VND NET\/PAX Li\u1ec7u tr\u00ecnh bao g\u1ed3m: [&hellip;]","og_url":"https:\/\/www.emeraldbayhotelnhatrang.com\/vi\/chuong-trinh-khuyen-mai\/goi-tri-lieu-thien-duong-tinh-yeu\/","og_site_name":"Emerald Bay Hotel &amp; Spa Nha Trang","article_modified_time":"2026-04-23T05:46:42+00:00","og_image":[{"width":2200,"height":1467,"url":"http:\/\/www.emeraldbayhotelnhatrang.com\/wp-content\/uploads\/sites\/145\/2026\/04\/ST_05630-HDR.jpg","type":"image\/jpeg"}],"twitter_card":"summary_large_image","twitter_misc":{"Est. reading time":"2 minutes"},"schema":{"@context":"https:\/\/schema.org","@graph":[{"@type":"WebPage","@id":"https:\/\/www.emeraldbayhotelnhatrang.com\/vi\/chuong-trinh-khuyen-mai\/goi-tri-lieu-thien-duong-tinh-yeu\/","url":"https:\/\/www.emeraldbayhotelnhatrang.com\/vi\/chuong-trinh-khuyen-mai\/goi-tri-lieu-thien-duong-tinh-yeu\/","name":"G\u00f3i tr\u1ecb li\u1ec7u Thi\u00ean \u0111\u01b0\u1eddng t\u00ecnh y\u00eau 790.000 VN\u0110 - Emerald Bay Hotel &amp; Spa Nha Trang","isPartOf":{"@id":"https:\/\/www.emeraldbayhotelnhatrang.com\/vi\/#website"},"primaryImageOfPage":{"@id":"https:\/\/www.emeraldbayhotelnhatrang.com\/vi\/chuong-trinh-khuyen-mai\/goi-tri-lieu-thien-duong-tinh-yeu\/#primaryimage"},"image":{"@id":"https:\/\/www.emeraldbayhotelnhatrang.com\/vi\/chuong-trinh-khuyen-mai\/goi-tri-lieu-thien-duong-tinh-yeu\/#primaryimage"},"thumbnailUrl":"https:\/\/www.emeraldbayhotelnhatrang.com\/wp-content\/uploads\/sites\/145\/2026\/04\/ST_05630-HDR.jpg","datePublished":"2026-04-23T05:41:53+00:00","dateModified":"2026-04-23T05:46:42+00:00","breadcrumb":{"@id":"https:\/\/www.emeraldbayhotelnhatrang.com\/vi\/chuong-trinh-khuyen-mai\/goi-tri-lieu-thien-duong-tinh-yeu\/#breadcrumb"},"inLanguage":"vi-VN","potentialAction":[{"@type":"ReadAction","target":["https:\/\/www.emeraldbayhotelnhatrang.com\/vi\/chuong-trinh-khuyen-mai\/goi-tri-lieu-thien-duong-tinh-yeu\/"]}]},{"@type":"ImageObject","inLanguage":"vi-VN","@id":"https:\/\/www.emeraldbayhotelnhatrang.com\/vi\/chuong-trinh-khuyen-mai\/goi-tri-lieu-thien-duong-tinh-yeu\/#primaryimage","url":"https:\/\/www.emeraldbayhotelnhatrang.com\/wp-content\/uploads\/sites\/145\/2026\/04\/ST_05630-HDR.jpg","contentUrl":"https:\/\/www.emeraldbayhotelnhatrang.com\/wp-content\/uploads\/sites\/145\/2026\/04\/ST_05630-HDR.jpg","width":2200,"height":1467},{"@type":"BreadcrumbList","@id":"https:\/\/www.emeraldbayhotelnhatrang.com\/vi\/chuong-trinh-khuyen-mai\/goi-tri-lieu-thien-duong-tinh-yeu\/#breadcrumb","itemListElement":[{"@type":"ListItem","position":1,"name":"Home","item":"https:\/\/www.emeraldbayhotelnhatrang.com\/vi\/"},{"@type":"ListItem","position":2,"name":"Ch\u01b0\u01a1ng tr\u00ecnh khuy\u1ebfn m\u00e3i","item":"https:\/\/www.emeraldbayhotelnhatrang.com\/vi\/chuong-trinh-khuyen-mai\/"},{"@type":"ListItem","position":3,"name":"G\u00f3i tr\u1ecb li\u1ec7u Thi\u00ean \u0111\u01b0\u1eddng t\u00ecnh y\u00eau 790.000 VN\u0110"}]},{"@type":"WebSite","@id":"https:\/\/www.emeraldbayhotelnhatrang.com\/vi\/#website","url":"https:\/\/www.emeraldbayhotelnhatrang.com\/vi\/","name":"Emerald Bay Hotel &amp; Spa Nha Trang","description":"","potentialAction":[{"@type":"SearchAction","target":{"@type":"EntryPoint","urlTemplate":"https:\/\/www.emeraldbayhotelnhatrang.com\/vi\/?s={search_term_string}"},"query-input":"required name=search_term_string"}],"inLanguage":"vi-VN"}]}},"acf":[],"_links":{"self":[{"href":"https:\/\/www.emeraldbayhotelnhatrang.com\/vi\/wp-json\/wp\/v2\/pages\/517"}],"collection":[{"href":"https:\/\/www.emeraldbayhotelnhatrang.com\/vi\/wp-json\/wp\/v2\/pages"}],"about":[{"href":"https:\/\/www.emeraldbayhotelnhatrang.com\/vi\/wp-json\/wp\/v2\/types\/page"}],"author":[{"embeddable":true,"href":"https:\/\/www.emeraldbayhotelnhatrang.com\/vi\/wp-json\/wp\/v2\/users\/270"}],"replies":[{"embeddable":true,"href":"https:\/\/www.emeraldbayhotelnhatrang.com\/vi\/wp-json\/wp\/v2\/comments?post=517"}],"version-history":[{"count":0,"href":"https:\/\/www.emeraldbayhotelnhatrang.com\/vi\/wp-json\/wp\/v2\/pages\/517\/revisions"}],"up":[{"embeddable":true,"href":"https:\/\/www.emeraldbayhotelnhatrang.com\/vi\/wp-json\/wp\/v2\/pages\/454"}],"wp:featuredmedia":[{"embeddable":true,"href":"https:\/\/www.emeraldbayhotelnhatrang.com\/vi\/wp-json\/wp\/v2\/media\/467"}],"wp:attachment":[{"href":"https:\/\/www.emeraldbayhotelnhatrang.com\/vi\/wp-json\/wp\/v2\/media?parent=517"}],"curies":[{"name":"wp","href":"https:\/\/api.w.org\/{rel}","templated":true}]}}