{"id":514,"date":"2026-04-23T05:38:03","date_gmt":"2026-04-23T05:38:03","guid":{"rendered":"https:\/\/www.emeraldbayhotelnhatrang.com\/?page_id=514"},"modified":"2026-04-23T05:41:09","modified_gmt":"2026-04-23T05:41:09","slug":"goi-tri-lieu-giai-dieu-viet","status":"publish","type":"page","link":"https:\/\/www.emeraldbayhotelnhatrang.com\/vi\/chuong-trinh-khuyen-mai\/goi-tri-lieu-giai-dieu-viet\/","title":{"rendered":"G\u00f3i tr\u1ecb li\u1ec7u Giai \u0111i\u1ec7u Vi\u1ec7t 690.000 VN\u0110"},"content":{"rendered":"<p style=\"text-align: center\">D\u00e0nh t\u1eb7ng b\u1ea3n th\u00e2n nh\u1eefng ph\u00fat gi\u00e2y th\u01b0 gi\u00e3n tr\u1ecdn v\u1eb9n v\u1edbi g\u00f3i tr\u1ecb li\u1ec7u \u201cGiai \u0111i\u1ec7u Vi\u1ec7t\u201d \u2013 li\u1ec7u ph\u00e1p ch\u0103m s\u00f3c s\u1ee9c kh\u1ecfe c\u1ed5 truy\u1ec1n \u0111\u01b0\u1ee3c k\u1ebft h\u1ee3p c\u00f9ng kh\u00f4ng gian an y\u00ean, gi\u00fap t\u00e2m tr\u00ed v\u00e0 c\u01a1 th\u1ec3 t\u00ecm l\u1ea1i s\u1ef1 c\u00e2n b\u1eb1ng t\u1eeb b\u00ean trong.<br \/>\n<strong>Li\u1ec7u tr\u00ecnh 90 ph\u00fat v\u1edbi m\u1ee9c gi\u00e1 \u01b0u \u0111\u00e3i ch\u1ec9 t\u1eeb \ud835\udfd4\ud835\udfd7\ud835\udfce.\ud835\udfce\ud835\udfce\ud835\udfce VN\u0110\/kh\u00e1ch, bao g\u1ed3m c\u00e1c b\u01b0\u1edbc:<\/strong><br \/>\n\u2022 Massage body to\u00e0n th\u00e2n v\u1edbi tinh d\u1ea7u thi\u00ean nhi\u00ean, xoa d\u1ecbu c\u01a1 th\u1ec3 m\u1ec7t m\u1ecfi.<br \/>\n\u2022 Ch\u0103m s\u00f3c v\u00e0 gi\u00e3n c\u01a1 chuy\u00ean s\u00e2u v\u00f9ng c\u1ed5 \u2013 vai \u2013 g\u00e1y.<br \/>\n\u2022 Ch\u01b0\u1eddm \u0111\u00e1 n\u00f3ng v\u00f9ng l\u01b0ng, gi\u1ea3i t\u1ecfa c\u0103ng th\u1eb3ng t\u00edch t\u1ee5.<br \/>\n\u2022 Th\u01b0 gi\u00e3n nh\u1eb9 nh\u00e0ng v\u1edbi tr\u00e0 sen thanh khi\u1ebft sau li\u1ec7u tr\u00ecnh.<\/p>\n<p style=\"text-align: center\">H\u00e3y \u0111\u1ec3 Emerald Spa \u0111\u1ed3ng h\u00e0nh c\u00f9ng b\u1ea1n trong h\u00e0nh tr\u00ecnh ch\u0103m s\u00f3c th\u00e2n t\u00e2m theo c\u00e1ch tinh t\u1ebf nh\u1ea5t.<br \/>\nd\u1ecbch<\/p>\n","protected":false},"excerpt":{"rendered":"<p>D\u00e0nh t\u1eb7ng b\u1ea3n th\u00e2n nh\u1eefng ph\u00fat gi\u00e2y th\u01b0 gi\u00e3n tr\u1ecdn v\u1eb9n v\u1edbi g\u00f3i tr\u1ecb li\u1ec7u \u201cGiai \u0111i\u1ec7u Vi\u1ec7t\u201d \u2013 li\u1ec7u ph\u00e1p ch\u0103m s\u00f3c s\u1ee9c kh\u1ecfe c\u1ed5 truy\u1ec1n \u0111\u01b0\u1ee3c k\u1ebft h\u1ee3p c\u00f9ng kh\u00f4ng gian an y\u00ean, gi\u00fap t\u00e2m tr\u00ed v\u00e0 c\u01a1 th\u1ec3 t\u00ecm l\u1ea1i s\u1ef1 c\u00e2n b\u1eb1ng t\u1eeb b\u00ean trong. Li\u1ec7u tr\u00ecnh 90 ph\u00fat v\u1edbi m\u1ee9c [&hellip;]<\/p>\n","protected":false},"author":270,"featured_media":470,"parent":454,"menu_order":0,"comment_status":"closed","ping_status":"closed","template":"template-single-offer.php","meta":{"footnotes":""},"yoast_head":"<!-- This site is optimized with the Yoast SEO plugin v22.3 - https:\/\/yoast.com\/wordpress\/plugins\/seo\/ -->\n<title>G\u00f3i tr\u1ecb li\u1ec7u Giai \u0111i\u1ec7u Vi\u1ec7t 690.000 VN\u0110 - Emerald Bay Hotel &amp; Spa Nha Trang<\/title>\n<meta name=\"robots\" content=\"index, follow, max-snippet:-1, max-image-preview:large, max-video-preview:-1\" \/>\n<link rel=\"canonical\" href=\"https:\/\/www.emeraldbayhotelnhatrang.com\/vi\/chuong-trinh-khuyen-mai\/goi-tri-lieu-giai-dieu-viet\/\" \/>\n<meta property=\"og:locale\" content=\"vi_VN\" \/>\n<meta property=\"og:type\" content=\"article\" \/>\n<meta property=\"og:title\" content=\"G\u00f3i tr\u1ecb li\u1ec7u Giai \u0111i\u1ec7u Vi\u1ec7t 690.000 VN\u0110 - Emerald Bay Hotel &amp; Spa Nha Trang\" \/>\n<meta property=\"og:description\" content=\"D\u00e0nh t\u1eb7ng b\u1ea3n th\u00e2n nh\u1eefng ph\u00fat gi\u00e2y th\u01b0 gi\u00e3n tr\u1ecdn v\u1eb9n v\u1edbi g\u00f3i tr\u1ecb li\u1ec7u \u201cGiai \u0111i\u1ec7u Vi\u1ec7t\u201d \u2013 li\u1ec7u ph\u00e1p ch\u0103m s\u00f3c s\u1ee9c kh\u1ecfe c\u1ed5 truy\u1ec1n \u0111\u01b0\u1ee3c k\u1ebft h\u1ee3p c\u00f9ng kh\u00f4ng gian an y\u00ean, gi\u00fap t\u00e2m tr\u00ed v\u00e0 c\u01a1 th\u1ec3 t\u00ecm l\u1ea1i s\u1ef1 c\u00e2n b\u1eb1ng t\u1eeb b\u00ean trong. Li\u1ec7u tr\u00ecnh 90 ph\u00fat v\u1edbi m\u1ee9c [&hellip;]\" \/>\n<meta property=\"og:url\" content=\"https:\/\/www.emeraldbayhotelnhatrang.com\/vi\/chuong-trinh-khuyen-mai\/goi-tri-lieu-giai-dieu-viet\/\" \/>\n<meta property=\"og:site_name\" content=\"Emerald Bay Hotel &amp; Spa Nha Trang\" \/>\n<meta property=\"article:modified_time\" content=\"2026-04-23T05:41:09+00:00\" \/>\n<meta property=\"og:image\" content=\"http:\/\/www.emeraldbayhotelnhatrang.com\/wp-content\/uploads\/sites\/145\/2026\/04\/ST_05695.jpg\" \/>\n\t<meta property=\"og:image:width\" content=\"1467\" \/>\n\t<meta property=\"og:image:height\" content=\"2200\" \/>\n\t<meta property=\"og:image:type\" content=\"image\/jpeg\" \/>\n<meta name=\"twitter:card\" content=\"summary_large_image\" \/>\n<meta name=\"twitter:label1\" content=\"Est. reading time\" \/>\n\t<meta name=\"twitter:data1\" content=\"1 minute\" \/>\n<script type=\"application\/ld+json\" class=\"yoast-schema-graph\">{\"@context\":\"https:\/\/schema.org\",\"@graph\":[{\"@type\":\"WebPage\",\"@id\":\"https:\/\/www.emeraldbayhotelnhatrang.com\/vi\/chuong-trinh-khuyen-mai\/goi-tri-lieu-giai-dieu-viet\/\",\"url\":\"https:\/\/www.emeraldbayhotelnhatrang.com\/vi\/chuong-trinh-khuyen-mai\/goi-tri-lieu-giai-dieu-viet\/\",\"name\":\"G\u00f3i tr\u1ecb li\u1ec7u Giai \u0111i\u1ec7u Vi\u1ec7t 690.000 VN\u0110 - Emerald Bay Hotel &amp; Spa Nha Trang\",\"isPartOf\":{\"@id\":\"https:\/\/www.emeraldbayhotelnhatrang.com\/vi\/#website\"},\"primaryImageOfPage\":{\"@id\":\"https:\/\/www.emeraldbayhotelnhatrang.com\/vi\/chuong-trinh-khuyen-mai\/goi-tri-lieu-giai-dieu-viet\/#primaryimage\"},\"image\":{\"@id\":\"https:\/\/www.emeraldbayhotelnhatrang.com\/vi\/chuong-trinh-khuyen-mai\/goi-tri-lieu-giai-dieu-viet\/#primaryimage\"},\"thumbnailUrl\":\"https:\/\/www.emeraldbayhotelnhatrang.com\/wp-content\/uploads\/sites\/145\/2026\/04\/ST_05695.jpg\",\"datePublished\":\"2026-04-23T05:38:03+00:00\",\"dateModified\":\"2026-04-23T05:41:09+00:00\",\"breadcrumb\":{\"@id\":\"https:\/\/www.emeraldbayhotelnhatrang.com\/vi\/chuong-trinh-khuyen-mai\/goi-tri-lieu-giai-dieu-viet\/#breadcrumb\"},\"inLanguage\":\"vi-VN\",\"potentialAction\":[{\"@type\":\"ReadAction\",\"target\":[\"https:\/\/www.emeraldbayhotelnhatrang.com\/vi\/chuong-trinh-khuyen-mai\/goi-tri-lieu-giai-dieu-viet\/\"]}]},{\"@type\":\"ImageObject\",\"inLanguage\":\"vi-VN\",\"@id\":\"https:\/\/www.emeraldbayhotelnhatrang.com\/vi\/chuong-trinh-khuyen-mai\/goi-tri-lieu-giai-dieu-viet\/#primaryimage\",\"url\":\"https:\/\/www.emeraldbayhotelnhatrang.com\/wp-content\/uploads\/sites\/145\/2026\/04\/ST_05695.jpg\",\"contentUrl\":\"https:\/\/www.emeraldbayhotelnhatrang.com\/wp-content\/uploads\/sites\/145\/2026\/04\/ST_05695.jpg\",\"width\":1467,\"height\":2200},{\"@type\":\"BreadcrumbList\",\"@id\":\"https:\/\/www.emeraldbayhotelnhatrang.com\/vi\/chuong-trinh-khuyen-mai\/goi-tri-lieu-giai-dieu-viet\/#breadcrumb\",\"itemListElement\":[{\"@type\":\"ListItem\",\"position\":1,\"name\":\"Home\",\"item\":\"https:\/\/www.emeraldbayhotelnhatrang.com\/vi\/\"},{\"@type\":\"ListItem\",\"position\":2,\"name\":\"Ch\u01b0\u01a1ng tr\u00ecnh khuy\u1ebfn m\u00e3i\",\"item\":\"https:\/\/www.emeraldbayhotelnhatrang.com\/vi\/chuong-trinh-khuyen-mai\/\"},{\"@type\":\"ListItem\",\"position\":3,\"name\":\"G\u00f3i tr\u1ecb li\u1ec7u Giai \u0111i\u1ec7u Vi\u1ec7t 690.000 VN\u0110\"}]},{\"@type\":\"WebSite\",\"@id\":\"https:\/\/www.emeraldbayhotelnhatrang.com\/vi\/#website\",\"url\":\"https:\/\/www.emeraldbayhotelnhatrang.com\/vi\/\",\"name\":\"Emerald Bay Hotel &amp; Spa Nha Trang\",\"description\":\"\",\"potentialAction\":[{\"@type\":\"SearchAction\",\"target\":{\"@type\":\"EntryPoint\",\"urlTemplate\":\"https:\/\/www.emeraldbayhotelnhatrang.com\/vi\/?s={search_term_string}\"},\"query-input\":\"required name=search_term_string\"}],\"inLanguage\":\"vi-VN\"}]}<\/script>\n<!-- \/ Yoast SEO plugin. -->","yoast_head_json":{"title":"G\u00f3i tr\u1ecb li\u1ec7u Giai \u0111i\u1ec7u Vi\u1ec7t 690.000 VN\u0110 - Emerald Bay Hotel &amp; Spa Nha Trang","robots":{"index":"index","follow":"follow","max-snippet":"max-snippet:-1","max-image-preview":"max-image-preview:large","max-video-preview":"max-video-preview:-1"},"canonical":"https:\/\/www.emeraldbayhotelnhatrang.com\/vi\/chuong-trinh-khuyen-mai\/goi-tri-lieu-giai-dieu-viet\/","og_locale":"vi_VN","og_type":"article","og_title":"G\u00f3i tr\u1ecb li\u1ec7u Giai \u0111i\u1ec7u Vi\u1ec7t 690.000 VN\u0110 - Emerald Bay Hotel &amp; Spa Nha Trang","og_description":"D\u00e0nh t\u1eb7ng b\u1ea3n th\u00e2n nh\u1eefng ph\u00fat gi\u00e2y th\u01b0 gi\u00e3n tr\u1ecdn v\u1eb9n v\u1edbi g\u00f3i tr\u1ecb li\u1ec7u \u201cGiai \u0111i\u1ec7u Vi\u1ec7t\u201d \u2013 li\u1ec7u ph\u00e1p ch\u0103m s\u00f3c s\u1ee9c kh\u1ecfe c\u1ed5 truy\u1ec1n \u0111\u01b0\u1ee3c k\u1ebft h\u1ee3p c\u00f9ng kh\u00f4ng gian an y\u00ean, gi\u00fap t\u00e2m tr\u00ed v\u00e0 c\u01a1 th\u1ec3 t\u00ecm l\u1ea1i s\u1ef1 c\u00e2n b\u1eb1ng t\u1eeb b\u00ean trong. Li\u1ec7u tr\u00ecnh 90 ph\u00fat v\u1edbi m\u1ee9c [&hellip;]","og_url":"https:\/\/www.emeraldbayhotelnhatrang.com\/vi\/chuong-trinh-khuyen-mai\/goi-tri-lieu-giai-dieu-viet\/","og_site_name":"Emerald Bay Hotel &amp; Spa Nha Trang","article_modified_time":"2026-04-23T05:41:09+00:00","og_image":[{"width":1467,"height":2200,"url":"http:\/\/www.emeraldbayhotelnhatrang.com\/wp-content\/uploads\/sites\/145\/2026\/04\/ST_05695.jpg","type":"image\/jpeg"}],"twitter_card":"summary_large_image","twitter_misc":{"Est. reading time":"1 minute"},"schema":{"@context":"https:\/\/schema.org","@graph":[{"@type":"WebPage","@id":"https:\/\/www.emeraldbayhotelnhatrang.com\/vi\/chuong-trinh-khuyen-mai\/goi-tri-lieu-giai-dieu-viet\/","url":"https:\/\/www.emeraldbayhotelnhatrang.com\/vi\/chuong-trinh-khuyen-mai\/goi-tri-lieu-giai-dieu-viet\/","name":"G\u00f3i tr\u1ecb li\u1ec7u Giai \u0111i\u1ec7u Vi\u1ec7t 690.000 VN\u0110 - Emerald Bay Hotel &amp; Spa Nha Trang","isPartOf":{"@id":"https:\/\/www.emeraldbayhotelnhatrang.com\/vi\/#website"},"primaryImageOfPage":{"@id":"https:\/\/www.emeraldbayhotelnhatrang.com\/vi\/chuong-trinh-khuyen-mai\/goi-tri-lieu-giai-dieu-viet\/#primaryimage"},"image":{"@id":"https:\/\/www.emeraldbayhotelnhatrang.com\/vi\/chuong-trinh-khuyen-mai\/goi-tri-lieu-giai-dieu-viet\/#primaryimage"},"thumbnailUrl":"https:\/\/www.emeraldbayhotelnhatrang.com\/wp-content\/uploads\/sites\/145\/2026\/04\/ST_05695.jpg","datePublished":"2026-04-23T05:38:03+00:00","dateModified":"2026-04-23T05:41:09+00:00","breadcrumb":{"@id":"https:\/\/www.emeraldbayhotelnhatrang.com\/vi\/chuong-trinh-khuyen-mai\/goi-tri-lieu-giai-dieu-viet\/#breadcrumb"},"inLanguage":"vi-VN","potentialAction":[{"@type":"ReadAction","target":["https:\/\/www.emeraldbayhotelnhatrang.com\/vi\/chuong-trinh-khuyen-mai\/goi-tri-lieu-giai-dieu-viet\/"]}]},{"@type":"ImageObject","inLanguage":"vi-VN","@id":"https:\/\/www.emeraldbayhotelnhatrang.com\/vi\/chuong-trinh-khuyen-mai\/goi-tri-lieu-giai-dieu-viet\/#primaryimage","url":"https:\/\/www.emeraldbayhotelnhatrang.com\/wp-content\/uploads\/sites\/145\/2026\/04\/ST_05695.jpg","contentUrl":"https:\/\/www.emeraldbayhotelnhatrang.com\/wp-content\/uploads\/sites\/145\/2026\/04\/ST_05695.jpg","width":1467,"height":2200},{"@type":"BreadcrumbList","@id":"https:\/\/www.emeraldbayhotelnhatrang.com\/vi\/chuong-trinh-khuyen-mai\/goi-tri-lieu-giai-dieu-viet\/#breadcrumb","itemListElement":[{"@type":"ListItem","position":1,"name":"Home","item":"https:\/\/www.emeraldbayhotelnhatrang.com\/vi\/"},{"@type":"ListItem","position":2,"name":"Ch\u01b0\u01a1ng tr\u00ecnh khuy\u1ebfn m\u00e3i","item":"https:\/\/www.emeraldbayhotelnhatrang.com\/vi\/chuong-trinh-khuyen-mai\/"},{"@type":"ListItem","position":3,"name":"G\u00f3i tr\u1ecb li\u1ec7u Giai \u0111i\u1ec7u Vi\u1ec7t 690.000 VN\u0110"}]},{"@type":"WebSite","@id":"https:\/\/www.emeraldbayhotelnhatrang.com\/vi\/#website","url":"https:\/\/www.emeraldbayhotelnhatrang.com\/vi\/","name":"Emerald Bay Hotel &amp; Spa Nha Trang","description":"","potentialAction":[{"@type":"SearchAction","target":{"@type":"EntryPoint","urlTemplate":"https:\/\/www.emeraldbayhotelnhatrang.com\/vi\/?s={search_term_string}"},"query-input":"required name=search_term_string"}],"inLanguage":"vi-VN"}]}},"acf":[],"_links":{"self":[{"href":"https:\/\/www.emeraldbayhotelnhatrang.com\/vi\/wp-json\/wp\/v2\/pages\/514"}],"collection":[{"href":"https:\/\/www.emeraldbayhotelnhatrang.com\/vi\/wp-json\/wp\/v2\/pages"}],"about":[{"href":"https:\/\/www.emeraldbayhotelnhatrang.com\/vi\/wp-json\/wp\/v2\/types\/page"}],"author":[{"embeddable":true,"href":"https:\/\/www.emeraldbayhotelnhatrang.com\/vi\/wp-json\/wp\/v2\/users\/270"}],"replies":[{"embeddable":true,"href":"https:\/\/www.emeraldbayhotelnhatrang.com\/vi\/wp-json\/wp\/v2\/comments?post=514"}],"version-history":[{"count":0,"href":"https:\/\/www.emeraldbayhotelnhatrang.com\/vi\/wp-json\/wp\/v2\/pages\/514\/revisions"}],"up":[{"embeddable":true,"href":"https:\/\/www.emeraldbayhotelnhatrang.com\/vi\/wp-json\/wp\/v2\/pages\/454"}],"wp:featuredmedia":[{"embeddable":true,"href":"https:\/\/www.emeraldbayhotelnhatrang.com\/vi\/wp-json\/wp\/v2\/media\/470"}],"wp:attachment":[{"href":"https:\/\/www.emeraldbayhotelnhatrang.com\/vi\/wp-json\/wp\/v2\/media?parent=514"}],"curies":[{"name":"wp","href":"https:\/\/api.w.org\/{rel}","templated":true}]}}