{"id":51,"date":"2025-12-26T07:30:20","date_gmt":"2025-12-26T07:30:20","guid":{"rendered":"https:\/\/emeraldbayhotelnhatrang.ms2.decms.asia\/?page_id=51"},"modified":"2026-04-15T07:04:32","modified_gmt":"2026-04-15T07:04:32","slug":"senior-partial-seaview-with-balcony","status":"publish","type":"page","link":"https:\/\/www.emeraldbayhotelnhatrang.com\/vi\/rooms\/senior-partial-seaview-with-balcony\/","title":{"rendered":"Senior Partial SeaView With Balcony"},"content":{"rendered":"<p>Th\u1ee9c gi\u1ea5c gi\u1eefa thanh \u00e2m c\u1ee7a bi\u1ec3n kh\u01a1i, trong kh\u00f4ng gian \u1ea5m \u00e1p t\u1ea1i Senior Partial Sea View with Balcony. T\u1eeb ban c\u00f4ng ri\u00eang, qu\u00fd kh\u00e1ch c\u00f3 th\u1ec3 ph\u00f3ng t\u1ea7m m\u1eaft ng\u1eafm nh\u00ecn \u0111\u1ea1i d\u01b0\u01a1ng \u00eam \u0111\u1ec1m c\u00f9ng nh\u1ecbp s\u1ed1ng th\u00e0nh ph\u1ed1 ph\u00eda xa. \u00c1nh s\u00e1ng ban mai nh\u1eb9 nh\u00e0ng len qua r\u00e8m c\u1eeda, t\u1ea1o n\u00ean b\u1ea7u kh\u00f4ng kh\u00ed y\u00ean b\u00ecnh, th\u01b0 th\u00e1i.<\/p>\n","protected":false},"excerpt":{"rendered":"<p>Th\u1ee9c gi\u1ea5c gi\u1eefa thanh \u00e2m c\u1ee7a bi\u1ec3n kh\u01a1i, trong kh\u00f4ng gian \u1ea5m \u00e1p t\u1ea1i Senior Partial Sea View with Balcony. T\u1eeb ban c\u00f4ng ri\u00eang, qu\u00fd kh\u00e1ch c\u00f3 th\u1ec3 ph\u00f3ng t\u1ea7m m\u1eaft ng\u1eafm nh\u00ecn \u0111\u1ea1i d\u01b0\u01a1ng \u00eam \u0111\u1ec1m c\u00f9ng nh\u1ecbp s\u1ed1ng th\u00e0nh ph\u1ed1 ph\u00eda xa. \u00c1nh s\u00e1ng ban mai nh\u1eb9 nh\u00e0ng len qua r\u00e8m c\u1eeda, t\u1ea1o [&hellip;]<\/p>\n","protected":false},"author":8,"featured_media":320,"parent":8,"menu_order":5,"comment_status":"closed","ping_status":"closed","template":"template-single-room.php","meta":{"footnotes":""},"yoast_head":"<!-- This site is optimized with the Yoast SEO plugin v22.3 - https:\/\/yoast.com\/wordpress\/plugins\/seo\/ -->\n<title>Senior SeaView | Emerald Bay Hotel &amp; Spa Nha Trang<\/title>\n<meta name=\"description\" content=\"Th\u1ee9c gi\u1ea5c gi\u1eefa thanh \u00e2m c\u1ee7a bi\u1ec3n kh\u01a1i, trong kh\u00f4ng gian \u1ea5m \u00e1p c\u1ee7a Senior Partial Sea View with Balcony. T\u1eeb ban c\u00f4ng ri\u00eang, ph\u00f3ng t\u1ea7m m\u1eaft ra \u0111\u1ea1i d\u01b0\u01a1ng xanh bi\u1ebfc v\u00e0 ng\u1eafm nh\u00ecn nh\u1ecbp s\u1ed1ng th\u00e0nh ph\u1ed1 \u0111\u1eb9[ nh\u01b0 b\u1ea3n h\u00f2a ca d\u1ecbu d\u00e0ng.\" \/>\n<meta name=\"robots\" content=\"index, follow, max-snippet:-1, max-image-preview:large, max-video-preview:-1\" \/>\n<link rel=\"canonical\" href=\"https:\/\/www.emeraldbayhotelnhatrang.com\/vi\/rooms\/senior-partial-seaview-with-balcony\/\" \/>\n<meta property=\"og:locale\" content=\"vi_VN\" \/>\n<meta property=\"og:type\" content=\"article\" \/>\n<meta property=\"og:title\" content=\"Senior SeaView | Emerald Bay Hotel &amp; Spa Nha Trang\" \/>\n<meta property=\"og:description\" content=\"Th\u1ee9c gi\u1ea5c gi\u1eefa thanh \u00e2m c\u1ee7a bi\u1ec3n kh\u01a1i, trong kh\u00f4ng gian \u1ea5m \u00e1p c\u1ee7a Senior Partial Sea View with Balcony. T\u1eeb ban c\u00f4ng ri\u00eang, ph\u00f3ng t\u1ea7m m\u1eaft ra \u0111\u1ea1i d\u01b0\u01a1ng xanh bi\u1ebfc v\u00e0 ng\u1eafm nh\u00ecn nh\u1ecbp s\u1ed1ng th\u00e0nh ph\u1ed1 \u0111\u1eb9[ nh\u01b0 b\u1ea3n h\u00f2a ca d\u1ecbu d\u00e0ng.\" \/>\n<meta property=\"og:url\" content=\"https:\/\/www.emeraldbayhotelnhatrang.com\/vi\/rooms\/senior-partial-seaview-with-balcony\/\" \/>\n<meta property=\"og:site_name\" content=\"Emerald Bay Hotel &amp; Spa Nha Trang\" \/>\n<meta property=\"article:modified_time\" content=\"2026-04-15T07:04:32+00:00\" \/>\n<meta property=\"og:image\" content=\"http:\/\/www.emeraldbayhotelnhatrang.com\/wp-content\/uploads\/sites\/145\/2026\/04\/ST_05880-Edit.jpg\" \/>\n\t<meta property=\"og:image:width\" content=\"2200\" \/>\n\t<meta property=\"og:image:height\" content=\"1467\" \/>\n\t<meta property=\"og:image:type\" content=\"image\/jpeg\" \/>\n<meta name=\"twitter:card\" content=\"summary_large_image\" \/>\n<meta name=\"twitter:label1\" content=\"Est. reading time\" \/>\n\t<meta name=\"twitter:data1\" content=\"1 minute\" \/>\n<script type=\"application\/ld+json\" class=\"yoast-schema-graph\">{\"@context\":\"https:\/\/schema.org\",\"@graph\":[{\"@type\":\"WebPage\",\"@id\":\"https:\/\/www.emeraldbayhotelnhatrang.com\/vi\/rooms\/senior-partial-seaview-with-balcony\/\",\"url\":\"https:\/\/www.emeraldbayhotelnhatrang.com\/vi\/rooms\/senior-partial-seaview-with-balcony\/\",\"name\":\"Senior SeaView | Emerald Bay Hotel & Spa Nha Trang\",\"isPartOf\":{\"@id\":\"https:\/\/www.emeraldbayhotelnhatrang.com\/vi\/#website\"},\"primaryImageOfPage\":{\"@id\":\"https:\/\/www.emeraldbayhotelnhatrang.com\/vi\/rooms\/senior-partial-seaview-with-balcony\/#primaryimage\"},\"image\":{\"@id\":\"https:\/\/www.emeraldbayhotelnhatrang.com\/vi\/rooms\/senior-partial-seaview-with-balcony\/#primaryimage\"},\"thumbnailUrl\":\"https:\/\/www.emeraldbayhotelnhatrang.com\/wp-content\/uploads\/sites\/145\/2026\/04\/ST_05880-Edit.jpg\",\"datePublished\":\"2025-12-26T07:30:20+00:00\",\"dateModified\":\"2026-04-15T07:04:32+00:00\",\"description\":\"Th\u1ee9c gi\u1ea5c gi\u1eefa thanh \u00e2m c\u1ee7a bi\u1ec3n kh\u01a1i, trong kh\u00f4ng gian \u1ea5m \u00e1p c\u1ee7a Senior Partial Sea View with Balcony. T\u1eeb ban c\u00f4ng ri\u00eang, ph\u00f3ng t\u1ea7m m\u1eaft ra \u0111\u1ea1i d\u01b0\u01a1ng xanh bi\u1ebfc v\u00e0 ng\u1eafm nh\u00ecn nh\u1ecbp s\u1ed1ng th\u00e0nh ph\u1ed1 \u0111\u1eb9[ nh\u01b0 b\u1ea3n h\u00f2a ca d\u1ecbu d\u00e0ng.\",\"breadcrumb\":{\"@id\":\"https:\/\/www.emeraldbayhotelnhatrang.com\/vi\/rooms\/senior-partial-seaview-with-balcony\/#breadcrumb\"},\"inLanguage\":\"vi-VN\",\"potentialAction\":[{\"@type\":\"ReadAction\",\"target\":[\"https:\/\/www.emeraldbayhotelnhatrang.com\/vi\/rooms\/senior-partial-seaview-with-balcony\/\"]}]},{\"@type\":\"ImageObject\",\"inLanguage\":\"vi-VN\",\"@id\":\"https:\/\/www.emeraldbayhotelnhatrang.com\/vi\/rooms\/senior-partial-seaview-with-balcony\/#primaryimage\",\"url\":\"https:\/\/www.emeraldbayhotelnhatrang.com\/wp-content\/uploads\/sites\/145\/2026\/04\/ST_05880-Edit.jpg\",\"contentUrl\":\"https:\/\/www.emeraldbayhotelnhatrang.com\/wp-content\/uploads\/sites\/145\/2026\/04\/ST_05880-Edit.jpg\",\"width\":2200,\"height\":1467},{\"@type\":\"BreadcrumbList\",\"@id\":\"https:\/\/www.emeraldbayhotelnhatrang.com\/vi\/rooms\/senior-partial-seaview-with-balcony\/#breadcrumb\",\"itemListElement\":[{\"@type\":\"ListItem\",\"position\":1,\"name\":\"Home\",\"item\":\"https:\/\/www.emeraldbayhotelnhatrang.com\/vi\/\"},{\"@type\":\"ListItem\",\"position\":2,\"name\":\"C\u00e1c h\u1ea1ng ph\u00f2ng\",\"item\":\"https:\/\/www.emeraldbayhotelnhatrang.com\/vi\/rooms\/\"},{\"@type\":\"ListItem\",\"position\":3,\"name\":\"Senior Partial SeaView With Balcony\"}]},{\"@type\":\"WebSite\",\"@id\":\"https:\/\/www.emeraldbayhotelnhatrang.com\/vi\/#website\",\"url\":\"https:\/\/www.emeraldbayhotelnhatrang.com\/vi\/\",\"name\":\"Emerald Bay Hotel &amp; Spa Nha Trang\",\"description\":\"\",\"potentialAction\":[{\"@type\":\"SearchAction\",\"target\":{\"@type\":\"EntryPoint\",\"urlTemplate\":\"https:\/\/www.emeraldbayhotelnhatrang.com\/vi\/?s={search_term_string}\"},\"query-input\":\"required name=search_term_string\"}],\"inLanguage\":\"vi-VN\"}]}<\/script>\n<!-- \/ Yoast SEO plugin. -->","yoast_head_json":{"title":"Senior SeaView | Emerald Bay Hotel & Spa Nha Trang","description":"Th\u1ee9c gi\u1ea5c gi\u1eefa thanh \u00e2m c\u1ee7a bi\u1ec3n kh\u01a1i, trong kh\u00f4ng gian \u1ea5m \u00e1p c\u1ee7a Senior Partial Sea View with Balcony. T\u1eeb ban c\u00f4ng ri\u00eang, ph\u00f3ng t\u1ea7m m\u1eaft ra \u0111\u1ea1i d\u01b0\u01a1ng xanh bi\u1ebfc v\u00e0 ng\u1eafm nh\u00ecn nh\u1ecbp s\u1ed1ng th\u00e0nh ph\u1ed1 \u0111\u1eb9[ nh\u01b0 b\u1ea3n h\u00f2a ca d\u1ecbu d\u00e0ng.","robots":{"index":"index","follow":"follow","max-snippet":"max-snippet:-1","max-image-preview":"max-image-preview:large","max-video-preview":"max-video-preview:-1"},"canonical":"https:\/\/www.emeraldbayhotelnhatrang.com\/vi\/rooms\/senior-partial-seaview-with-balcony\/","og_locale":"vi_VN","og_type":"article","og_title":"Senior SeaView | Emerald Bay Hotel & Spa Nha Trang","og_description":"Th\u1ee9c gi\u1ea5c gi\u1eefa thanh \u00e2m c\u1ee7a bi\u1ec3n kh\u01a1i, trong kh\u00f4ng gian \u1ea5m \u00e1p c\u1ee7a Senior Partial Sea View with Balcony. T\u1eeb ban c\u00f4ng ri\u00eang, ph\u00f3ng t\u1ea7m m\u1eaft ra \u0111\u1ea1i d\u01b0\u01a1ng xanh bi\u1ebfc v\u00e0 ng\u1eafm nh\u00ecn nh\u1ecbp s\u1ed1ng th\u00e0nh ph\u1ed1 \u0111\u1eb9[ nh\u01b0 b\u1ea3n h\u00f2a ca d\u1ecbu d\u00e0ng.","og_url":"https:\/\/www.emeraldbayhotelnhatrang.com\/vi\/rooms\/senior-partial-seaview-with-balcony\/","og_site_name":"Emerald Bay Hotel &amp; Spa Nha Trang","article_modified_time":"2026-04-15T07:04:32+00:00","og_image":[{"width":2200,"height":1467,"url":"http:\/\/www.emeraldbayhotelnhatrang.com\/wp-content\/uploads\/sites\/145\/2026\/04\/ST_05880-Edit.jpg","type":"image\/jpeg"}],"twitter_card":"summary_large_image","twitter_misc":{"Est. reading time":"1 minute"},"schema":{"@context":"https:\/\/schema.org","@graph":[{"@type":"WebPage","@id":"https:\/\/www.emeraldbayhotelnhatrang.com\/vi\/rooms\/senior-partial-seaview-with-balcony\/","url":"https:\/\/www.emeraldbayhotelnhatrang.com\/vi\/rooms\/senior-partial-seaview-with-balcony\/","name":"Senior SeaView | Emerald Bay Hotel & Spa Nha Trang","isPartOf":{"@id":"https:\/\/www.emeraldbayhotelnhatrang.com\/vi\/#website"},"primaryImageOfPage":{"@id":"https:\/\/www.emeraldbayhotelnhatrang.com\/vi\/rooms\/senior-partial-seaview-with-balcony\/#primaryimage"},"image":{"@id":"https:\/\/www.emeraldbayhotelnhatrang.com\/vi\/rooms\/senior-partial-seaview-with-balcony\/#primaryimage"},"thumbnailUrl":"https:\/\/www.emeraldbayhotelnhatrang.com\/wp-content\/uploads\/sites\/145\/2026\/04\/ST_05880-Edit.jpg","datePublished":"2025-12-26T07:30:20+00:00","dateModified":"2026-04-15T07:04:32+00:00","description":"Th\u1ee9c gi\u1ea5c gi\u1eefa thanh \u00e2m c\u1ee7a bi\u1ec3n kh\u01a1i, trong kh\u00f4ng gian \u1ea5m \u00e1p c\u1ee7a Senior Partial Sea View with Balcony. T\u1eeb ban c\u00f4ng ri\u00eang, ph\u00f3ng t\u1ea7m m\u1eaft ra \u0111\u1ea1i d\u01b0\u01a1ng xanh bi\u1ebfc v\u00e0 ng\u1eafm nh\u00ecn nh\u1ecbp s\u1ed1ng th\u00e0nh ph\u1ed1 \u0111\u1eb9[ nh\u01b0 b\u1ea3n h\u00f2a ca d\u1ecbu d\u00e0ng.","breadcrumb":{"@id":"https:\/\/www.emeraldbayhotelnhatrang.com\/vi\/rooms\/senior-partial-seaview-with-balcony\/#breadcrumb"},"inLanguage":"vi-VN","potentialAction":[{"@type":"ReadAction","target":["https:\/\/www.emeraldbayhotelnhatrang.com\/vi\/rooms\/senior-partial-seaview-with-balcony\/"]}]},{"@type":"ImageObject","inLanguage":"vi-VN","@id":"https:\/\/www.emeraldbayhotelnhatrang.com\/vi\/rooms\/senior-partial-seaview-with-balcony\/#primaryimage","url":"https:\/\/www.emeraldbayhotelnhatrang.com\/wp-content\/uploads\/sites\/145\/2026\/04\/ST_05880-Edit.jpg","contentUrl":"https:\/\/www.emeraldbayhotelnhatrang.com\/wp-content\/uploads\/sites\/145\/2026\/04\/ST_05880-Edit.jpg","width":2200,"height":1467},{"@type":"BreadcrumbList","@id":"https:\/\/www.emeraldbayhotelnhatrang.com\/vi\/rooms\/senior-partial-seaview-with-balcony\/#breadcrumb","itemListElement":[{"@type":"ListItem","position":1,"name":"Home","item":"https:\/\/www.emeraldbayhotelnhatrang.com\/vi\/"},{"@type":"ListItem","position":2,"name":"C\u00e1c h\u1ea1ng ph\u00f2ng","item":"https:\/\/www.emeraldbayhotelnhatrang.com\/vi\/rooms\/"},{"@type":"ListItem","position":3,"name":"Senior Partial SeaView With Balcony"}]},{"@type":"WebSite","@id":"https:\/\/www.emeraldbayhotelnhatrang.com\/vi\/#website","url":"https:\/\/www.emeraldbayhotelnhatrang.com\/vi\/","name":"Emerald Bay Hotel &amp; Spa Nha Trang","description":"","potentialAction":[{"@type":"SearchAction","target":{"@type":"EntryPoint","urlTemplate":"https:\/\/www.emeraldbayhotelnhatrang.com\/vi\/?s={search_term_string}"},"query-input":"required name=search_term_string"}],"inLanguage":"vi-VN"}]}},"acf":[],"_links":{"self":[{"href":"https:\/\/www.emeraldbayhotelnhatrang.com\/vi\/wp-json\/wp\/v2\/pages\/51"}],"collection":[{"href":"https:\/\/www.emeraldbayhotelnhatrang.com\/vi\/wp-json\/wp\/v2\/pages"}],"about":[{"href":"https:\/\/www.emeraldbayhotelnhatrang.com\/vi\/wp-json\/wp\/v2\/types\/page"}],"author":[{"embeddable":true,"href":"https:\/\/www.emeraldbayhotelnhatrang.com\/vi\/wp-json\/wp\/v2\/users\/8"}],"replies":[{"embeddable":true,"href":"https:\/\/www.emeraldbayhotelnhatrang.com\/vi\/wp-json\/wp\/v2\/comments?post=51"}],"version-history":[{"count":0,"href":"https:\/\/www.emeraldbayhotelnhatrang.com\/vi\/wp-json\/wp\/v2\/pages\/51\/revisions"}],"up":[{"embeddable":true,"href":"https:\/\/www.emeraldbayhotelnhatrang.com\/vi\/wp-json\/wp\/v2\/pages\/8"}],"wp:featuredmedia":[{"embeddable":true,"href":"https:\/\/www.emeraldbayhotelnhatrang.com\/vi\/wp-json\/wp\/v2\/media\/320"}],"wp:attachment":[{"href":"https:\/\/www.emeraldbayhotelnhatrang.com\/vi\/wp-json\/wp\/v2\/media?parent=51"}],"curies":[{"name":"wp","href":"https:\/\/api.w.org\/{rel}","templated":true}]}}