{"id":509,"date":"2026-04-23T05:30:25","date_gmt":"2026-04-23T05:30:25","guid":{"rendered":"https:\/\/www.emeraldbayhotelnhatrang.com\/?page_id=509"},"modified":"2026-04-23T05:32:46","modified_gmt":"2026-04-23T05:32:46","slug":"uu-dai-luu-tru-dai-ngay","status":"publish","type":"page","link":"https:\/\/www.emeraldbayhotelnhatrang.com\/vi\/chuong-trinh-khuyen-mai\/uu-dai-luu-tru-dai-ngay\/","title":{"rendered":"\u01afu \u0111\u00e3i l\u01b0u tr\u00fa d\u00e0i ng\u00e0y"},"content":{"rendered":"<div class=\"xdj266r x14z9mp xat24cr x1lziwak x1vvkbs x126k92a\">\n<div dir=\"auto\" style=\"text-align: center\">The Longer You Stay, The More You Save<\/div>\n<\/div>\n<div class=\"x14z9mp xat24cr x1lziwak x1vvkbs xtlvy1s x126k92a\" style=\"text-align: center\">\n<div dir=\"auto\">M\u1ed9t chuy\u1ebfn c\u00f4ng t\u00e1c tr\u1ecdn v\u1eb9n kh\u00f4ng ch\u1ec9 n\u1eb1m \u1edf l\u1ecbch tr\u00ecnh, m\u00e0 b\u1eaft \u0111\u1ea7u t\u1eeb n\u01a1i b\u1ea1n ch\u1ecdn \u0111\u1ec3 ngh\u1ec9 ng\u01a1i v\u00e0 t\u00e1i t\u1ea1o n\u0103ng l\u01b0\u1ee3ng. T\u1ea1i Emerald Bay Hotel &amp; Spa Nha Trang, tr\u1ea3i nghi\u1ec7m l\u01b0u tr\u00fa chuy\u00ean nghi\u1ec7p \u0111\u01b0\u1ee3c thi\u1ebft k\u1ebf \u0111\u1ec3 m\u1ed7i chuy\u1ebfn \u0111i v\u1eeba hi\u1ec7u qu\u1ea3, v\u1eeba th\u01b0 gi\u00e3n \u0111\u00fang chu\u1ea9n.<\/div>\n<div dir=\"auto\"><\/div>\n<\/div>\n<div class=\"x14z9mp xat24cr x1lziwak x1vvkbs xtlvy1s x126k92a\" style=\"text-align: center\">\n<div dir=\"auto\"><strong>Chi ti\u1ebft ch\u01b0\u01a1ng tr\u00ecnh ngh\u1ec9 d\u01b0\u1ee1ng d\u00e0i ng\u00e0y:<\/strong><\/div>\n<div dir=\"auto\"><\/div>\n<div dir=\"auto\">&#8211; Gi\u1ea3m 25% t\u1ed5ng ho\u00e1 \u0111\u01a1n cho k\u1ef3 l\u01b0u tr\u00fa t\u1eeb 3 \u0111\u00eam tr\u1edf l\u00ean<\/div>\n<div dir=\"auto\">&#8211; T\u1eb7ng 2 voucher 150.000 VN\u0110, \u00e1p d\u1ee5ng cho c\u00e1c d\u1ecbch v\u1ee5 Spa t\u1eeb 60 ph\u00fat<\/div>\n<div dir=\"auto\">&#8211; Gi\u1ea3m 40% cho l\u1ea7n s\u1eed d\u1ee5ng Spa ti\u1ebfp theo<\/div>\n<div dir=\"auto\">&#8211; Gi\u1ea3m 10% d\u1ecbch v\u1ee5 gi\u1eb7t \u1ee7i<\/div>\n<div dir=\"auto\">&#8211; \u01afu \u0111\u00e3i su\u1ea5t c\u01a1m Vi\u1ec7t ch\u1ec9 140.000 VN\u0110\/pax<\/div>\n<div dir=\"auto\"><\/div>\n<\/div>\n<div class=\"x14z9mp xat24cr x1lziwak x1vvkbs xtlvy1s x126k92a\">\n<div dir=\"auto\" style=\"text-align: center\">C\u00f9ng v\u1edbi h\u1ec7 th\u1ed1ng ti\u1ec7n \u00edch nh\u01b0 ph\u00f2ng Gym, Spa, B\u1ec3 b\u01a1i v\u1edbi v\u1ecb tr\u00ed \u0111\u1eafc \u0111\u1ecba c\u00e1ch bi\u1ec3n v\u00e0i b\u01b0\u1edbc di chuy\u1ec3n, gi\u00fap b\u1ea1n c\u00f3 m\u1ed9t chuy\u1ebfn c\u00f4ng t\u00e1c c\u00e2n b\u1eb1ng gi\u1eefa n\u0103ng su\u1ea5t v\u00e0 th\u1eddi gian ngh\u1ec9 ng\u01a1i th\u01b0 gi\u00e3n tr\u1ecdn v\u1eb9n.<\/div>\n<\/div>\n","protected":false},"excerpt":{"rendered":"<p>The Longer You Stay, The More You Save M\u1ed9t chuy\u1ebfn c\u00f4ng t\u00e1c tr\u1ecdn v\u1eb9n kh\u00f4ng ch\u1ec9 n\u1eb1m \u1edf l\u1ecbch tr\u00ecnh, m\u00e0 b\u1eaft \u0111\u1ea7u t\u1eeb n\u01a1i b\u1ea1n ch\u1ecdn \u0111\u1ec3 ngh\u1ec9 ng\u01a1i v\u00e0 t\u00e1i t\u1ea1o n\u0103ng l\u01b0\u1ee3ng. T\u1ea1i Emerald Bay Hotel &amp; Spa Nha Trang, tr\u1ea3i nghi\u1ec7m l\u01b0u tr\u00fa chuy\u00ean nghi\u1ec7p \u0111\u01b0\u1ee3c thi\u1ebft k\u1ebf \u0111\u1ec3 m\u1ed7i chuy\u1ebfn [&hellip;]<\/p>\n","protected":false},"author":270,"featured_media":61,"parent":454,"menu_order":0,"comment_status":"closed","ping_status":"closed","template":"template-single-offer.php","meta":{"footnotes":""},"yoast_head":"<!-- This site is optimized with the Yoast SEO plugin v22.3 - https:\/\/yoast.com\/wordpress\/plugins\/seo\/ -->\n<title>\u01afu \u0111\u00e3i l\u01b0u tr\u00fa d\u00e0i ng\u00e0y - Emerald Bay Hotel &amp; Spa Nha Trang<\/title>\n<meta name=\"robots\" content=\"index, follow, max-snippet:-1, max-image-preview:large, max-video-preview:-1\" \/>\n<link rel=\"canonical\" href=\"https:\/\/www.emeraldbayhotelnhatrang.com\/vi\/chuong-trinh-khuyen-mai\/uu-dai-luu-tru-dai-ngay\/\" \/>\n<meta property=\"og:locale\" content=\"vi_VN\" \/>\n<meta property=\"og:type\" content=\"article\" \/>\n<meta property=\"og:title\" content=\"\u01afu \u0111\u00e3i l\u01b0u tr\u00fa d\u00e0i ng\u00e0y - Emerald Bay Hotel &amp; Spa Nha Trang\" \/>\n<meta property=\"og:description\" content=\"The Longer You Stay, The More You Save M\u1ed9t chuy\u1ebfn c\u00f4ng t\u00e1c tr\u1ecdn v\u1eb9n kh\u00f4ng ch\u1ec9 n\u1eb1m \u1edf l\u1ecbch tr\u00ecnh, m\u00e0 b\u1eaft \u0111\u1ea7u t\u1eeb n\u01a1i b\u1ea1n ch\u1ecdn \u0111\u1ec3 ngh\u1ec9 ng\u01a1i v\u00e0 t\u00e1i t\u1ea1o n\u0103ng l\u01b0\u1ee3ng. T\u1ea1i Emerald Bay Hotel &amp; Spa Nha Trang, tr\u1ea3i nghi\u1ec7m l\u01b0u tr\u00fa chuy\u00ean nghi\u1ec7p \u0111\u01b0\u1ee3c thi\u1ebft k\u1ebf \u0111\u1ec3 m\u1ed7i chuy\u1ebfn [&hellip;]\" \/>\n<meta property=\"og:url\" content=\"https:\/\/www.emeraldbayhotelnhatrang.com\/vi\/chuong-trinh-khuyen-mai\/uu-dai-luu-tru-dai-ngay\/\" \/>\n<meta property=\"og:site_name\" content=\"Emerald Bay Hotel &amp; Spa Nha Trang\" \/>\n<meta property=\"article:modified_time\" content=\"2026-04-23T05:32:46+00:00\" \/>\n<meta property=\"og:image\" content=\"http:\/\/www.emeraldbayhotelnhatrang.com\/wp-content\/uploads\/sites\/145\/2025\/12\/Senior-1.jpg\" \/>\n\t<meta property=\"og:image:width\" content=\"2200\" \/>\n\t<meta property=\"og:image:height\" content=\"1386\" \/>\n\t<meta property=\"og:image:type\" content=\"image\/jpeg\" \/>\n<meta name=\"twitter:card\" content=\"summary_large_image\" \/>\n<meta name=\"twitter:label1\" content=\"Est. reading time\" \/>\n\t<meta name=\"twitter:data1\" content=\"1 minute\" \/>\n<script type=\"application\/ld+json\" class=\"yoast-schema-graph\">{\"@context\":\"https:\/\/schema.org\",\"@graph\":[{\"@type\":\"WebPage\",\"@id\":\"https:\/\/www.emeraldbayhotelnhatrang.com\/vi\/chuong-trinh-khuyen-mai\/uu-dai-luu-tru-dai-ngay\/\",\"url\":\"https:\/\/www.emeraldbayhotelnhatrang.com\/vi\/chuong-trinh-khuyen-mai\/uu-dai-luu-tru-dai-ngay\/\",\"name\":\"\u01afu \u0111\u00e3i l\u01b0u tr\u00fa d\u00e0i ng\u00e0y - Emerald Bay Hotel &amp; Spa Nha Trang\",\"isPartOf\":{\"@id\":\"https:\/\/www.emeraldbayhotelnhatrang.com\/vi\/#website\"},\"primaryImageOfPage\":{\"@id\":\"https:\/\/www.emeraldbayhotelnhatrang.com\/vi\/chuong-trinh-khuyen-mai\/uu-dai-luu-tru-dai-ngay\/#primaryimage\"},\"image\":{\"@id\":\"https:\/\/www.emeraldbayhotelnhatrang.com\/vi\/chuong-trinh-khuyen-mai\/uu-dai-luu-tru-dai-ngay\/#primaryimage\"},\"thumbnailUrl\":\"https:\/\/www.emeraldbayhotelnhatrang.com\/wp-content\/uploads\/sites\/145\/2025\/12\/Senior-1.jpg\",\"datePublished\":\"2026-04-23T05:30:25+00:00\",\"dateModified\":\"2026-04-23T05:32:46+00:00\",\"breadcrumb\":{\"@id\":\"https:\/\/www.emeraldbayhotelnhatrang.com\/vi\/chuong-trinh-khuyen-mai\/uu-dai-luu-tru-dai-ngay\/#breadcrumb\"},\"inLanguage\":\"vi-VN\",\"potentialAction\":[{\"@type\":\"ReadAction\",\"target\":[\"https:\/\/www.emeraldbayhotelnhatrang.com\/vi\/chuong-trinh-khuyen-mai\/uu-dai-luu-tru-dai-ngay\/\"]}]},{\"@type\":\"ImageObject\",\"inLanguage\":\"vi-VN\",\"@id\":\"https:\/\/www.emeraldbayhotelnhatrang.com\/vi\/chuong-trinh-khuyen-mai\/uu-dai-luu-tru-dai-ngay\/#primaryimage\",\"url\":\"https:\/\/www.emeraldbayhotelnhatrang.com\/wp-content\/uploads\/sites\/145\/2025\/12\/Senior-1.jpg\",\"contentUrl\":\"https:\/\/www.emeraldbayhotelnhatrang.com\/wp-content\/uploads\/sites\/145\/2025\/12\/Senior-1.jpg\",\"width\":2200,\"height\":1386},{\"@type\":\"BreadcrumbList\",\"@id\":\"https:\/\/www.emeraldbayhotelnhatrang.com\/vi\/chuong-trinh-khuyen-mai\/uu-dai-luu-tru-dai-ngay\/#breadcrumb\",\"itemListElement\":[{\"@type\":\"ListItem\",\"position\":1,\"name\":\"Home\",\"item\":\"https:\/\/www.emeraldbayhotelnhatrang.com\/vi\/\"},{\"@type\":\"ListItem\",\"position\":2,\"name\":\"Ch\u01b0\u01a1ng tr\u00ecnh khuy\u1ebfn m\u00e3i\",\"item\":\"https:\/\/www.emeraldbayhotelnhatrang.com\/vi\/chuong-trinh-khuyen-mai\/\"},{\"@type\":\"ListItem\",\"position\":3,\"name\":\"\u01afu \u0111\u00e3i l\u01b0u tr\u00fa d\u00e0i ng\u00e0y\"}]},{\"@type\":\"WebSite\",\"@id\":\"https:\/\/www.emeraldbayhotelnhatrang.com\/vi\/#website\",\"url\":\"https:\/\/www.emeraldbayhotelnhatrang.com\/vi\/\",\"name\":\"Emerald Bay Hotel &amp; Spa Nha Trang\",\"description\":\"\",\"potentialAction\":[{\"@type\":\"SearchAction\",\"target\":{\"@type\":\"EntryPoint\",\"urlTemplate\":\"https:\/\/www.emeraldbayhotelnhatrang.com\/vi\/?s={search_term_string}\"},\"query-input\":\"required name=search_term_string\"}],\"inLanguage\":\"vi-VN\"}]}<\/script>\n<!-- \/ Yoast SEO plugin. -->","yoast_head_json":{"title":"\u01afu \u0111\u00e3i l\u01b0u tr\u00fa d\u00e0i ng\u00e0y - Emerald Bay Hotel &amp; Spa Nha Trang","robots":{"index":"index","follow":"follow","max-snippet":"max-snippet:-1","max-image-preview":"max-image-preview:large","max-video-preview":"max-video-preview:-1"},"canonical":"https:\/\/www.emeraldbayhotelnhatrang.com\/vi\/chuong-trinh-khuyen-mai\/uu-dai-luu-tru-dai-ngay\/","og_locale":"vi_VN","og_type":"article","og_title":"\u01afu \u0111\u00e3i l\u01b0u tr\u00fa d\u00e0i ng\u00e0y - Emerald Bay Hotel &amp; Spa Nha Trang","og_description":"The Longer You Stay, The More You Save M\u1ed9t chuy\u1ebfn c\u00f4ng t\u00e1c tr\u1ecdn v\u1eb9n kh\u00f4ng ch\u1ec9 n\u1eb1m \u1edf l\u1ecbch tr\u00ecnh, m\u00e0 b\u1eaft \u0111\u1ea7u t\u1eeb n\u01a1i b\u1ea1n ch\u1ecdn \u0111\u1ec3 ngh\u1ec9 ng\u01a1i v\u00e0 t\u00e1i t\u1ea1o n\u0103ng l\u01b0\u1ee3ng. T\u1ea1i Emerald Bay Hotel &amp; Spa Nha Trang, tr\u1ea3i nghi\u1ec7m l\u01b0u tr\u00fa chuy\u00ean nghi\u1ec7p \u0111\u01b0\u1ee3c thi\u1ebft k\u1ebf \u0111\u1ec3 m\u1ed7i chuy\u1ebfn [&hellip;]","og_url":"https:\/\/www.emeraldbayhotelnhatrang.com\/vi\/chuong-trinh-khuyen-mai\/uu-dai-luu-tru-dai-ngay\/","og_site_name":"Emerald Bay Hotel &amp; Spa Nha Trang","article_modified_time":"2026-04-23T05:32:46+00:00","og_image":[{"width":2200,"height":1386,"url":"http:\/\/www.emeraldbayhotelnhatrang.com\/wp-content\/uploads\/sites\/145\/2025\/12\/Senior-1.jpg","type":"image\/jpeg"}],"twitter_card":"summary_large_image","twitter_misc":{"Est. reading time":"1 minute"},"schema":{"@context":"https:\/\/schema.org","@graph":[{"@type":"WebPage","@id":"https:\/\/www.emeraldbayhotelnhatrang.com\/vi\/chuong-trinh-khuyen-mai\/uu-dai-luu-tru-dai-ngay\/","url":"https:\/\/www.emeraldbayhotelnhatrang.com\/vi\/chuong-trinh-khuyen-mai\/uu-dai-luu-tru-dai-ngay\/","name":"\u01afu \u0111\u00e3i l\u01b0u tr\u00fa d\u00e0i ng\u00e0y - Emerald Bay Hotel &amp; Spa Nha Trang","isPartOf":{"@id":"https:\/\/www.emeraldbayhotelnhatrang.com\/vi\/#website"},"primaryImageOfPage":{"@id":"https:\/\/www.emeraldbayhotelnhatrang.com\/vi\/chuong-trinh-khuyen-mai\/uu-dai-luu-tru-dai-ngay\/#primaryimage"},"image":{"@id":"https:\/\/www.emeraldbayhotelnhatrang.com\/vi\/chuong-trinh-khuyen-mai\/uu-dai-luu-tru-dai-ngay\/#primaryimage"},"thumbnailUrl":"https:\/\/www.emeraldbayhotelnhatrang.com\/wp-content\/uploads\/sites\/145\/2025\/12\/Senior-1.jpg","datePublished":"2026-04-23T05:30:25+00:00","dateModified":"2026-04-23T05:32:46+00:00","breadcrumb":{"@id":"https:\/\/www.emeraldbayhotelnhatrang.com\/vi\/chuong-trinh-khuyen-mai\/uu-dai-luu-tru-dai-ngay\/#breadcrumb"},"inLanguage":"vi-VN","potentialAction":[{"@type":"ReadAction","target":["https:\/\/www.emeraldbayhotelnhatrang.com\/vi\/chuong-trinh-khuyen-mai\/uu-dai-luu-tru-dai-ngay\/"]}]},{"@type":"ImageObject","inLanguage":"vi-VN","@id":"https:\/\/www.emeraldbayhotelnhatrang.com\/vi\/chuong-trinh-khuyen-mai\/uu-dai-luu-tru-dai-ngay\/#primaryimage","url":"https:\/\/www.emeraldbayhotelnhatrang.com\/wp-content\/uploads\/sites\/145\/2025\/12\/Senior-1.jpg","contentUrl":"https:\/\/www.emeraldbayhotelnhatrang.com\/wp-content\/uploads\/sites\/145\/2025\/12\/Senior-1.jpg","width":2200,"height":1386},{"@type":"BreadcrumbList","@id":"https:\/\/www.emeraldbayhotelnhatrang.com\/vi\/chuong-trinh-khuyen-mai\/uu-dai-luu-tru-dai-ngay\/#breadcrumb","itemListElement":[{"@type":"ListItem","position":1,"name":"Home","item":"https:\/\/www.emeraldbayhotelnhatrang.com\/vi\/"},{"@type":"ListItem","position":2,"name":"Ch\u01b0\u01a1ng tr\u00ecnh khuy\u1ebfn m\u00e3i","item":"https:\/\/www.emeraldbayhotelnhatrang.com\/vi\/chuong-trinh-khuyen-mai\/"},{"@type":"ListItem","position":3,"name":"\u01afu \u0111\u00e3i l\u01b0u tr\u00fa d\u00e0i ng\u00e0y"}]},{"@type":"WebSite","@id":"https:\/\/www.emeraldbayhotelnhatrang.com\/vi\/#website","url":"https:\/\/www.emeraldbayhotelnhatrang.com\/vi\/","name":"Emerald Bay Hotel &amp; Spa Nha Trang","description":"","potentialAction":[{"@type":"SearchAction","target":{"@type":"EntryPoint","urlTemplate":"https:\/\/www.emeraldbayhotelnhatrang.com\/vi\/?s={search_term_string}"},"query-input":"required name=search_term_string"}],"inLanguage":"vi-VN"}]}},"acf":[],"_links":{"self":[{"href":"https:\/\/www.emeraldbayhotelnhatrang.com\/vi\/wp-json\/wp\/v2\/pages\/509"}],"collection":[{"href":"https:\/\/www.emeraldbayhotelnhatrang.com\/vi\/wp-json\/wp\/v2\/pages"}],"about":[{"href":"https:\/\/www.emeraldbayhotelnhatrang.com\/vi\/wp-json\/wp\/v2\/types\/page"}],"author":[{"embeddable":true,"href":"https:\/\/www.emeraldbayhotelnhatrang.com\/vi\/wp-json\/wp\/v2\/users\/270"}],"replies":[{"embeddable":true,"href":"https:\/\/www.emeraldbayhotelnhatrang.com\/vi\/wp-json\/wp\/v2\/comments?post=509"}],"version-history":[{"count":0,"href":"https:\/\/www.emeraldbayhotelnhatrang.com\/vi\/wp-json\/wp\/v2\/pages\/509\/revisions"}],"up":[{"embeddable":true,"href":"https:\/\/www.emeraldbayhotelnhatrang.com\/vi\/wp-json\/wp\/v2\/pages\/454"}],"wp:featuredmedia":[{"embeddable":true,"href":"https:\/\/www.emeraldbayhotelnhatrang.com\/vi\/wp-json\/wp\/v2\/media\/61"}],"wp:attachment":[{"href":"https:\/\/www.emeraldbayhotelnhatrang.com\/vi\/wp-json\/wp\/v2\/media?parent=509"}],"curies":[{"name":"wp","href":"https:\/\/api.w.org\/{rel}","templated":true}]}}