{"id":490,"date":"2026-04-23T04:50:32","date_gmt":"2026-04-23T04:50:32","guid":{"rendered":"https:\/\/www.emeraldbayhotelnhatrang.com\/?page_id=490"},"modified":"2026-04-23T05:00:13","modified_gmt":"2026-04-23T05:00:13","slug":"goi-phong-honeymoon","status":"publish","type":"page","link":"https:\/\/www.emeraldbayhotelnhatrang.com\/vi\/chuong-trinh-khuyen-mai\/goi-phong-honeymoon\/","title":{"rendered":"G\u00f3i ph\u00f2ng Eternal Love Retreat"},"content":{"rendered":"<p style=\"text-align: center\">T\u1eadn h\u01b0\u1edfng nh\u1eefng kho\u1ea3nh kh\u1eafc ng\u1ecdt ng\u00e0o v\u00e0 l\u00e3ng m\u1ea1n b\u00ean ng\u01b0\u1eddi th\u01b0\u01a1ng v\u1edbi g\u00f3i Honeymoon t\u1ea1i Emerald Bay Hotel &amp; Spa Nha Trang. Kh\u00f4ng gian ngh\u1ec9 d\u01b0\u1ee1ng \u0111\u01b0\u1ee3c trang tr\u00ed tinh t\u1ebf, ri\u00eang t\u01b0 v\u00e0 \u1ea5m \u00e1p, mang \u0111\u1ebfn tr\u1ea3i nghi\u1ec7m ho\u00e0n h\u1ea3o cho h\u00e0nh tr\u00ecnh kh\u1edfi \u0111\u1ea7u c\u1ee7a h\u1ea1nh ph\u00fac.<\/p>\n<div class=\"x14z9mp xat24cr x1lziwak x1vvkbs xtlvy1s x126k92a\">\n<div dir=\"auto\" style=\"text-align: center\">G\u00f3i ngh\u1ec9 d\u01b0\u1ee1ng c\u1eb7p \u0111\u00f4i 2N1\u0110 \u0111\u00eam ch\u1ec9 v\u1edbi 725,000 VN\u0110\/kh\u00e1ch (Combo \u00e1p d\u1ee5ng t\u1ed1i thi\u1ec3u cho 2 kh\u00e1ch)<\/div>\n<\/div>\n<div class=\"x14z9mp xat24cr x1lziwak x1vvkbs xtlvy1s x126k92a\" style=\"text-align: center\">\n<div dir=\"auto\"><strong>\u01afu \u0111\u00e3i bao g\u1ed3m:<\/strong><\/div>\n<\/div>\n<div class=\"x14z9mp xat24cr x1lziwak x1vvkbs xtlvy1s x126k92a\" style=\"text-align: center\">\n<div dir=\"auto\">&#8211; L\u01b0u tr\u00fa t\u1ea1i ph\u00f2ng Senior h\u01b0\u1edbng bi\u1ec3n d\u00e0nh cho 2 kh\u00e1ch.<\/div>\n<div dir=\"auto\">&#8211; Mi\u1ec5n ph\u00ed trang tr\u00ed gi\u01b0\u1eddng uy\u00ean \u01b0\u01a1ng l\u00e3ng m\u1ea1n.<\/div>\n<div dir=\"auto\">&#8211; Mi\u1ec5n ph\u00ed d\u00f9ng buffet s\u00e1ng cho 2 kh\u00e1ch<\/div>\n<div dir=\"auto\">&#8211; Mi\u1ec5n ph\u00ed d\u00f9ng b\u1eefa tr\u01b0a\/t\u1ed1i l\u00e3ng m\u1ea1n cho 2 kh\u00e1ch theo Set Menu \ud835\udde0\ud835\ude06\ud835\ude00\ud835\ude01\ud835\uddf2\ud835\uddff\ud835\ude06 \ud835\uddfc\ud835\uddf3 \ud835\uddf9\ud835\uddfc\ud835\ude03\ud835\uddf2.<\/div>\n<div dir=\"auto\">&#8211; Gi\u1ea3m gi\u00e1 40% t\u1ea5t c\u1ea3 c\u00e1c d\u1ecbch v\u1ee5 t\u1ea1i Spa.<\/div>\n<div dir=\"auto\">&#8211; T\u1eb7ng tr\u00e1i c\u00e2y Welcome v\u00e0o ng\u00e0y Check-in.<\/div>\n<div dir=\"auto\">&#8211; Mi\u1ec5n ph\u00ed 2 tr\u1ebb d\u01b0\u1edbi 6 tu\u1ed5i \u1edf c\u00f9ng ph\u00f2ng.<\/div>\n<div dir=\"auto\"><\/div>\n<\/div>\n<div class=\"x14z9mp xat24cr x1lziwak x1vvkbs xtlvy1s x126k92a\" style=\"text-align: center\">\n<div dir=\"auto\"><strong>\u0110i\u1ec1u ki\u1ec7n &amp; \u0111i\u1ec1u kho\u1ea3n \u0111i k\u00e8m:<\/strong><\/div>\n<div dir=\"auto\"><span class=\"html-span xexx8yu xyri2b x18d9i69 x1c1uobl x1hl2dhg x16tdsg8 x1vvkbs x3nfvp2 x1j61x8r x1fcty0u xdj266r xat24cr xm2jcoa x1mpyi22 xxymvpz xlup9mm x1kky2od\"><img loading=\"lazy\" decoding=\"async\" class=\"xz74otr x15mokao x1ga7v0g x16uus16 xbiv7yw\" src=\"https:\/\/static.xx.fbcdn.net\/images\/emoji.php\/v9\/t51\/1\/16\/2714.png\" alt=\"\u2714\ufe0f\" width=\"16\" height=\"16\" \/><\/span> Th\u1eddi gian \u0111\u1eb7t ph\u00f2ng v\u00e0 l\u01b0u tr\u00fa: 20\/01\/2026 \u2013 31\/12\/2026<\/div>\n<div dir=\"auto\"><span class=\"html-span xexx8yu xyri2b x18d9i69 x1c1uobl x1hl2dhg x16tdsg8 x1vvkbs x3nfvp2 x1j61x8r x1fcty0u xdj266r xat24cr xm2jcoa x1mpyi22 xxymvpz xlup9mm x1kky2od\"><img loading=\"lazy\" decoding=\"async\" class=\"xz74otr x15mokao x1ga7v0g x16uus16 xbiv7yw\" src=\"https:\/\/static.xx.fbcdn.net\/images\/emoji.php\/v9\/t51\/1\/16\/2714.png\" alt=\"\u2714\ufe0f\" width=\"16\" height=\"16\" \/><\/span> Ph\u00ed ph\u1ee5 thu tr\u1ebb em t\u1eeb 6 &#8211; 11 tu\u1ed5i: 200,000\/tr\u1ebb\/\u0111\u00eam<\/div>\n<div dir=\"auto\"><span class=\"html-span xexx8yu xyri2b x18d9i69 x1c1uobl x1hl2dhg x16tdsg8 x1vvkbs x3nfvp2 x1j61x8r x1fcty0u xdj266r xat24cr xm2jcoa x1mpyi22 xxymvpz xlup9mm x1kky2od\"><img loading=\"lazy\" decoding=\"async\" class=\"xz74otr x15mokao x1ga7v0g x16uus16 xbiv7yw\" src=\"https:\/\/static.xx.fbcdn.net\/images\/emoji.php\/v9\/t51\/1\/16\/2714.png\" alt=\"\u2714\ufe0f\" width=\"16\" height=\"16\" \/><\/span> Ph\u00ed ph\u1ee5 thu ng\u01b0\u1eddi l\u1edbn tr\u00ean 11 tu\u1ed5i (kh\u00f4ng th\u00eam gi\u01b0\u1eddng ph\u1ee5 : 250,000\/ng\u01b0\u1eddi\/\u0111\u00eam)<\/div>\n<div dir=\"auto\"><span class=\"html-span xexx8yu xyri2b x18d9i69 x1c1uobl x1hl2dhg x16tdsg8 x1vvkbs x3nfvp2 x1j61x8r x1fcty0u xdj266r xat24cr xm2jcoa x1mpyi22 xxymvpz xlup9mm x1kky2od\"><img loading=\"lazy\" decoding=\"async\" class=\"xz74otr x15mokao x1ga7v0g x16uus16 xbiv7yw\" src=\"https:\/\/static.xx.fbcdn.net\/images\/emoji.php\/v9\/t51\/1\/16\/2714.png\" alt=\"\u2714\ufe0f\" width=\"16\" height=\"16\" \/><\/span> Ph\u00ed k\u00ea gi\u01b0\u1eddng ph\u1ee5 : 300,000\/gi\u01b0\u1eddng\/\u0111\u00eam<\/div>\n<div dir=\"auto\"><span class=\"html-span xexx8yu xyri2b x18d9i69 x1c1uobl x1hl2dhg x16tdsg8 x1vvkbs x3nfvp2 x1j61x8r x1fcty0u xdj266r xat24cr xm2jcoa x1mpyi22 xxymvpz xlup9mm x1kky2od\"><img loading=\"lazy\" decoding=\"async\" class=\"xz74otr x15mokao x1ga7v0g x16uus16 xbiv7yw\" src=\"https:\/\/static.xx.fbcdn.net\/images\/emoji.php\/v9\/t51\/1\/16\/2714.png\" alt=\"\u2714\ufe0f\" width=\"16\" height=\"16\" \/><\/span> Ph\u1ee5 thu d\u1ecbp l\u1ec5\/t\u1ebft : 200,000\/ph\u00f2ng \/\u0111\u00eam<\/div>\n<div dir=\"auto\"><\/div>\n<\/div>\n<div dir=\"auto\" style=\"text-align: center\"><strong>Th\u1eddi gian \u00e1p d\u1ee5ng:<\/strong><br \/>\nTh\u1eddi gian \u0111\u1eb7t ph\u00f2ng \u00e1p d\u1ee5ng \u0111\u00e9n h\u1ebft ng\u00e0y 15\/12\/2026<br \/>\nTh\u1eddi gian l\u01b0u tr\u00fa \u00e1p d\u1ee5ng \u0111\u1ebfn h\u1ebft ng\u00e0y 31\/12\/26<\/div>\n<p>&nbsp;<\/p>\n","protected":false},"excerpt":{"rendered":"<p>T\u1eadn h\u01b0\u1edfng nh\u1eefng kho\u1ea3nh kh\u1eafc ng\u1ecdt ng\u00e0o v\u00e0 l\u00e3ng m\u1ea1n b\u00ean ng\u01b0\u1eddi th\u01b0\u01a1ng v\u1edbi g\u00f3i Honeymoon t\u1ea1i Emerald Bay Hotel &amp; Spa Nha Trang. Kh\u00f4ng gian ngh\u1ec9 d\u01b0\u1ee1ng \u0111\u01b0\u1ee3c trang tr\u00ed tinh t\u1ebf, ri\u00eang t\u01b0 v\u00e0 \u1ea5m \u00e1p, mang \u0111\u1ebfn tr\u1ea3i nghi\u1ec7m ho\u00e0n h\u1ea3o cho h\u00e0nh tr\u00ecnh kh\u1edfi \u0111\u1ea7u c\u1ee7a h\u1ea1nh ph\u00fac. G\u00f3i ngh\u1ec9 d\u01b0\u1ee1ng [&hellip;]<\/p>\n","protected":false},"author":270,"featured_media":493,"parent":454,"menu_order":0,"comment_status":"closed","ping_status":"closed","template":"template-single-offer.php","meta":{"footnotes":""},"yoast_head":"<!-- This site is optimized with the Yoast SEO plugin v22.3 - https:\/\/yoast.com\/wordpress\/plugins\/seo\/ -->\n<title>G\u00f3i ph\u00f2ng Eternal Love Retreat - Emerald Bay Hotel &amp; Spa Nha Trang<\/title>\n<meta name=\"robots\" content=\"index, follow, max-snippet:-1, max-image-preview:large, max-video-preview:-1\" \/>\n<link rel=\"canonical\" href=\"https:\/\/www.emeraldbayhotelnhatrang.com\/vi\/chuong-trinh-khuyen-mai\/goi-phong-honeymoon\/\" \/>\n<meta property=\"og:locale\" content=\"vi_VN\" \/>\n<meta property=\"og:type\" content=\"article\" \/>\n<meta property=\"og:title\" content=\"G\u00f3i ph\u00f2ng Eternal Love Retreat - Emerald Bay Hotel &amp; Spa Nha Trang\" \/>\n<meta property=\"og:description\" content=\"T\u1eadn h\u01b0\u1edfng nh\u1eefng kho\u1ea3nh kh\u1eafc ng\u1ecdt ng\u00e0o v\u00e0 l\u00e3ng m\u1ea1n b\u00ean ng\u01b0\u1eddi th\u01b0\u01a1ng v\u1edbi g\u00f3i Honeymoon t\u1ea1i Emerald Bay Hotel &amp; Spa Nha Trang. Kh\u00f4ng gian ngh\u1ec9 d\u01b0\u1ee1ng \u0111\u01b0\u1ee3c trang tr\u00ed tinh t\u1ebf, ri\u00eang t\u01b0 v\u00e0 \u1ea5m \u00e1p, mang \u0111\u1ebfn tr\u1ea3i nghi\u1ec7m ho\u00e0n h\u1ea3o cho h\u00e0nh tr\u00ecnh kh\u1edfi \u0111\u1ea7u c\u1ee7a h\u1ea1nh ph\u00fac. G\u00f3i ngh\u1ec9 d\u01b0\u1ee1ng [&hellip;]\" \/>\n<meta property=\"og:url\" content=\"https:\/\/www.emeraldbayhotelnhatrang.com\/vi\/chuong-trinh-khuyen-mai\/goi-phong-honeymoon\/\" \/>\n<meta property=\"og:site_name\" content=\"Emerald Bay Hotel &amp; Spa Nha Trang\" \/>\n<meta property=\"article:modified_time\" content=\"2026-04-23T05:00:13+00:00\" \/>\n<meta property=\"og:image\" content=\"http:\/\/www.emeraldbayhotelnhatrang.com\/wp-content\/uploads\/sites\/145\/2026\/04\/ST_01483.jpg\" \/>\n\t<meta property=\"og:image:width\" content=\"2200\" \/>\n\t<meta property=\"og:image:height\" content=\"1486\" \/>\n\t<meta property=\"og:image:type\" content=\"image\/jpeg\" \/>\n<meta name=\"twitter:card\" content=\"summary_large_image\" \/>\n<meta name=\"twitter:label1\" content=\"Est. reading time\" \/>\n\t<meta name=\"twitter:data1\" content=\"3 minutes\" \/>\n<script type=\"application\/ld+json\" class=\"yoast-schema-graph\">{\"@context\":\"https:\/\/schema.org\",\"@graph\":[{\"@type\":\"WebPage\",\"@id\":\"https:\/\/www.emeraldbayhotelnhatrang.com\/vi\/chuong-trinh-khuyen-mai\/goi-phong-honeymoon\/\",\"url\":\"https:\/\/www.emeraldbayhotelnhatrang.com\/vi\/chuong-trinh-khuyen-mai\/goi-phong-honeymoon\/\",\"name\":\"G\u00f3i ph\u00f2ng Eternal Love Retreat - Emerald Bay Hotel &amp; Spa Nha Trang\",\"isPartOf\":{\"@id\":\"https:\/\/www.emeraldbayhotelnhatrang.com\/vi\/#website\"},\"primaryImageOfPage\":{\"@id\":\"https:\/\/www.emeraldbayhotelnhatrang.com\/vi\/chuong-trinh-khuyen-mai\/goi-phong-honeymoon\/#primaryimage\"},\"image\":{\"@id\":\"https:\/\/www.emeraldbayhotelnhatrang.com\/vi\/chuong-trinh-khuyen-mai\/goi-phong-honeymoon\/#primaryimage\"},\"thumbnailUrl\":\"https:\/\/www.emeraldbayhotelnhatrang.com\/wp-content\/uploads\/sites\/145\/2026\/04\/ST_01483.jpg\",\"datePublished\":\"2026-04-23T04:50:32+00:00\",\"dateModified\":\"2026-04-23T05:00:13+00:00\",\"breadcrumb\":{\"@id\":\"https:\/\/www.emeraldbayhotelnhatrang.com\/vi\/chuong-trinh-khuyen-mai\/goi-phong-honeymoon\/#breadcrumb\"},\"inLanguage\":\"vi-VN\",\"potentialAction\":[{\"@type\":\"ReadAction\",\"target\":[\"https:\/\/www.emeraldbayhotelnhatrang.com\/vi\/chuong-trinh-khuyen-mai\/goi-phong-honeymoon\/\"]}]},{\"@type\":\"ImageObject\",\"inLanguage\":\"vi-VN\",\"@id\":\"https:\/\/www.emeraldbayhotelnhatrang.com\/vi\/chuong-trinh-khuyen-mai\/goi-phong-honeymoon\/#primaryimage\",\"url\":\"https:\/\/www.emeraldbayhotelnhatrang.com\/wp-content\/uploads\/sites\/145\/2026\/04\/ST_01483.jpg\",\"contentUrl\":\"https:\/\/www.emeraldbayhotelnhatrang.com\/wp-content\/uploads\/sites\/145\/2026\/04\/ST_01483.jpg\",\"width\":2200,\"height\":1486},{\"@type\":\"BreadcrumbList\",\"@id\":\"https:\/\/www.emeraldbayhotelnhatrang.com\/vi\/chuong-trinh-khuyen-mai\/goi-phong-honeymoon\/#breadcrumb\",\"itemListElement\":[{\"@type\":\"ListItem\",\"position\":1,\"name\":\"Home\",\"item\":\"https:\/\/www.emeraldbayhotelnhatrang.com\/vi\/\"},{\"@type\":\"ListItem\",\"position\":2,\"name\":\"Ch\u01b0\u01a1ng tr\u00ecnh khuy\u1ebfn m\u00e3i\",\"item\":\"https:\/\/www.emeraldbayhotelnhatrang.com\/vi\/chuong-trinh-khuyen-mai\/\"},{\"@type\":\"ListItem\",\"position\":3,\"name\":\"G\u00f3i ph\u00f2ng Eternal Love Retreat\"}]},{\"@type\":\"WebSite\",\"@id\":\"https:\/\/www.emeraldbayhotelnhatrang.com\/vi\/#website\",\"url\":\"https:\/\/www.emeraldbayhotelnhatrang.com\/vi\/\",\"name\":\"Emerald Bay Hotel &amp; Spa Nha Trang\",\"description\":\"\",\"potentialAction\":[{\"@type\":\"SearchAction\",\"target\":{\"@type\":\"EntryPoint\",\"urlTemplate\":\"https:\/\/www.emeraldbayhotelnhatrang.com\/vi\/?s={search_term_string}\"},\"query-input\":\"required name=search_term_string\"}],\"inLanguage\":\"vi-VN\"}]}<\/script>\n<!-- \/ Yoast SEO plugin. -->","yoast_head_json":{"title":"G\u00f3i ph\u00f2ng Eternal Love Retreat - Emerald Bay Hotel &amp; Spa Nha Trang","robots":{"index":"index","follow":"follow","max-snippet":"max-snippet:-1","max-image-preview":"max-image-preview:large","max-video-preview":"max-video-preview:-1"},"canonical":"https:\/\/www.emeraldbayhotelnhatrang.com\/vi\/chuong-trinh-khuyen-mai\/goi-phong-honeymoon\/","og_locale":"vi_VN","og_type":"article","og_title":"G\u00f3i ph\u00f2ng Eternal Love Retreat - Emerald Bay Hotel &amp; Spa Nha Trang","og_description":"T\u1eadn h\u01b0\u1edfng nh\u1eefng kho\u1ea3nh kh\u1eafc ng\u1ecdt ng\u00e0o v\u00e0 l\u00e3ng m\u1ea1n b\u00ean ng\u01b0\u1eddi th\u01b0\u01a1ng v\u1edbi g\u00f3i Honeymoon t\u1ea1i Emerald Bay Hotel &amp; Spa Nha Trang. Kh\u00f4ng gian ngh\u1ec9 d\u01b0\u1ee1ng \u0111\u01b0\u1ee3c trang tr\u00ed tinh t\u1ebf, ri\u00eang t\u01b0 v\u00e0 \u1ea5m \u00e1p, mang \u0111\u1ebfn tr\u1ea3i nghi\u1ec7m ho\u00e0n h\u1ea3o cho h\u00e0nh tr\u00ecnh kh\u1edfi \u0111\u1ea7u c\u1ee7a h\u1ea1nh ph\u00fac. G\u00f3i ngh\u1ec9 d\u01b0\u1ee1ng [&hellip;]","og_url":"https:\/\/www.emeraldbayhotelnhatrang.com\/vi\/chuong-trinh-khuyen-mai\/goi-phong-honeymoon\/","og_site_name":"Emerald Bay Hotel &amp; Spa Nha Trang","article_modified_time":"2026-04-23T05:00:13+00:00","og_image":[{"width":2200,"height":1486,"url":"http:\/\/www.emeraldbayhotelnhatrang.com\/wp-content\/uploads\/sites\/145\/2026\/04\/ST_01483.jpg","type":"image\/jpeg"}],"twitter_card":"summary_large_image","twitter_misc":{"Est. reading time":"3 minutes"},"schema":{"@context":"https:\/\/schema.org","@graph":[{"@type":"WebPage","@id":"https:\/\/www.emeraldbayhotelnhatrang.com\/vi\/chuong-trinh-khuyen-mai\/goi-phong-honeymoon\/","url":"https:\/\/www.emeraldbayhotelnhatrang.com\/vi\/chuong-trinh-khuyen-mai\/goi-phong-honeymoon\/","name":"G\u00f3i ph\u00f2ng Eternal Love Retreat - Emerald Bay Hotel &amp; Spa Nha Trang","isPartOf":{"@id":"https:\/\/www.emeraldbayhotelnhatrang.com\/vi\/#website"},"primaryImageOfPage":{"@id":"https:\/\/www.emeraldbayhotelnhatrang.com\/vi\/chuong-trinh-khuyen-mai\/goi-phong-honeymoon\/#primaryimage"},"image":{"@id":"https:\/\/www.emeraldbayhotelnhatrang.com\/vi\/chuong-trinh-khuyen-mai\/goi-phong-honeymoon\/#primaryimage"},"thumbnailUrl":"https:\/\/www.emeraldbayhotelnhatrang.com\/wp-content\/uploads\/sites\/145\/2026\/04\/ST_01483.jpg","datePublished":"2026-04-23T04:50:32+00:00","dateModified":"2026-04-23T05:00:13+00:00","breadcrumb":{"@id":"https:\/\/www.emeraldbayhotelnhatrang.com\/vi\/chuong-trinh-khuyen-mai\/goi-phong-honeymoon\/#breadcrumb"},"inLanguage":"vi-VN","potentialAction":[{"@type":"ReadAction","target":["https:\/\/www.emeraldbayhotelnhatrang.com\/vi\/chuong-trinh-khuyen-mai\/goi-phong-honeymoon\/"]}]},{"@type":"ImageObject","inLanguage":"vi-VN","@id":"https:\/\/www.emeraldbayhotelnhatrang.com\/vi\/chuong-trinh-khuyen-mai\/goi-phong-honeymoon\/#primaryimage","url":"https:\/\/www.emeraldbayhotelnhatrang.com\/wp-content\/uploads\/sites\/145\/2026\/04\/ST_01483.jpg","contentUrl":"https:\/\/www.emeraldbayhotelnhatrang.com\/wp-content\/uploads\/sites\/145\/2026\/04\/ST_01483.jpg","width":2200,"height":1486},{"@type":"BreadcrumbList","@id":"https:\/\/www.emeraldbayhotelnhatrang.com\/vi\/chuong-trinh-khuyen-mai\/goi-phong-honeymoon\/#breadcrumb","itemListElement":[{"@type":"ListItem","position":1,"name":"Home","item":"https:\/\/www.emeraldbayhotelnhatrang.com\/vi\/"},{"@type":"ListItem","position":2,"name":"Ch\u01b0\u01a1ng tr\u00ecnh khuy\u1ebfn m\u00e3i","item":"https:\/\/www.emeraldbayhotelnhatrang.com\/vi\/chuong-trinh-khuyen-mai\/"},{"@type":"ListItem","position":3,"name":"G\u00f3i ph\u00f2ng Eternal Love Retreat"}]},{"@type":"WebSite","@id":"https:\/\/www.emeraldbayhotelnhatrang.com\/vi\/#website","url":"https:\/\/www.emeraldbayhotelnhatrang.com\/vi\/","name":"Emerald Bay Hotel &amp; Spa Nha Trang","description":"","potentialAction":[{"@type":"SearchAction","target":{"@type":"EntryPoint","urlTemplate":"https:\/\/www.emeraldbayhotelnhatrang.com\/vi\/?s={search_term_string}"},"query-input":"required name=search_term_string"}],"inLanguage":"vi-VN"}]}},"acf":[],"_links":{"self":[{"href":"https:\/\/www.emeraldbayhotelnhatrang.com\/vi\/wp-json\/wp\/v2\/pages\/490"}],"collection":[{"href":"https:\/\/www.emeraldbayhotelnhatrang.com\/vi\/wp-json\/wp\/v2\/pages"}],"about":[{"href":"https:\/\/www.emeraldbayhotelnhatrang.com\/vi\/wp-json\/wp\/v2\/types\/page"}],"author":[{"embeddable":true,"href":"https:\/\/www.emeraldbayhotelnhatrang.com\/vi\/wp-json\/wp\/v2\/users\/270"}],"replies":[{"embeddable":true,"href":"https:\/\/www.emeraldbayhotelnhatrang.com\/vi\/wp-json\/wp\/v2\/comments?post=490"}],"version-history":[{"count":0,"href":"https:\/\/www.emeraldbayhotelnhatrang.com\/vi\/wp-json\/wp\/v2\/pages\/490\/revisions"}],"up":[{"embeddable":true,"href":"https:\/\/www.emeraldbayhotelnhatrang.com\/vi\/wp-json\/wp\/v2\/pages\/454"}],"wp:featuredmedia":[{"embeddable":true,"href":"https:\/\/www.emeraldbayhotelnhatrang.com\/vi\/wp-json\/wp\/v2\/media\/493"}],"wp:attachment":[{"href":"https:\/\/www.emeraldbayhotelnhatrang.com\/vi\/wp-json\/wp\/v2\/media?parent=490"}],"curies":[{"name":"wp","href":"https:\/\/api.w.org\/{rel}","templated":true}]}}