{"id":475,"date":"2026-04-23T04:04:18","date_gmt":"2026-04-23T04:04:18","guid":{"rendered":"https:\/\/www.emeraldbayhotelnhatrang.com\/?page_id=475"},"modified":"2026-04-23T04:48:10","modified_gmt":"2026-04-23T04:48:10","slug":"may-serenity-escape","status":"publish","type":"page","link":"https:\/\/www.emeraldbayhotelnhatrang.com\/vi\/chuong-trinh-khuyen-mai\/may-serenity-escape\/","title":{"rendered":"G\u00f3i May Serenity Escape"},"content":{"rendered":"<p style=\"text-align: center\">N\u00e9p m\u00ecnh b\u00ean b\u1edd bi\u1ec3n xinh \u0111\u1eb9p c\u1ee7a th\u00e0nh ph\u1ed1 bi\u1ec3n, Emerald Bay Hotel &amp; Spa Nha Trang l\u00e0 \u0111i\u1ec3m \u0111\u1ebfn l\u00fd t\u01b0\u1edfng cho k\u1ef3 ngh\u1ec9 d\u01b0\u1ee1ng m\u00f9a h\u00e8 tr\u1ecdn v\u1eb9n. Kh\u00e1ch s\u1ea1n mang \u0111\u1ebfn kh\u00f4ng gian l\u01b0u tr\u00fa sang tr\u1ecdng, ti\u1ec7n nghi hi\u1ec7n \u0111\u1ea1i c\u00f9ng t\u1ea7m nh\u00ecn h\u01b0\u1edbng bi\u1ec3n \u0111\u1ea7y m\u00ea ho\u1eb7c.<\/p>\n<p style=\"text-align: center\">T\u1ea1i \u0111\u00e2y, du kh\u00e1ch c\u00f3 th\u1ec3 t\u1eadn h\u01b0\u1edfng nh\u1eefng ph\u00fat gi\u00e2y th\u01b0 gi\u00e3n tuy\u1ec7t \u0111\u1ed1i t\u1ea1i spa, th\u01b0\u1edfng th\u1ee9c \u1ea9m th\u1ef1c tinh t\u1ebf v\u00e0 \u0111\u1eafm m\u00ecnh trong l\u00e0n n\u01b0\u1edbc m\u00e1t l\u00e0nh c\u1ee7a h\u1ed3 b\u01a1i hay b\u00e3i bi\u1ec3n g\u1ea7n k\u1ec1. K\u1ebft h\u1ee3p c\u00f9ng c\u00e1c \u01b0u \u0111\u00e3i h\u1ea5p d\u1eabn trong th\u00e1ng 5, Emerald Bay h\u1ee9a h\u1eb9n mang \u0111\u1ebfn m\u1ed9t h\u00e0nh tr\u00ecnh ngh\u1ec9 d\u01b0\u1ee1ng \u0111\u00e1ng nh\u1edb, n\u01a1i m\u1ecdi tr\u1ea3i nghi\u1ec7m \u0111\u1ec1u \u0111\u01b0\u1ee3c ch\u0103m ch\u00fat \u0111\u1ec3 b\u1ea1n t\u1eadn h\u01b0\u1edfng tr\u1ecdn v\u1eb9n t\u1eebng kho\u1ea3nh kh\u1eafc.<\/p>\n<p style=\"text-align: center\"><strong>May Serenity Escape Package<\/strong><\/p>\n<div dir=\"auto\">\n<p style=\"text-align: center\">01 \u0111\u00eam l\u01b0u tr\u00fa t\u1ea1i ph\u00f2ng Executive<\/p>\n<p style=\"text-align: center\">T\u1eb7ng 01 b\u1eefa tr\u01b0a ho\u1eb7c t\u1ed1i c\u01a1m Vi\u1ec7t<\/p>\n<p style=\"text-align: center\">Gi\u1ea3m 30% t\u1ea5t c\u1ea3 c\u00e1c d\u1ecbch v\u1ee5 Spa<\/p>\n<p style=\"text-align: center\">Mi\u1ec5n ph\u00ed buffet s\u00e1ng cho 2 kh\u00e1ch<\/p>\n<p style=\"text-align: center\"><strong>Th\u1eddi gian \u00e1p d\u1ee5ng:<\/strong><br \/>\nTh\u1eddi gian \u0111\u1eb7t ph\u00f2ng \u00e1p d\u1ee5ng t\u1eeb: 27\/04\/26 \u0111\u1ebfn h\u1ebft ng\u00e0y 16\/05\/2026<br \/>\nTh\u1eddi gian l\u01b0u tr\u00fa \u00e1p d\u1ee5ng t\u1eeb: 01\/05\/26 \u0111\u1ebfn h\u1ebft ng\u00e0y 31\/05\/26<\/p>\n<\/div>\n<div dir=\"auto\" style=\"text-align: center\"><strong>L\u01b0u \u00fd:<\/strong><\/div>\n<div dir=\"auto\" style=\"text-align: center\">\n<div dir=\"auto\">\u2013 Ph\u1ee5 thu tr\u1ebb em t\u1eeb 6 \u0111\u1ebfn 11 tu\u1ed5i: 200,000 VN\u0110\/ tr\u1ebb\/ \u0111\u00eam .<\/div>\n<div dir=\"auto\">\u2013 Ph\u1ee5 thu ng\u01b0\u1eddi l\u1edbn tr\u00ean 11 tu\u1ed5i (kh\u00f4ng th\u00eam gi\u01b0\u1eddng ph\u1ee5): 300,000\/ng\u01b0\u1eddi\/\u0111\u00eam.<\/div>\n<div dir=\"auto\">\u2013 Ph\u1ee5 thu l\u1ec5 t\u1ebft: 200,000 VN\u0110\/ ph\u00f2ng\/ \u0111\u00eam (\u00e1p d\u1ee5ng v\u00e0o c\u00e1c ng\u00e0y l\u1ec5 l\u1edbn trong n\u0103m).<\/div>\n<\/div>\n<div dir=\"auto\" style=\"text-align: center\"><\/div>\n<div dir=\"auto\">\n<div dir=\"auto\" style=\"text-align: center\"><strong>Li\u00ean h\u1ec7 v\u1edbi ch\u00fang t\u00f4i \u0111\u1ec3 \u0111\u1eb7t ph\u00f2ng v\u00e0 t\u1eadn h\u01b0\u1edfng \u01b0u \u0111\u00e3i \u0111\u1ea7y h\u1ea5p d\u1eabn!<\/strong><\/div>\n<\/div>\n<p>&nbsp;<\/p>\n","protected":false},"excerpt":{"rendered":"<p>N\u00e9p m\u00ecnh b\u00ean b\u1edd bi\u1ec3n xinh \u0111\u1eb9p c\u1ee7a th\u00e0nh ph\u1ed1 bi\u1ec3n, Emerald Bay Hotel &amp; Spa Nha Trang l\u00e0 \u0111i\u1ec3m \u0111\u1ebfn l\u00fd t\u01b0\u1edfng cho k\u1ef3 ngh\u1ec9 d\u01b0\u1ee1ng m\u00f9a h\u00e8 tr\u1ecdn v\u1eb9n. Kh\u00e1ch s\u1ea1n mang \u0111\u1ebfn kh\u00f4ng gian l\u01b0u tr\u00fa sang tr\u1ecdng, ti\u1ec7n nghi hi\u1ec7n \u0111\u1ea1i c\u00f9ng t\u1ea7m nh\u00ecn h\u01b0\u1edbng bi\u1ec3n \u0111\u1ea7y m\u00ea ho\u1eb7c. T\u1ea1i \u0111\u00e2y, [&hellip;]<\/p>\n","protected":false},"author":270,"featured_media":478,"parent":454,"menu_order":0,"comment_status":"closed","ping_status":"closed","template":"template-single-offer.php","meta":{"footnotes":""},"yoast_head":"<!-- This site is optimized with the Yoast SEO plugin v22.3 - https:\/\/yoast.com\/wordpress\/plugins\/seo\/ -->\n<title>G\u00f3i May Serenity Escape - Emerald Bay Hotel &amp; Spa Nha Trang<\/title>\n<meta name=\"robots\" content=\"index, follow, max-snippet:-1, max-image-preview:large, max-video-preview:-1\" \/>\n<link rel=\"canonical\" href=\"https:\/\/www.emeraldbayhotelnhatrang.com\/vi\/chuong-trinh-khuyen-mai\/may-serenity-escape\/\" \/>\n<meta property=\"og:locale\" content=\"vi_VN\" \/>\n<meta property=\"og:type\" content=\"article\" \/>\n<meta property=\"og:title\" content=\"G\u00f3i May Serenity Escape - Emerald Bay Hotel &amp; Spa Nha Trang\" \/>\n<meta property=\"og:description\" content=\"N\u00e9p m\u00ecnh b\u00ean b\u1edd bi\u1ec3n xinh \u0111\u1eb9p c\u1ee7a th\u00e0nh ph\u1ed1 bi\u1ec3n, Emerald Bay Hotel &amp; Spa Nha Trang l\u00e0 \u0111i\u1ec3m \u0111\u1ebfn l\u00fd t\u01b0\u1edfng cho k\u1ef3 ngh\u1ec9 d\u01b0\u1ee1ng m\u00f9a h\u00e8 tr\u1ecdn v\u1eb9n. Kh\u00e1ch s\u1ea1n mang \u0111\u1ebfn kh\u00f4ng gian l\u01b0u tr\u00fa sang tr\u1ecdng, ti\u1ec7n nghi hi\u1ec7n \u0111\u1ea1i c\u00f9ng t\u1ea7m nh\u00ecn h\u01b0\u1edbng bi\u1ec3n \u0111\u1ea7y m\u00ea ho\u1eb7c. T\u1ea1i \u0111\u00e2y, [&hellip;]\" \/>\n<meta property=\"og:url\" content=\"https:\/\/www.emeraldbayhotelnhatrang.com\/vi\/chuong-trinh-khuyen-mai\/may-serenity-escape\/\" \/>\n<meta property=\"og:site_name\" content=\"Emerald Bay Hotel &amp; Spa Nha Trang\" \/>\n<meta property=\"article:modified_time\" content=\"2026-04-23T04:48:10+00:00\" \/>\n<meta property=\"og:image\" content=\"http:\/\/www.emeraldbayhotelnhatrang.com\/wp-content\/uploads\/sites\/145\/2026\/04\/z3817409858324_65a7b7ef735ce0e74718d77225f712f6.jpg\" \/>\n\t<meta property=\"og:image:width\" content=\"888\" \/>\n\t<meta property=\"og:image:height\" content=\"703\" \/>\n\t<meta property=\"og:image:type\" content=\"image\/jpeg\" \/>\n<meta name=\"twitter:card\" content=\"summary_large_image\" \/>\n<meta name=\"twitter:label1\" content=\"Est. reading time\" \/>\n\t<meta name=\"twitter:data1\" content=\"2 minutes\" \/>\n<script type=\"application\/ld+json\" class=\"yoast-schema-graph\">{\"@context\":\"https:\/\/schema.org\",\"@graph\":[{\"@type\":\"WebPage\",\"@id\":\"https:\/\/www.emeraldbayhotelnhatrang.com\/vi\/chuong-trinh-khuyen-mai\/may-serenity-escape\/\",\"url\":\"https:\/\/www.emeraldbayhotelnhatrang.com\/vi\/chuong-trinh-khuyen-mai\/may-serenity-escape\/\",\"name\":\"G\u00f3i May Serenity Escape - Emerald Bay Hotel &amp; Spa Nha Trang\",\"isPartOf\":{\"@id\":\"https:\/\/www.emeraldbayhotelnhatrang.com\/vi\/#website\"},\"primaryImageOfPage\":{\"@id\":\"https:\/\/www.emeraldbayhotelnhatrang.com\/vi\/chuong-trinh-khuyen-mai\/may-serenity-escape\/#primaryimage\"},\"image\":{\"@id\":\"https:\/\/www.emeraldbayhotelnhatrang.com\/vi\/chuong-trinh-khuyen-mai\/may-serenity-escape\/#primaryimage\"},\"thumbnailUrl\":\"https:\/\/www.emeraldbayhotelnhatrang.com\/wp-content\/uploads\/sites\/145\/2026\/04\/z3817409858324_65a7b7ef735ce0e74718d77225f712f6.jpg\",\"datePublished\":\"2026-04-23T04:04:18+00:00\",\"dateModified\":\"2026-04-23T04:48:10+00:00\",\"breadcrumb\":{\"@id\":\"https:\/\/www.emeraldbayhotelnhatrang.com\/vi\/chuong-trinh-khuyen-mai\/may-serenity-escape\/#breadcrumb\"},\"inLanguage\":\"vi-VN\",\"potentialAction\":[{\"@type\":\"ReadAction\",\"target\":[\"https:\/\/www.emeraldbayhotelnhatrang.com\/vi\/chuong-trinh-khuyen-mai\/may-serenity-escape\/\"]}]},{\"@type\":\"ImageObject\",\"inLanguage\":\"vi-VN\",\"@id\":\"https:\/\/www.emeraldbayhotelnhatrang.com\/vi\/chuong-trinh-khuyen-mai\/may-serenity-escape\/#primaryimage\",\"url\":\"https:\/\/www.emeraldbayhotelnhatrang.com\/wp-content\/uploads\/sites\/145\/2026\/04\/z3817409858324_65a7b7ef735ce0e74718d77225f712f6.jpg\",\"contentUrl\":\"https:\/\/www.emeraldbayhotelnhatrang.com\/wp-content\/uploads\/sites\/145\/2026\/04\/z3817409858324_65a7b7ef735ce0e74718d77225f712f6.jpg\",\"width\":888,\"height\":703},{\"@type\":\"BreadcrumbList\",\"@id\":\"https:\/\/www.emeraldbayhotelnhatrang.com\/vi\/chuong-trinh-khuyen-mai\/may-serenity-escape\/#breadcrumb\",\"itemListElement\":[{\"@type\":\"ListItem\",\"position\":1,\"name\":\"Home\",\"item\":\"https:\/\/www.emeraldbayhotelnhatrang.com\/vi\/\"},{\"@type\":\"ListItem\",\"position\":2,\"name\":\"Ch\u01b0\u01a1ng tr\u00ecnh khuy\u1ebfn m\u00e3i\",\"item\":\"https:\/\/www.emeraldbayhotelnhatrang.com\/vi\/chuong-trinh-khuyen-mai\/\"},{\"@type\":\"ListItem\",\"position\":3,\"name\":\"G\u00f3i May Serenity Escape\"}]},{\"@type\":\"WebSite\",\"@id\":\"https:\/\/www.emeraldbayhotelnhatrang.com\/vi\/#website\",\"url\":\"https:\/\/www.emeraldbayhotelnhatrang.com\/vi\/\",\"name\":\"Emerald Bay Hotel &amp; Spa Nha Trang\",\"description\":\"\",\"potentialAction\":[{\"@type\":\"SearchAction\",\"target\":{\"@type\":\"EntryPoint\",\"urlTemplate\":\"https:\/\/www.emeraldbayhotelnhatrang.com\/vi\/?s={search_term_string}\"},\"query-input\":\"required name=search_term_string\"}],\"inLanguage\":\"vi-VN\"}]}<\/script>\n<!-- \/ Yoast SEO plugin. -->","yoast_head_json":{"title":"G\u00f3i May Serenity Escape - Emerald Bay Hotel &amp; Spa Nha Trang","robots":{"index":"index","follow":"follow","max-snippet":"max-snippet:-1","max-image-preview":"max-image-preview:large","max-video-preview":"max-video-preview:-1"},"canonical":"https:\/\/www.emeraldbayhotelnhatrang.com\/vi\/chuong-trinh-khuyen-mai\/may-serenity-escape\/","og_locale":"vi_VN","og_type":"article","og_title":"G\u00f3i May Serenity Escape - Emerald Bay Hotel &amp; Spa Nha Trang","og_description":"N\u00e9p m\u00ecnh b\u00ean b\u1edd bi\u1ec3n xinh \u0111\u1eb9p c\u1ee7a th\u00e0nh ph\u1ed1 bi\u1ec3n, Emerald Bay Hotel &amp; Spa Nha Trang l\u00e0 \u0111i\u1ec3m \u0111\u1ebfn l\u00fd t\u01b0\u1edfng cho k\u1ef3 ngh\u1ec9 d\u01b0\u1ee1ng m\u00f9a h\u00e8 tr\u1ecdn v\u1eb9n. Kh\u00e1ch s\u1ea1n mang \u0111\u1ebfn kh\u00f4ng gian l\u01b0u tr\u00fa sang tr\u1ecdng, ti\u1ec7n nghi hi\u1ec7n \u0111\u1ea1i c\u00f9ng t\u1ea7m nh\u00ecn h\u01b0\u1edbng bi\u1ec3n \u0111\u1ea7y m\u00ea ho\u1eb7c. T\u1ea1i \u0111\u00e2y, [&hellip;]","og_url":"https:\/\/www.emeraldbayhotelnhatrang.com\/vi\/chuong-trinh-khuyen-mai\/may-serenity-escape\/","og_site_name":"Emerald Bay Hotel &amp; Spa Nha Trang","article_modified_time":"2026-04-23T04:48:10+00:00","og_image":[{"width":888,"height":703,"url":"http:\/\/www.emeraldbayhotelnhatrang.com\/wp-content\/uploads\/sites\/145\/2026\/04\/z3817409858324_65a7b7ef735ce0e74718d77225f712f6.jpg","type":"image\/jpeg"}],"twitter_card":"summary_large_image","twitter_misc":{"Est. reading time":"2 minutes"},"schema":{"@context":"https:\/\/schema.org","@graph":[{"@type":"WebPage","@id":"https:\/\/www.emeraldbayhotelnhatrang.com\/vi\/chuong-trinh-khuyen-mai\/may-serenity-escape\/","url":"https:\/\/www.emeraldbayhotelnhatrang.com\/vi\/chuong-trinh-khuyen-mai\/may-serenity-escape\/","name":"G\u00f3i May Serenity Escape - Emerald Bay Hotel &amp; Spa Nha Trang","isPartOf":{"@id":"https:\/\/www.emeraldbayhotelnhatrang.com\/vi\/#website"},"primaryImageOfPage":{"@id":"https:\/\/www.emeraldbayhotelnhatrang.com\/vi\/chuong-trinh-khuyen-mai\/may-serenity-escape\/#primaryimage"},"image":{"@id":"https:\/\/www.emeraldbayhotelnhatrang.com\/vi\/chuong-trinh-khuyen-mai\/may-serenity-escape\/#primaryimage"},"thumbnailUrl":"https:\/\/www.emeraldbayhotelnhatrang.com\/wp-content\/uploads\/sites\/145\/2026\/04\/z3817409858324_65a7b7ef735ce0e74718d77225f712f6.jpg","datePublished":"2026-04-23T04:04:18+00:00","dateModified":"2026-04-23T04:48:10+00:00","breadcrumb":{"@id":"https:\/\/www.emeraldbayhotelnhatrang.com\/vi\/chuong-trinh-khuyen-mai\/may-serenity-escape\/#breadcrumb"},"inLanguage":"vi-VN","potentialAction":[{"@type":"ReadAction","target":["https:\/\/www.emeraldbayhotelnhatrang.com\/vi\/chuong-trinh-khuyen-mai\/may-serenity-escape\/"]}]},{"@type":"ImageObject","inLanguage":"vi-VN","@id":"https:\/\/www.emeraldbayhotelnhatrang.com\/vi\/chuong-trinh-khuyen-mai\/may-serenity-escape\/#primaryimage","url":"https:\/\/www.emeraldbayhotelnhatrang.com\/wp-content\/uploads\/sites\/145\/2026\/04\/z3817409858324_65a7b7ef735ce0e74718d77225f712f6.jpg","contentUrl":"https:\/\/www.emeraldbayhotelnhatrang.com\/wp-content\/uploads\/sites\/145\/2026\/04\/z3817409858324_65a7b7ef735ce0e74718d77225f712f6.jpg","width":888,"height":703},{"@type":"BreadcrumbList","@id":"https:\/\/www.emeraldbayhotelnhatrang.com\/vi\/chuong-trinh-khuyen-mai\/may-serenity-escape\/#breadcrumb","itemListElement":[{"@type":"ListItem","position":1,"name":"Home","item":"https:\/\/www.emeraldbayhotelnhatrang.com\/vi\/"},{"@type":"ListItem","position":2,"name":"Ch\u01b0\u01a1ng tr\u00ecnh khuy\u1ebfn m\u00e3i","item":"https:\/\/www.emeraldbayhotelnhatrang.com\/vi\/chuong-trinh-khuyen-mai\/"},{"@type":"ListItem","position":3,"name":"G\u00f3i May Serenity Escape"}]},{"@type":"WebSite","@id":"https:\/\/www.emeraldbayhotelnhatrang.com\/vi\/#website","url":"https:\/\/www.emeraldbayhotelnhatrang.com\/vi\/","name":"Emerald Bay Hotel &amp; Spa Nha Trang","description":"","potentialAction":[{"@type":"SearchAction","target":{"@type":"EntryPoint","urlTemplate":"https:\/\/www.emeraldbayhotelnhatrang.com\/vi\/?s={search_term_string}"},"query-input":"required name=search_term_string"}],"inLanguage":"vi-VN"}]}},"acf":[],"_links":{"self":[{"href":"https:\/\/www.emeraldbayhotelnhatrang.com\/vi\/wp-json\/wp\/v2\/pages\/475"}],"collection":[{"href":"https:\/\/www.emeraldbayhotelnhatrang.com\/vi\/wp-json\/wp\/v2\/pages"}],"about":[{"href":"https:\/\/www.emeraldbayhotelnhatrang.com\/vi\/wp-json\/wp\/v2\/types\/page"}],"author":[{"embeddable":true,"href":"https:\/\/www.emeraldbayhotelnhatrang.com\/vi\/wp-json\/wp\/v2\/users\/270"}],"replies":[{"embeddable":true,"href":"https:\/\/www.emeraldbayhotelnhatrang.com\/vi\/wp-json\/wp\/v2\/comments?post=475"}],"version-history":[{"count":0,"href":"https:\/\/www.emeraldbayhotelnhatrang.com\/vi\/wp-json\/wp\/v2\/pages\/475\/revisions"}],"up":[{"embeddable":true,"href":"https:\/\/www.emeraldbayhotelnhatrang.com\/vi\/wp-json\/wp\/v2\/pages\/454"}],"wp:featuredmedia":[{"embeddable":true,"href":"https:\/\/www.emeraldbayhotelnhatrang.com\/vi\/wp-json\/wp\/v2\/media\/478"}],"wp:attachment":[{"href":"https:\/\/www.emeraldbayhotelnhatrang.com\/vi\/wp-json\/wp\/v2\/media?parent=475"}],"curies":[{"name":"wp","href":"https:\/\/api.w.org\/{rel}","templated":true}]}}