{"id":463,"date":"2026-04-23T03:54:34","date_gmt":"2026-04-23T03:54:34","guid":{"rendered":"https:\/\/www.emeraldbayhotelnhatrang.com\/?page_id=463"},"modified":"2026-04-23T05:28:00","modified_gmt":"2026-04-23T05:28:00","slug":"463-2","status":"publish","type":"page","link":"https:\/\/www.emeraldbayhotelnhatrang.com\/vi\/chuong-trinh-khuyen-mai\/463-2\/","title":{"rendered":"Ti\u1ec7c Buffet M\u1eebng \u0110\u1ea1i L\u1ec5 30\/4 T\u1ea1i Emerald Bay Hotel &amp; Spa Nha Trang"},"content":{"rendered":"<p style=\"text-align: center\">Ch\u00e0o m\u1eebng d\u1ecbp l\u1ec5 30\/4 &#8211; 1\/5, Emerald Bay Hotel &amp; Spa Nha Trang tr\u00e2n tr\u1ecdng gi\u1edbi thi\u1ec7u ti\u1ec7c buffet \u0111\u1eb7c bi\u1ec7t v\u1edbi kh\u00f4ng gian \u1ea5m c\u00fang v\u00e0 th\u1ef1c \u0111\u01a1n h\u1ea5p d\u1eabn \u0111\u1ebfn qu\u00fd kh\u00e1ch.<\/p>\n<p style=\"text-align: center\">Th\u1ef1c \u0111\u01a1n k\u1ebft h\u1ee3p h\u01a1n 20 m\u00f3n \u00c1 \u2013 \u00c2u \u0111a d\u1ea1ng, h\u00e0i h\u00f2a gi\u1eefa tinh hoa \u1ea9m th\u1ef1c qu\u1ed1c t\u1ebf v\u00e0 \u0111\u1ecba ph\u01b0\u01a1ng, c\u00f9ng c\u00e1c m\u00f3n h\u1ea3i s\u1ea3n t\u01b0\u01a1i ngon \u0111\u01b0\u1ee3c ch\u1ebf bi\u1ebfn b\u1edfi \u0111\u1ed9i ng\u0169 \u0111\u1ea7u b\u1ebfp c\u1ee7a kh\u00e1ch s\u1ea1n.<\/p>\n<p style=\"text-align: center\"><strong>\u2022 Th\u1eddi gian:<\/strong> 18:00 | 30.04.2026<br \/>\n\u2022<strong> \u0110\u1ecba \u0111i\u1ec3m:<\/strong> T\u1ea7ng 3 \u2013 Emerald Bay Hotel &amp; Spa Nha Trang<\/p>\n<p style=\"text-align: center\">Chi ti\u1ebft gi\u00e1 v\u00e9 Buffet Dinner:<br \/>\n<strong>\u2022 Ng\u01b0\u1eddi l\u1edbn:<\/strong> 629.000 VND\/ v\u00e9 ng\u01b0\u1eddi l\u1edbn.<br \/>\n<strong>\u2022 Tr\u1ebb em:<\/strong> 329.000 VND\/ v\u00e9 tr\u1ebb em (d\u01b0\u1edbi 12 tu\u1ed5i).<\/p>\n<p style=\"text-align: center\"><strong>\u2022 \u01afu \u0111\u00e3i ch\u1ec9 d\u00e0nh cho qu\u00fd kh\u00e1ch \u0111\u1eb7t v\u00e9 s\u1edbm:<\/strong> Gi\u1ea3m 10% khi \u0111\u1eb7t v\u00e9 tr\u01b0\u1edbc ng\u00e0y 27\/04\/2026.<\/p>\n<p style=\"text-align: center\">Li\u00ean h\u1ec7 ngay hotline \u0111\u1ec3 \u0111\u01b0\u1ee3c \u0111\u1eb7t v\u00e9 nhanh ch\u00f3ng!<\/p>\n<p style=\"text-align: center\">\n","protected":false},"excerpt":{"rendered":"<p>Ch\u00e0o m\u1eebng d\u1ecbp l\u1ec5 30\/4 &#8211; 1\/5, Emerald Bay Hotel &amp; Spa Nha Trang tr\u00e2n tr\u1ecdng gi\u1edbi thi\u1ec7u ti\u1ec7c buffet \u0111\u1eb7c bi\u1ec7t v\u1edbi kh\u00f4ng gian \u1ea5m c\u00fang v\u00e0 th\u1ef1c \u0111\u01a1n h\u1ea5p d\u1eabn \u0111\u1ebfn qu\u00fd kh\u00e1ch. Th\u1ef1c \u0111\u01a1n k\u1ebft h\u1ee3p h\u01a1n 20 m\u00f3n \u00c1 \u2013 \u00c2u \u0111a d\u1ea1ng, h\u00e0i h\u00f2a gi\u1eefa tinh hoa \u1ea9m th\u1ef1c qu\u1ed1c [&hellip;]<\/p>\n","protected":false},"author":270,"featured_media":504,"parent":454,"menu_order":0,"comment_status":"closed","ping_status":"closed","template":"template-single-offer.php","meta":{"footnotes":""},"yoast_head":"<!-- This site is optimized with the Yoast SEO plugin v22.3 - https:\/\/yoast.com\/wordpress\/plugins\/seo\/ -->\n<title>Ti\u1ec7c Buffet M\u1eebng \u0110\u1ea1i L\u1ec5 30\/4 T\u1ea1i Emerald Bay Hotel &amp; Spa Nha Trang - Emerald Bay Hotel &amp; Spa Nha Trang<\/title>\n<meta name=\"description\" content=\"Th\u01b0\u1edfng th\u1ee9c ti\u1ec7c Buffet m\u1eebng 30\/4 \u2013 1\/5 t\u1ea1i Emerald Bay Hotel &amp; Spa Nha Trang v\u1edbi h\u01a1n 20 m\u00f3n \u00c1 \u2013 \u00c2u h\u1ea5p d\u1eabn, \u01b0u \u0111\u00e3i gi\u1ea3m 10% khi \u0111\u1eb7t s\u1edbm.\" \/>\n<meta name=\"robots\" content=\"index, follow, max-snippet:-1, max-image-preview:large, max-video-preview:-1\" \/>\n<link rel=\"canonical\" href=\"https:\/\/www.emeraldbayhotelnhatrang.com\/vi\/chuong-trinh-khuyen-mai\/463-2\/\" \/>\n<meta property=\"og:locale\" content=\"vi_VN\" \/>\n<meta property=\"og:type\" content=\"article\" \/>\n<meta property=\"og:title\" content=\"Ti\u1ec7c Buffet M\u1eebng \u0110\u1ea1i L\u1ec5 30\/4 T\u1ea1i Emerald Bay Hotel &amp; Spa Nha Trang - Emerald Bay Hotel &amp; Spa Nha Trang\" \/>\n<meta property=\"og:description\" content=\"Th\u01b0\u1edfng th\u1ee9c ti\u1ec7c Buffet m\u1eebng 30\/4 \u2013 1\/5 t\u1ea1i Emerald Bay Hotel &amp; Spa Nha Trang v\u1edbi h\u01a1n 20 m\u00f3n \u00c1 \u2013 \u00c2u h\u1ea5p d\u1eabn, \u01b0u \u0111\u00e3i gi\u1ea3m 10% khi \u0111\u1eb7t s\u1edbm.\" \/>\n<meta property=\"og:url\" content=\"https:\/\/www.emeraldbayhotelnhatrang.com\/vi\/chuong-trinh-khuyen-mai\/463-2\/\" \/>\n<meta property=\"og:site_name\" content=\"Emerald Bay Hotel &amp; Spa Nha Trang\" \/>\n<meta property=\"article:modified_time\" content=\"2026-04-23T05:28:00+00:00\" \/>\n<meta property=\"og:image\" content=\"http:\/\/www.emeraldbayhotelnhatrang.com\/wp-content\/uploads\/sites\/145\/2026\/04\/658939920_1589934596471789_691856194155303738_n-1.jpg\" \/>\n\t<meta property=\"og:image:width\" content=\"1022\" \/>\n\t<meta property=\"og:image:height\" content=\"1022\" \/>\n\t<meta property=\"og:image:type\" content=\"image\/jpeg\" \/>\n<meta name=\"twitter:card\" content=\"summary_large_image\" \/>\n<meta name=\"twitter:label1\" content=\"Est. reading time\" \/>\n\t<meta name=\"twitter:data1\" content=\"1 minute\" \/>\n<script type=\"application\/ld+json\" class=\"yoast-schema-graph\">{\"@context\":\"https:\/\/schema.org\",\"@graph\":[{\"@type\":\"WebPage\",\"@id\":\"https:\/\/www.emeraldbayhotelnhatrang.com\/vi\/chuong-trinh-khuyen-mai\/463-2\/\",\"url\":\"https:\/\/www.emeraldbayhotelnhatrang.com\/vi\/chuong-trinh-khuyen-mai\/463-2\/\",\"name\":\"Ti\u1ec7c Buffet M\u1eebng \u0110\u1ea1i L\u1ec5 30\/4 T\u1ea1i Emerald Bay Hotel &amp; Spa Nha Trang - Emerald Bay Hotel &amp; Spa Nha Trang\",\"isPartOf\":{\"@id\":\"https:\/\/www.emeraldbayhotelnhatrang.com\/vi\/#website\"},\"primaryImageOfPage\":{\"@id\":\"https:\/\/www.emeraldbayhotelnhatrang.com\/vi\/chuong-trinh-khuyen-mai\/463-2\/#primaryimage\"},\"image\":{\"@id\":\"https:\/\/www.emeraldbayhotelnhatrang.com\/vi\/chuong-trinh-khuyen-mai\/463-2\/#primaryimage\"},\"thumbnailUrl\":\"https:\/\/www.emeraldbayhotelnhatrang.com\/wp-content\/uploads\/sites\/145\/2026\/04\/658939920_1589934596471789_691856194155303738_n-1.jpg\",\"datePublished\":\"2026-04-23T03:54:34+00:00\",\"dateModified\":\"2026-04-23T05:28:00+00:00\",\"description\":\"Th\u01b0\u1edfng th\u1ee9c ti\u1ec7c Buffet m\u1eebng 30\/4 \u2013 1\/5 t\u1ea1i Emerald Bay Hotel & Spa Nha Trang v\u1edbi h\u01a1n 20 m\u00f3n \u00c1 \u2013 \u00c2u h\u1ea5p d\u1eabn, \u01b0u \u0111\u00e3i gi\u1ea3m 10% khi \u0111\u1eb7t s\u1edbm.\",\"breadcrumb\":{\"@id\":\"https:\/\/www.emeraldbayhotelnhatrang.com\/vi\/chuong-trinh-khuyen-mai\/463-2\/#breadcrumb\"},\"inLanguage\":\"vi-VN\",\"potentialAction\":[{\"@type\":\"ReadAction\",\"target\":[\"https:\/\/www.emeraldbayhotelnhatrang.com\/vi\/chuong-trinh-khuyen-mai\/463-2\/\"]}]},{\"@type\":\"ImageObject\",\"inLanguage\":\"vi-VN\",\"@id\":\"https:\/\/www.emeraldbayhotelnhatrang.com\/vi\/chuong-trinh-khuyen-mai\/463-2\/#primaryimage\",\"url\":\"https:\/\/www.emeraldbayhotelnhatrang.com\/wp-content\/uploads\/sites\/145\/2026\/04\/658939920_1589934596471789_691856194155303738_n-1.jpg\",\"contentUrl\":\"https:\/\/www.emeraldbayhotelnhatrang.com\/wp-content\/uploads\/sites\/145\/2026\/04\/658939920_1589934596471789_691856194155303738_n-1.jpg\",\"width\":1022,\"height\":1022},{\"@type\":\"BreadcrumbList\",\"@id\":\"https:\/\/www.emeraldbayhotelnhatrang.com\/vi\/chuong-trinh-khuyen-mai\/463-2\/#breadcrumb\",\"itemListElement\":[{\"@type\":\"ListItem\",\"position\":1,\"name\":\"Home\",\"item\":\"https:\/\/www.emeraldbayhotelnhatrang.com\/vi\/\"},{\"@type\":\"ListItem\",\"position\":2,\"name\":\"Ch\u01b0\u01a1ng tr\u00ecnh khuy\u1ebfn m\u00e3i\",\"item\":\"https:\/\/www.emeraldbayhotelnhatrang.com\/vi\/chuong-trinh-khuyen-mai\/\"},{\"@type\":\"ListItem\",\"position\":3,\"name\":\"Ti\u1ec7c Buffet M\u1eebng \u0110\u1ea1i L\u1ec5 30\/4 T\u1ea1i Emerald Bay Hotel &amp; Spa Nha Trang\"}]},{\"@type\":\"WebSite\",\"@id\":\"https:\/\/www.emeraldbayhotelnhatrang.com\/vi\/#website\",\"url\":\"https:\/\/www.emeraldbayhotelnhatrang.com\/vi\/\",\"name\":\"Emerald Bay Hotel &amp; Spa Nha Trang\",\"description\":\"\",\"potentialAction\":[{\"@type\":\"SearchAction\",\"target\":{\"@type\":\"EntryPoint\",\"urlTemplate\":\"https:\/\/www.emeraldbayhotelnhatrang.com\/vi\/?s={search_term_string}\"},\"query-input\":\"required name=search_term_string\"}],\"inLanguage\":\"vi-VN\"}]}<\/script>\n<!-- \/ Yoast SEO plugin. -->","yoast_head_json":{"title":"Ti\u1ec7c Buffet M\u1eebng \u0110\u1ea1i L\u1ec5 30\/4 T\u1ea1i Emerald Bay Hotel &amp; Spa Nha Trang - Emerald Bay Hotel &amp; Spa Nha Trang","description":"Th\u01b0\u1edfng th\u1ee9c ti\u1ec7c Buffet m\u1eebng 30\/4 \u2013 1\/5 t\u1ea1i Emerald Bay Hotel & Spa Nha Trang v\u1edbi h\u01a1n 20 m\u00f3n \u00c1 \u2013 \u00c2u h\u1ea5p d\u1eabn, \u01b0u \u0111\u00e3i gi\u1ea3m 10% khi \u0111\u1eb7t s\u1edbm.","robots":{"index":"index","follow":"follow","max-snippet":"max-snippet:-1","max-image-preview":"max-image-preview:large","max-video-preview":"max-video-preview:-1"},"canonical":"https:\/\/www.emeraldbayhotelnhatrang.com\/vi\/chuong-trinh-khuyen-mai\/463-2\/","og_locale":"vi_VN","og_type":"article","og_title":"Ti\u1ec7c Buffet M\u1eebng \u0110\u1ea1i L\u1ec5 30\/4 T\u1ea1i Emerald Bay Hotel &amp; Spa Nha Trang - Emerald Bay Hotel &amp; Spa Nha Trang","og_description":"Th\u01b0\u1edfng th\u1ee9c ti\u1ec7c Buffet m\u1eebng 30\/4 \u2013 1\/5 t\u1ea1i Emerald Bay Hotel & Spa Nha Trang v\u1edbi h\u01a1n 20 m\u00f3n \u00c1 \u2013 \u00c2u h\u1ea5p d\u1eabn, \u01b0u \u0111\u00e3i gi\u1ea3m 10% khi \u0111\u1eb7t s\u1edbm.","og_url":"https:\/\/www.emeraldbayhotelnhatrang.com\/vi\/chuong-trinh-khuyen-mai\/463-2\/","og_site_name":"Emerald Bay Hotel &amp; Spa Nha Trang","article_modified_time":"2026-04-23T05:28:00+00:00","og_image":[{"width":1022,"height":1022,"url":"http:\/\/www.emeraldbayhotelnhatrang.com\/wp-content\/uploads\/sites\/145\/2026\/04\/658939920_1589934596471789_691856194155303738_n-1.jpg","type":"image\/jpeg"}],"twitter_card":"summary_large_image","twitter_misc":{"Est. reading time":"1 minute"},"schema":{"@context":"https:\/\/schema.org","@graph":[{"@type":"WebPage","@id":"https:\/\/www.emeraldbayhotelnhatrang.com\/vi\/chuong-trinh-khuyen-mai\/463-2\/","url":"https:\/\/www.emeraldbayhotelnhatrang.com\/vi\/chuong-trinh-khuyen-mai\/463-2\/","name":"Ti\u1ec7c Buffet M\u1eebng \u0110\u1ea1i L\u1ec5 30\/4 T\u1ea1i Emerald Bay Hotel &amp; Spa Nha Trang - Emerald Bay Hotel &amp; Spa Nha Trang","isPartOf":{"@id":"https:\/\/www.emeraldbayhotelnhatrang.com\/vi\/#website"},"primaryImageOfPage":{"@id":"https:\/\/www.emeraldbayhotelnhatrang.com\/vi\/chuong-trinh-khuyen-mai\/463-2\/#primaryimage"},"image":{"@id":"https:\/\/www.emeraldbayhotelnhatrang.com\/vi\/chuong-trinh-khuyen-mai\/463-2\/#primaryimage"},"thumbnailUrl":"https:\/\/www.emeraldbayhotelnhatrang.com\/wp-content\/uploads\/sites\/145\/2026\/04\/658939920_1589934596471789_691856194155303738_n-1.jpg","datePublished":"2026-04-23T03:54:34+00:00","dateModified":"2026-04-23T05:28:00+00:00","description":"Th\u01b0\u1edfng th\u1ee9c ti\u1ec7c Buffet m\u1eebng 30\/4 \u2013 1\/5 t\u1ea1i Emerald Bay Hotel & Spa Nha Trang v\u1edbi h\u01a1n 20 m\u00f3n \u00c1 \u2013 \u00c2u h\u1ea5p d\u1eabn, \u01b0u \u0111\u00e3i gi\u1ea3m 10% khi \u0111\u1eb7t s\u1edbm.","breadcrumb":{"@id":"https:\/\/www.emeraldbayhotelnhatrang.com\/vi\/chuong-trinh-khuyen-mai\/463-2\/#breadcrumb"},"inLanguage":"vi-VN","potentialAction":[{"@type":"ReadAction","target":["https:\/\/www.emeraldbayhotelnhatrang.com\/vi\/chuong-trinh-khuyen-mai\/463-2\/"]}]},{"@type":"ImageObject","inLanguage":"vi-VN","@id":"https:\/\/www.emeraldbayhotelnhatrang.com\/vi\/chuong-trinh-khuyen-mai\/463-2\/#primaryimage","url":"https:\/\/www.emeraldbayhotelnhatrang.com\/wp-content\/uploads\/sites\/145\/2026\/04\/658939920_1589934596471789_691856194155303738_n-1.jpg","contentUrl":"https:\/\/www.emeraldbayhotelnhatrang.com\/wp-content\/uploads\/sites\/145\/2026\/04\/658939920_1589934596471789_691856194155303738_n-1.jpg","width":1022,"height":1022},{"@type":"BreadcrumbList","@id":"https:\/\/www.emeraldbayhotelnhatrang.com\/vi\/chuong-trinh-khuyen-mai\/463-2\/#breadcrumb","itemListElement":[{"@type":"ListItem","position":1,"name":"Home","item":"https:\/\/www.emeraldbayhotelnhatrang.com\/vi\/"},{"@type":"ListItem","position":2,"name":"Ch\u01b0\u01a1ng tr\u00ecnh khuy\u1ebfn m\u00e3i","item":"https:\/\/www.emeraldbayhotelnhatrang.com\/vi\/chuong-trinh-khuyen-mai\/"},{"@type":"ListItem","position":3,"name":"Ti\u1ec7c Buffet M\u1eebng \u0110\u1ea1i L\u1ec5 30\/4 T\u1ea1i Emerald Bay Hotel &amp; Spa Nha Trang"}]},{"@type":"WebSite","@id":"https:\/\/www.emeraldbayhotelnhatrang.com\/vi\/#website","url":"https:\/\/www.emeraldbayhotelnhatrang.com\/vi\/","name":"Emerald Bay Hotel &amp; Spa Nha Trang","description":"","potentialAction":[{"@type":"SearchAction","target":{"@type":"EntryPoint","urlTemplate":"https:\/\/www.emeraldbayhotelnhatrang.com\/vi\/?s={search_term_string}"},"query-input":"required name=search_term_string"}],"inLanguage":"vi-VN"}]}},"acf":[],"_links":{"self":[{"href":"https:\/\/www.emeraldbayhotelnhatrang.com\/vi\/wp-json\/wp\/v2\/pages\/463"}],"collection":[{"href":"https:\/\/www.emeraldbayhotelnhatrang.com\/vi\/wp-json\/wp\/v2\/pages"}],"about":[{"href":"https:\/\/www.emeraldbayhotelnhatrang.com\/vi\/wp-json\/wp\/v2\/types\/page"}],"author":[{"embeddable":true,"href":"https:\/\/www.emeraldbayhotelnhatrang.com\/vi\/wp-json\/wp\/v2\/users\/270"}],"replies":[{"embeddable":true,"href":"https:\/\/www.emeraldbayhotelnhatrang.com\/vi\/wp-json\/wp\/v2\/comments?post=463"}],"version-history":[{"count":0,"href":"https:\/\/www.emeraldbayhotelnhatrang.com\/vi\/wp-json\/wp\/v2\/pages\/463\/revisions"}],"up":[{"embeddable":true,"href":"https:\/\/www.emeraldbayhotelnhatrang.com\/vi\/wp-json\/wp\/v2\/pages\/454"}],"wp:featuredmedia":[{"embeddable":true,"href":"https:\/\/www.emeraldbayhotelnhatrang.com\/vi\/wp-json\/wp\/v2\/media\/504"}],"wp:attachment":[{"href":"https:\/\/www.emeraldbayhotelnhatrang.com\/vi\/wp-json\/wp\/v2\/media?parent=463"}],"curies":[{"name":"wp","href":"https:\/\/api.w.org\/{rel}","templated":true}]}}