{"id":453,"date":"2026-04-23T03:34:41","date_gmt":"2026-04-23T03:34:41","guid":{"rendered":"https:\/\/www.emeraldbayhotelnhatrang.com\/?page_id=453"},"modified":"2026-04-23T04:01:53","modified_gmt":"2026-04-23T04:01:53","slug":"453-2","status":"publish","type":"page","link":"https:\/\/www.emeraldbayhotelnhatrang.com\/vi\/chuong-trinh-khuyen-mai\/453-2\/","title":{"rendered":"Khung gi\u1edd v\u00e0ng \u01b0u \u0111\u00e3i Spa"},"content":{"rendered":"<p style=\"text-align: center\"><em>H\u00e3y d\u00e0nh cho b\u1ea3n th\u00e2n m\u1ed9t kho\u1ea3ng l\u1eb7ng nh\u1eb9 nh\u00e0ng gi\u1eefa ng\u00e0y, n\u01a1i c\u01a1 th\u1ec3 \u0111\u01b0\u1ee3c th\u1ea3 l\u1ecfng v\u00e0 t\u00e2m tr\u00ed \u0111\u01b0\u1ee3c ch\u1eefa l\u00e0nh t\u1ea1i Emerald Bay Spa. T\u1ea1i \u0111\u00e2y, b\u1ea1n c\u00f3 th\u1ec3 t\u1eadn h\u01b0\u1edfng c\u00e1c g\u00f3i li\u1ec7u tr\u00ecnh x\u00f4ng h\u01a1i th\u01b0 gi\u00e3n, k\u1ebft h\u1ee3p sauna v\u00e0 steam gi\u00fap thanh l\u1ecdc c\u01a1 th\u1ec3, c\u1ea3i thi\u1ec7n tu\u1ea7n ho\u00e0n v\u00e0 t\u00e1i t\u1ea1o n\u0103ng l\u01b0\u1ee3ng. B\u00ean c\u1ea1nh \u0111\u00f3 l\u00e0 nh\u1eefng li\u1ec7u ph\u00e1p massage chuy\u00ean s\u00e2u, ch\u0103m s\u00f3c da v\u00e0 tr\u1ecb li\u1ec7u to\u00e0n di\u1ec7n, \u0111\u01b0\u1ee3c thi\u1ebft k\u1ebf \u0111\u1ec3 mang \u0111\u1ebfn c\u1ea3m gi\u00e1c c\u00e2n b\u1eb1ng, t\u01b0\u01a1i m\u1edbi v\u00e0 tr\u00e0n \u0111\u1ea7y s\u1ee9c s\u1ed1ng sau m\u1ed7i l\u1ea7n tr\u1ea3i nghi\u1ec7m.<\/em><\/p>\n<p style=\"text-align: center\">\n<p style=\"text-align: center\"><strong>Khung gi\u1edd \u01b0u \u0111\u00e3i: 12:00 \u2013 16:00<\/strong><br \/>\n<strong>-Gi\u1ea3m 20% cho c\u00e1c d\u1ecbch v\u1ee5 spa<\/strong><\/p>\n<p style=\"text-align: center\">\n&#8211; Massage ch\u00e2n xua tan m\u1ec7t m\u1ecfi, nh\u1eb9 b\u01b0\u1edbc th\u01b0 th\u00e1i<br \/>\n&#8211; Massage to\u00e0n th\u00e2n th\u01b0 gi\u00e3n s\u00e2u, ph\u1ee5c h\u1ed3i n\u0103ng l\u01b0\u1ee3ng<br \/>\n&#8211; Li\u1ec7u ph\u00e1p x\u00f4ng h\u01a1i gi\u00fap thanh l\u1ecdc c\u01a1 th\u1ec3, c\u00e2n b\u1eb1ng tinh th\u1ea7n<\/p>\n<p style=\"text-align: center\">\nKh\u00f4ng gian y\u00ean t\u0129nh, h\u01b0\u01a1ng tinh d\u1ea7u d\u1ecbu nh\u1eb9 c\u00f9ng \u0111\u00f4i tay chuy\u00ean nghi\u1ec7p s\u1ebd mang \u0111\u1ebfn cho b\u1ea1n nh\u1eefng ph\u00fat gi\u00e2y ngh\u1ec9 ng\u01a1i tr\u1ecdn v\u1eb9n.<br \/>\nLi\u00ean h\u1ec7 Emerald Bay Hotel &amp; Spa Nha Trang \u0111\u1ec3 \u0111\u1eb7t l\u1ecbch v\u00e0 tr\u1ea3i nghi\u1ec7m \u01b0u \u0111\u00e3i ngay h\u00f4m nay!<\/p>\n","protected":false},"excerpt":{"rendered":"<p>H\u00e3y d\u00e0nh cho b\u1ea3n th\u00e2n m\u1ed9t kho\u1ea3ng l\u1eb7ng nh\u1eb9 nh\u00e0ng gi\u1eefa ng\u00e0y, n\u01a1i c\u01a1 th\u1ec3 \u0111\u01b0\u1ee3c th\u1ea3 l\u1ecfng v\u00e0 t\u00e2m tr\u00ed \u0111\u01b0\u1ee3c ch\u1eefa l\u00e0nh t\u1ea1i Emerald Bay Spa. T\u1ea1i \u0111\u00e2y, b\u1ea1n c\u00f3 th\u1ec3 t\u1eadn h\u01b0\u1edfng c\u00e1c g\u00f3i li\u1ec7u tr\u00ecnh x\u00f4ng h\u01a1i th\u01b0 gi\u00e3n, k\u1ebft h\u1ee3p sauna v\u00e0 steam gi\u00fap thanh l\u1ecdc c\u01a1 th\u1ec3, c\u1ea3i thi\u1ec7n [&hellip;]<\/p>\n","protected":false},"author":270,"featured_media":469,"parent":454,"menu_order":0,"comment_status":"closed","ping_status":"closed","template":"template-single-offer.php","meta":{"footnotes":""},"yoast_head":"<!-- This site is optimized with the Yoast SEO plugin v22.3 - https:\/\/yoast.com\/wordpress\/plugins\/seo\/ -->\n<title>Khung gi\u1edd v\u00e0ng \u01b0u \u0111\u00e3i Spa - Emerald Bay Hotel &amp; Spa Nha Trang<\/title>\n<meta name=\"robots\" content=\"index, follow, max-snippet:-1, max-image-preview:large, max-video-preview:-1\" \/>\n<link rel=\"canonical\" href=\"https:\/\/www.emeraldbayhotelnhatrang.com\/vi\/chuong-trinh-khuyen-mai\/453-2\/\" \/>\n<meta property=\"og:locale\" content=\"vi_VN\" \/>\n<meta property=\"og:type\" content=\"article\" \/>\n<meta property=\"og:title\" content=\"Khung gi\u1edd v\u00e0ng \u01b0u \u0111\u00e3i Spa - Emerald Bay Hotel &amp; Spa Nha Trang\" \/>\n<meta property=\"og:description\" content=\"H\u00e3y d\u00e0nh cho b\u1ea3n th\u00e2n m\u1ed9t kho\u1ea3ng l\u1eb7ng nh\u1eb9 nh\u00e0ng gi\u1eefa ng\u00e0y, n\u01a1i c\u01a1 th\u1ec3 \u0111\u01b0\u1ee3c th\u1ea3 l\u1ecfng v\u00e0 t\u00e2m tr\u00ed \u0111\u01b0\u1ee3c ch\u1eefa l\u00e0nh t\u1ea1i Emerald Bay Spa. T\u1ea1i \u0111\u00e2y, b\u1ea1n c\u00f3 th\u1ec3 t\u1eadn h\u01b0\u1edfng c\u00e1c g\u00f3i li\u1ec7u tr\u00ecnh x\u00f4ng h\u01a1i th\u01b0 gi\u00e3n, k\u1ebft h\u1ee3p sauna v\u00e0 steam gi\u00fap thanh l\u1ecdc c\u01a1 th\u1ec3, c\u1ea3i thi\u1ec7n [&hellip;]\" \/>\n<meta property=\"og:url\" content=\"https:\/\/www.emeraldbayhotelnhatrang.com\/vi\/chuong-trinh-khuyen-mai\/453-2\/\" \/>\n<meta property=\"og:site_name\" content=\"Emerald Bay Hotel &amp; Spa Nha Trang\" \/>\n<meta property=\"article:modified_time\" content=\"2026-04-23T04:01:53+00:00\" \/>\n<meta property=\"og:image\" content=\"http:\/\/www.emeraldbayhotelnhatrang.com\/wp-content\/uploads\/sites\/145\/2026\/04\/ST_05655.jpg\" \/>\n\t<meta property=\"og:image:width\" content=\"2200\" \/>\n\t<meta property=\"og:image:height\" content=\"1467\" \/>\n\t<meta property=\"og:image:type\" content=\"image\/jpeg\" \/>\n<meta name=\"twitter:card\" content=\"summary_large_image\" \/>\n<meta name=\"twitter:label1\" content=\"Est. reading time\" \/>\n\t<meta name=\"twitter:data1\" content=\"2 minutes\" \/>\n<script type=\"application\/ld+json\" class=\"yoast-schema-graph\">{\"@context\":\"https:\/\/schema.org\",\"@graph\":[{\"@type\":\"WebPage\",\"@id\":\"https:\/\/www.emeraldbayhotelnhatrang.com\/vi\/chuong-trinh-khuyen-mai\/453-2\/\",\"url\":\"https:\/\/www.emeraldbayhotelnhatrang.com\/vi\/chuong-trinh-khuyen-mai\/453-2\/\",\"name\":\"Khung gi\u1edd v\u00e0ng \u01b0u \u0111\u00e3i Spa - Emerald Bay Hotel &amp; Spa Nha Trang\",\"isPartOf\":{\"@id\":\"https:\/\/www.emeraldbayhotelnhatrang.com\/vi\/#website\"},\"primaryImageOfPage\":{\"@id\":\"https:\/\/www.emeraldbayhotelnhatrang.com\/vi\/chuong-trinh-khuyen-mai\/453-2\/#primaryimage\"},\"image\":{\"@id\":\"https:\/\/www.emeraldbayhotelnhatrang.com\/vi\/chuong-trinh-khuyen-mai\/453-2\/#primaryimage\"},\"thumbnailUrl\":\"https:\/\/www.emeraldbayhotelnhatrang.com\/wp-content\/uploads\/sites\/145\/2026\/04\/ST_05655.jpg\",\"datePublished\":\"2026-04-23T03:34:41+00:00\",\"dateModified\":\"2026-04-23T04:01:53+00:00\",\"breadcrumb\":{\"@id\":\"https:\/\/www.emeraldbayhotelnhatrang.com\/vi\/chuong-trinh-khuyen-mai\/453-2\/#breadcrumb\"},\"inLanguage\":\"vi-VN\",\"potentialAction\":[{\"@type\":\"ReadAction\",\"target\":[\"https:\/\/www.emeraldbayhotelnhatrang.com\/vi\/chuong-trinh-khuyen-mai\/453-2\/\"]}]},{\"@type\":\"ImageObject\",\"inLanguage\":\"vi-VN\",\"@id\":\"https:\/\/www.emeraldbayhotelnhatrang.com\/vi\/chuong-trinh-khuyen-mai\/453-2\/#primaryimage\",\"url\":\"https:\/\/www.emeraldbayhotelnhatrang.com\/wp-content\/uploads\/sites\/145\/2026\/04\/ST_05655.jpg\",\"contentUrl\":\"https:\/\/www.emeraldbayhotelnhatrang.com\/wp-content\/uploads\/sites\/145\/2026\/04\/ST_05655.jpg\",\"width\":2200,\"height\":1467},{\"@type\":\"BreadcrumbList\",\"@id\":\"https:\/\/www.emeraldbayhotelnhatrang.com\/vi\/chuong-trinh-khuyen-mai\/453-2\/#breadcrumb\",\"itemListElement\":[{\"@type\":\"ListItem\",\"position\":1,\"name\":\"Home\",\"item\":\"https:\/\/www.emeraldbayhotelnhatrang.com\/vi\/\"},{\"@type\":\"ListItem\",\"position\":2,\"name\":\"Ch\u01b0\u01a1ng tr\u00ecnh khuy\u1ebfn m\u00e3i\",\"item\":\"https:\/\/www.emeraldbayhotelnhatrang.com\/vi\/chuong-trinh-khuyen-mai\/\"},{\"@type\":\"ListItem\",\"position\":3,\"name\":\"Khung gi\u1edd v\u00e0ng \u01b0u \u0111\u00e3i Spa\"}]},{\"@type\":\"WebSite\",\"@id\":\"https:\/\/www.emeraldbayhotelnhatrang.com\/vi\/#website\",\"url\":\"https:\/\/www.emeraldbayhotelnhatrang.com\/vi\/\",\"name\":\"Emerald Bay Hotel &amp; Spa Nha Trang\",\"description\":\"\",\"potentialAction\":[{\"@type\":\"SearchAction\",\"target\":{\"@type\":\"EntryPoint\",\"urlTemplate\":\"https:\/\/www.emeraldbayhotelnhatrang.com\/vi\/?s={search_term_string}\"},\"query-input\":\"required name=search_term_string\"}],\"inLanguage\":\"vi-VN\"}]}<\/script>\n<!-- \/ Yoast SEO plugin. -->","yoast_head_json":{"title":"Khung gi\u1edd v\u00e0ng \u01b0u \u0111\u00e3i Spa - Emerald Bay Hotel &amp; Spa Nha Trang","robots":{"index":"index","follow":"follow","max-snippet":"max-snippet:-1","max-image-preview":"max-image-preview:large","max-video-preview":"max-video-preview:-1"},"canonical":"https:\/\/www.emeraldbayhotelnhatrang.com\/vi\/chuong-trinh-khuyen-mai\/453-2\/","og_locale":"vi_VN","og_type":"article","og_title":"Khung gi\u1edd v\u00e0ng \u01b0u \u0111\u00e3i Spa - Emerald Bay Hotel &amp; Spa Nha Trang","og_description":"H\u00e3y d\u00e0nh cho b\u1ea3n th\u00e2n m\u1ed9t kho\u1ea3ng l\u1eb7ng nh\u1eb9 nh\u00e0ng gi\u1eefa ng\u00e0y, n\u01a1i c\u01a1 th\u1ec3 \u0111\u01b0\u1ee3c th\u1ea3 l\u1ecfng v\u00e0 t\u00e2m tr\u00ed \u0111\u01b0\u1ee3c ch\u1eefa l\u00e0nh t\u1ea1i Emerald Bay Spa. T\u1ea1i \u0111\u00e2y, b\u1ea1n c\u00f3 th\u1ec3 t\u1eadn h\u01b0\u1edfng c\u00e1c g\u00f3i li\u1ec7u tr\u00ecnh x\u00f4ng h\u01a1i th\u01b0 gi\u00e3n, k\u1ebft h\u1ee3p sauna v\u00e0 steam gi\u00fap thanh l\u1ecdc c\u01a1 th\u1ec3, c\u1ea3i thi\u1ec7n [&hellip;]","og_url":"https:\/\/www.emeraldbayhotelnhatrang.com\/vi\/chuong-trinh-khuyen-mai\/453-2\/","og_site_name":"Emerald Bay Hotel &amp; Spa Nha Trang","article_modified_time":"2026-04-23T04:01:53+00:00","og_image":[{"width":2200,"height":1467,"url":"http:\/\/www.emeraldbayhotelnhatrang.com\/wp-content\/uploads\/sites\/145\/2026\/04\/ST_05655.jpg","type":"image\/jpeg"}],"twitter_card":"summary_large_image","twitter_misc":{"Est. reading time":"2 minutes"},"schema":{"@context":"https:\/\/schema.org","@graph":[{"@type":"WebPage","@id":"https:\/\/www.emeraldbayhotelnhatrang.com\/vi\/chuong-trinh-khuyen-mai\/453-2\/","url":"https:\/\/www.emeraldbayhotelnhatrang.com\/vi\/chuong-trinh-khuyen-mai\/453-2\/","name":"Khung gi\u1edd v\u00e0ng \u01b0u \u0111\u00e3i Spa - Emerald Bay Hotel &amp; Spa Nha Trang","isPartOf":{"@id":"https:\/\/www.emeraldbayhotelnhatrang.com\/vi\/#website"},"primaryImageOfPage":{"@id":"https:\/\/www.emeraldbayhotelnhatrang.com\/vi\/chuong-trinh-khuyen-mai\/453-2\/#primaryimage"},"image":{"@id":"https:\/\/www.emeraldbayhotelnhatrang.com\/vi\/chuong-trinh-khuyen-mai\/453-2\/#primaryimage"},"thumbnailUrl":"https:\/\/www.emeraldbayhotelnhatrang.com\/wp-content\/uploads\/sites\/145\/2026\/04\/ST_05655.jpg","datePublished":"2026-04-23T03:34:41+00:00","dateModified":"2026-04-23T04:01:53+00:00","breadcrumb":{"@id":"https:\/\/www.emeraldbayhotelnhatrang.com\/vi\/chuong-trinh-khuyen-mai\/453-2\/#breadcrumb"},"inLanguage":"vi-VN","potentialAction":[{"@type":"ReadAction","target":["https:\/\/www.emeraldbayhotelnhatrang.com\/vi\/chuong-trinh-khuyen-mai\/453-2\/"]}]},{"@type":"ImageObject","inLanguage":"vi-VN","@id":"https:\/\/www.emeraldbayhotelnhatrang.com\/vi\/chuong-trinh-khuyen-mai\/453-2\/#primaryimage","url":"https:\/\/www.emeraldbayhotelnhatrang.com\/wp-content\/uploads\/sites\/145\/2026\/04\/ST_05655.jpg","contentUrl":"https:\/\/www.emeraldbayhotelnhatrang.com\/wp-content\/uploads\/sites\/145\/2026\/04\/ST_05655.jpg","width":2200,"height":1467},{"@type":"BreadcrumbList","@id":"https:\/\/www.emeraldbayhotelnhatrang.com\/vi\/chuong-trinh-khuyen-mai\/453-2\/#breadcrumb","itemListElement":[{"@type":"ListItem","position":1,"name":"Home","item":"https:\/\/www.emeraldbayhotelnhatrang.com\/vi\/"},{"@type":"ListItem","position":2,"name":"Ch\u01b0\u01a1ng tr\u00ecnh khuy\u1ebfn m\u00e3i","item":"https:\/\/www.emeraldbayhotelnhatrang.com\/vi\/chuong-trinh-khuyen-mai\/"},{"@type":"ListItem","position":3,"name":"Khung gi\u1edd v\u00e0ng \u01b0u \u0111\u00e3i Spa"}]},{"@type":"WebSite","@id":"https:\/\/www.emeraldbayhotelnhatrang.com\/vi\/#website","url":"https:\/\/www.emeraldbayhotelnhatrang.com\/vi\/","name":"Emerald Bay Hotel &amp; Spa Nha Trang","description":"","potentialAction":[{"@type":"SearchAction","target":{"@type":"EntryPoint","urlTemplate":"https:\/\/www.emeraldbayhotelnhatrang.com\/vi\/?s={search_term_string}"},"query-input":"required name=search_term_string"}],"inLanguage":"vi-VN"}]}},"acf":[],"_links":{"self":[{"href":"https:\/\/www.emeraldbayhotelnhatrang.com\/vi\/wp-json\/wp\/v2\/pages\/453"}],"collection":[{"href":"https:\/\/www.emeraldbayhotelnhatrang.com\/vi\/wp-json\/wp\/v2\/pages"}],"about":[{"href":"https:\/\/www.emeraldbayhotelnhatrang.com\/vi\/wp-json\/wp\/v2\/types\/page"}],"author":[{"embeddable":true,"href":"https:\/\/www.emeraldbayhotelnhatrang.com\/vi\/wp-json\/wp\/v2\/users\/270"}],"replies":[{"embeddable":true,"href":"https:\/\/www.emeraldbayhotelnhatrang.com\/vi\/wp-json\/wp\/v2\/comments?post=453"}],"version-history":[{"count":0,"href":"https:\/\/www.emeraldbayhotelnhatrang.com\/vi\/wp-json\/wp\/v2\/pages\/453\/revisions"}],"up":[{"embeddable":true,"href":"https:\/\/www.emeraldbayhotelnhatrang.com\/vi\/wp-json\/wp\/v2\/pages\/454"}],"wp:featuredmedia":[{"embeddable":true,"href":"https:\/\/www.emeraldbayhotelnhatrang.com\/vi\/wp-json\/wp\/v2\/media\/469"}],"wp:attachment":[{"href":"https:\/\/www.emeraldbayhotelnhatrang.com\/vi\/wp-json\/wp\/v2\/media?parent=453"}],"curies":[{"name":"wp","href":"https:\/\/api.w.org\/{rel}","templated":true}]}}