{"id":45,"date":"2025-12-26T07:01:12","date_gmt":"2025-12-26T07:01:12","guid":{"rendered":"https:\/\/emeraldbayhotelnhatrang.ms2.decms.asia\/?page_id=45"},"modified":"2026-04-02T02:48:27","modified_gmt":"2026-04-02T02:48:27","slug":"executive-partial-seaview-with-balcony","status":"publish","type":"page","link":"https:\/\/www.emeraldbayhotelnhatrang.com\/vi\/rooms\/executive-partial-seaview-with-balcony\/","title":{"rendered":"Executive Partial SeaView With Balcony"},"content":{"rendered":"<p data-pm-slice=\"1 1 []\">Ph\u00f2ng Executive Partial Sea View with Balcony mang \u0111\u1ebfn kh\u00f4ng gian ngh\u1ec9 d\u01b0\u1ee1ng tho\u1ea3i m\u00e1i v\u1edbi thi\u1ebft k\u1ebf hi\u1ec7n \u0111\u1ea1i v\u00e0 \u1ea5m c\u00fang. Ban c\u00f4ng ri\u00eang m\u1edf ra t\u1ea7m nh\u00ecn m\u1ed9t ph\u1ea7n h\u01b0\u1edbng bi\u1ec3n v\u00e0 th\u00e0nh ph\u1ed1, n\u01a1i du kh\u00e1ch c\u00f3 th\u1ec3 t\u1eadn h\u01b0\u1edfng l\u00e0n gi\u00f3 m\u00e1t v\u00e0 khung c\u1ea3nh bi\u1ec3n xanh d\u1ecbu d\u00e0ng.<\/p>\n","protected":false},"excerpt":{"rendered":"<p>Ph\u00f2ng Executive Partial Sea View with Balcony mang \u0111\u1ebfn kh\u00f4ng gian ngh\u1ec9 d\u01b0\u1ee1ng tho\u1ea3i m\u00e1i v\u1edbi thi\u1ebft k\u1ebf hi\u1ec7n \u0111\u1ea1i v\u00e0 \u1ea5m c\u00fang. Ban c\u00f4ng ri\u00eang m\u1edf ra t\u1ea7m nh\u00ecn m\u1ed9t ph\u1ea7n h\u01b0\u1edbng bi\u1ec3n v\u00e0 th\u00e0nh ph\u1ed1, n\u01a1i du kh\u00e1ch c\u00f3 th\u1ec3 t\u1eadn h\u01b0\u1edfng l\u00e0n gi\u00f3 m\u00e1t v\u00e0 khung c\u1ea3nh bi\u1ec3n xanh d\u1ecbu d\u00e0ng.<\/p>\n","protected":false},"author":8,"featured_media":50,"parent":8,"menu_order":4,"comment_status":"closed","ping_status":"closed","template":"template-single-room.php","meta":{"footnotes":""},"yoast_head":"<!-- This site is optimized with the Yoast SEO plugin v22.3 - https:\/\/yoast.com\/wordpress\/plugins\/seo\/ -->\n<title>Executive SeaView | Emerald Bay Hotel &amp; Spa Nha Trang<\/title>\n<meta name=\"description\" content=\"Ph\u00f2ng Executive Partial Sea View with Balcony mang \u0111\u1ebfn kh\u00f4ng gian ngh\u1ec9 d\u01b0\u1ee1ng tho\u1ea3i m\u00e1i v\u1edbi thi\u1ebft k\u1ebf hi\u1ec7n \u0111\u1ea1i v\u00e0 \u1ea5m c\u00fang v\u1edbi ban c\u00f4ng ri\u00eang m\u1edf ra t\u1ea7m nh\u00ecn m\u1ed9t ph\u1ea7n h\u01b0\u1edbng bi\u1ec3n v\u00e0 th\u00e0nh ph\u1ed1\" \/>\n<meta name=\"robots\" content=\"index, follow, max-snippet:-1, max-image-preview:large, max-video-preview:-1\" \/>\n<link rel=\"canonical\" href=\"https:\/\/www.emeraldbayhotelnhatrang.com\/vi\/rooms\/executive-partial-seaview-with-balcony\/\" \/>\n<meta property=\"og:locale\" content=\"vi_VN\" \/>\n<meta property=\"og:type\" content=\"article\" \/>\n<meta property=\"og:title\" content=\"Executive SeaView | Emerald Bay Hotel &amp; Spa Nha Trang\" \/>\n<meta property=\"og:description\" content=\"Ph\u00f2ng Executive Partial Sea View with Balcony mang \u0111\u1ebfn kh\u00f4ng gian ngh\u1ec9 d\u01b0\u1ee1ng tho\u1ea3i m\u00e1i v\u1edbi thi\u1ebft k\u1ebf hi\u1ec7n \u0111\u1ea1i v\u00e0 \u1ea5m c\u00fang v\u1edbi ban c\u00f4ng ri\u00eang m\u1edf ra t\u1ea7m nh\u00ecn m\u1ed9t ph\u1ea7n h\u01b0\u1edbng bi\u1ec3n v\u00e0 th\u00e0nh ph\u1ed1\" \/>\n<meta property=\"og:url\" content=\"https:\/\/www.emeraldbayhotelnhatrang.com\/vi\/rooms\/executive-partial-seaview-with-balcony\/\" \/>\n<meta property=\"og:site_name\" content=\"Emerald Bay Hotel &amp; Spa Nha Trang\" \/>\n<meta property=\"article:modified_time\" content=\"2026-04-02T02:48:27+00:00\" \/>\n<meta property=\"og:image\" content=\"http:\/\/www.emeraldbayhotelnhatrang.com\/wp-content\/uploads\/sites\/145\/2025\/12\/Executive-1.jpg\" \/>\n\t<meta property=\"og:image:width\" content=\"2200\" \/>\n\t<meta property=\"og:image:height\" content=\"1458\" \/>\n\t<meta property=\"og:image:type\" content=\"image\/jpeg\" \/>\n<meta name=\"twitter:card\" content=\"summary_large_image\" \/>\n<meta name=\"twitter:label1\" content=\"Est. reading time\" \/>\n\t<meta name=\"twitter:data1\" content=\"1 minute\" \/>\n<script type=\"application\/ld+json\" class=\"yoast-schema-graph\">{\"@context\":\"https:\/\/schema.org\",\"@graph\":[{\"@type\":\"WebPage\",\"@id\":\"https:\/\/www.emeraldbayhotelnhatrang.com\/vi\/rooms\/executive-partial-seaview-with-balcony\/\",\"url\":\"https:\/\/www.emeraldbayhotelnhatrang.com\/vi\/rooms\/executive-partial-seaview-with-balcony\/\",\"name\":\"Executive SeaView | Emerald Bay Hotel & Spa Nha Trang\",\"isPartOf\":{\"@id\":\"https:\/\/www.emeraldbayhotelnhatrang.com\/vi\/#website\"},\"primaryImageOfPage\":{\"@id\":\"https:\/\/www.emeraldbayhotelnhatrang.com\/vi\/rooms\/executive-partial-seaview-with-balcony\/#primaryimage\"},\"image\":{\"@id\":\"https:\/\/www.emeraldbayhotelnhatrang.com\/vi\/rooms\/executive-partial-seaview-with-balcony\/#primaryimage\"},\"thumbnailUrl\":\"https:\/\/www.emeraldbayhotelnhatrang.com\/wp-content\/uploads\/sites\/145\/2025\/12\/Executive-1.jpg\",\"datePublished\":\"2025-12-26T07:01:12+00:00\",\"dateModified\":\"2026-04-02T02:48:27+00:00\",\"description\":\"Ph\u00f2ng Executive Partial Sea View with Balcony mang \u0111\u1ebfn kh\u00f4ng gian ngh\u1ec9 d\u01b0\u1ee1ng tho\u1ea3i m\u00e1i v\u1edbi thi\u1ebft k\u1ebf hi\u1ec7n \u0111\u1ea1i v\u00e0 \u1ea5m c\u00fang v\u1edbi ban c\u00f4ng ri\u00eang m\u1edf ra t\u1ea7m nh\u00ecn m\u1ed9t ph\u1ea7n h\u01b0\u1edbng bi\u1ec3n v\u00e0 th\u00e0nh ph\u1ed1\",\"breadcrumb\":{\"@id\":\"https:\/\/www.emeraldbayhotelnhatrang.com\/vi\/rooms\/executive-partial-seaview-with-balcony\/#breadcrumb\"},\"inLanguage\":\"vi-VN\",\"potentialAction\":[{\"@type\":\"ReadAction\",\"target\":[\"https:\/\/www.emeraldbayhotelnhatrang.com\/vi\/rooms\/executive-partial-seaview-with-balcony\/\"]}]},{\"@type\":\"ImageObject\",\"inLanguage\":\"vi-VN\",\"@id\":\"https:\/\/www.emeraldbayhotelnhatrang.com\/vi\/rooms\/executive-partial-seaview-with-balcony\/#primaryimage\",\"url\":\"https:\/\/www.emeraldbayhotelnhatrang.com\/wp-content\/uploads\/sites\/145\/2025\/12\/Executive-1.jpg\",\"contentUrl\":\"https:\/\/www.emeraldbayhotelnhatrang.com\/wp-content\/uploads\/sites\/145\/2025\/12\/Executive-1.jpg\",\"width\":2200,\"height\":1458},{\"@type\":\"BreadcrumbList\",\"@id\":\"https:\/\/www.emeraldbayhotelnhatrang.com\/vi\/rooms\/executive-partial-seaview-with-balcony\/#breadcrumb\",\"itemListElement\":[{\"@type\":\"ListItem\",\"position\":1,\"name\":\"Home\",\"item\":\"https:\/\/www.emeraldbayhotelnhatrang.com\/vi\/\"},{\"@type\":\"ListItem\",\"position\":2,\"name\":\"C\u00e1c h\u1ea1ng ph\u00f2ng\",\"item\":\"https:\/\/www.emeraldbayhotelnhatrang.com\/vi\/rooms\/\"},{\"@type\":\"ListItem\",\"position\":3,\"name\":\"Executive Partial SeaView With Balcony\"}]},{\"@type\":\"WebSite\",\"@id\":\"https:\/\/www.emeraldbayhotelnhatrang.com\/vi\/#website\",\"url\":\"https:\/\/www.emeraldbayhotelnhatrang.com\/vi\/\",\"name\":\"Emerald Bay Hotel &amp; Spa Nha Trang\",\"description\":\"\",\"potentialAction\":[{\"@type\":\"SearchAction\",\"target\":{\"@type\":\"EntryPoint\",\"urlTemplate\":\"https:\/\/www.emeraldbayhotelnhatrang.com\/vi\/?s={search_term_string}\"},\"query-input\":\"required name=search_term_string\"}],\"inLanguage\":\"vi-VN\"}]}<\/script>\n<!-- \/ Yoast SEO plugin. -->","yoast_head_json":{"title":"Executive SeaView | Emerald Bay Hotel & Spa Nha Trang","description":"Ph\u00f2ng Executive Partial Sea View with Balcony mang \u0111\u1ebfn kh\u00f4ng gian ngh\u1ec9 d\u01b0\u1ee1ng tho\u1ea3i m\u00e1i v\u1edbi thi\u1ebft k\u1ebf hi\u1ec7n \u0111\u1ea1i v\u00e0 \u1ea5m c\u00fang v\u1edbi ban c\u00f4ng ri\u00eang m\u1edf ra t\u1ea7m nh\u00ecn m\u1ed9t ph\u1ea7n h\u01b0\u1edbng bi\u1ec3n v\u00e0 th\u00e0nh ph\u1ed1","robots":{"index":"index","follow":"follow","max-snippet":"max-snippet:-1","max-image-preview":"max-image-preview:large","max-video-preview":"max-video-preview:-1"},"canonical":"https:\/\/www.emeraldbayhotelnhatrang.com\/vi\/rooms\/executive-partial-seaview-with-balcony\/","og_locale":"vi_VN","og_type":"article","og_title":"Executive SeaView | Emerald Bay Hotel & Spa Nha Trang","og_description":"Ph\u00f2ng Executive Partial Sea View with Balcony mang \u0111\u1ebfn kh\u00f4ng gian ngh\u1ec9 d\u01b0\u1ee1ng tho\u1ea3i m\u00e1i v\u1edbi thi\u1ebft k\u1ebf hi\u1ec7n \u0111\u1ea1i v\u00e0 \u1ea5m c\u00fang v\u1edbi ban c\u00f4ng ri\u00eang m\u1edf ra t\u1ea7m nh\u00ecn m\u1ed9t ph\u1ea7n h\u01b0\u1edbng bi\u1ec3n v\u00e0 th\u00e0nh ph\u1ed1","og_url":"https:\/\/www.emeraldbayhotelnhatrang.com\/vi\/rooms\/executive-partial-seaview-with-balcony\/","og_site_name":"Emerald Bay Hotel &amp; Spa Nha Trang","article_modified_time":"2026-04-02T02:48:27+00:00","og_image":[{"width":2200,"height":1458,"url":"http:\/\/www.emeraldbayhotelnhatrang.com\/wp-content\/uploads\/sites\/145\/2025\/12\/Executive-1.jpg","type":"image\/jpeg"}],"twitter_card":"summary_large_image","twitter_misc":{"Est. reading time":"1 minute"},"schema":{"@context":"https:\/\/schema.org","@graph":[{"@type":"WebPage","@id":"https:\/\/www.emeraldbayhotelnhatrang.com\/vi\/rooms\/executive-partial-seaview-with-balcony\/","url":"https:\/\/www.emeraldbayhotelnhatrang.com\/vi\/rooms\/executive-partial-seaview-with-balcony\/","name":"Executive SeaView | Emerald Bay Hotel & Spa Nha Trang","isPartOf":{"@id":"https:\/\/www.emeraldbayhotelnhatrang.com\/vi\/#website"},"primaryImageOfPage":{"@id":"https:\/\/www.emeraldbayhotelnhatrang.com\/vi\/rooms\/executive-partial-seaview-with-balcony\/#primaryimage"},"image":{"@id":"https:\/\/www.emeraldbayhotelnhatrang.com\/vi\/rooms\/executive-partial-seaview-with-balcony\/#primaryimage"},"thumbnailUrl":"https:\/\/www.emeraldbayhotelnhatrang.com\/wp-content\/uploads\/sites\/145\/2025\/12\/Executive-1.jpg","datePublished":"2025-12-26T07:01:12+00:00","dateModified":"2026-04-02T02:48:27+00:00","description":"Ph\u00f2ng Executive Partial Sea View with Balcony mang \u0111\u1ebfn kh\u00f4ng gian ngh\u1ec9 d\u01b0\u1ee1ng tho\u1ea3i m\u00e1i v\u1edbi thi\u1ebft k\u1ebf hi\u1ec7n \u0111\u1ea1i v\u00e0 \u1ea5m c\u00fang v\u1edbi ban c\u00f4ng ri\u00eang m\u1edf ra t\u1ea7m nh\u00ecn m\u1ed9t ph\u1ea7n h\u01b0\u1edbng bi\u1ec3n v\u00e0 th\u00e0nh ph\u1ed1","breadcrumb":{"@id":"https:\/\/www.emeraldbayhotelnhatrang.com\/vi\/rooms\/executive-partial-seaview-with-balcony\/#breadcrumb"},"inLanguage":"vi-VN","potentialAction":[{"@type":"ReadAction","target":["https:\/\/www.emeraldbayhotelnhatrang.com\/vi\/rooms\/executive-partial-seaview-with-balcony\/"]}]},{"@type":"ImageObject","inLanguage":"vi-VN","@id":"https:\/\/www.emeraldbayhotelnhatrang.com\/vi\/rooms\/executive-partial-seaview-with-balcony\/#primaryimage","url":"https:\/\/www.emeraldbayhotelnhatrang.com\/wp-content\/uploads\/sites\/145\/2025\/12\/Executive-1.jpg","contentUrl":"https:\/\/www.emeraldbayhotelnhatrang.com\/wp-content\/uploads\/sites\/145\/2025\/12\/Executive-1.jpg","width":2200,"height":1458},{"@type":"BreadcrumbList","@id":"https:\/\/www.emeraldbayhotelnhatrang.com\/vi\/rooms\/executive-partial-seaview-with-balcony\/#breadcrumb","itemListElement":[{"@type":"ListItem","position":1,"name":"Home","item":"https:\/\/www.emeraldbayhotelnhatrang.com\/vi\/"},{"@type":"ListItem","position":2,"name":"C\u00e1c h\u1ea1ng ph\u00f2ng","item":"https:\/\/www.emeraldbayhotelnhatrang.com\/vi\/rooms\/"},{"@type":"ListItem","position":3,"name":"Executive Partial SeaView With Balcony"}]},{"@type":"WebSite","@id":"https:\/\/www.emeraldbayhotelnhatrang.com\/vi\/#website","url":"https:\/\/www.emeraldbayhotelnhatrang.com\/vi\/","name":"Emerald Bay Hotel &amp; Spa Nha Trang","description":"","potentialAction":[{"@type":"SearchAction","target":{"@type":"EntryPoint","urlTemplate":"https:\/\/www.emeraldbayhotelnhatrang.com\/vi\/?s={search_term_string}"},"query-input":"required name=search_term_string"}],"inLanguage":"vi-VN"}]}},"acf":[],"_links":{"self":[{"href":"https:\/\/www.emeraldbayhotelnhatrang.com\/vi\/wp-json\/wp\/v2\/pages\/45"}],"collection":[{"href":"https:\/\/www.emeraldbayhotelnhatrang.com\/vi\/wp-json\/wp\/v2\/pages"}],"about":[{"href":"https:\/\/www.emeraldbayhotelnhatrang.com\/vi\/wp-json\/wp\/v2\/types\/page"}],"author":[{"embeddable":true,"href":"https:\/\/www.emeraldbayhotelnhatrang.com\/vi\/wp-json\/wp\/v2\/users\/8"}],"replies":[{"embeddable":true,"href":"https:\/\/www.emeraldbayhotelnhatrang.com\/vi\/wp-json\/wp\/v2\/comments?post=45"}],"version-history":[{"count":0,"href":"https:\/\/www.emeraldbayhotelnhatrang.com\/vi\/wp-json\/wp\/v2\/pages\/45\/revisions"}],"up":[{"embeddable":true,"href":"https:\/\/www.emeraldbayhotelnhatrang.com\/vi\/wp-json\/wp\/v2\/pages\/8"}],"wp:featuredmedia":[{"embeddable":true,"href":"https:\/\/www.emeraldbayhotelnhatrang.com\/vi\/wp-json\/wp\/v2\/media\/50"}],"wp:attachment":[{"href":"https:\/\/www.emeraldbayhotelnhatrang.com\/vi\/wp-json\/wp\/v2\/media?parent=45"}],"curies":[{"name":"wp","href":"https:\/\/api.w.org\/{rel}","templated":true}]}}