{"id":38,"date":"2025-12-26T06:36:39","date_gmt":"2025-12-26T06:36:39","guid":{"rendered":"https:\/\/emeraldbayhotelnhatrang.ms2.decms.asia\/?page_id=38"},"modified":"2026-04-02T02:39:01","modified_gmt":"2026-04-02T02:39:01","slug":"grand-deluxe","status":"publish","type":"page","link":"https:\/\/www.emeraldbayhotelnhatrang.com\/vi\/rooms\/grand-deluxe\/","title":{"rendered":"Grand Deluxe"},"content":{"rendered":"<p data-pm-slice=\"1 1 []\">Ph\u00f2ng Grand Deluxe mang \u0111\u1ebfn kh\u00f4ng gian \u1ea5m \u00e1p v\u00e0 tinh t\u1ebf. M\u1ecdi chi ti\u1ebft trong ph\u00f2ng \u0111\u1ec1u \u0111\u01b0\u1ee3c ch\u0103m ch\u00fat t\u1ec9 m\u1ec9, t\u1eeb ch\u1ea5t li\u1ec7u g\u1ed7 \u1ea5m \u00e1p \u0111\u1ebfn c\u00e1ch b\u00e0y tr\u00ed t\u1ed1i gi\u1ea3n, t\u1ea1o n\u00ean c\u1ea3m gi\u00e1c h\u00e0i h\u00f2a v\u00e0 th\u01b0 th\u00e1i. \u0110\u00e2y l\u00e0 l\u1ef1a ch\u1ecdn l\u00fd t\u01b0\u1edfng cho nh\u1eefng ai mu\u1ed1n t\u1eadn h\u01b0\u1edfng s\u1ef1 ti\u1ec7n nghi hi\u1ec7n \u0111\u1ea1i trong chuy\u1ebfn ngh\u1ec9 d\u01b0\u1ee1ng.<\/p>\n","protected":false},"excerpt":{"rendered":"<p>Ph\u00f2ng Grand Deluxe mang \u0111\u1ebfn kh\u00f4ng gian \u1ea5m \u00e1p v\u00e0 tinh t\u1ebf. M\u1ecdi chi ti\u1ebft trong ph\u00f2ng \u0111\u1ec1u \u0111\u01b0\u1ee3c ch\u0103m ch\u00fat t\u1ec9 m\u1ec9, t\u1eeb ch\u1ea5t li\u1ec7u g\u1ed7 \u1ea5m \u00e1p \u0111\u1ebfn c\u00e1ch b\u00e0y tr\u00ed t\u1ed1i gi\u1ea3n, t\u1ea1o n\u00ean c\u1ea3m gi\u00e1c h\u00e0i h\u00f2a v\u00e0 th\u01b0 th\u00e1i. \u0110\u00e2y l\u00e0 l\u1ef1a ch\u1ecdn l\u00fd t\u01b0\u1edfng cho nh\u1eefng ai mu\u1ed1n t\u1eadn [&hellip;]<\/p>\n","protected":false},"author":8,"featured_media":42,"parent":8,"menu_order":3,"comment_status":"closed","ping_status":"closed","template":"template-single-room.php","meta":{"footnotes":""},"yoast_head":"<!-- This site is optimized with the Yoast SEO plugin v22.3 - https:\/\/yoast.com\/wordpress\/plugins\/seo\/ -->\n<title>Grand Deluxe | Emerald Bay Hotel &amp; Spa Nha Trang<\/title>\n<meta name=\"description\" content=\"Ph\u00f2ng Grand Deluxe mang \u0111\u1ebfn kh\u00f4ng gian \u1ea5m \u00e1p v\u00e0 tinh t\u1ebf v\u1edbi n\u1ed9i th\u1ea5t g\u1ed7 sang tr\u1ecdng c\u00f9ng \u00e1nh s\u00e1ng d\u1ecbu nh\u1eb9. M\u1ecdi chi ti\u1ebft trong ph\u00f2ng \u0111\u1ec1u \u0111\u01b0\u1ee3c ch\u0103m ch\u00fat t\u1ec9 m\u1ec9, t\u1eeb ch\u1ea5t li\u1ec7u g\u1ed7 \u1ea5m \u00e1p \u0111\u1ebfn c\u00e1ch b\u00e0y tr\u00ed t\u1ed1i gi\u1ea3n m\u00e0 tinh t\u1ebf.\" \/>\n<meta name=\"robots\" content=\"index, follow, max-snippet:-1, max-image-preview:large, max-video-preview:-1\" \/>\n<link rel=\"canonical\" href=\"https:\/\/www.emeraldbayhotelnhatrang.com\/vi\/rooms\/grand-deluxe\/\" \/>\n<meta property=\"og:locale\" content=\"vi_VN\" \/>\n<meta property=\"og:type\" content=\"article\" \/>\n<meta property=\"og:title\" content=\"Grand Deluxe | Emerald Bay Hotel &amp; Spa Nha Trang\" \/>\n<meta property=\"og:description\" content=\"Ph\u00f2ng Grand Deluxe mang \u0111\u1ebfn kh\u00f4ng gian \u1ea5m \u00e1p v\u00e0 tinh t\u1ebf v\u1edbi n\u1ed9i th\u1ea5t g\u1ed7 sang tr\u1ecdng c\u00f9ng \u00e1nh s\u00e1ng d\u1ecbu nh\u1eb9. M\u1ecdi chi ti\u1ebft trong ph\u00f2ng \u0111\u1ec1u \u0111\u01b0\u1ee3c ch\u0103m ch\u00fat t\u1ec9 m\u1ec9, t\u1eeb ch\u1ea5t li\u1ec7u g\u1ed7 \u1ea5m \u00e1p \u0111\u1ebfn c\u00e1ch b\u00e0y tr\u00ed t\u1ed1i gi\u1ea3n m\u00e0 tinh t\u1ebf.\" \/>\n<meta property=\"og:url\" content=\"https:\/\/www.emeraldbayhotelnhatrang.com\/vi\/rooms\/grand-deluxe\/\" \/>\n<meta property=\"og:site_name\" content=\"Emerald Bay Hotel &amp; Spa Nha Trang\" \/>\n<meta property=\"article:modified_time\" content=\"2026-04-02T02:39:01+00:00\" \/>\n<meta property=\"og:image\" content=\"http:\/\/www.emeraldbayhotelnhatrang.com\/wp-content\/uploads\/sites\/145\/2025\/12\/Grand-Deluxe-3.jpg\" \/>\n\t<meta property=\"og:image:width\" content=\"2200\" \/>\n\t<meta property=\"og:image:height\" content=\"1467\" \/>\n\t<meta property=\"og:image:type\" content=\"image\/jpeg\" \/>\n<meta name=\"twitter:card\" content=\"summary_large_image\" \/>\n<meta name=\"twitter:label1\" content=\"Est. reading time\" \/>\n\t<meta name=\"twitter:data1\" content=\"1 minute\" \/>\n<script type=\"application\/ld+json\" class=\"yoast-schema-graph\">{\"@context\":\"https:\/\/schema.org\",\"@graph\":[{\"@type\":\"WebPage\",\"@id\":\"https:\/\/www.emeraldbayhotelnhatrang.com\/vi\/rooms\/grand-deluxe\/\",\"url\":\"https:\/\/www.emeraldbayhotelnhatrang.com\/vi\/rooms\/grand-deluxe\/\",\"name\":\"Grand Deluxe | Emerald Bay Hotel & Spa Nha Trang\",\"isPartOf\":{\"@id\":\"https:\/\/www.emeraldbayhotelnhatrang.com\/vi\/#website\"},\"primaryImageOfPage\":{\"@id\":\"https:\/\/www.emeraldbayhotelnhatrang.com\/vi\/rooms\/grand-deluxe\/#primaryimage\"},\"image\":{\"@id\":\"https:\/\/www.emeraldbayhotelnhatrang.com\/vi\/rooms\/grand-deluxe\/#primaryimage\"},\"thumbnailUrl\":\"https:\/\/www.emeraldbayhotelnhatrang.com\/wp-content\/uploads\/sites\/145\/2025\/12\/Grand-Deluxe-3.jpg\",\"datePublished\":\"2025-12-26T06:36:39+00:00\",\"dateModified\":\"2026-04-02T02:39:01+00:00\",\"description\":\"Ph\u00f2ng Grand Deluxe mang \u0111\u1ebfn kh\u00f4ng gian \u1ea5m \u00e1p v\u00e0 tinh t\u1ebf v\u1edbi n\u1ed9i th\u1ea5t g\u1ed7 sang tr\u1ecdng c\u00f9ng \u00e1nh s\u00e1ng d\u1ecbu nh\u1eb9. M\u1ecdi chi ti\u1ebft trong ph\u00f2ng \u0111\u1ec1u \u0111\u01b0\u1ee3c ch\u0103m ch\u00fat t\u1ec9 m\u1ec9, t\u1eeb ch\u1ea5t li\u1ec7u g\u1ed7 \u1ea5m \u00e1p \u0111\u1ebfn c\u00e1ch b\u00e0y tr\u00ed t\u1ed1i gi\u1ea3n m\u00e0 tinh t\u1ebf.\",\"breadcrumb\":{\"@id\":\"https:\/\/www.emeraldbayhotelnhatrang.com\/vi\/rooms\/grand-deluxe\/#breadcrumb\"},\"inLanguage\":\"vi-VN\",\"potentialAction\":[{\"@type\":\"ReadAction\",\"target\":[\"https:\/\/www.emeraldbayhotelnhatrang.com\/vi\/rooms\/grand-deluxe\/\"]}]},{\"@type\":\"ImageObject\",\"inLanguage\":\"vi-VN\",\"@id\":\"https:\/\/www.emeraldbayhotelnhatrang.com\/vi\/rooms\/grand-deluxe\/#primaryimage\",\"url\":\"https:\/\/www.emeraldbayhotelnhatrang.com\/wp-content\/uploads\/sites\/145\/2025\/12\/Grand-Deluxe-3.jpg\",\"contentUrl\":\"https:\/\/www.emeraldbayhotelnhatrang.com\/wp-content\/uploads\/sites\/145\/2025\/12\/Grand-Deluxe-3.jpg\",\"width\":2200,\"height\":1467},{\"@type\":\"BreadcrumbList\",\"@id\":\"https:\/\/www.emeraldbayhotelnhatrang.com\/vi\/rooms\/grand-deluxe\/#breadcrumb\",\"itemListElement\":[{\"@type\":\"ListItem\",\"position\":1,\"name\":\"Home\",\"item\":\"https:\/\/www.emeraldbayhotelnhatrang.com\/vi\/\"},{\"@type\":\"ListItem\",\"position\":2,\"name\":\"C\u00e1c h\u1ea1ng ph\u00f2ng\",\"item\":\"https:\/\/www.emeraldbayhotelnhatrang.com\/vi\/rooms\/\"},{\"@type\":\"ListItem\",\"position\":3,\"name\":\"Grand Deluxe\"}]},{\"@type\":\"WebSite\",\"@id\":\"https:\/\/www.emeraldbayhotelnhatrang.com\/vi\/#website\",\"url\":\"https:\/\/www.emeraldbayhotelnhatrang.com\/vi\/\",\"name\":\"Emerald Bay Hotel &amp; Spa Nha Trang\",\"description\":\"\",\"potentialAction\":[{\"@type\":\"SearchAction\",\"target\":{\"@type\":\"EntryPoint\",\"urlTemplate\":\"https:\/\/www.emeraldbayhotelnhatrang.com\/vi\/?s={search_term_string}\"},\"query-input\":\"required name=search_term_string\"}],\"inLanguage\":\"vi-VN\"}]}<\/script>\n<!-- \/ Yoast SEO plugin. -->","yoast_head_json":{"title":"Grand Deluxe | Emerald Bay Hotel & Spa Nha Trang","description":"Ph\u00f2ng Grand Deluxe mang \u0111\u1ebfn kh\u00f4ng gian \u1ea5m \u00e1p v\u00e0 tinh t\u1ebf v\u1edbi n\u1ed9i th\u1ea5t g\u1ed7 sang tr\u1ecdng c\u00f9ng \u00e1nh s\u00e1ng d\u1ecbu nh\u1eb9. M\u1ecdi chi ti\u1ebft trong ph\u00f2ng \u0111\u1ec1u \u0111\u01b0\u1ee3c ch\u0103m ch\u00fat t\u1ec9 m\u1ec9, t\u1eeb ch\u1ea5t li\u1ec7u g\u1ed7 \u1ea5m \u00e1p \u0111\u1ebfn c\u00e1ch b\u00e0y tr\u00ed t\u1ed1i gi\u1ea3n m\u00e0 tinh t\u1ebf.","robots":{"index":"index","follow":"follow","max-snippet":"max-snippet:-1","max-image-preview":"max-image-preview:large","max-video-preview":"max-video-preview:-1"},"canonical":"https:\/\/www.emeraldbayhotelnhatrang.com\/vi\/rooms\/grand-deluxe\/","og_locale":"vi_VN","og_type":"article","og_title":"Grand Deluxe | Emerald Bay Hotel & Spa Nha Trang","og_description":"Ph\u00f2ng Grand Deluxe mang \u0111\u1ebfn kh\u00f4ng gian \u1ea5m \u00e1p v\u00e0 tinh t\u1ebf v\u1edbi n\u1ed9i th\u1ea5t g\u1ed7 sang tr\u1ecdng c\u00f9ng \u00e1nh s\u00e1ng d\u1ecbu nh\u1eb9. M\u1ecdi chi ti\u1ebft trong ph\u00f2ng \u0111\u1ec1u \u0111\u01b0\u1ee3c ch\u0103m ch\u00fat t\u1ec9 m\u1ec9, t\u1eeb ch\u1ea5t li\u1ec7u g\u1ed7 \u1ea5m \u00e1p \u0111\u1ebfn c\u00e1ch b\u00e0y tr\u00ed t\u1ed1i gi\u1ea3n m\u00e0 tinh t\u1ebf.","og_url":"https:\/\/www.emeraldbayhotelnhatrang.com\/vi\/rooms\/grand-deluxe\/","og_site_name":"Emerald Bay Hotel &amp; Spa Nha Trang","article_modified_time":"2026-04-02T02:39:01+00:00","og_image":[{"width":2200,"height":1467,"url":"http:\/\/www.emeraldbayhotelnhatrang.com\/wp-content\/uploads\/sites\/145\/2025\/12\/Grand-Deluxe-3.jpg","type":"image\/jpeg"}],"twitter_card":"summary_large_image","twitter_misc":{"Est. reading time":"1 minute"},"schema":{"@context":"https:\/\/schema.org","@graph":[{"@type":"WebPage","@id":"https:\/\/www.emeraldbayhotelnhatrang.com\/vi\/rooms\/grand-deluxe\/","url":"https:\/\/www.emeraldbayhotelnhatrang.com\/vi\/rooms\/grand-deluxe\/","name":"Grand Deluxe | Emerald Bay Hotel & Spa Nha Trang","isPartOf":{"@id":"https:\/\/www.emeraldbayhotelnhatrang.com\/vi\/#website"},"primaryImageOfPage":{"@id":"https:\/\/www.emeraldbayhotelnhatrang.com\/vi\/rooms\/grand-deluxe\/#primaryimage"},"image":{"@id":"https:\/\/www.emeraldbayhotelnhatrang.com\/vi\/rooms\/grand-deluxe\/#primaryimage"},"thumbnailUrl":"https:\/\/www.emeraldbayhotelnhatrang.com\/wp-content\/uploads\/sites\/145\/2025\/12\/Grand-Deluxe-3.jpg","datePublished":"2025-12-26T06:36:39+00:00","dateModified":"2026-04-02T02:39:01+00:00","description":"Ph\u00f2ng Grand Deluxe mang \u0111\u1ebfn kh\u00f4ng gian \u1ea5m \u00e1p v\u00e0 tinh t\u1ebf v\u1edbi n\u1ed9i th\u1ea5t g\u1ed7 sang tr\u1ecdng c\u00f9ng \u00e1nh s\u00e1ng d\u1ecbu nh\u1eb9. M\u1ecdi chi ti\u1ebft trong ph\u00f2ng \u0111\u1ec1u \u0111\u01b0\u1ee3c ch\u0103m ch\u00fat t\u1ec9 m\u1ec9, t\u1eeb ch\u1ea5t li\u1ec7u g\u1ed7 \u1ea5m \u00e1p \u0111\u1ebfn c\u00e1ch b\u00e0y tr\u00ed t\u1ed1i gi\u1ea3n m\u00e0 tinh t\u1ebf.","breadcrumb":{"@id":"https:\/\/www.emeraldbayhotelnhatrang.com\/vi\/rooms\/grand-deluxe\/#breadcrumb"},"inLanguage":"vi-VN","potentialAction":[{"@type":"ReadAction","target":["https:\/\/www.emeraldbayhotelnhatrang.com\/vi\/rooms\/grand-deluxe\/"]}]},{"@type":"ImageObject","inLanguage":"vi-VN","@id":"https:\/\/www.emeraldbayhotelnhatrang.com\/vi\/rooms\/grand-deluxe\/#primaryimage","url":"https:\/\/www.emeraldbayhotelnhatrang.com\/wp-content\/uploads\/sites\/145\/2025\/12\/Grand-Deluxe-3.jpg","contentUrl":"https:\/\/www.emeraldbayhotelnhatrang.com\/wp-content\/uploads\/sites\/145\/2025\/12\/Grand-Deluxe-3.jpg","width":2200,"height":1467},{"@type":"BreadcrumbList","@id":"https:\/\/www.emeraldbayhotelnhatrang.com\/vi\/rooms\/grand-deluxe\/#breadcrumb","itemListElement":[{"@type":"ListItem","position":1,"name":"Home","item":"https:\/\/www.emeraldbayhotelnhatrang.com\/vi\/"},{"@type":"ListItem","position":2,"name":"C\u00e1c h\u1ea1ng ph\u00f2ng","item":"https:\/\/www.emeraldbayhotelnhatrang.com\/vi\/rooms\/"},{"@type":"ListItem","position":3,"name":"Grand Deluxe"}]},{"@type":"WebSite","@id":"https:\/\/www.emeraldbayhotelnhatrang.com\/vi\/#website","url":"https:\/\/www.emeraldbayhotelnhatrang.com\/vi\/","name":"Emerald Bay Hotel &amp; Spa Nha Trang","description":"","potentialAction":[{"@type":"SearchAction","target":{"@type":"EntryPoint","urlTemplate":"https:\/\/www.emeraldbayhotelnhatrang.com\/vi\/?s={search_term_string}"},"query-input":"required name=search_term_string"}],"inLanguage":"vi-VN"}]}},"acf":[],"_links":{"self":[{"href":"https:\/\/www.emeraldbayhotelnhatrang.com\/vi\/wp-json\/wp\/v2\/pages\/38"}],"collection":[{"href":"https:\/\/www.emeraldbayhotelnhatrang.com\/vi\/wp-json\/wp\/v2\/pages"}],"about":[{"href":"https:\/\/www.emeraldbayhotelnhatrang.com\/vi\/wp-json\/wp\/v2\/types\/page"}],"author":[{"embeddable":true,"href":"https:\/\/www.emeraldbayhotelnhatrang.com\/vi\/wp-json\/wp\/v2\/users\/8"}],"replies":[{"embeddable":true,"href":"https:\/\/www.emeraldbayhotelnhatrang.com\/vi\/wp-json\/wp\/v2\/comments?post=38"}],"version-history":[{"count":0,"href":"https:\/\/www.emeraldbayhotelnhatrang.com\/vi\/wp-json\/wp\/v2\/pages\/38\/revisions"}],"up":[{"embeddable":true,"href":"https:\/\/www.emeraldbayhotelnhatrang.com\/vi\/wp-json\/wp\/v2\/pages\/8"}],"wp:featuredmedia":[{"embeddable":true,"href":"https:\/\/www.emeraldbayhotelnhatrang.com\/vi\/wp-json\/wp\/v2\/media\/42"}],"wp:attachment":[{"href":"https:\/\/www.emeraldbayhotelnhatrang.com\/vi\/wp-json\/wp\/v2\/media?parent=38"}],"curies":[{"name":"wp","href":"https:\/\/api.w.org\/{rel}","templated":true}]}}