{"id":31,"date":"2025-12-24T08:12:13","date_gmt":"2025-12-24T08:12:13","guid":{"rendered":"https:\/\/emeraldbayhotelnhatrang.ms2.decms.asia\/?page_id=31"},"modified":"2026-05-05T03:30:36","modified_gmt":"2026-05-05T03:30:36","slug":"contact-us","status":"publish","type":"page","link":"https:\/\/www.emeraldbayhotelnhatrang.com\/vi\/contact-us\/","title":{"rendered":"Li\u00ean h\u1ec7 v\u1edbi ch\u00fang t\u00f4i"},"content":{"rendered":"<p>N\u1ebfu qu\u00fd kh\u00e1ch c\u1ea7n h\u1ed7 tr\u1ee3 \u0111\u1eb7t ph\u00f2ng, t\u01b0 v\u1ea5n d\u1ecbch v\u1ee5 trong th\u1eddi gian l\u01b0u tr\u00fa, ho\u1eb7c mu\u1ed1n t\u00ecm hi\u1ec3u th\u00eam v\u1ec1 c\u00e1c ti\u1ec7n \u00edch t\u1ea1i kh\u00e1ch s\u1ea1n, \u0111\u1eebng ng\u1ea7n ng\u1ea1i li\u00ean h\u1ec7 v\u1edbi ch\u00fang t\u00f4i.<\/p>\n<p>\u0110\u1ed9i ng\u0169 Emerald Bay Hotel &amp; Spa Nha Trang lu\u00f4n s\u1eb5n s\u00e0ng ph\u1ee5c v\u1ee5 v\u1edbi s\u1ef1 t\u1eadn t\u00e2m v\u00e0 chuy\u00ean nghi\u1ec7p, \u0111\u1ea3m b\u1ea3o mang \u0111\u1ebfn cho qu\u00fd kh\u00e1ch m\u1ed9t k\u1ef3 ngh\u1ec9 tr\u1ecdn v\u1eb9n, th\u01b0 gi\u00e3n v\u00e0 \u0111\u00e1ng nh\u1edb gi\u1eefa l\u00f2ng th\u00e0nh ph\u1ed1 bi\u1ec3n xinh \u0111\u1eb9p.<\/p>\n","protected":false},"excerpt":{"rendered":"<p>N\u1ebfu qu\u00fd kh\u00e1ch c\u1ea7n h\u1ed7 tr\u1ee3 \u0111\u1eb7t ph\u00f2ng, t\u01b0 v\u1ea5n d\u1ecbch v\u1ee5 trong th\u1eddi gian l\u01b0u tr\u00fa, ho\u1eb7c mu\u1ed1n t\u00ecm hi\u1ec3u th\u00eam v\u1ec1 c\u00e1c ti\u1ec7n \u00edch t\u1ea1i kh\u00e1ch s\u1ea1n, \u0111\u1eebng ng\u1ea7n ng\u1ea1i li\u00ean h\u1ec7 v\u1edbi ch\u00fang t\u00f4i. \u0110\u1ed9i ng\u0169 Emerald Bay Hotel &amp; Spa Nha Trang lu\u00f4n s\u1eb5n s\u00e0ng ph\u1ee5c v\u1ee5 v\u1edbi s\u1ef1 t\u1eadn t\u00e2m [&hellip;]<\/p>\n","protected":false},"author":8,"featured_media":0,"parent":0,"menu_order":0,"comment_status":"closed","ping_status":"closed","template":"template-contacts.php","meta":{"footnotes":""},"yoast_head":"<!-- This site is optimized with the Yoast SEO plugin v22.3 - https:\/\/yoast.com\/wordpress\/plugins\/seo\/ -->\n<title>Li\u00ean h\u1ec7 | Emerald Bay Hotel &amp; Spa Nha Tran<\/title>\n<meta name=\"description\" content=\"H\u00e3y li\u00ean h\u1ec7 v\u1edbi Emerald Bay Hotel &amp; Spa Nha Trang n\u1ebfu qu\u00fd kh\u00e1ch c\u00f3 b\u1ea5t k\u1ef3 th\u1eafc m\u1eafc ho\u1eb7c c\u1ea7n h\u1ed7 tr\u1ee3, \u0111\u1ed9i ng\u0169 ch\u00fang t\u00f4i lu\u00f4n s\u1eb5n s\u00e0ng ph\u1ee5c v\u1ee5 24\/7.\" \/>\n<meta name=\"robots\" content=\"index, follow, max-snippet:-1, max-image-preview:large, max-video-preview:-1\" \/>\n<link rel=\"canonical\" href=\"https:\/\/www.emeraldbayhotelnhatrang.com\/vi\/contact-us\/\" \/>\n<meta property=\"og:locale\" content=\"vi_VN\" \/>\n<meta property=\"og:type\" content=\"article\" \/>\n<meta property=\"og:title\" content=\"Li\u00ean h\u1ec7 | Emerald Bay Hotel &amp; Spa Nha Tran\" \/>\n<meta property=\"og:description\" content=\"H\u00e3y li\u00ean h\u1ec7 v\u1edbi Emerald Bay Hotel &amp; Spa Nha Trang n\u1ebfu qu\u00fd kh\u00e1ch c\u00f3 b\u1ea5t k\u1ef3 th\u1eafc m\u1eafc ho\u1eb7c c\u1ea7n h\u1ed7 tr\u1ee3, \u0111\u1ed9i ng\u0169 ch\u00fang t\u00f4i lu\u00f4n s\u1eb5n s\u00e0ng ph\u1ee5c v\u1ee5 24\/7.\" \/>\n<meta property=\"og:url\" content=\"https:\/\/www.emeraldbayhotelnhatrang.com\/vi\/contact-us\/\" \/>\n<meta property=\"og:site_name\" content=\"Emerald Bay Hotel &amp; Spa Nha Trang\" \/>\n<meta property=\"article:modified_time\" content=\"2026-05-05T03:30:36+00:00\" \/>\n<meta name=\"twitter:card\" content=\"summary_large_image\" \/>\n<meta name=\"twitter:label1\" content=\"Est. reading time\" \/>\n\t<meta name=\"twitter:data1\" content=\"1 minute\" \/>\n<script type=\"application\/ld+json\" class=\"yoast-schema-graph\">{\"@context\":\"https:\/\/schema.org\",\"@graph\":[{\"@type\":\"WebPage\",\"@id\":\"https:\/\/www.emeraldbayhotelnhatrang.com\/vi\/contact-us\/\",\"url\":\"https:\/\/www.emeraldbayhotelnhatrang.com\/vi\/contact-us\/\",\"name\":\"Li\u00ean h\u1ec7 | Emerald Bay Hotel & Spa Nha Tran\",\"isPartOf\":{\"@id\":\"https:\/\/www.emeraldbayhotelnhatrang.com\/vi\/#website\"},\"datePublished\":\"2025-12-24T08:12:13+00:00\",\"dateModified\":\"2026-05-05T03:30:36+00:00\",\"description\":\"H\u00e3y li\u00ean h\u1ec7 v\u1edbi Emerald Bay Hotel & Spa Nha Trang n\u1ebfu qu\u00fd kh\u00e1ch c\u00f3 b\u1ea5t k\u1ef3 th\u1eafc m\u1eafc ho\u1eb7c c\u1ea7n h\u1ed7 tr\u1ee3, \u0111\u1ed9i ng\u0169 ch\u00fang t\u00f4i lu\u00f4n s\u1eb5n s\u00e0ng ph\u1ee5c v\u1ee5 24\/7.\",\"breadcrumb\":{\"@id\":\"https:\/\/www.emeraldbayhotelnhatrang.com\/vi\/contact-us\/#breadcrumb\"},\"inLanguage\":\"vi-VN\",\"potentialAction\":[{\"@type\":\"ReadAction\",\"target\":[\"https:\/\/www.emeraldbayhotelnhatrang.com\/vi\/contact-us\/\"]}]},{\"@type\":\"BreadcrumbList\",\"@id\":\"https:\/\/www.emeraldbayhotelnhatrang.com\/vi\/contact-us\/#breadcrumb\",\"itemListElement\":[{\"@type\":\"ListItem\",\"position\":1,\"name\":\"Home\",\"item\":\"https:\/\/www.emeraldbayhotelnhatrang.com\/vi\/\"},{\"@type\":\"ListItem\",\"position\":2,\"name\":\"Li\u00ean h\u1ec7 v\u1edbi ch\u00fang t\u00f4i\"}]},{\"@type\":\"WebSite\",\"@id\":\"https:\/\/www.emeraldbayhotelnhatrang.com\/vi\/#website\",\"url\":\"https:\/\/www.emeraldbayhotelnhatrang.com\/vi\/\",\"name\":\"Emerald Bay Hotel &amp; Spa Nha Trang\",\"description\":\"\",\"potentialAction\":[{\"@type\":\"SearchAction\",\"target\":{\"@type\":\"EntryPoint\",\"urlTemplate\":\"https:\/\/www.emeraldbayhotelnhatrang.com\/vi\/?s={search_term_string}\"},\"query-input\":\"required name=search_term_string\"}],\"inLanguage\":\"vi-VN\"}]}<\/script>\n<!-- \/ Yoast SEO plugin. -->","yoast_head_json":{"title":"Li\u00ean h\u1ec7 | Emerald Bay Hotel & Spa Nha Tran","description":"H\u00e3y li\u00ean h\u1ec7 v\u1edbi Emerald Bay Hotel & Spa Nha Trang n\u1ebfu qu\u00fd kh\u00e1ch c\u00f3 b\u1ea5t k\u1ef3 th\u1eafc m\u1eafc ho\u1eb7c c\u1ea7n h\u1ed7 tr\u1ee3, \u0111\u1ed9i ng\u0169 ch\u00fang t\u00f4i lu\u00f4n s\u1eb5n s\u00e0ng ph\u1ee5c v\u1ee5 24\/7.","robots":{"index":"index","follow":"follow","max-snippet":"max-snippet:-1","max-image-preview":"max-image-preview:large","max-video-preview":"max-video-preview:-1"},"canonical":"https:\/\/www.emeraldbayhotelnhatrang.com\/vi\/contact-us\/","og_locale":"vi_VN","og_type":"article","og_title":"Li\u00ean h\u1ec7 | Emerald Bay Hotel & Spa Nha Tran","og_description":"H\u00e3y li\u00ean h\u1ec7 v\u1edbi Emerald Bay Hotel & Spa Nha Trang n\u1ebfu qu\u00fd kh\u00e1ch c\u00f3 b\u1ea5t k\u1ef3 th\u1eafc m\u1eafc ho\u1eb7c c\u1ea7n h\u1ed7 tr\u1ee3, \u0111\u1ed9i ng\u0169 ch\u00fang t\u00f4i lu\u00f4n s\u1eb5n s\u00e0ng ph\u1ee5c v\u1ee5 24\/7.","og_url":"https:\/\/www.emeraldbayhotelnhatrang.com\/vi\/contact-us\/","og_site_name":"Emerald Bay Hotel &amp; Spa Nha Trang","article_modified_time":"2026-05-05T03:30:36+00:00","twitter_card":"summary_large_image","twitter_misc":{"Est. reading time":"1 minute"},"schema":{"@context":"https:\/\/schema.org","@graph":[{"@type":"WebPage","@id":"https:\/\/www.emeraldbayhotelnhatrang.com\/vi\/contact-us\/","url":"https:\/\/www.emeraldbayhotelnhatrang.com\/vi\/contact-us\/","name":"Li\u00ean h\u1ec7 | Emerald Bay Hotel & Spa Nha Tran","isPartOf":{"@id":"https:\/\/www.emeraldbayhotelnhatrang.com\/vi\/#website"},"datePublished":"2025-12-24T08:12:13+00:00","dateModified":"2026-05-05T03:30:36+00:00","description":"H\u00e3y li\u00ean h\u1ec7 v\u1edbi Emerald Bay Hotel & Spa Nha Trang n\u1ebfu qu\u00fd kh\u00e1ch c\u00f3 b\u1ea5t k\u1ef3 th\u1eafc m\u1eafc ho\u1eb7c c\u1ea7n h\u1ed7 tr\u1ee3, \u0111\u1ed9i ng\u0169 ch\u00fang t\u00f4i lu\u00f4n s\u1eb5n s\u00e0ng ph\u1ee5c v\u1ee5 24\/7.","breadcrumb":{"@id":"https:\/\/www.emeraldbayhotelnhatrang.com\/vi\/contact-us\/#breadcrumb"},"inLanguage":"vi-VN","potentialAction":[{"@type":"ReadAction","target":["https:\/\/www.emeraldbayhotelnhatrang.com\/vi\/contact-us\/"]}]},{"@type":"BreadcrumbList","@id":"https:\/\/www.emeraldbayhotelnhatrang.com\/vi\/contact-us\/#breadcrumb","itemListElement":[{"@type":"ListItem","position":1,"name":"Home","item":"https:\/\/www.emeraldbayhotelnhatrang.com\/vi\/"},{"@type":"ListItem","position":2,"name":"Li\u00ean h\u1ec7 v\u1edbi ch\u00fang t\u00f4i"}]},{"@type":"WebSite","@id":"https:\/\/www.emeraldbayhotelnhatrang.com\/vi\/#website","url":"https:\/\/www.emeraldbayhotelnhatrang.com\/vi\/","name":"Emerald Bay Hotel &amp; Spa Nha Trang","description":"","potentialAction":[{"@type":"SearchAction","target":{"@type":"EntryPoint","urlTemplate":"https:\/\/www.emeraldbayhotelnhatrang.com\/vi\/?s={search_term_string}"},"query-input":"required name=search_term_string"}],"inLanguage":"vi-VN"}]}},"acf":[],"_links":{"self":[{"href":"https:\/\/www.emeraldbayhotelnhatrang.com\/vi\/wp-json\/wp\/v2\/pages\/31"}],"collection":[{"href":"https:\/\/www.emeraldbayhotelnhatrang.com\/vi\/wp-json\/wp\/v2\/pages"}],"about":[{"href":"https:\/\/www.emeraldbayhotelnhatrang.com\/vi\/wp-json\/wp\/v2\/types\/page"}],"author":[{"embeddable":true,"href":"https:\/\/www.emeraldbayhotelnhatrang.com\/vi\/wp-json\/wp\/v2\/users\/8"}],"replies":[{"embeddable":true,"href":"https:\/\/www.emeraldbayhotelnhatrang.com\/vi\/wp-json\/wp\/v2\/comments?post=31"}],"version-history":[{"count":0,"href":"https:\/\/www.emeraldbayhotelnhatrang.com\/vi\/wp-json\/wp\/v2\/pages\/31\/revisions"}],"wp:attachment":[{"href":"https:\/\/www.emeraldbayhotelnhatrang.com\/vi\/wp-json\/wp\/v2\/media?parent=31"}],"curies":[{"name":"wp","href":"https:\/\/api.w.org\/{rel}","templated":true}]}}