{"id":22,"date":"2025-12-24T07:58:53","date_gmt":"2025-12-24T07:58:53","guid":{"rendered":"https:\/\/emeraldbayhotelnhatrang.ms2.decms.asia\/?page_id=22"},"modified":"2026-04-15T07:06:28","modified_gmt":"2026-04-15T07:06:28","slug":"deluxe","status":"publish","type":"page","link":"https:\/\/www.emeraldbayhotelnhatrang.com\/vi\/rooms\/deluxe\/","title":{"rendered":"Deluxe"},"content":{"rendered":"<p>Ph\u00f2ng Deluxe l\u00e0 s\u1ef1 h\u00f2a quy\u1ec7n tinh t\u1ebf gi\u1eefa hi\u1ec7n \u0111\u1ea1i v\u00e0 th\u01b0 th\u00e1i, v\u1edbi kh\u00f4ng gian m\u1edf v\u00e0 v\u00e1ch k\u00ednh nh\u1eb9 gi\u1eefa ph\u00f2ng ng\u1ee7 v\u00e0 ph\u00f2ng t\u1eafm. C\u1eeda s\u1ed5 l\u1edbn \u0111\u00f3n \u00e1nh s\u00e1ng t\u1ef1 nhi\u00ean, h\u01b0\u1edbng \u0111\u1ed3i n\u00fai v\u00e0 th\u00e0nh ph\u1ed1, t\u1ea1o c\u1ea3m gi\u00e1c tho\u00e1ng \u0111\u00e3ng, d\u1ec5 ch\u1ecbu. N\u1ed9i th\u1ea5t cao c\u1ea5p c\u00f9ng \u00e1nh s\u00e1ng \u1ea5m \u00e1p mang \u0111\u1ebfn kh\u00f4ng gian l\u01b0u tr\u00fa l\u00fd t\u01b0\u1edfng \u0111\u1ec3 th\u01b0 gi\u00e3n t\u1ea1i Nha Trang.<\/p>\n","protected":false},"excerpt":{"rendered":"<p>Ph\u00f2ng Deluxe l\u00e0 s\u1ef1 h\u00f2a quy\u1ec7n tinh t\u1ebf gi\u1eefa hi\u1ec7n \u0111\u1ea1i v\u00e0 th\u01b0 th\u00e1i, v\u1edbi kh\u00f4ng gian m\u1edf v\u00e0 v\u00e1ch k\u00ednh nh\u1eb9 gi\u1eefa ph\u00f2ng ng\u1ee7 v\u00e0 ph\u00f2ng t\u1eafm. C\u1eeda s\u1ed5 l\u1edbn \u0111\u00f3n \u00e1nh s\u00e1ng t\u1ef1 nhi\u00ean, h\u01b0\u1edbng \u0111\u1ed3i n\u00fai v\u00e0 th\u00e0nh ph\u1ed1, t\u1ea1o c\u1ea3m gi\u00e1c tho\u00e1ng \u0111\u00e3ng, d\u1ec5 ch\u1ecbu. N\u1ed9i th\u1ea5t cao c\u1ea5p c\u00f9ng \u00e1nh [&hellip;]<\/p>\n","protected":false},"author":8,"featured_media":23,"parent":8,"menu_order":2,"comment_status":"closed","ping_status":"closed","template":"template-single-room.php","meta":{"footnotes":""},"yoast_head":"<!-- This site is optimized with the Yoast SEO plugin v22.3 - https:\/\/yoast.com\/wordpress\/plugins\/seo\/ -->\n<title>Deluxe | Emerald Bay Hotel &amp; Spa Nha Trang<\/title>\n<meta name=\"description\" content=\"Ph\u00f2ng Deluxe v\u1edbi kh\u00f4ng gian m\u1edf v\u1edbi v\u00e1ch k\u00ednh ng\u0103n nh\u1eb9 nh\u00e0ng gi\u1eefa ph\u00f2ng t\u1eafm v\u00e0 ph\u00f2ng ng\u1ee7, \u0111\u00f3n tr\u1ecdn \u00e1nh s\u00e1ng t\u1ef1 nhi\u00ean qua khung c\u1eeda s\u1ed5 l\u1edbn h\u01b0\u1edbng v\u1ec1 \u0111\u1ed3i n\u00fai v\u00e0 th\u00e0nh ph\u1ed1, mang \u0111\u1ebfn c\u1ea3m gi\u00e1c kho\u00e1ng \u0111\u1ea1t v\u00e0 d\u1ec5 ch\u1ecbu\" \/>\n<meta name=\"robots\" content=\"index, follow, max-snippet:-1, max-image-preview:large, max-video-preview:-1\" \/>\n<link rel=\"canonical\" href=\"https:\/\/www.emeraldbayhotelnhatrang.com\/vi\/rooms\/deluxe\/\" \/>\n<meta property=\"og:locale\" content=\"vi_VN\" \/>\n<meta property=\"og:type\" content=\"article\" \/>\n<meta property=\"og:title\" content=\"Deluxe | Emerald Bay Hotel &amp; Spa Nha Trang\" \/>\n<meta property=\"og:description\" content=\"Ph\u00f2ng Deluxe v\u1edbi kh\u00f4ng gian m\u1edf v\u1edbi v\u00e1ch k\u00ednh ng\u0103n nh\u1eb9 nh\u00e0ng gi\u1eefa ph\u00f2ng t\u1eafm v\u00e0 ph\u00f2ng ng\u1ee7, \u0111\u00f3n tr\u1ecdn \u00e1nh s\u00e1ng t\u1ef1 nhi\u00ean qua khung c\u1eeda s\u1ed5 l\u1edbn h\u01b0\u1edbng v\u1ec1 \u0111\u1ed3i n\u00fai v\u00e0 th\u00e0nh ph\u1ed1, mang \u0111\u1ebfn c\u1ea3m gi\u00e1c kho\u00e1ng \u0111\u1ea1t v\u00e0 d\u1ec5 ch\u1ecbu\" \/>\n<meta property=\"og:url\" content=\"https:\/\/www.emeraldbayhotelnhatrang.com\/vi\/rooms\/deluxe\/\" \/>\n<meta property=\"og:site_name\" content=\"Emerald Bay Hotel &amp; Spa Nha Trang\" \/>\n<meta property=\"article:modified_time\" content=\"2026-04-15T07:06:28+00:00\" \/>\n<meta property=\"og:image\" content=\"http:\/\/www.emeraldbayhotelnhatrang.com\/wp-content\/uploads\/sites\/145\/2025\/12\/Deluxe-1.jpg\" \/>\n\t<meta property=\"og:image:width\" content=\"2200\" \/>\n\t<meta property=\"og:image:height\" content=\"1464\" \/>\n\t<meta property=\"og:image:type\" content=\"image\/jpeg\" \/>\n<meta name=\"twitter:card\" content=\"summary_large_image\" \/>\n<meta name=\"twitter:label1\" content=\"Est. reading time\" \/>\n\t<meta name=\"twitter:data1\" content=\"1 minute\" \/>\n<script type=\"application\/ld+json\" class=\"yoast-schema-graph\">{\"@context\":\"https:\/\/schema.org\",\"@graph\":[{\"@type\":\"WebPage\",\"@id\":\"https:\/\/www.emeraldbayhotelnhatrang.com\/vi\/rooms\/deluxe\/\",\"url\":\"https:\/\/www.emeraldbayhotelnhatrang.com\/vi\/rooms\/deluxe\/\",\"name\":\"Deluxe | Emerald Bay Hotel & Spa Nha Trang\",\"isPartOf\":{\"@id\":\"https:\/\/www.emeraldbayhotelnhatrang.com\/vi\/#website\"},\"primaryImageOfPage\":{\"@id\":\"https:\/\/www.emeraldbayhotelnhatrang.com\/vi\/rooms\/deluxe\/#primaryimage\"},\"image\":{\"@id\":\"https:\/\/www.emeraldbayhotelnhatrang.com\/vi\/rooms\/deluxe\/#primaryimage\"},\"thumbnailUrl\":\"https:\/\/www.emeraldbayhotelnhatrang.com\/wp-content\/uploads\/sites\/145\/2025\/12\/Deluxe-1.jpg\",\"datePublished\":\"2025-12-24T07:58:53+00:00\",\"dateModified\":\"2026-04-15T07:06:28+00:00\",\"description\":\"Ph\u00f2ng Deluxe v\u1edbi kh\u00f4ng gian m\u1edf v\u1edbi v\u00e1ch k\u00ednh ng\u0103n nh\u1eb9 nh\u00e0ng gi\u1eefa ph\u00f2ng t\u1eafm v\u00e0 ph\u00f2ng ng\u1ee7, \u0111\u00f3n tr\u1ecdn \u00e1nh s\u00e1ng t\u1ef1 nhi\u00ean qua khung c\u1eeda s\u1ed5 l\u1edbn h\u01b0\u1edbng v\u1ec1 \u0111\u1ed3i n\u00fai v\u00e0 th\u00e0nh ph\u1ed1, mang \u0111\u1ebfn c\u1ea3m gi\u00e1c kho\u00e1ng \u0111\u1ea1t v\u00e0 d\u1ec5 ch\u1ecbu\",\"breadcrumb\":{\"@id\":\"https:\/\/www.emeraldbayhotelnhatrang.com\/vi\/rooms\/deluxe\/#breadcrumb\"},\"inLanguage\":\"vi-VN\",\"potentialAction\":[{\"@type\":\"ReadAction\",\"target\":[\"https:\/\/www.emeraldbayhotelnhatrang.com\/vi\/rooms\/deluxe\/\"]}]},{\"@type\":\"ImageObject\",\"inLanguage\":\"vi-VN\",\"@id\":\"https:\/\/www.emeraldbayhotelnhatrang.com\/vi\/rooms\/deluxe\/#primaryimage\",\"url\":\"https:\/\/www.emeraldbayhotelnhatrang.com\/wp-content\/uploads\/sites\/145\/2025\/12\/Deluxe-1.jpg\",\"contentUrl\":\"https:\/\/www.emeraldbayhotelnhatrang.com\/wp-content\/uploads\/sites\/145\/2025\/12\/Deluxe-1.jpg\",\"width\":2200,\"height\":1464},{\"@type\":\"BreadcrumbList\",\"@id\":\"https:\/\/www.emeraldbayhotelnhatrang.com\/vi\/rooms\/deluxe\/#breadcrumb\",\"itemListElement\":[{\"@type\":\"ListItem\",\"position\":1,\"name\":\"Home\",\"item\":\"https:\/\/www.emeraldbayhotelnhatrang.com\/vi\/\"},{\"@type\":\"ListItem\",\"position\":2,\"name\":\"C\u00e1c h\u1ea1ng ph\u00f2ng\",\"item\":\"https:\/\/www.emeraldbayhotelnhatrang.com\/vi\/rooms\/\"},{\"@type\":\"ListItem\",\"position\":3,\"name\":\"Deluxe\"}]},{\"@type\":\"WebSite\",\"@id\":\"https:\/\/www.emeraldbayhotelnhatrang.com\/vi\/#website\",\"url\":\"https:\/\/www.emeraldbayhotelnhatrang.com\/vi\/\",\"name\":\"Emerald Bay Hotel &amp; Spa Nha Trang\",\"description\":\"\",\"potentialAction\":[{\"@type\":\"SearchAction\",\"target\":{\"@type\":\"EntryPoint\",\"urlTemplate\":\"https:\/\/www.emeraldbayhotelnhatrang.com\/vi\/?s={search_term_string}\"},\"query-input\":\"required name=search_term_string\"}],\"inLanguage\":\"vi-VN\"}]}<\/script>\n<!-- \/ Yoast SEO plugin. -->","yoast_head_json":{"title":"Deluxe | Emerald Bay Hotel & Spa Nha Trang","description":"Ph\u00f2ng Deluxe v\u1edbi kh\u00f4ng gian m\u1edf v\u1edbi v\u00e1ch k\u00ednh ng\u0103n nh\u1eb9 nh\u00e0ng gi\u1eefa ph\u00f2ng t\u1eafm v\u00e0 ph\u00f2ng ng\u1ee7, \u0111\u00f3n tr\u1ecdn \u00e1nh s\u00e1ng t\u1ef1 nhi\u00ean qua khung c\u1eeda s\u1ed5 l\u1edbn h\u01b0\u1edbng v\u1ec1 \u0111\u1ed3i n\u00fai v\u00e0 th\u00e0nh ph\u1ed1, mang \u0111\u1ebfn c\u1ea3m gi\u00e1c kho\u00e1ng \u0111\u1ea1t v\u00e0 d\u1ec5 ch\u1ecbu","robots":{"index":"index","follow":"follow","max-snippet":"max-snippet:-1","max-image-preview":"max-image-preview:large","max-video-preview":"max-video-preview:-1"},"canonical":"https:\/\/www.emeraldbayhotelnhatrang.com\/vi\/rooms\/deluxe\/","og_locale":"vi_VN","og_type":"article","og_title":"Deluxe | Emerald Bay Hotel & Spa Nha Trang","og_description":"Ph\u00f2ng Deluxe v\u1edbi kh\u00f4ng gian m\u1edf v\u1edbi v\u00e1ch k\u00ednh ng\u0103n nh\u1eb9 nh\u00e0ng gi\u1eefa ph\u00f2ng t\u1eafm v\u00e0 ph\u00f2ng ng\u1ee7, \u0111\u00f3n tr\u1ecdn \u00e1nh s\u00e1ng t\u1ef1 nhi\u00ean qua khung c\u1eeda s\u1ed5 l\u1edbn h\u01b0\u1edbng v\u1ec1 \u0111\u1ed3i n\u00fai v\u00e0 th\u00e0nh ph\u1ed1, mang \u0111\u1ebfn c\u1ea3m gi\u00e1c kho\u00e1ng \u0111\u1ea1t v\u00e0 d\u1ec5 ch\u1ecbu","og_url":"https:\/\/www.emeraldbayhotelnhatrang.com\/vi\/rooms\/deluxe\/","og_site_name":"Emerald Bay Hotel &amp; Spa Nha Trang","article_modified_time":"2026-04-15T07:06:28+00:00","og_image":[{"width":2200,"height":1464,"url":"http:\/\/www.emeraldbayhotelnhatrang.com\/wp-content\/uploads\/sites\/145\/2025\/12\/Deluxe-1.jpg","type":"image\/jpeg"}],"twitter_card":"summary_large_image","twitter_misc":{"Est. reading time":"1 minute"},"schema":{"@context":"https:\/\/schema.org","@graph":[{"@type":"WebPage","@id":"https:\/\/www.emeraldbayhotelnhatrang.com\/vi\/rooms\/deluxe\/","url":"https:\/\/www.emeraldbayhotelnhatrang.com\/vi\/rooms\/deluxe\/","name":"Deluxe | Emerald Bay Hotel & Spa Nha Trang","isPartOf":{"@id":"https:\/\/www.emeraldbayhotelnhatrang.com\/vi\/#website"},"primaryImageOfPage":{"@id":"https:\/\/www.emeraldbayhotelnhatrang.com\/vi\/rooms\/deluxe\/#primaryimage"},"image":{"@id":"https:\/\/www.emeraldbayhotelnhatrang.com\/vi\/rooms\/deluxe\/#primaryimage"},"thumbnailUrl":"https:\/\/www.emeraldbayhotelnhatrang.com\/wp-content\/uploads\/sites\/145\/2025\/12\/Deluxe-1.jpg","datePublished":"2025-12-24T07:58:53+00:00","dateModified":"2026-04-15T07:06:28+00:00","description":"Ph\u00f2ng Deluxe v\u1edbi kh\u00f4ng gian m\u1edf v\u1edbi v\u00e1ch k\u00ednh ng\u0103n nh\u1eb9 nh\u00e0ng gi\u1eefa ph\u00f2ng t\u1eafm v\u00e0 ph\u00f2ng ng\u1ee7, \u0111\u00f3n tr\u1ecdn \u00e1nh s\u00e1ng t\u1ef1 nhi\u00ean qua khung c\u1eeda s\u1ed5 l\u1edbn h\u01b0\u1edbng v\u1ec1 \u0111\u1ed3i n\u00fai v\u00e0 th\u00e0nh ph\u1ed1, mang \u0111\u1ebfn c\u1ea3m gi\u00e1c kho\u00e1ng \u0111\u1ea1t v\u00e0 d\u1ec5 ch\u1ecbu","breadcrumb":{"@id":"https:\/\/www.emeraldbayhotelnhatrang.com\/vi\/rooms\/deluxe\/#breadcrumb"},"inLanguage":"vi-VN","potentialAction":[{"@type":"ReadAction","target":["https:\/\/www.emeraldbayhotelnhatrang.com\/vi\/rooms\/deluxe\/"]}]},{"@type":"ImageObject","inLanguage":"vi-VN","@id":"https:\/\/www.emeraldbayhotelnhatrang.com\/vi\/rooms\/deluxe\/#primaryimage","url":"https:\/\/www.emeraldbayhotelnhatrang.com\/wp-content\/uploads\/sites\/145\/2025\/12\/Deluxe-1.jpg","contentUrl":"https:\/\/www.emeraldbayhotelnhatrang.com\/wp-content\/uploads\/sites\/145\/2025\/12\/Deluxe-1.jpg","width":2200,"height":1464},{"@type":"BreadcrumbList","@id":"https:\/\/www.emeraldbayhotelnhatrang.com\/vi\/rooms\/deluxe\/#breadcrumb","itemListElement":[{"@type":"ListItem","position":1,"name":"Home","item":"https:\/\/www.emeraldbayhotelnhatrang.com\/vi\/"},{"@type":"ListItem","position":2,"name":"C\u00e1c h\u1ea1ng ph\u00f2ng","item":"https:\/\/www.emeraldbayhotelnhatrang.com\/vi\/rooms\/"},{"@type":"ListItem","position":3,"name":"Deluxe"}]},{"@type":"WebSite","@id":"https:\/\/www.emeraldbayhotelnhatrang.com\/vi\/#website","url":"https:\/\/www.emeraldbayhotelnhatrang.com\/vi\/","name":"Emerald Bay Hotel &amp; Spa Nha Trang","description":"","potentialAction":[{"@type":"SearchAction","target":{"@type":"EntryPoint","urlTemplate":"https:\/\/www.emeraldbayhotelnhatrang.com\/vi\/?s={search_term_string}"},"query-input":"required name=search_term_string"}],"inLanguage":"vi-VN"}]}},"acf":[],"_links":{"self":[{"href":"https:\/\/www.emeraldbayhotelnhatrang.com\/vi\/wp-json\/wp\/v2\/pages\/22"}],"collection":[{"href":"https:\/\/www.emeraldbayhotelnhatrang.com\/vi\/wp-json\/wp\/v2\/pages"}],"about":[{"href":"https:\/\/www.emeraldbayhotelnhatrang.com\/vi\/wp-json\/wp\/v2\/types\/page"}],"author":[{"embeddable":true,"href":"https:\/\/www.emeraldbayhotelnhatrang.com\/vi\/wp-json\/wp\/v2\/users\/8"}],"replies":[{"embeddable":true,"href":"https:\/\/www.emeraldbayhotelnhatrang.com\/vi\/wp-json\/wp\/v2\/comments?post=22"}],"version-history":[{"count":0,"href":"https:\/\/www.emeraldbayhotelnhatrang.com\/vi\/wp-json\/wp\/v2\/pages\/22\/revisions"}],"up":[{"embeddable":true,"href":"https:\/\/www.emeraldbayhotelnhatrang.com\/vi\/wp-json\/wp\/v2\/pages\/8"}],"wp:featuredmedia":[{"embeddable":true,"href":"https:\/\/www.emeraldbayhotelnhatrang.com\/vi\/wp-json\/wp\/v2\/media\/23"}],"wp:attachment":[{"href":"https:\/\/www.emeraldbayhotelnhatrang.com\/vi\/wp-json\/wp\/v2\/media?parent=22"}],"curies":[{"name":"wp","href":"https:\/\/api.w.org\/{rel}","templated":true}]}}