{"id":2,"date":"2025-12-09T09:34:03","date_gmt":"2025-12-09T09:34:03","guid":{"rendered":"http:\/\/emeraldbayhotelnhatrang.ms2.decms.asia\/?page_id=2"},"modified":"2026-04-29T10:41:05","modified_gmt":"2026-04-29T10:41:05","slug":"emerald-bay-hotel-spa-nha-trang","status":"publish","type":"page","link":"https:\/\/www.emeraldbayhotelnhatrang.com\/vi\/","title":{"rendered":"Emerald Bay Hotel &amp; Spa Nha Trang"},"content":{"rendered":"<p>Kh\u01a1i ngu\u1ed3n c\u1ea3m h\u1ee9ng t\u1eeb v\u1ebb \u0111\u1eb9p an h\u00f2a c\u1ee7a v\u1ecbnh ng\u1ecdc Nha Trang \u2013 n\u01a1i s\u1eafc xanh bi\u1ec3n c\u1ea3 g\u1eb7p g\u1ee1 tr\u1eddi cao trong thanh \u00e2m d\u1ecbu d\u00e0ng c\u1ee7a gi\u00f3 v\u00e0 n\u1eafng. Emerald Bay Spa &amp; Hotel ti\u1ebfp bi\u1ebfn c\u1ea3m h\u1ee9ng \u1ea5y trong kh\u00f4ng gian ngh\u1ec9 d\u01b0\u1ee1ng hi\u1ec7n \u0111\u1ea1i, n\u01a1i m\u1ecdi \u0111\u01b0\u1eddng n\u00e9t ki\u1ebfn tr\u00fac v\u00e0 nh\u1ecbp th\u1edf d\u1ecbch v\u1ee5 \u0111\u1ec1u h\u01b0\u1edbng t\u1edbi s\u1ef1 t\u0129nh t\u1ea1i v\u00e0 c\u00e2n b\u1eb1ng n\u1ed9i t\u00e2m.<\/p>\n<p>Kh\u1ebd n\u00e9p m\u00ecnh b\u00ean v\u1ecbnh bi\u1ec3n y\u00ean b\u00ecnh, gi\u1eefa nh\u1ecbp s\u1ed1ng d\u1ecbu \u00eam c\u1ee7a th\u00e0nh ph\u1ed1 Nha Trang, Emerald Bay ki\u1ebfn t\u1ea1o n\u00ean m\u1ed9t kh\u00e1i ni\u1ec7m m\u1edbi v\u1ec1 ngh\u1ec9 d\u01b0\u1ee1ng an l\u00e0nh \u2013 n\u01a1i con ng\u01b0\u1eddi t\u00ecm th\u1ea5y s\u1ef1 k\u1ebft n\u1ed1i tinh t\u1ebf gi\u1eefa thi\u00ean nhi\u00ean, v\u0103n h\u00f3a b\u1ea3n \u0111\u1ecba v\u00e0 c\u1ea3m x\u00fac tinh khi\u1ebft c\u1ee7a ri\u00eang m\u00ecnh.<\/p>\n","protected":false},"excerpt":{"rendered":"<p>Kh\u01a1i ngu\u1ed3n c\u1ea3m h\u1ee9ng t\u1eeb v\u1ebb \u0111\u1eb9p an h\u00f2a c\u1ee7a v\u1ecbnh ng\u1ecdc Nha Trang \u2013 n\u01a1i s\u1eafc xanh bi\u1ec3n c\u1ea3 g\u1eb7p g\u1ee1 tr\u1eddi cao trong thanh \u00e2m d\u1ecbu d\u00e0ng c\u1ee7a gi\u00f3 v\u00e0 n\u1eafng. Emerald Bay Spa &amp; Hotel ti\u1ebfp bi\u1ebfn c\u1ea3m h\u1ee9ng \u1ea5y trong kh\u00f4ng gian ngh\u1ec9 d\u01b0\u1ee1ng hi\u1ec7n \u0111\u1ea1i, n\u01a1i m\u1ecdi \u0111\u01b0\u1eddng n\u00e9t ki\u1ebfn [&hellip;]<\/p>\n","protected":false},"author":90,"featured_media":144,"parent":0,"menu_order":0,"comment_status":"closed","ping_status":"closed","template":"","meta":{"footnotes":""},"yoast_head":"<!-- This site is optimized with the Yoast SEO plugin v22.3 - https:\/\/yoast.com\/wordpress\/plugins\/seo\/ -->\n<title>Trang ch\u1ee7 | Emerald Bay Hotel &amp; Spa Nha Trang<\/title>\n<meta name=\"description\" content=\"N\u1eb1m gi\u1eefa trung t\u00e2m Nha Trang, Emerald Bay Hotel &amp; Spa mang h\u01a1i th\u1edf bi\u1ec3n kh\u01a1i h\u00f2a c\u00f9ng n\u00e9t hi\u1ec7n \u0111\u1ea1i tinh t\u1ebf. N\u01a1i \u0111\u00e2y n\u1ed5i b\u1eadt v\u1edbi kh\u00f4ng gian sa\" \/>\n<meta name=\"robots\" content=\"index, follow, max-snippet:-1, max-image-preview:large, max-video-preview:-1\" \/>\n<link rel=\"canonical\" href=\"https:\/\/www.emeraldbayhotelnhatrang.com\/vi\/\" \/>\n<meta property=\"og:locale\" content=\"vi_VN\" \/>\n<meta property=\"og:type\" content=\"article\" \/>\n<meta property=\"og:title\" content=\"Trang ch\u1ee7 | Emerald Bay Hotel &amp; Spa Nha Trang\" \/>\n<meta property=\"og:description\" content=\"N\u1eb1m gi\u1eefa trung t\u00e2m Nha Trang, Emerald Bay Hotel &amp; Spa mang h\u01a1i th\u1edf bi\u1ec3n kh\u01a1i h\u00f2a c\u00f9ng n\u00e9t hi\u1ec7n \u0111\u1ea1i tinh t\u1ebf. N\u01a1i \u0111\u00e2y n\u1ed5i b\u1eadt v\u1edbi kh\u00f4ng gian sa\" \/>\n<meta property=\"og:url\" content=\"https:\/\/www.emeraldbayhotelnhatrang.com\/vi\/\" \/>\n<meta property=\"og:site_name\" content=\"Emerald Bay Hotel &amp; Spa Nha Trang\" \/>\n<meta property=\"article:modified_time\" content=\"2026-04-29T10:41:05+00:00\" \/>\n<meta property=\"og:image\" content=\"http:\/\/www.emeraldbayhotelnhatrang.com\/wp-content\/uploads\/sites\/145\/2025\/12\/2.jpg\" \/>\n\t<meta property=\"og:image:width\" content=\"2200\" \/>\n\t<meta property=\"og:image:height\" content=\"1243\" \/>\n\t<meta property=\"og:image:type\" content=\"image\/jpeg\" \/>\n<meta name=\"twitter:card\" content=\"summary_large_image\" \/>\n<meta name=\"twitter:label1\" content=\"Est. reading time\" \/>\n\t<meta name=\"twitter:data1\" content=\"1 minute\" \/>\n<script type=\"application\/ld+json\" class=\"yoast-schema-graph\">{\"@context\":\"https:\/\/schema.org\",\"@graph\":[{\"@type\":\"WebPage\",\"@id\":\"https:\/\/www.emeraldbayhotelnhatrang.com\/vi\/\",\"url\":\"https:\/\/www.emeraldbayhotelnhatrang.com\/vi\/\",\"name\":\"Trang ch\u1ee7 | Emerald Bay Hotel & Spa Nha Trang\",\"isPartOf\":{\"@id\":\"https:\/\/www.emeraldbayhotelnhatrang.com\/vi\/#website\"},\"primaryImageOfPage\":{\"@id\":\"https:\/\/www.emeraldbayhotelnhatrang.com\/vi\/#primaryimage\"},\"image\":{\"@id\":\"https:\/\/www.emeraldbayhotelnhatrang.com\/vi\/#primaryimage\"},\"thumbnailUrl\":\"https:\/\/www.emeraldbayhotelnhatrang.com\/wp-content\/uploads\/sites\/145\/2025\/12\/2.jpg\",\"datePublished\":\"2025-12-09T09:34:03+00:00\",\"dateModified\":\"2026-04-29T10:41:05+00:00\",\"description\":\"N\u1eb1m gi\u1eefa trung t\u00e2m Nha Trang, Emerald Bay Hotel & Spa mang h\u01a1i th\u1edf bi\u1ec3n kh\u01a1i h\u00f2a c\u00f9ng n\u00e9t hi\u1ec7n \u0111\u1ea1i tinh t\u1ebf. N\u01a1i \u0111\u00e2y n\u1ed5i b\u1eadt v\u1edbi kh\u00f4ng gian sa\",\"breadcrumb\":{\"@id\":\"https:\/\/www.emeraldbayhotelnhatrang.com\/vi\/#breadcrumb\"},\"inLanguage\":\"vi-VN\",\"potentialAction\":[{\"@type\":\"ReadAction\",\"target\":[\"https:\/\/www.emeraldbayhotelnhatrang.com\/vi\/\"]}]},{\"@type\":\"ImageObject\",\"inLanguage\":\"vi-VN\",\"@id\":\"https:\/\/www.emeraldbayhotelnhatrang.com\/vi\/#primaryimage\",\"url\":\"https:\/\/www.emeraldbayhotelnhatrang.com\/wp-content\/uploads\/sites\/145\/2025\/12\/2.jpg\",\"contentUrl\":\"https:\/\/www.emeraldbayhotelnhatrang.com\/wp-content\/uploads\/sites\/145\/2025\/12\/2.jpg\",\"width\":2200,\"height\":1243},{\"@type\":\"BreadcrumbList\",\"@id\":\"https:\/\/www.emeraldbayhotelnhatrang.com\/vi\/#breadcrumb\",\"itemListElement\":[{\"@type\":\"ListItem\",\"position\":1,\"name\":\"Home\",\"item\":\"https:\/\/www.emeraldbayhotelnhatrang.com\/vi\/\"},{\"@type\":\"ListItem\",\"position\":2,\"name\":\"Emerald Bay Hotel &amp; Spa Nha Trang\"}]},{\"@type\":\"WebSite\",\"@id\":\"https:\/\/www.emeraldbayhotelnhatrang.com\/vi\/#website\",\"url\":\"https:\/\/www.emeraldbayhotelnhatrang.com\/vi\/\",\"name\":\"Emerald Bay Hotel &amp; Spa Nha Trang\",\"description\":\"\",\"potentialAction\":[{\"@type\":\"SearchAction\",\"target\":{\"@type\":\"EntryPoint\",\"urlTemplate\":\"https:\/\/www.emeraldbayhotelnhatrang.com\/vi\/?s={search_term_string}\"},\"query-input\":\"required name=search_term_string\"}],\"inLanguage\":\"vi-VN\"}]}<\/script>\n<!-- \/ Yoast SEO plugin. -->","yoast_head_json":{"title":"Trang ch\u1ee7 | Emerald Bay Hotel & Spa Nha Trang","description":"N\u1eb1m gi\u1eefa trung t\u00e2m Nha Trang, Emerald Bay Hotel & Spa mang h\u01a1i th\u1edf bi\u1ec3n kh\u01a1i h\u00f2a c\u00f9ng n\u00e9t hi\u1ec7n \u0111\u1ea1i tinh t\u1ebf. N\u01a1i \u0111\u00e2y n\u1ed5i b\u1eadt v\u1edbi kh\u00f4ng gian sa","robots":{"index":"index","follow":"follow","max-snippet":"max-snippet:-1","max-image-preview":"max-image-preview:large","max-video-preview":"max-video-preview:-1"},"canonical":"https:\/\/www.emeraldbayhotelnhatrang.com\/vi\/","og_locale":"vi_VN","og_type":"article","og_title":"Trang ch\u1ee7 | Emerald Bay Hotel & Spa Nha Trang","og_description":"N\u1eb1m gi\u1eefa trung t\u00e2m Nha Trang, Emerald Bay Hotel & Spa mang h\u01a1i th\u1edf bi\u1ec3n kh\u01a1i h\u00f2a c\u00f9ng n\u00e9t hi\u1ec7n \u0111\u1ea1i tinh t\u1ebf. N\u01a1i \u0111\u00e2y n\u1ed5i b\u1eadt v\u1edbi kh\u00f4ng gian sa","og_url":"https:\/\/www.emeraldbayhotelnhatrang.com\/vi\/","og_site_name":"Emerald Bay Hotel &amp; Spa Nha Trang","article_modified_time":"2026-04-29T10:41:05+00:00","og_image":[{"width":2200,"height":1243,"url":"http:\/\/www.emeraldbayhotelnhatrang.com\/wp-content\/uploads\/sites\/145\/2025\/12\/2.jpg","type":"image\/jpeg"}],"twitter_card":"summary_large_image","twitter_misc":{"Est. reading time":"1 minute"},"schema":{"@context":"https:\/\/schema.org","@graph":[{"@type":"WebPage","@id":"https:\/\/www.emeraldbayhotelnhatrang.com\/vi\/","url":"https:\/\/www.emeraldbayhotelnhatrang.com\/vi\/","name":"Trang ch\u1ee7 | Emerald Bay Hotel & Spa Nha Trang","isPartOf":{"@id":"https:\/\/www.emeraldbayhotelnhatrang.com\/vi\/#website"},"primaryImageOfPage":{"@id":"https:\/\/www.emeraldbayhotelnhatrang.com\/vi\/#primaryimage"},"image":{"@id":"https:\/\/www.emeraldbayhotelnhatrang.com\/vi\/#primaryimage"},"thumbnailUrl":"https:\/\/www.emeraldbayhotelnhatrang.com\/wp-content\/uploads\/sites\/145\/2025\/12\/2.jpg","datePublished":"2025-12-09T09:34:03+00:00","dateModified":"2026-04-29T10:41:05+00:00","description":"N\u1eb1m gi\u1eefa trung t\u00e2m Nha Trang, Emerald Bay Hotel & Spa mang h\u01a1i th\u1edf bi\u1ec3n kh\u01a1i h\u00f2a c\u00f9ng n\u00e9t hi\u1ec7n \u0111\u1ea1i tinh t\u1ebf. N\u01a1i \u0111\u00e2y n\u1ed5i b\u1eadt v\u1edbi kh\u00f4ng gian sa","breadcrumb":{"@id":"https:\/\/www.emeraldbayhotelnhatrang.com\/vi\/#breadcrumb"},"inLanguage":"vi-VN","potentialAction":[{"@type":"ReadAction","target":["https:\/\/www.emeraldbayhotelnhatrang.com\/vi\/"]}]},{"@type":"ImageObject","inLanguage":"vi-VN","@id":"https:\/\/www.emeraldbayhotelnhatrang.com\/vi\/#primaryimage","url":"https:\/\/www.emeraldbayhotelnhatrang.com\/wp-content\/uploads\/sites\/145\/2025\/12\/2.jpg","contentUrl":"https:\/\/www.emeraldbayhotelnhatrang.com\/wp-content\/uploads\/sites\/145\/2025\/12\/2.jpg","width":2200,"height":1243},{"@type":"BreadcrumbList","@id":"https:\/\/www.emeraldbayhotelnhatrang.com\/vi\/#breadcrumb","itemListElement":[{"@type":"ListItem","position":1,"name":"Home","item":"https:\/\/www.emeraldbayhotelnhatrang.com\/vi\/"},{"@type":"ListItem","position":2,"name":"Emerald Bay Hotel &amp; Spa Nha Trang"}]},{"@type":"WebSite","@id":"https:\/\/www.emeraldbayhotelnhatrang.com\/vi\/#website","url":"https:\/\/www.emeraldbayhotelnhatrang.com\/vi\/","name":"Emerald Bay Hotel &amp; Spa Nha Trang","description":"","potentialAction":[{"@type":"SearchAction","target":{"@type":"EntryPoint","urlTemplate":"https:\/\/www.emeraldbayhotelnhatrang.com\/vi\/?s={search_term_string}"},"query-input":"required name=search_term_string"}],"inLanguage":"vi-VN"}]}},"acf":[],"_links":{"self":[{"href":"https:\/\/www.emeraldbayhotelnhatrang.com\/vi\/wp-json\/wp\/v2\/pages\/2"}],"collection":[{"href":"https:\/\/www.emeraldbayhotelnhatrang.com\/vi\/wp-json\/wp\/v2\/pages"}],"about":[{"href":"https:\/\/www.emeraldbayhotelnhatrang.com\/vi\/wp-json\/wp\/v2\/types\/page"}],"author":[{"embeddable":true,"href":"https:\/\/www.emeraldbayhotelnhatrang.com\/vi\/wp-json\/wp\/v2\/users\/90"}],"replies":[{"embeddable":true,"href":"https:\/\/www.emeraldbayhotelnhatrang.com\/vi\/wp-json\/wp\/v2\/comments?post=2"}],"version-history":[{"count":0,"href":"https:\/\/www.emeraldbayhotelnhatrang.com\/vi\/wp-json\/wp\/v2\/pages\/2\/revisions"}],"wp:featuredmedia":[{"embeddable":true,"href":"https:\/\/www.emeraldbayhotelnhatrang.com\/vi\/wp-json\/wp\/v2\/media\/144"}],"wp:attachment":[{"href":"https:\/\/www.emeraldbayhotelnhatrang.com\/vi\/wp-json\/wp\/v2\/media?parent=2"}],"curies":[{"name":"wp","href":"https:\/\/api.w.org\/{rel}","templated":true}]}}