{"id":177,"date":"2025-12-29T06:44:06","date_gmt":"2025-12-29T06:44:06","guid":{"rendered":"https:\/\/emeraldbayhotelnhatrang.ms2.decms.asia\/?page_id=177"},"modified":"2026-04-02T09:20:43","modified_gmt":"2026-04-02T09:20:43","slug":"gallery","status":"publish","type":"page","link":"https:\/\/www.emeraldbayhotelnhatrang.com\/vi\/gallery\/","title":{"rendered":"Th\u01b0 vi\u1ec7n \u1ea3nh"},"content":{"rendered":"<p>&nbsp;<\/p>\n","protected":false},"excerpt":{"rendered":"<p>&nbsp;<\/p>\n","protected":false},"author":8,"featured_media":5,"parent":0,"menu_order":0,"comment_status":"closed","ping_status":"closed","template":"template-gallery.php","meta":{"footnotes":""},"yoast_head":"<!-- This site is optimized with the Yoast SEO plugin v22.3 - https:\/\/yoast.com\/wordpress\/plugins\/seo\/ -->\n<title>Gallery| Emerald Bay Hotel &amp; Spa Nha Trang<\/title>\n<meta name=\"description\" content=\"Emerald Bay Hotel &amp; Spa Nha Trang Gallery gi\u00fap qu\u00fd kh\u00e1ch kh\u00e1m ph\u00e1 kh\u00f4ng gian ph\u00f2ng ngh\u1ec9 v\u00e0 c\u00e1c d\u1ecbch v\u1ee5, mang \u0111\u1ebfn h\u00ecnh \u1ea3nh ch\u00e2n th\u1ef1c tr\u01b0\u1edbc khi quy\u1ebft \u0111\u1ecbnh ch\u1ecdn kh\u00e1ch s\u1ea1n cho k\u1ef3 ngh\u1ec9.\" \/>\n<meta name=\"robots\" content=\"index, follow, max-snippet:-1, max-image-preview:large, max-video-preview:-1\" \/>\n<link rel=\"canonical\" href=\"https:\/\/www.emeraldbayhotelnhatrang.com\/vi\/gallery\/\" \/>\n<meta property=\"og:locale\" content=\"vi_VN\" \/>\n<meta property=\"og:type\" content=\"article\" \/>\n<meta property=\"og:title\" content=\"Gallery| Emerald Bay Hotel &amp; Spa Nha Trang\" \/>\n<meta property=\"og:description\" content=\"Emerald Bay Hotel &amp; Spa Nha Trang Gallery gi\u00fap qu\u00fd kh\u00e1ch kh\u00e1m ph\u00e1 kh\u00f4ng gian ph\u00f2ng ngh\u1ec9 v\u00e0 c\u00e1c d\u1ecbch v\u1ee5, mang \u0111\u1ebfn h\u00ecnh \u1ea3nh ch\u00e2n th\u1ef1c tr\u01b0\u1edbc khi quy\u1ebft \u0111\u1ecbnh ch\u1ecdn kh\u00e1ch s\u1ea1n cho k\u1ef3 ngh\u1ec9.\" \/>\n<meta property=\"og:url\" content=\"https:\/\/www.emeraldbayhotelnhatrang.com\/vi\/gallery\/\" \/>\n<meta property=\"og:site_name\" content=\"Emerald Bay Hotel &amp; Spa Nha Trang\" \/>\n<meta property=\"article:modified_time\" content=\"2026-04-02T09:20:43+00:00\" \/>\n<meta property=\"og:image\" content=\"http:\/\/www.emeraldbayhotelnhatrang.com\/wp-content\/uploads\/sites\/145\/2025\/12\/EBNT-Exterior.jpg\" \/>\n\t<meta property=\"og:image:width\" content=\"2200\" \/>\n\t<meta property=\"og:image:height\" content=\"1238\" \/>\n\t<meta property=\"og:image:type\" content=\"image\/jpeg\" \/>\n<meta name=\"twitter:card\" content=\"summary_large_image\" \/>\n<meta name=\"twitter:label1\" content=\"Est. reading time\" \/>\n\t<meta name=\"twitter:data1\" content=\"1 minute\" \/>\n<script type=\"application\/ld+json\" class=\"yoast-schema-graph\">{\"@context\":\"https:\/\/schema.org\",\"@graph\":[{\"@type\":\"WebPage\",\"@id\":\"https:\/\/www.emeraldbayhotelnhatrang.com\/vi\/gallery\/\",\"url\":\"https:\/\/www.emeraldbayhotelnhatrang.com\/vi\/gallery\/\",\"name\":\"Gallery| Emerald Bay Hotel & Spa Nha Trang\",\"isPartOf\":{\"@id\":\"https:\/\/www.emeraldbayhotelnhatrang.com\/vi\/#website\"},\"primaryImageOfPage\":{\"@id\":\"https:\/\/www.emeraldbayhotelnhatrang.com\/vi\/gallery\/#primaryimage\"},\"image\":{\"@id\":\"https:\/\/www.emeraldbayhotelnhatrang.com\/vi\/gallery\/#primaryimage\"},\"thumbnailUrl\":\"https:\/\/www.emeraldbayhotelnhatrang.com\/wp-content\/uploads\/sites\/145\/2025\/12\/EBNT-Exterior.jpg\",\"datePublished\":\"2025-12-29T06:44:06+00:00\",\"dateModified\":\"2026-04-02T09:20:43+00:00\",\"description\":\"Emerald Bay Hotel & Spa Nha Trang Gallery gi\u00fap qu\u00fd kh\u00e1ch kh\u00e1m ph\u00e1 kh\u00f4ng gian ph\u00f2ng ngh\u1ec9 v\u00e0 c\u00e1c d\u1ecbch v\u1ee5, mang \u0111\u1ebfn h\u00ecnh \u1ea3nh ch\u00e2n th\u1ef1c tr\u01b0\u1edbc khi quy\u1ebft \u0111\u1ecbnh ch\u1ecdn kh\u00e1ch s\u1ea1n cho k\u1ef3 ngh\u1ec9.\",\"breadcrumb\":{\"@id\":\"https:\/\/www.emeraldbayhotelnhatrang.com\/vi\/gallery\/#breadcrumb\"},\"inLanguage\":\"vi-VN\",\"potentialAction\":[{\"@type\":\"ReadAction\",\"target\":[\"https:\/\/www.emeraldbayhotelnhatrang.com\/vi\/gallery\/\"]}]},{\"@type\":\"ImageObject\",\"inLanguage\":\"vi-VN\",\"@id\":\"https:\/\/www.emeraldbayhotelnhatrang.com\/vi\/gallery\/#primaryimage\",\"url\":\"https:\/\/www.emeraldbayhotelnhatrang.com\/wp-content\/uploads\/sites\/145\/2025\/12\/EBNT-Exterior.jpg\",\"contentUrl\":\"https:\/\/www.emeraldbayhotelnhatrang.com\/wp-content\/uploads\/sites\/145\/2025\/12\/EBNT-Exterior.jpg\",\"width\":2200,\"height\":1238},{\"@type\":\"BreadcrumbList\",\"@id\":\"https:\/\/www.emeraldbayhotelnhatrang.com\/vi\/gallery\/#breadcrumb\",\"itemListElement\":[{\"@type\":\"ListItem\",\"position\":1,\"name\":\"Home\",\"item\":\"https:\/\/www.emeraldbayhotelnhatrang.com\/vi\/\"},{\"@type\":\"ListItem\",\"position\":2,\"name\":\"Th\u01b0 vi\u1ec7n \u1ea3nh\"}]},{\"@type\":\"WebSite\",\"@id\":\"https:\/\/www.emeraldbayhotelnhatrang.com\/vi\/#website\",\"url\":\"https:\/\/www.emeraldbayhotelnhatrang.com\/vi\/\",\"name\":\"Emerald Bay Hotel &amp; Spa Nha Trang\",\"description\":\"\",\"potentialAction\":[{\"@type\":\"SearchAction\",\"target\":{\"@type\":\"EntryPoint\",\"urlTemplate\":\"https:\/\/www.emeraldbayhotelnhatrang.com\/vi\/?s={search_term_string}\"},\"query-input\":\"required name=search_term_string\"}],\"inLanguage\":\"vi-VN\"}]}<\/script>\n<!-- \/ Yoast SEO plugin. -->","yoast_head_json":{"title":"Gallery| Emerald Bay Hotel & Spa Nha Trang","description":"Emerald Bay Hotel & Spa Nha Trang Gallery gi\u00fap qu\u00fd kh\u00e1ch kh\u00e1m ph\u00e1 kh\u00f4ng gian ph\u00f2ng ngh\u1ec9 v\u00e0 c\u00e1c d\u1ecbch v\u1ee5, mang \u0111\u1ebfn h\u00ecnh \u1ea3nh ch\u00e2n th\u1ef1c tr\u01b0\u1edbc khi quy\u1ebft \u0111\u1ecbnh ch\u1ecdn kh\u00e1ch s\u1ea1n cho k\u1ef3 ngh\u1ec9.","robots":{"index":"index","follow":"follow","max-snippet":"max-snippet:-1","max-image-preview":"max-image-preview:large","max-video-preview":"max-video-preview:-1"},"canonical":"https:\/\/www.emeraldbayhotelnhatrang.com\/vi\/gallery\/","og_locale":"vi_VN","og_type":"article","og_title":"Gallery| Emerald Bay Hotel & Spa Nha Trang","og_description":"Emerald Bay Hotel & Spa Nha Trang Gallery gi\u00fap qu\u00fd kh\u00e1ch kh\u00e1m ph\u00e1 kh\u00f4ng gian ph\u00f2ng ngh\u1ec9 v\u00e0 c\u00e1c d\u1ecbch v\u1ee5, mang \u0111\u1ebfn h\u00ecnh \u1ea3nh ch\u00e2n th\u1ef1c tr\u01b0\u1edbc khi quy\u1ebft \u0111\u1ecbnh ch\u1ecdn kh\u00e1ch s\u1ea1n cho k\u1ef3 ngh\u1ec9.","og_url":"https:\/\/www.emeraldbayhotelnhatrang.com\/vi\/gallery\/","og_site_name":"Emerald Bay Hotel &amp; Spa Nha Trang","article_modified_time":"2026-04-02T09:20:43+00:00","og_image":[{"width":2200,"height":1238,"url":"http:\/\/www.emeraldbayhotelnhatrang.com\/wp-content\/uploads\/sites\/145\/2025\/12\/EBNT-Exterior.jpg","type":"image\/jpeg"}],"twitter_card":"summary_large_image","twitter_misc":{"Est. reading time":"1 minute"},"schema":{"@context":"https:\/\/schema.org","@graph":[{"@type":"WebPage","@id":"https:\/\/www.emeraldbayhotelnhatrang.com\/vi\/gallery\/","url":"https:\/\/www.emeraldbayhotelnhatrang.com\/vi\/gallery\/","name":"Gallery| Emerald Bay Hotel & Spa Nha Trang","isPartOf":{"@id":"https:\/\/www.emeraldbayhotelnhatrang.com\/vi\/#website"},"primaryImageOfPage":{"@id":"https:\/\/www.emeraldbayhotelnhatrang.com\/vi\/gallery\/#primaryimage"},"image":{"@id":"https:\/\/www.emeraldbayhotelnhatrang.com\/vi\/gallery\/#primaryimage"},"thumbnailUrl":"https:\/\/www.emeraldbayhotelnhatrang.com\/wp-content\/uploads\/sites\/145\/2025\/12\/EBNT-Exterior.jpg","datePublished":"2025-12-29T06:44:06+00:00","dateModified":"2026-04-02T09:20:43+00:00","description":"Emerald Bay Hotel & Spa Nha Trang Gallery gi\u00fap qu\u00fd kh\u00e1ch kh\u00e1m ph\u00e1 kh\u00f4ng gian ph\u00f2ng ngh\u1ec9 v\u00e0 c\u00e1c d\u1ecbch v\u1ee5, mang \u0111\u1ebfn h\u00ecnh \u1ea3nh ch\u00e2n th\u1ef1c tr\u01b0\u1edbc khi quy\u1ebft \u0111\u1ecbnh ch\u1ecdn kh\u00e1ch s\u1ea1n cho k\u1ef3 ngh\u1ec9.","breadcrumb":{"@id":"https:\/\/www.emeraldbayhotelnhatrang.com\/vi\/gallery\/#breadcrumb"},"inLanguage":"vi-VN","potentialAction":[{"@type":"ReadAction","target":["https:\/\/www.emeraldbayhotelnhatrang.com\/vi\/gallery\/"]}]},{"@type":"ImageObject","inLanguage":"vi-VN","@id":"https:\/\/www.emeraldbayhotelnhatrang.com\/vi\/gallery\/#primaryimage","url":"https:\/\/www.emeraldbayhotelnhatrang.com\/wp-content\/uploads\/sites\/145\/2025\/12\/EBNT-Exterior.jpg","contentUrl":"https:\/\/www.emeraldbayhotelnhatrang.com\/wp-content\/uploads\/sites\/145\/2025\/12\/EBNT-Exterior.jpg","width":2200,"height":1238},{"@type":"BreadcrumbList","@id":"https:\/\/www.emeraldbayhotelnhatrang.com\/vi\/gallery\/#breadcrumb","itemListElement":[{"@type":"ListItem","position":1,"name":"Home","item":"https:\/\/www.emeraldbayhotelnhatrang.com\/vi\/"},{"@type":"ListItem","position":2,"name":"Th\u01b0 vi\u1ec7n \u1ea3nh"}]},{"@type":"WebSite","@id":"https:\/\/www.emeraldbayhotelnhatrang.com\/vi\/#website","url":"https:\/\/www.emeraldbayhotelnhatrang.com\/vi\/","name":"Emerald Bay Hotel &amp; Spa Nha Trang","description":"","potentialAction":[{"@type":"SearchAction","target":{"@type":"EntryPoint","urlTemplate":"https:\/\/www.emeraldbayhotelnhatrang.com\/vi\/?s={search_term_string}"},"query-input":"required name=search_term_string"}],"inLanguage":"vi-VN"}]}},"acf":[],"_links":{"self":[{"href":"https:\/\/www.emeraldbayhotelnhatrang.com\/vi\/wp-json\/wp\/v2\/pages\/177"}],"collection":[{"href":"https:\/\/www.emeraldbayhotelnhatrang.com\/vi\/wp-json\/wp\/v2\/pages"}],"about":[{"href":"https:\/\/www.emeraldbayhotelnhatrang.com\/vi\/wp-json\/wp\/v2\/types\/page"}],"author":[{"embeddable":true,"href":"https:\/\/www.emeraldbayhotelnhatrang.com\/vi\/wp-json\/wp\/v2\/users\/8"}],"replies":[{"embeddable":true,"href":"https:\/\/www.emeraldbayhotelnhatrang.com\/vi\/wp-json\/wp\/v2\/comments?post=177"}],"version-history":[{"count":0,"href":"https:\/\/www.emeraldbayhotelnhatrang.com\/vi\/wp-json\/wp\/v2\/pages\/177\/revisions"}],"wp:featuredmedia":[{"embeddable":true,"href":"https:\/\/www.emeraldbayhotelnhatrang.com\/vi\/wp-json\/wp\/v2\/media\/5"}],"wp:attachment":[{"href":"https:\/\/www.emeraldbayhotelnhatrang.com\/vi\/wp-json\/wp\/v2\/media?parent=177"}],"curies":[{"name":"wp","href":"https:\/\/api.w.org\/{rel}","templated":true}]}}