{"id":168,"date":"2025-12-29T06:39:09","date_gmt":"2025-12-29T06:39:09","guid":{"rendered":"https:\/\/emeraldbayhotelnhatrang.ms2.decms.asia\/?page_id=168"},"modified":"2026-04-02T08:19:31","modified_gmt":"2026-04-02T08:19:31","slug":"meeting-events","status":"publish","type":"page","link":"https:\/\/www.emeraldbayhotelnhatrang.com\/vi\/meeting-events\/","title":{"rendered":"H\u1ed8I NGH\u1eca V\u00c0 S\u1ef0 KI\u1ec6N"},"content":{"rendered":"<p style=\"text-align: center\">Kh\u00f4ng gian ph\u00f2ng h\u1ed9i ngh\u1ecb t\u1ea1i Emerald Bay Hotel &amp; Spa tho\u00e1ng \u0111\u00e3ng v\u00e0 hi\u1ec7n \u0111\u1ea1i, mang \u0111\u1ebfn m\u00f4i tr\u01b0\u1eddng l\u00fd t\u01b0\u1edfng cho c\u00e1c bu\u1ed5i h\u1ecdp m\u1eb7t, \u0111\u00e0o t\u1ea1o ho\u1eb7c s\u1ef1 ki\u1ec7n ri\u00eang t\u01b0. Ph\u00f2ng \u0111\u01b0\u1ee3c trang b\u1ecb m\u00e1y chi\u1ebfu, h\u1ec7 th\u1ed1ng \u00e2m thanh \u00e1nh s\u00e1ng ch\u1ea5t l\u01b0\u1ee3ng, \u0111\u1ea3m b\u1ea3o m\u1ecdi tr\u1ea3i nghi\u1ec7m di\u1ec5n ra chuy\u00ean nghi\u1ec7p v\u00e0 tr\u1ecdn v\u1eb9n.<\/p>\n","protected":false},"excerpt":{"rendered":"<p>Kh\u00f4ng gian ph\u00f2ng h\u1ed9i ngh\u1ecb t\u1ea1i Emerald Bay Hotel &amp; Spa tho\u00e1ng \u0111\u00e3ng v\u00e0 hi\u1ec7n \u0111\u1ea1i, mang \u0111\u1ebfn m\u00f4i tr\u01b0\u1eddng l\u00fd t\u01b0\u1edfng cho c\u00e1c bu\u1ed5i h\u1ecdp m\u1eb7t, \u0111\u00e0o t\u1ea1o ho\u1eb7c s\u1ef1 ki\u1ec7n ri\u00eang t\u01b0. Ph\u00f2ng \u0111\u01b0\u1ee3c trang b\u1ecb m\u00e1y chi\u1ebfu, h\u1ec7 th\u1ed1ng \u00e2m thanh \u00e1nh s\u00e1ng ch\u1ea5t l\u01b0\u1ee3ng, \u0111\u1ea3m b\u1ea3o m\u1ecdi tr\u1ea3i nghi\u1ec7m di\u1ec5n ra [&hellip;]<\/p>\n","protected":false},"author":8,"featured_media":331,"parent":0,"menu_order":0,"comment_status":"closed","ping_status":"closed","template":"template-meeting.php","meta":{"footnotes":""},"yoast_head":"<!-- This site is optimized with the Yoast SEO plugin v22.3 - https:\/\/yoast.com\/wordpress\/plugins\/seo\/ -->\n<title>Meeting &amp; Events| Emerald Bay Hotel &amp; Spa Nha Trang<\/title>\n<meta name=\"description\" content=\"Ph\u00f2ng h\u1ed9i ngh\u1ecb t\u1ea1i Emerald Bay Hotel &amp; Spa Nha Trang \u0111\u01b0\u1ee3c trang b\u1ecb hi\u1ec7n \u0111\u1ea1i, l\u00fd t\u01b0\u1edfng cho c\u00e1c s\u1ef1 ki\u1ec7n, h\u1ed9i th\u1ea3o v\u00e0 bu\u1ed5i g\u1eb7p g\u1ee1 chuy\u00ean nghi\u1ec7p.\" \/>\n<meta name=\"robots\" content=\"index, follow, max-snippet:-1, max-image-preview:large, max-video-preview:-1\" \/>\n<link rel=\"canonical\" href=\"https:\/\/www.emeraldbayhotelnhatrang.com\/vi\/meeting-events\/\" \/>\n<meta property=\"og:locale\" content=\"vi_VN\" \/>\n<meta property=\"og:type\" content=\"article\" \/>\n<meta property=\"og:title\" content=\"Meeting &amp; Events| Emerald Bay Hotel &amp; Spa Nha Trang\" \/>\n<meta property=\"og:description\" content=\"Ph\u00f2ng h\u1ed9i ngh\u1ecb t\u1ea1i Emerald Bay Hotel &amp; Spa Nha Trang \u0111\u01b0\u1ee3c trang b\u1ecb hi\u1ec7n \u0111\u1ea1i, l\u00fd t\u01b0\u1edfng cho c\u00e1c s\u1ef1 ki\u1ec7n, h\u1ed9i th\u1ea3o v\u00e0 bu\u1ed5i g\u1eb7p g\u1ee1 chuy\u00ean nghi\u1ec7p.\" \/>\n<meta property=\"og:url\" content=\"https:\/\/www.emeraldbayhotelnhatrang.com\/vi\/meeting-events\/\" \/>\n<meta property=\"og:site_name\" content=\"Emerald Bay Hotel &amp; Spa Nha Trang\" \/>\n<meta property=\"article:modified_time\" content=\"2026-04-02T08:19:31+00:00\" \/>\n<meta property=\"og:image\" content=\"http:\/\/www.emeraldbayhotelnhatrang.com\/wp-content\/uploads\/sites\/145\/2026\/04\/EFPI6407_HDR.jpg\" \/>\n\t<meta property=\"og:image:width\" content=\"2200\" \/>\n\t<meta property=\"og:image:height\" content=\"1467\" \/>\n\t<meta property=\"og:image:type\" content=\"image\/jpeg\" \/>\n<meta name=\"twitter:card\" content=\"summary_large_image\" \/>\n<meta name=\"twitter:label1\" content=\"Est. reading time\" \/>\n\t<meta name=\"twitter:data1\" content=\"1 minute\" \/>\n<script type=\"application\/ld+json\" class=\"yoast-schema-graph\">{\"@context\":\"https:\/\/schema.org\",\"@graph\":[{\"@type\":\"WebPage\",\"@id\":\"https:\/\/www.emeraldbayhotelnhatrang.com\/vi\/meeting-events\/\",\"url\":\"https:\/\/www.emeraldbayhotelnhatrang.com\/vi\/meeting-events\/\",\"name\":\"Meeting & Events| Emerald Bay Hotel & Spa Nha Trang\",\"isPartOf\":{\"@id\":\"https:\/\/www.emeraldbayhotelnhatrang.com\/vi\/#website\"},\"primaryImageOfPage\":{\"@id\":\"https:\/\/www.emeraldbayhotelnhatrang.com\/vi\/meeting-events\/#primaryimage\"},\"image\":{\"@id\":\"https:\/\/www.emeraldbayhotelnhatrang.com\/vi\/meeting-events\/#primaryimage\"},\"thumbnailUrl\":\"https:\/\/www.emeraldbayhotelnhatrang.com\/wp-content\/uploads\/sites\/145\/2026\/04\/EFPI6407_HDR.jpg\",\"datePublished\":\"2025-12-29T06:39:09+00:00\",\"dateModified\":\"2026-04-02T08:19:31+00:00\",\"description\":\"Ph\u00f2ng h\u1ed9i ngh\u1ecb t\u1ea1i Emerald Bay Hotel & Spa Nha Trang \u0111\u01b0\u1ee3c trang b\u1ecb hi\u1ec7n \u0111\u1ea1i, l\u00fd t\u01b0\u1edfng cho c\u00e1c s\u1ef1 ki\u1ec7n, h\u1ed9i th\u1ea3o v\u00e0 bu\u1ed5i g\u1eb7p g\u1ee1 chuy\u00ean nghi\u1ec7p.\",\"breadcrumb\":{\"@id\":\"https:\/\/www.emeraldbayhotelnhatrang.com\/vi\/meeting-events\/#breadcrumb\"},\"inLanguage\":\"vi-VN\",\"potentialAction\":[{\"@type\":\"ReadAction\",\"target\":[\"https:\/\/www.emeraldbayhotelnhatrang.com\/vi\/meeting-events\/\"]}]},{\"@type\":\"ImageObject\",\"inLanguage\":\"vi-VN\",\"@id\":\"https:\/\/www.emeraldbayhotelnhatrang.com\/vi\/meeting-events\/#primaryimage\",\"url\":\"https:\/\/www.emeraldbayhotelnhatrang.com\/wp-content\/uploads\/sites\/145\/2026\/04\/EFPI6407_HDR.jpg\",\"contentUrl\":\"https:\/\/www.emeraldbayhotelnhatrang.com\/wp-content\/uploads\/sites\/145\/2026\/04\/EFPI6407_HDR.jpg\",\"width\":2200,\"height\":1467},{\"@type\":\"BreadcrumbList\",\"@id\":\"https:\/\/www.emeraldbayhotelnhatrang.com\/vi\/meeting-events\/#breadcrumb\",\"itemListElement\":[{\"@type\":\"ListItem\",\"position\":1,\"name\":\"Home\",\"item\":\"https:\/\/www.emeraldbayhotelnhatrang.com\/vi\/\"},{\"@type\":\"ListItem\",\"position\":2,\"name\":\"H\u1ed8I NGH\u1eca V\u00c0 S\u1ef0 KI\u1ec6N\"}]},{\"@type\":\"WebSite\",\"@id\":\"https:\/\/www.emeraldbayhotelnhatrang.com\/vi\/#website\",\"url\":\"https:\/\/www.emeraldbayhotelnhatrang.com\/vi\/\",\"name\":\"Emerald Bay Hotel &amp; Spa Nha Trang\",\"description\":\"\",\"potentialAction\":[{\"@type\":\"SearchAction\",\"target\":{\"@type\":\"EntryPoint\",\"urlTemplate\":\"https:\/\/www.emeraldbayhotelnhatrang.com\/vi\/?s={search_term_string}\"},\"query-input\":\"required name=search_term_string\"}],\"inLanguage\":\"vi-VN\"}]}<\/script>\n<!-- \/ Yoast SEO plugin. -->","yoast_head_json":{"title":"Meeting & Events| Emerald Bay Hotel & Spa Nha Trang","description":"Ph\u00f2ng h\u1ed9i ngh\u1ecb t\u1ea1i Emerald Bay Hotel & Spa Nha Trang \u0111\u01b0\u1ee3c trang b\u1ecb hi\u1ec7n \u0111\u1ea1i, l\u00fd t\u01b0\u1edfng cho c\u00e1c s\u1ef1 ki\u1ec7n, h\u1ed9i th\u1ea3o v\u00e0 bu\u1ed5i g\u1eb7p g\u1ee1 chuy\u00ean nghi\u1ec7p.","robots":{"index":"index","follow":"follow","max-snippet":"max-snippet:-1","max-image-preview":"max-image-preview:large","max-video-preview":"max-video-preview:-1"},"canonical":"https:\/\/www.emeraldbayhotelnhatrang.com\/vi\/meeting-events\/","og_locale":"vi_VN","og_type":"article","og_title":"Meeting & Events| Emerald Bay Hotel & Spa Nha Trang","og_description":"Ph\u00f2ng h\u1ed9i ngh\u1ecb t\u1ea1i Emerald Bay Hotel & Spa Nha Trang \u0111\u01b0\u1ee3c trang b\u1ecb hi\u1ec7n \u0111\u1ea1i, l\u00fd t\u01b0\u1edfng cho c\u00e1c s\u1ef1 ki\u1ec7n, h\u1ed9i th\u1ea3o v\u00e0 bu\u1ed5i g\u1eb7p g\u1ee1 chuy\u00ean nghi\u1ec7p.","og_url":"https:\/\/www.emeraldbayhotelnhatrang.com\/vi\/meeting-events\/","og_site_name":"Emerald Bay Hotel &amp; Spa Nha Trang","article_modified_time":"2026-04-02T08:19:31+00:00","og_image":[{"width":2200,"height":1467,"url":"http:\/\/www.emeraldbayhotelnhatrang.com\/wp-content\/uploads\/sites\/145\/2026\/04\/EFPI6407_HDR.jpg","type":"image\/jpeg"}],"twitter_card":"summary_large_image","twitter_misc":{"Est. reading time":"1 minute"},"schema":{"@context":"https:\/\/schema.org","@graph":[{"@type":"WebPage","@id":"https:\/\/www.emeraldbayhotelnhatrang.com\/vi\/meeting-events\/","url":"https:\/\/www.emeraldbayhotelnhatrang.com\/vi\/meeting-events\/","name":"Meeting & Events| Emerald Bay Hotel & Spa Nha Trang","isPartOf":{"@id":"https:\/\/www.emeraldbayhotelnhatrang.com\/vi\/#website"},"primaryImageOfPage":{"@id":"https:\/\/www.emeraldbayhotelnhatrang.com\/vi\/meeting-events\/#primaryimage"},"image":{"@id":"https:\/\/www.emeraldbayhotelnhatrang.com\/vi\/meeting-events\/#primaryimage"},"thumbnailUrl":"https:\/\/www.emeraldbayhotelnhatrang.com\/wp-content\/uploads\/sites\/145\/2026\/04\/EFPI6407_HDR.jpg","datePublished":"2025-12-29T06:39:09+00:00","dateModified":"2026-04-02T08:19:31+00:00","description":"Ph\u00f2ng h\u1ed9i ngh\u1ecb t\u1ea1i Emerald Bay Hotel & Spa Nha Trang \u0111\u01b0\u1ee3c trang b\u1ecb hi\u1ec7n \u0111\u1ea1i, l\u00fd t\u01b0\u1edfng cho c\u00e1c s\u1ef1 ki\u1ec7n, h\u1ed9i th\u1ea3o v\u00e0 bu\u1ed5i g\u1eb7p g\u1ee1 chuy\u00ean nghi\u1ec7p.","breadcrumb":{"@id":"https:\/\/www.emeraldbayhotelnhatrang.com\/vi\/meeting-events\/#breadcrumb"},"inLanguage":"vi-VN","potentialAction":[{"@type":"ReadAction","target":["https:\/\/www.emeraldbayhotelnhatrang.com\/vi\/meeting-events\/"]}]},{"@type":"ImageObject","inLanguage":"vi-VN","@id":"https:\/\/www.emeraldbayhotelnhatrang.com\/vi\/meeting-events\/#primaryimage","url":"https:\/\/www.emeraldbayhotelnhatrang.com\/wp-content\/uploads\/sites\/145\/2026\/04\/EFPI6407_HDR.jpg","contentUrl":"https:\/\/www.emeraldbayhotelnhatrang.com\/wp-content\/uploads\/sites\/145\/2026\/04\/EFPI6407_HDR.jpg","width":2200,"height":1467},{"@type":"BreadcrumbList","@id":"https:\/\/www.emeraldbayhotelnhatrang.com\/vi\/meeting-events\/#breadcrumb","itemListElement":[{"@type":"ListItem","position":1,"name":"Home","item":"https:\/\/www.emeraldbayhotelnhatrang.com\/vi\/"},{"@type":"ListItem","position":2,"name":"H\u1ed8I NGH\u1eca V\u00c0 S\u1ef0 KI\u1ec6N"}]},{"@type":"WebSite","@id":"https:\/\/www.emeraldbayhotelnhatrang.com\/vi\/#website","url":"https:\/\/www.emeraldbayhotelnhatrang.com\/vi\/","name":"Emerald Bay Hotel &amp; Spa Nha Trang","description":"","potentialAction":[{"@type":"SearchAction","target":{"@type":"EntryPoint","urlTemplate":"https:\/\/www.emeraldbayhotelnhatrang.com\/vi\/?s={search_term_string}"},"query-input":"required name=search_term_string"}],"inLanguage":"vi-VN"}]}},"acf":[],"_links":{"self":[{"href":"https:\/\/www.emeraldbayhotelnhatrang.com\/vi\/wp-json\/wp\/v2\/pages\/168"}],"collection":[{"href":"https:\/\/www.emeraldbayhotelnhatrang.com\/vi\/wp-json\/wp\/v2\/pages"}],"about":[{"href":"https:\/\/www.emeraldbayhotelnhatrang.com\/vi\/wp-json\/wp\/v2\/types\/page"}],"author":[{"embeddable":true,"href":"https:\/\/www.emeraldbayhotelnhatrang.com\/vi\/wp-json\/wp\/v2\/users\/8"}],"replies":[{"embeddable":true,"href":"https:\/\/www.emeraldbayhotelnhatrang.com\/vi\/wp-json\/wp\/v2\/comments?post=168"}],"version-history":[{"count":0,"href":"https:\/\/www.emeraldbayhotelnhatrang.com\/vi\/wp-json\/wp\/v2\/pages\/168\/revisions"}],"wp:featuredmedia":[{"embeddable":true,"href":"https:\/\/www.emeraldbayhotelnhatrang.com\/vi\/wp-json\/wp\/v2\/media\/331"}],"wp:attachment":[{"href":"https:\/\/www.emeraldbayhotelnhatrang.com\/vi\/wp-json\/wp\/v2\/media?parent=168"}],"curies":[{"name":"wp","href":"https:\/\/api.w.org\/{rel}","templated":true}]}}