{"id":165,"date":"2025-12-29T06:36:01","date_gmt":"2025-12-29T06:36:01","guid":{"rendered":"https:\/\/emeraldbayhotelnhatrang.ms2.decms.asia\/?page_id=165"},"modified":"2026-04-24T02:35:07","modified_gmt":"2026-04-24T02:35:07","slug":"destination","status":"publish","type":"page","link":"https:\/\/www.emeraldbayhotelnhatrang.com\/vi\/destination\/","title":{"rendered":"Destination"},"content":{"rendered":"<p style=\"text-align: center\">Emerald Bay Hotel &amp; Spa s\u1edf h\u1eefu v\u1ecb tr\u00ed \u0111\u1eafc \u0111\u1ecba v\u1edbi t\u1ea7m nh\u00ecn bao qu\u00e1t bi\u1ec3n xanh m\u00e1t v\u00e0 nh\u1eefng ng\u1ecdn n\u00fai thanh b\u00ecnh. Kh\u00e1ch s\u1ea1n g\u1ea7n c\u00e1c \u0111i\u1ec3m tham quan n\u1ed5i ti\u1ebfng, gi\u00fap du kh\u00e1ch d\u1ec5 d\u00e0ng kh\u00e1m ph\u00e1 th\u00e0nh ph\u1ed1 bi\u1ec3n s\u00f4i \u0111\u1ed9ng ch\u1ec9 trong ch\u1ed1c l\u00e1t. H\u01a1n th\u1ebf, qu\u00fd kh\u00e1ch ch\u1ec9 m\u1ea5t v\u00e0i ph\u00fat \u0111\u1ec3 \u0111i b\u1ed9 ra bi\u1ec3n Nha Trang.<\/p>\n<p style=\"text-align: center\">T\u1ea1i Emerald Bay, du kh\u00e1ch s\u1ebd \u0111\u01b0\u1ee3c tr\u1ea3i nghi\u1ec7m s\u1ef1 h\u00f2a quy\u1ec7n ho\u00e0n h\u1ea3o gi\u1eefa ti\u1ec7n nghi hi\u1ec7n \u0111\u1ea1i v\u00e0 ngh\u1ec9 d\u01b0\u1ee1ng sang tr\u1ecdng, n\u01a1i nh\u1ecbp s\u1ed1ng n\u00e1o nhi\u1ec7t c\u1ee7a ph\u1ed1 bi\u1ec3n h\u00f2a c\u00f9ng nh\u1eefng ph\u00fat gi\u00e2y th\u01b0 gi\u00e3n, t\u1eadn h\u01b0\u1edfng kh\u00f4ng gian y\u00ean b\u00ecnh ngay gi\u1eefa l\u00f2ng Nha Trang.<\/p>\n<p style=\"text-align: center\">\n","protected":false},"excerpt":{"rendered":"<p>Emerald Bay Hotel &amp; Spa s\u1edf h\u1eefu v\u1ecb tr\u00ed \u0111\u1eafc \u0111\u1ecba v\u1edbi t\u1ea7m nh\u00ecn bao qu\u00e1t bi\u1ec3n xanh m\u00e1t v\u00e0 nh\u1eefng ng\u1ecdn n\u00fai thanh b\u00ecnh. Kh\u00e1ch s\u1ea1n g\u1ea7n c\u00e1c \u0111i\u1ec3m tham quan n\u1ed5i ti\u1ebfng, gi\u00fap du kh\u00e1ch d\u1ec5 d\u00e0ng kh\u00e1m ph\u00e1 th\u00e0nh ph\u1ed1 bi\u1ec3n s\u00f4i \u0111\u1ed9ng ch\u1ec9 trong ch\u1ed1c l\u00e1t. H\u01a1n th\u1ebf, qu\u00fd kh\u00e1ch ch\u1ec9 [&hellip;]<\/p>\n","protected":false},"author":8,"featured_media":570,"parent":0,"menu_order":0,"comment_status":"closed","ping_status":"closed","template":"template-location.php","meta":{"footnotes":""},"yoast_head":"<!-- This site is optimized with the Yoast SEO plugin v22.3 - https:\/\/yoast.com\/wordpress\/plugins\/seo\/ -->\n<title>Location| Emerald Bay Hotel &amp; Spa Nha Trang<\/title>\n<meta name=\"description\" content=\"Emerald Bay Hotel &amp; Spa Nha Trang s\u1edf h\u1eefu v\u1ecb tr\u00ed \u0111\u1eafc \u0111\u1ecba ngay trung t\u00e2m th\u00e0nh ph\u1ed1, thu\u1eadn ti\u1ec7n di chuy\u1ec3n \u0111\u1ebfn b\u00e3i bi\u1ec3n, \u0111i\u1ec3m tham quan v\u00e0 khu mua s\u1eafm n\u1ed5i ti\u1ebfng.\" \/>\n<meta name=\"robots\" content=\"index, follow, max-snippet:-1, max-image-preview:large, max-video-preview:-1\" \/>\n<link rel=\"canonical\" href=\"https:\/\/www.emeraldbayhotelnhatrang.com\/vi\/destination\/\" \/>\n<meta property=\"og:locale\" content=\"vi_VN\" \/>\n<meta property=\"og:type\" content=\"article\" \/>\n<meta property=\"og:title\" content=\"Location| Emerald Bay Hotel &amp; Spa Nha Trang\" \/>\n<meta property=\"og:description\" content=\"Emerald Bay Hotel &amp; Spa Nha Trang s\u1edf h\u1eefu v\u1ecb tr\u00ed \u0111\u1eafc \u0111\u1ecba ngay trung t\u00e2m th\u00e0nh ph\u1ed1, thu\u1eadn ti\u1ec7n di chuy\u1ec3n \u0111\u1ebfn b\u00e3i bi\u1ec3n, \u0111i\u1ec3m tham quan v\u00e0 khu mua s\u1eafm n\u1ed5i ti\u1ebfng.\" \/>\n<meta property=\"og:url\" content=\"https:\/\/www.emeraldbayhotelnhatrang.com\/vi\/destination\/\" \/>\n<meta property=\"og:site_name\" content=\"Emerald Bay Hotel &amp; Spa Nha Trang\" \/>\n<meta property=\"article:modified_time\" content=\"2026-04-24T02:35:07+00:00\" \/>\n<meta property=\"og:image\" content=\"http:\/\/www.emeraldbayhotelnhatrang.com\/wp-content\/uploads\/sites\/145\/2026\/04\/EBNT-Exterior-1024x576.png\" \/>\n\t<meta property=\"og:image:width\" content=\"1024\" \/>\n\t<meta property=\"og:image:height\" content=\"576\" \/>\n\t<meta property=\"og:image:type\" content=\"image\/png\" \/>\n<meta name=\"twitter:card\" content=\"summary_large_image\" \/>\n<meta name=\"twitter:label1\" content=\"Est. reading time\" \/>\n\t<meta name=\"twitter:data1\" content=\"1 minute\" \/>\n<script type=\"application\/ld+json\" class=\"yoast-schema-graph\">{\"@context\":\"https:\/\/schema.org\",\"@graph\":[{\"@type\":\"WebPage\",\"@id\":\"https:\/\/www.emeraldbayhotelnhatrang.com\/vi\/destination\/\",\"url\":\"https:\/\/www.emeraldbayhotelnhatrang.com\/vi\/destination\/\",\"name\":\"Location| Emerald Bay Hotel & Spa Nha Trang\",\"isPartOf\":{\"@id\":\"https:\/\/www.emeraldbayhotelnhatrang.com\/vi\/#website\"},\"primaryImageOfPage\":{\"@id\":\"https:\/\/www.emeraldbayhotelnhatrang.com\/vi\/destination\/#primaryimage\"},\"image\":{\"@id\":\"https:\/\/www.emeraldbayhotelnhatrang.com\/vi\/destination\/#primaryimage\"},\"thumbnailUrl\":\"https:\/\/www.emeraldbayhotelnhatrang.com\/wp-content\/uploads\/sites\/145\/2026\/04\/EBNT-Exterior.png\",\"datePublished\":\"2025-12-29T06:36:01+00:00\",\"dateModified\":\"2026-04-24T02:35:07+00:00\",\"description\":\"Emerald Bay Hotel & Spa Nha Trang s\u1edf h\u1eefu v\u1ecb tr\u00ed \u0111\u1eafc \u0111\u1ecba ngay trung t\u00e2m th\u00e0nh ph\u1ed1, thu\u1eadn ti\u1ec7n di chuy\u1ec3n \u0111\u1ebfn b\u00e3i bi\u1ec3n, \u0111i\u1ec3m tham quan v\u00e0 khu mua s\u1eafm n\u1ed5i ti\u1ebfng.\",\"breadcrumb\":{\"@id\":\"https:\/\/www.emeraldbayhotelnhatrang.com\/vi\/destination\/#breadcrumb\"},\"inLanguage\":\"vi-VN\",\"potentialAction\":[{\"@type\":\"ReadAction\",\"target\":[\"https:\/\/www.emeraldbayhotelnhatrang.com\/vi\/destination\/\"]}]},{\"@type\":\"ImageObject\",\"inLanguage\":\"vi-VN\",\"@id\":\"https:\/\/www.emeraldbayhotelnhatrang.com\/vi\/destination\/#primaryimage\",\"url\":\"https:\/\/www.emeraldbayhotelnhatrang.com\/wp-content\/uploads\/sites\/145\/2026\/04\/EBNT-Exterior.png\",\"contentUrl\":\"https:\/\/www.emeraldbayhotelnhatrang.com\/wp-content\/uploads\/sites\/145\/2026\/04\/EBNT-Exterior.png\",\"width\":2200,\"height\":1238},{\"@type\":\"BreadcrumbList\",\"@id\":\"https:\/\/www.emeraldbayhotelnhatrang.com\/vi\/destination\/#breadcrumb\",\"itemListElement\":[{\"@type\":\"ListItem\",\"position\":1,\"name\":\"Home\",\"item\":\"https:\/\/www.emeraldbayhotelnhatrang.com\/vi\/\"},{\"@type\":\"ListItem\",\"position\":2,\"name\":\"Destination\"}]},{\"@type\":\"WebSite\",\"@id\":\"https:\/\/www.emeraldbayhotelnhatrang.com\/vi\/#website\",\"url\":\"https:\/\/www.emeraldbayhotelnhatrang.com\/vi\/\",\"name\":\"Emerald Bay Hotel &amp; Spa Nha Trang\",\"description\":\"\",\"potentialAction\":[{\"@type\":\"SearchAction\",\"target\":{\"@type\":\"EntryPoint\",\"urlTemplate\":\"https:\/\/www.emeraldbayhotelnhatrang.com\/vi\/?s={search_term_string}\"},\"query-input\":\"required name=search_term_string\"}],\"inLanguage\":\"vi-VN\"}]}<\/script>\n<!-- \/ Yoast SEO plugin. -->","yoast_head_json":{"title":"Location| Emerald Bay Hotel & Spa Nha Trang","description":"Emerald Bay Hotel & Spa Nha Trang s\u1edf h\u1eefu v\u1ecb tr\u00ed \u0111\u1eafc \u0111\u1ecba ngay trung t\u00e2m th\u00e0nh ph\u1ed1, thu\u1eadn ti\u1ec7n di chuy\u1ec3n \u0111\u1ebfn b\u00e3i bi\u1ec3n, \u0111i\u1ec3m tham quan v\u00e0 khu mua s\u1eafm n\u1ed5i ti\u1ebfng.","robots":{"index":"index","follow":"follow","max-snippet":"max-snippet:-1","max-image-preview":"max-image-preview:large","max-video-preview":"max-video-preview:-1"},"canonical":"https:\/\/www.emeraldbayhotelnhatrang.com\/vi\/destination\/","og_locale":"vi_VN","og_type":"article","og_title":"Location| Emerald Bay Hotel & Spa Nha Trang","og_description":"Emerald Bay Hotel & Spa Nha Trang s\u1edf h\u1eefu v\u1ecb tr\u00ed \u0111\u1eafc \u0111\u1ecba ngay trung t\u00e2m th\u00e0nh ph\u1ed1, thu\u1eadn ti\u1ec7n di chuy\u1ec3n \u0111\u1ebfn b\u00e3i bi\u1ec3n, \u0111i\u1ec3m tham quan v\u00e0 khu mua s\u1eafm n\u1ed5i ti\u1ebfng.","og_url":"https:\/\/www.emeraldbayhotelnhatrang.com\/vi\/destination\/","og_site_name":"Emerald Bay Hotel &amp; Spa Nha Trang","article_modified_time":"2026-04-24T02:35:07+00:00","og_image":[{"width":1024,"height":576,"url":"http:\/\/www.emeraldbayhotelnhatrang.com\/wp-content\/uploads\/sites\/145\/2026\/04\/EBNT-Exterior-1024x576.png","type":"image\/png"}],"twitter_card":"summary_large_image","twitter_misc":{"Est. reading time":"1 minute"},"schema":{"@context":"https:\/\/schema.org","@graph":[{"@type":"WebPage","@id":"https:\/\/www.emeraldbayhotelnhatrang.com\/vi\/destination\/","url":"https:\/\/www.emeraldbayhotelnhatrang.com\/vi\/destination\/","name":"Location| Emerald Bay Hotel & Spa Nha Trang","isPartOf":{"@id":"https:\/\/www.emeraldbayhotelnhatrang.com\/vi\/#website"},"primaryImageOfPage":{"@id":"https:\/\/www.emeraldbayhotelnhatrang.com\/vi\/destination\/#primaryimage"},"image":{"@id":"https:\/\/www.emeraldbayhotelnhatrang.com\/vi\/destination\/#primaryimage"},"thumbnailUrl":"https:\/\/www.emeraldbayhotelnhatrang.com\/wp-content\/uploads\/sites\/145\/2026\/04\/EBNT-Exterior.png","datePublished":"2025-12-29T06:36:01+00:00","dateModified":"2026-04-24T02:35:07+00:00","description":"Emerald Bay Hotel & Spa Nha Trang s\u1edf h\u1eefu v\u1ecb tr\u00ed \u0111\u1eafc \u0111\u1ecba ngay trung t\u00e2m th\u00e0nh ph\u1ed1, thu\u1eadn ti\u1ec7n di chuy\u1ec3n \u0111\u1ebfn b\u00e3i bi\u1ec3n, \u0111i\u1ec3m tham quan v\u00e0 khu mua s\u1eafm n\u1ed5i ti\u1ebfng.","breadcrumb":{"@id":"https:\/\/www.emeraldbayhotelnhatrang.com\/vi\/destination\/#breadcrumb"},"inLanguage":"vi-VN","potentialAction":[{"@type":"ReadAction","target":["https:\/\/www.emeraldbayhotelnhatrang.com\/vi\/destination\/"]}]},{"@type":"ImageObject","inLanguage":"vi-VN","@id":"https:\/\/www.emeraldbayhotelnhatrang.com\/vi\/destination\/#primaryimage","url":"https:\/\/www.emeraldbayhotelnhatrang.com\/wp-content\/uploads\/sites\/145\/2026\/04\/EBNT-Exterior.png","contentUrl":"https:\/\/www.emeraldbayhotelnhatrang.com\/wp-content\/uploads\/sites\/145\/2026\/04\/EBNT-Exterior.png","width":2200,"height":1238},{"@type":"BreadcrumbList","@id":"https:\/\/www.emeraldbayhotelnhatrang.com\/vi\/destination\/#breadcrumb","itemListElement":[{"@type":"ListItem","position":1,"name":"Home","item":"https:\/\/www.emeraldbayhotelnhatrang.com\/vi\/"},{"@type":"ListItem","position":2,"name":"Destination"}]},{"@type":"WebSite","@id":"https:\/\/www.emeraldbayhotelnhatrang.com\/vi\/#website","url":"https:\/\/www.emeraldbayhotelnhatrang.com\/vi\/","name":"Emerald Bay Hotel &amp; Spa Nha Trang","description":"","potentialAction":[{"@type":"SearchAction","target":{"@type":"EntryPoint","urlTemplate":"https:\/\/www.emeraldbayhotelnhatrang.com\/vi\/?s={search_term_string}"},"query-input":"required name=search_term_string"}],"inLanguage":"vi-VN"}]}},"acf":[],"_links":{"self":[{"href":"https:\/\/www.emeraldbayhotelnhatrang.com\/vi\/wp-json\/wp\/v2\/pages\/165"}],"collection":[{"href":"https:\/\/www.emeraldbayhotelnhatrang.com\/vi\/wp-json\/wp\/v2\/pages"}],"about":[{"href":"https:\/\/www.emeraldbayhotelnhatrang.com\/vi\/wp-json\/wp\/v2\/types\/page"}],"author":[{"embeddable":true,"href":"https:\/\/www.emeraldbayhotelnhatrang.com\/vi\/wp-json\/wp\/v2\/users\/8"}],"replies":[{"embeddable":true,"href":"https:\/\/www.emeraldbayhotelnhatrang.com\/vi\/wp-json\/wp\/v2\/comments?post=165"}],"version-history":[{"count":0,"href":"https:\/\/www.emeraldbayhotelnhatrang.com\/vi\/wp-json\/wp\/v2\/pages\/165\/revisions"}],"wp:featuredmedia":[{"embeddable":true,"href":"https:\/\/www.emeraldbayhotelnhatrang.com\/vi\/wp-json\/wp\/v2\/media\/570"}],"wp:attachment":[{"href":"https:\/\/www.emeraldbayhotelnhatrang.com\/vi\/wp-json\/wp\/v2\/media?parent=165"}],"curies":[{"name":"wp","href":"https:\/\/api.w.org\/{rel}","templated":true}]}}