{"id":151,"date":"2025-12-29T06:30:36","date_gmt":"2025-12-29T06:30:36","guid":{"rendered":"https:\/\/emeraldbayhotelnhatrang.ms2.decms.asia\/?page_id=151"},"modified":"2026-04-02T07:05:33","modified_gmt":"2026-04-02T07:05:33","slug":"swimming-pool","status":"publish","type":"page","link":"https:\/\/www.emeraldbayhotelnhatrang.com\/vi\/wellness-spa-center\/swimming-pool\/","title":{"rendered":"H\u1ed3 b\u01a1i ri\u00eang"},"content":{"rendered":"<p style=\"text-align: center\">L\u00e0n n\u01b0\u1edbc trong xanh v\u00e0 m\u00e1t l\u00e0nh c\u1ee7a h\u1ed3 b\u01a1i mang \u0111\u1ebfn c\u1ea3m gi\u00e1c th\u01b0 gi\u00e3n tuy\u1ec7t \u0111\u1ed1i, xua tan m\u1ecdi m\u1ec7t m\u1ecfi th\u01b0\u1eddng nh\u1eadt. Bao quanh l\u00e0 kh\u00f4ng gian y\u00ean t\u0129nh v\u00e0 thanh b\u00ecnh gi\u1eefa l\u00f2ng th\u00e0nh ph\u1ed1, n\u01a1i b\u1ea1n c\u00f3 th\u1ec3 th\u1ea3 m\u00ecnh ngh\u1ec9 ng\u01a1i v\u00e0 t\u00e1i t\u1ea1o n\u0103ng l\u01b0\u1ee3ng cho c\u01a1 th\u1ec3 l\u1eabn t\u00e2m h\u1ed3n.<\/p>\n","protected":false},"excerpt":{"rendered":"<p>L\u00e0n n\u01b0\u1edbc trong xanh v\u00e0 m\u00e1t l\u00e0nh c\u1ee7a h\u1ed3 b\u01a1i mang \u0111\u1ebfn c\u1ea3m gi\u00e1c th\u01b0 gi\u00e3n tuy\u1ec7t \u0111\u1ed1i, xua tan m\u1ecdi m\u1ec7t m\u1ecfi th\u01b0\u1eddng nh\u1eadt. Bao quanh l\u00e0 kh\u00f4ng gian y\u00ean t\u0129nh v\u00e0 thanh b\u00ecnh gi\u1eefa l\u00f2ng th\u00e0nh ph\u1ed1, n\u01a1i b\u1ea1n c\u00f3 th\u1ec3 th\u1ea3 m\u00ecnh ngh\u1ec9 ng\u01a1i v\u00e0 t\u00e1i t\u1ea1o n\u0103ng l\u01b0\u1ee3ng cho c\u01a1 th\u1ec3 [&hellip;]<\/p>\n","protected":false},"author":8,"featured_media":157,"parent":121,"menu_order":2,"comment_status":"closed","ping_status":"closed","template":"","meta":{"footnotes":""},"yoast_head":"<!-- This site is optimized with the Yoast SEO plugin v22.3 - https:\/\/yoast.com\/wordpress\/plugins\/seo\/ -->\n<title>Swimming Pool| Emerald Bay Hotel &amp; Spa Nha Trang<\/title>\n<meta name=\"description\" content=\"H\u1ed3 b\u01a1i t\u1ea1i Emerald Bay Hotel &amp; Spa Nha Trang mang \u0111\u1ebfn kh\u00f4ng gian th\u01b0 gi\u00e3n gi\u1eefa l\u00e0n n\u01b0\u1edbc trong xanh, l\u00fd t\u01b0\u1edfng \u0111\u1ec3 t\u1eadn h\u01b0\u1edfng n\u1eafng v\u00e0ng v\u00e0 khung c\u1ea3nh bi\u1ec3n tuy\u1ec7t \u0111\u1eb9p.\" \/>\n<meta name=\"robots\" content=\"index, follow, max-snippet:-1, max-image-preview:large, max-video-preview:-1\" \/>\n<link rel=\"canonical\" href=\"https:\/\/www.emeraldbayhotelnhatrang.com\/vi\/wellness-spa-center\/swimming-pool\/\" \/>\n<meta property=\"og:locale\" content=\"vi_VN\" \/>\n<meta property=\"og:type\" content=\"article\" \/>\n<meta property=\"og:title\" content=\"Swimming Pool| Emerald Bay Hotel &amp; Spa Nha Trang\" \/>\n<meta property=\"og:description\" content=\"H\u1ed3 b\u01a1i t\u1ea1i Emerald Bay Hotel &amp; Spa Nha Trang mang \u0111\u1ebfn kh\u00f4ng gian th\u01b0 gi\u00e3n gi\u1eefa l\u00e0n n\u01b0\u1edbc trong xanh, l\u00fd t\u01b0\u1edfng \u0111\u1ec3 t\u1eadn h\u01b0\u1edfng n\u1eafng v\u00e0ng v\u00e0 khung c\u1ea3nh bi\u1ec3n tuy\u1ec7t \u0111\u1eb9p.\" \/>\n<meta property=\"og:url\" content=\"https:\/\/www.emeraldbayhotelnhatrang.com\/vi\/wellness-spa-center\/swimming-pool\/\" \/>\n<meta property=\"og:site_name\" content=\"Emerald Bay Hotel &amp; Spa Nha Trang\" \/>\n<meta property=\"article:modified_time\" content=\"2026-04-02T07:05:33+00:00\" \/>\n<meta property=\"og:image\" content=\"http:\/\/www.emeraldbayhotelnhatrang.com\/wp-content\/uploads\/sites\/145\/2025\/12\/N5_9982.jpg\" \/>\n\t<meta property=\"og:image:width\" content=\"2200\" \/>\n\t<meta property=\"og:image:height\" content=\"1467\" \/>\n\t<meta property=\"og:image:type\" content=\"image\/jpeg\" \/>\n<meta name=\"twitter:card\" content=\"summary_large_image\" \/>\n<meta name=\"twitter:label1\" content=\"Est. reading time\" \/>\n\t<meta name=\"twitter:data1\" content=\"1 minute\" \/>\n<script type=\"application\/ld+json\" class=\"yoast-schema-graph\">{\"@context\":\"https:\/\/schema.org\",\"@graph\":[{\"@type\":\"WebPage\",\"@id\":\"https:\/\/www.emeraldbayhotelnhatrang.com\/vi\/wellness-spa-center\/swimming-pool\/\",\"url\":\"https:\/\/www.emeraldbayhotelnhatrang.com\/vi\/wellness-spa-center\/swimming-pool\/\",\"name\":\"Swimming Pool| Emerald Bay Hotel & Spa Nha Trang\",\"isPartOf\":{\"@id\":\"https:\/\/www.emeraldbayhotelnhatrang.com\/vi\/#website\"},\"primaryImageOfPage\":{\"@id\":\"https:\/\/www.emeraldbayhotelnhatrang.com\/vi\/wellness-spa-center\/swimming-pool\/#primaryimage\"},\"image\":{\"@id\":\"https:\/\/www.emeraldbayhotelnhatrang.com\/vi\/wellness-spa-center\/swimming-pool\/#primaryimage\"},\"thumbnailUrl\":\"https:\/\/www.emeraldbayhotelnhatrang.com\/wp-content\/uploads\/sites\/145\/2025\/12\/N5_9982.jpg\",\"datePublished\":\"2025-12-29T06:30:36+00:00\",\"dateModified\":\"2026-04-02T07:05:33+00:00\",\"description\":\"H\u1ed3 b\u01a1i t\u1ea1i Emerald Bay Hotel & Spa Nha Trang mang \u0111\u1ebfn kh\u00f4ng gian th\u01b0 gi\u00e3n gi\u1eefa l\u00e0n n\u01b0\u1edbc trong xanh, l\u00fd t\u01b0\u1edfng \u0111\u1ec3 t\u1eadn h\u01b0\u1edfng n\u1eafng v\u00e0ng v\u00e0 khung c\u1ea3nh bi\u1ec3n tuy\u1ec7t \u0111\u1eb9p.\",\"breadcrumb\":{\"@id\":\"https:\/\/www.emeraldbayhotelnhatrang.com\/vi\/wellness-spa-center\/swimming-pool\/#breadcrumb\"},\"inLanguage\":\"vi-VN\",\"potentialAction\":[{\"@type\":\"ReadAction\",\"target\":[\"https:\/\/www.emeraldbayhotelnhatrang.com\/vi\/wellness-spa-center\/swimming-pool\/\"]}]},{\"@type\":\"ImageObject\",\"inLanguage\":\"vi-VN\",\"@id\":\"https:\/\/www.emeraldbayhotelnhatrang.com\/vi\/wellness-spa-center\/swimming-pool\/#primaryimage\",\"url\":\"https:\/\/www.emeraldbayhotelnhatrang.com\/wp-content\/uploads\/sites\/145\/2025\/12\/N5_9982.jpg\",\"contentUrl\":\"https:\/\/www.emeraldbayhotelnhatrang.com\/wp-content\/uploads\/sites\/145\/2025\/12\/N5_9982.jpg\",\"width\":2200,\"height\":1467},{\"@type\":\"BreadcrumbList\",\"@id\":\"https:\/\/www.emeraldbayhotelnhatrang.com\/vi\/wellness-spa-center\/swimming-pool\/#breadcrumb\",\"itemListElement\":[{\"@type\":\"ListItem\",\"position\":1,\"name\":\"Home\",\"item\":\"https:\/\/www.emeraldbayhotelnhatrang.com\/vi\/\"},{\"@type\":\"ListItem\",\"position\":2,\"name\":\"Ch\u0103m s\u00f3c s\u1ee9c kho\u1ebb &#038; Spa\",\"item\":\"https:\/\/www.emeraldbayhotelnhatrang.com\/vi\/wellness-spa-center\/\"},{\"@type\":\"ListItem\",\"position\":3,\"name\":\"H\u1ed3 b\u01a1i ri\u00eang\"}]},{\"@type\":\"WebSite\",\"@id\":\"https:\/\/www.emeraldbayhotelnhatrang.com\/vi\/#website\",\"url\":\"https:\/\/www.emeraldbayhotelnhatrang.com\/vi\/\",\"name\":\"Emerald Bay Hotel &amp; Spa Nha Trang\",\"description\":\"\",\"potentialAction\":[{\"@type\":\"SearchAction\",\"target\":{\"@type\":\"EntryPoint\",\"urlTemplate\":\"https:\/\/www.emeraldbayhotelnhatrang.com\/vi\/?s={search_term_string}\"},\"query-input\":\"required name=search_term_string\"}],\"inLanguage\":\"vi-VN\"}]}<\/script>\n<!-- \/ Yoast SEO plugin. -->","yoast_head_json":{"title":"Swimming Pool| Emerald Bay Hotel & Spa Nha Trang","description":"H\u1ed3 b\u01a1i t\u1ea1i Emerald Bay Hotel & Spa Nha Trang mang \u0111\u1ebfn kh\u00f4ng gian th\u01b0 gi\u00e3n gi\u1eefa l\u00e0n n\u01b0\u1edbc trong xanh, l\u00fd t\u01b0\u1edfng \u0111\u1ec3 t\u1eadn h\u01b0\u1edfng n\u1eafng v\u00e0ng v\u00e0 khung c\u1ea3nh bi\u1ec3n tuy\u1ec7t \u0111\u1eb9p.","robots":{"index":"index","follow":"follow","max-snippet":"max-snippet:-1","max-image-preview":"max-image-preview:large","max-video-preview":"max-video-preview:-1"},"canonical":"https:\/\/www.emeraldbayhotelnhatrang.com\/vi\/wellness-spa-center\/swimming-pool\/","og_locale":"vi_VN","og_type":"article","og_title":"Swimming Pool| Emerald Bay Hotel & Spa Nha Trang","og_description":"H\u1ed3 b\u01a1i t\u1ea1i Emerald Bay Hotel & Spa Nha Trang mang \u0111\u1ebfn kh\u00f4ng gian th\u01b0 gi\u00e3n gi\u1eefa l\u00e0n n\u01b0\u1edbc trong xanh, l\u00fd t\u01b0\u1edfng \u0111\u1ec3 t\u1eadn h\u01b0\u1edfng n\u1eafng v\u00e0ng v\u00e0 khung c\u1ea3nh bi\u1ec3n tuy\u1ec7t \u0111\u1eb9p.","og_url":"https:\/\/www.emeraldbayhotelnhatrang.com\/vi\/wellness-spa-center\/swimming-pool\/","og_site_name":"Emerald Bay Hotel &amp; Spa Nha Trang","article_modified_time":"2026-04-02T07:05:33+00:00","og_image":[{"width":2200,"height":1467,"url":"http:\/\/www.emeraldbayhotelnhatrang.com\/wp-content\/uploads\/sites\/145\/2025\/12\/N5_9982.jpg","type":"image\/jpeg"}],"twitter_card":"summary_large_image","twitter_misc":{"Est. reading time":"1 minute"},"schema":{"@context":"https:\/\/schema.org","@graph":[{"@type":"WebPage","@id":"https:\/\/www.emeraldbayhotelnhatrang.com\/vi\/wellness-spa-center\/swimming-pool\/","url":"https:\/\/www.emeraldbayhotelnhatrang.com\/vi\/wellness-spa-center\/swimming-pool\/","name":"Swimming Pool| Emerald Bay Hotel & Spa Nha Trang","isPartOf":{"@id":"https:\/\/www.emeraldbayhotelnhatrang.com\/vi\/#website"},"primaryImageOfPage":{"@id":"https:\/\/www.emeraldbayhotelnhatrang.com\/vi\/wellness-spa-center\/swimming-pool\/#primaryimage"},"image":{"@id":"https:\/\/www.emeraldbayhotelnhatrang.com\/vi\/wellness-spa-center\/swimming-pool\/#primaryimage"},"thumbnailUrl":"https:\/\/www.emeraldbayhotelnhatrang.com\/wp-content\/uploads\/sites\/145\/2025\/12\/N5_9982.jpg","datePublished":"2025-12-29T06:30:36+00:00","dateModified":"2026-04-02T07:05:33+00:00","description":"H\u1ed3 b\u01a1i t\u1ea1i Emerald Bay Hotel & Spa Nha Trang mang \u0111\u1ebfn kh\u00f4ng gian th\u01b0 gi\u00e3n gi\u1eefa l\u00e0n n\u01b0\u1edbc trong xanh, l\u00fd t\u01b0\u1edfng \u0111\u1ec3 t\u1eadn h\u01b0\u1edfng n\u1eafng v\u00e0ng v\u00e0 khung c\u1ea3nh bi\u1ec3n tuy\u1ec7t \u0111\u1eb9p.","breadcrumb":{"@id":"https:\/\/www.emeraldbayhotelnhatrang.com\/vi\/wellness-spa-center\/swimming-pool\/#breadcrumb"},"inLanguage":"vi-VN","potentialAction":[{"@type":"ReadAction","target":["https:\/\/www.emeraldbayhotelnhatrang.com\/vi\/wellness-spa-center\/swimming-pool\/"]}]},{"@type":"ImageObject","inLanguage":"vi-VN","@id":"https:\/\/www.emeraldbayhotelnhatrang.com\/vi\/wellness-spa-center\/swimming-pool\/#primaryimage","url":"https:\/\/www.emeraldbayhotelnhatrang.com\/wp-content\/uploads\/sites\/145\/2025\/12\/N5_9982.jpg","contentUrl":"https:\/\/www.emeraldbayhotelnhatrang.com\/wp-content\/uploads\/sites\/145\/2025\/12\/N5_9982.jpg","width":2200,"height":1467},{"@type":"BreadcrumbList","@id":"https:\/\/www.emeraldbayhotelnhatrang.com\/vi\/wellness-spa-center\/swimming-pool\/#breadcrumb","itemListElement":[{"@type":"ListItem","position":1,"name":"Home","item":"https:\/\/www.emeraldbayhotelnhatrang.com\/vi\/"},{"@type":"ListItem","position":2,"name":"Ch\u0103m s\u00f3c s\u1ee9c kho\u1ebb &#038; Spa","item":"https:\/\/www.emeraldbayhotelnhatrang.com\/vi\/wellness-spa-center\/"},{"@type":"ListItem","position":3,"name":"H\u1ed3 b\u01a1i ri\u00eang"}]},{"@type":"WebSite","@id":"https:\/\/www.emeraldbayhotelnhatrang.com\/vi\/#website","url":"https:\/\/www.emeraldbayhotelnhatrang.com\/vi\/","name":"Emerald Bay Hotel &amp; Spa Nha Trang","description":"","potentialAction":[{"@type":"SearchAction","target":{"@type":"EntryPoint","urlTemplate":"https:\/\/www.emeraldbayhotelnhatrang.com\/vi\/?s={search_term_string}"},"query-input":"required name=search_term_string"}],"inLanguage":"vi-VN"}]}},"acf":[],"_links":{"self":[{"href":"https:\/\/www.emeraldbayhotelnhatrang.com\/vi\/wp-json\/wp\/v2\/pages\/151"}],"collection":[{"href":"https:\/\/www.emeraldbayhotelnhatrang.com\/vi\/wp-json\/wp\/v2\/pages"}],"about":[{"href":"https:\/\/www.emeraldbayhotelnhatrang.com\/vi\/wp-json\/wp\/v2\/types\/page"}],"author":[{"embeddable":true,"href":"https:\/\/www.emeraldbayhotelnhatrang.com\/vi\/wp-json\/wp\/v2\/users\/8"}],"replies":[{"embeddable":true,"href":"https:\/\/www.emeraldbayhotelnhatrang.com\/vi\/wp-json\/wp\/v2\/comments?post=151"}],"version-history":[{"count":0,"href":"https:\/\/www.emeraldbayhotelnhatrang.com\/vi\/wp-json\/wp\/v2\/pages\/151\/revisions"}],"up":[{"embeddable":true,"href":"https:\/\/www.emeraldbayhotelnhatrang.com\/vi\/wp-json\/wp\/v2\/pages\/121"}],"wp:featuredmedia":[{"embeddable":true,"href":"https:\/\/www.emeraldbayhotelnhatrang.com\/vi\/wp-json\/wp\/v2\/media\/157"}],"wp:attachment":[{"href":"https:\/\/www.emeraldbayhotelnhatrang.com\/vi\/wp-json\/wp\/v2\/media?parent=151"}],"curies":[{"name":"wp","href":"https:\/\/api.w.org\/{rel}","templated":true}]}}