{"id":145,"date":"2025-12-29T06:24:37","date_gmt":"2025-12-29T06:24:37","guid":{"rendered":"https:\/\/emeraldbayhotelnhatrang.ms2.decms.asia\/?page_id=145"},"modified":"2026-04-02T06:21:05","modified_gmt":"2026-04-02T06:21:05","slug":"kid-club","status":"publish","type":"page","link":"https:\/\/www.emeraldbayhotelnhatrang.com\/vi\/wellness-spa-center\/kid-club\/","title":{"rendered":"C\u00e2u l\u1ea1c b\u1ed9 tr\u1ebb em"},"content":{"rendered":"<p style=\"text-align: center\">Kid Club nh\u1ecf g\u1ecdn, \u0111\u01b0\u1ee3c thi\u1ebft k\u1ebf an to\u00e0n v\u00e0 \u0111\u1ea7y m\u00e0u s\u1eafc, mang \u0111\u1ebfn cho nh\u1eefng v\u1ecb kh\u00e1ch nh\u00ed kho\u1ea3ng th\u1eddi gian vui v\u1ebb v\u00e0 s\u00e1ng t\u1ea1o kh\u00f4ng ng\u1eebng. T\u00fac tr\u1ef1c t\u1ea1i \u0111\u00e2y l\u00e0 \u0111\u1ed9i ng\u0169 nh\u00e2n vi\u00ean th\u00e2n thi\u1ec7n, lu\u00f4n s\u1eb5n s\u00e0ng h\u1ed7 tr\u1ee3, \u0111\u1ea3m b\u1ea3o tr\u1ea3i nghi\u1ec7m vui ch\u01a1i an to\u00e0n v\u00e0 tr\u00e0n ng\u1eadp ti\u1ebfng c\u01b0\u1eddi cho tr\u1ebb.<\/p>\n","protected":false},"excerpt":{"rendered":"<p>Kid Club nh\u1ecf g\u1ecdn, \u0111\u01b0\u1ee3c thi\u1ebft k\u1ebf an to\u00e0n v\u00e0 \u0111\u1ea7y m\u00e0u s\u1eafc, mang \u0111\u1ebfn cho nh\u1eefng v\u1ecb kh\u00e1ch nh\u00ed kho\u1ea3ng th\u1eddi gian vui v\u1ebb v\u00e0 s\u00e1ng t\u1ea1o kh\u00f4ng ng\u1eebng. T\u00fac tr\u1ef1c t\u1ea1i \u0111\u00e2y l\u00e0 \u0111\u1ed9i ng\u0169 nh\u00e2n vi\u00ean th\u00e2n thi\u1ec7n, lu\u00f4n s\u1eb5n s\u00e0ng h\u1ed7 tr\u1ee3, \u0111\u1ea3m b\u1ea3o tr\u1ea3i nghi\u1ec7m vui ch\u01a1i an to\u00e0n v\u00e0 [&hellip;]<\/p>\n","protected":false},"author":8,"featured_media":146,"parent":121,"menu_order":1,"comment_status":"closed","ping_status":"closed","template":"","meta":{"footnotes":""},"yoast_head":"<!-- This site is optimized with the Yoast SEO plugin v22.3 - https:\/\/yoast.com\/wordpress\/plugins\/seo\/ -->\n<title>Kid Club| Emerald Bay Hotel &amp; Spa Nha Trang<\/title>\n<meta name=\"description\" content=\"Kid Club t\u1ea1i Emerald Bay Hotel &amp; Spa Nha Trang l\u00e0 kh\u00f4ng gian vui ch\u01a1i an to\u00e0n, s\u00e1ng t\u1ea1o v\u1edbi nhi\u1ec1u ho\u1ea1t \u0111\u1ed9ng th\u00fa v\u1ecb, gi\u00fap c\u00e1c v\u1ecb kh\u00e1ch nh\u00ed t\u1eadn h\u01b0\u1edfng k\u1ef3 ngh\u1ec9 tr\u1ecdn v\u1eb9n v\u00e0 \u0111\u00e1ng nh\u1edb.\" \/>\n<meta name=\"robots\" content=\"index, follow, max-snippet:-1, max-image-preview:large, max-video-preview:-1\" \/>\n<link rel=\"canonical\" href=\"https:\/\/www.emeraldbayhotelnhatrang.com\/vi\/wellness-spa-center\/kid-club\/\" \/>\n<meta property=\"og:locale\" content=\"vi_VN\" \/>\n<meta property=\"og:type\" content=\"article\" \/>\n<meta property=\"og:title\" content=\"Kid Club| Emerald Bay Hotel &amp; Spa Nha Trang\" \/>\n<meta property=\"og:description\" content=\"Kid Club t\u1ea1i Emerald Bay Hotel &amp; Spa Nha Trang l\u00e0 kh\u00f4ng gian vui ch\u01a1i an to\u00e0n, s\u00e1ng t\u1ea1o v\u1edbi nhi\u1ec1u ho\u1ea1t \u0111\u1ed9ng th\u00fa v\u1ecb, gi\u00fap c\u00e1c v\u1ecb kh\u00e1ch nh\u00ed t\u1eadn h\u01b0\u1edfng k\u1ef3 ngh\u1ec9 tr\u1ecdn v\u1eb9n v\u00e0 \u0111\u00e1ng nh\u1edb.\" \/>\n<meta property=\"og:url\" content=\"https:\/\/www.emeraldbayhotelnhatrang.com\/vi\/wellness-spa-center\/kid-club\/\" \/>\n<meta property=\"og:site_name\" content=\"Emerald Bay Hotel &amp; Spa Nha Trang\" \/>\n<meta property=\"article:modified_time\" content=\"2026-04-02T06:21:05+00:00\" \/>\n<meta property=\"og:image\" content=\"http:\/\/www.emeraldbayhotelnhatrang.com\/wp-content\/uploads\/sites\/145\/2025\/12\/20220916-CHI00003-HDR-Edit.jpg\" \/>\n\t<meta property=\"og:image:width\" content=\"2200\" \/>\n\t<meta property=\"og:image:height\" content=\"1467\" \/>\n\t<meta property=\"og:image:type\" content=\"image\/jpeg\" \/>\n<meta name=\"twitter:card\" content=\"summary_large_image\" \/>\n<meta name=\"twitter:label1\" content=\"Est. reading time\" \/>\n\t<meta name=\"twitter:data1\" content=\"1 minute\" \/>\n<script type=\"application\/ld+json\" class=\"yoast-schema-graph\">{\"@context\":\"https:\/\/schema.org\",\"@graph\":[{\"@type\":\"WebPage\",\"@id\":\"https:\/\/www.emeraldbayhotelnhatrang.com\/vi\/wellness-spa-center\/kid-club\/\",\"url\":\"https:\/\/www.emeraldbayhotelnhatrang.com\/vi\/wellness-spa-center\/kid-club\/\",\"name\":\"Kid Club| Emerald Bay Hotel & Spa Nha Trang\",\"isPartOf\":{\"@id\":\"https:\/\/www.emeraldbayhotelnhatrang.com\/vi\/#website\"},\"primaryImageOfPage\":{\"@id\":\"https:\/\/www.emeraldbayhotelnhatrang.com\/vi\/wellness-spa-center\/kid-club\/#primaryimage\"},\"image\":{\"@id\":\"https:\/\/www.emeraldbayhotelnhatrang.com\/vi\/wellness-spa-center\/kid-club\/#primaryimage\"},\"thumbnailUrl\":\"https:\/\/www.emeraldbayhotelnhatrang.com\/wp-content\/uploads\/sites\/145\/2025\/12\/20220916-CHI00003-HDR-Edit.jpg\",\"datePublished\":\"2025-12-29T06:24:37+00:00\",\"dateModified\":\"2026-04-02T06:21:05+00:00\",\"description\":\"Kid Club t\u1ea1i Emerald Bay Hotel & Spa Nha Trang l\u00e0 kh\u00f4ng gian vui ch\u01a1i an to\u00e0n, s\u00e1ng t\u1ea1o v\u1edbi nhi\u1ec1u ho\u1ea1t \u0111\u1ed9ng th\u00fa v\u1ecb, gi\u00fap c\u00e1c v\u1ecb kh\u00e1ch nh\u00ed t\u1eadn h\u01b0\u1edfng k\u1ef3 ngh\u1ec9 tr\u1ecdn v\u1eb9n v\u00e0 \u0111\u00e1ng nh\u1edb.\",\"breadcrumb\":{\"@id\":\"https:\/\/www.emeraldbayhotelnhatrang.com\/vi\/wellness-spa-center\/kid-club\/#breadcrumb\"},\"inLanguage\":\"vi-VN\",\"potentialAction\":[{\"@type\":\"ReadAction\",\"target\":[\"https:\/\/www.emeraldbayhotelnhatrang.com\/vi\/wellness-spa-center\/kid-club\/\"]}]},{\"@type\":\"ImageObject\",\"inLanguage\":\"vi-VN\",\"@id\":\"https:\/\/www.emeraldbayhotelnhatrang.com\/vi\/wellness-spa-center\/kid-club\/#primaryimage\",\"url\":\"https:\/\/www.emeraldbayhotelnhatrang.com\/wp-content\/uploads\/sites\/145\/2025\/12\/20220916-CHI00003-HDR-Edit.jpg\",\"contentUrl\":\"https:\/\/www.emeraldbayhotelnhatrang.com\/wp-content\/uploads\/sites\/145\/2025\/12\/20220916-CHI00003-HDR-Edit.jpg\",\"width\":2200,\"height\":1467},{\"@type\":\"BreadcrumbList\",\"@id\":\"https:\/\/www.emeraldbayhotelnhatrang.com\/vi\/wellness-spa-center\/kid-club\/#breadcrumb\",\"itemListElement\":[{\"@type\":\"ListItem\",\"position\":1,\"name\":\"Home\",\"item\":\"https:\/\/www.emeraldbayhotelnhatrang.com\/vi\/\"},{\"@type\":\"ListItem\",\"position\":2,\"name\":\"Ch\u0103m s\u00f3c s\u1ee9c kho\u1ebb &#038; Spa\",\"item\":\"https:\/\/www.emeraldbayhotelnhatrang.com\/vi\/wellness-spa-center\/\"},{\"@type\":\"ListItem\",\"position\":3,\"name\":\"C\u00e2u l\u1ea1c b\u1ed9 tr\u1ebb em\"}]},{\"@type\":\"WebSite\",\"@id\":\"https:\/\/www.emeraldbayhotelnhatrang.com\/vi\/#website\",\"url\":\"https:\/\/www.emeraldbayhotelnhatrang.com\/vi\/\",\"name\":\"Emerald Bay Hotel &amp; Spa Nha Trang\",\"description\":\"\",\"potentialAction\":[{\"@type\":\"SearchAction\",\"target\":{\"@type\":\"EntryPoint\",\"urlTemplate\":\"https:\/\/www.emeraldbayhotelnhatrang.com\/vi\/?s={search_term_string}\"},\"query-input\":\"required name=search_term_string\"}],\"inLanguage\":\"vi-VN\"}]}<\/script>\n<!-- \/ Yoast SEO plugin. -->","yoast_head_json":{"title":"Kid Club| Emerald Bay Hotel & Spa Nha Trang","description":"Kid Club t\u1ea1i Emerald Bay Hotel & Spa Nha Trang l\u00e0 kh\u00f4ng gian vui ch\u01a1i an to\u00e0n, s\u00e1ng t\u1ea1o v\u1edbi nhi\u1ec1u ho\u1ea1t \u0111\u1ed9ng th\u00fa v\u1ecb, gi\u00fap c\u00e1c v\u1ecb kh\u00e1ch nh\u00ed t\u1eadn h\u01b0\u1edfng k\u1ef3 ngh\u1ec9 tr\u1ecdn v\u1eb9n v\u00e0 \u0111\u00e1ng nh\u1edb.","robots":{"index":"index","follow":"follow","max-snippet":"max-snippet:-1","max-image-preview":"max-image-preview:large","max-video-preview":"max-video-preview:-1"},"canonical":"https:\/\/www.emeraldbayhotelnhatrang.com\/vi\/wellness-spa-center\/kid-club\/","og_locale":"vi_VN","og_type":"article","og_title":"Kid Club| Emerald Bay Hotel & Spa Nha Trang","og_description":"Kid Club t\u1ea1i Emerald Bay Hotel & Spa Nha Trang l\u00e0 kh\u00f4ng gian vui ch\u01a1i an to\u00e0n, s\u00e1ng t\u1ea1o v\u1edbi nhi\u1ec1u ho\u1ea1t \u0111\u1ed9ng th\u00fa v\u1ecb, gi\u00fap c\u00e1c v\u1ecb kh\u00e1ch nh\u00ed t\u1eadn h\u01b0\u1edfng k\u1ef3 ngh\u1ec9 tr\u1ecdn v\u1eb9n v\u00e0 \u0111\u00e1ng nh\u1edb.","og_url":"https:\/\/www.emeraldbayhotelnhatrang.com\/vi\/wellness-spa-center\/kid-club\/","og_site_name":"Emerald Bay Hotel &amp; Spa Nha Trang","article_modified_time":"2026-04-02T06:21:05+00:00","og_image":[{"width":2200,"height":1467,"url":"http:\/\/www.emeraldbayhotelnhatrang.com\/wp-content\/uploads\/sites\/145\/2025\/12\/20220916-CHI00003-HDR-Edit.jpg","type":"image\/jpeg"}],"twitter_card":"summary_large_image","twitter_misc":{"Est. reading time":"1 minute"},"schema":{"@context":"https:\/\/schema.org","@graph":[{"@type":"WebPage","@id":"https:\/\/www.emeraldbayhotelnhatrang.com\/vi\/wellness-spa-center\/kid-club\/","url":"https:\/\/www.emeraldbayhotelnhatrang.com\/vi\/wellness-spa-center\/kid-club\/","name":"Kid Club| Emerald Bay Hotel & Spa Nha Trang","isPartOf":{"@id":"https:\/\/www.emeraldbayhotelnhatrang.com\/vi\/#website"},"primaryImageOfPage":{"@id":"https:\/\/www.emeraldbayhotelnhatrang.com\/vi\/wellness-spa-center\/kid-club\/#primaryimage"},"image":{"@id":"https:\/\/www.emeraldbayhotelnhatrang.com\/vi\/wellness-spa-center\/kid-club\/#primaryimage"},"thumbnailUrl":"https:\/\/www.emeraldbayhotelnhatrang.com\/wp-content\/uploads\/sites\/145\/2025\/12\/20220916-CHI00003-HDR-Edit.jpg","datePublished":"2025-12-29T06:24:37+00:00","dateModified":"2026-04-02T06:21:05+00:00","description":"Kid Club t\u1ea1i Emerald Bay Hotel & Spa Nha Trang l\u00e0 kh\u00f4ng gian vui ch\u01a1i an to\u00e0n, s\u00e1ng t\u1ea1o v\u1edbi nhi\u1ec1u ho\u1ea1t \u0111\u1ed9ng th\u00fa v\u1ecb, gi\u00fap c\u00e1c v\u1ecb kh\u00e1ch nh\u00ed t\u1eadn h\u01b0\u1edfng k\u1ef3 ngh\u1ec9 tr\u1ecdn v\u1eb9n v\u00e0 \u0111\u00e1ng nh\u1edb.","breadcrumb":{"@id":"https:\/\/www.emeraldbayhotelnhatrang.com\/vi\/wellness-spa-center\/kid-club\/#breadcrumb"},"inLanguage":"vi-VN","potentialAction":[{"@type":"ReadAction","target":["https:\/\/www.emeraldbayhotelnhatrang.com\/vi\/wellness-spa-center\/kid-club\/"]}]},{"@type":"ImageObject","inLanguage":"vi-VN","@id":"https:\/\/www.emeraldbayhotelnhatrang.com\/vi\/wellness-spa-center\/kid-club\/#primaryimage","url":"https:\/\/www.emeraldbayhotelnhatrang.com\/wp-content\/uploads\/sites\/145\/2025\/12\/20220916-CHI00003-HDR-Edit.jpg","contentUrl":"https:\/\/www.emeraldbayhotelnhatrang.com\/wp-content\/uploads\/sites\/145\/2025\/12\/20220916-CHI00003-HDR-Edit.jpg","width":2200,"height":1467},{"@type":"BreadcrumbList","@id":"https:\/\/www.emeraldbayhotelnhatrang.com\/vi\/wellness-spa-center\/kid-club\/#breadcrumb","itemListElement":[{"@type":"ListItem","position":1,"name":"Home","item":"https:\/\/www.emeraldbayhotelnhatrang.com\/vi\/"},{"@type":"ListItem","position":2,"name":"Ch\u0103m s\u00f3c s\u1ee9c kho\u1ebb &#038; Spa","item":"https:\/\/www.emeraldbayhotelnhatrang.com\/vi\/wellness-spa-center\/"},{"@type":"ListItem","position":3,"name":"C\u00e2u l\u1ea1c b\u1ed9 tr\u1ebb em"}]},{"@type":"WebSite","@id":"https:\/\/www.emeraldbayhotelnhatrang.com\/vi\/#website","url":"https:\/\/www.emeraldbayhotelnhatrang.com\/vi\/","name":"Emerald Bay Hotel &amp; Spa Nha Trang","description":"","potentialAction":[{"@type":"SearchAction","target":{"@type":"EntryPoint","urlTemplate":"https:\/\/www.emeraldbayhotelnhatrang.com\/vi\/?s={search_term_string}"},"query-input":"required name=search_term_string"}],"inLanguage":"vi-VN"}]}},"acf":[],"_links":{"self":[{"href":"https:\/\/www.emeraldbayhotelnhatrang.com\/vi\/wp-json\/wp\/v2\/pages\/145"}],"collection":[{"href":"https:\/\/www.emeraldbayhotelnhatrang.com\/vi\/wp-json\/wp\/v2\/pages"}],"about":[{"href":"https:\/\/www.emeraldbayhotelnhatrang.com\/vi\/wp-json\/wp\/v2\/types\/page"}],"author":[{"embeddable":true,"href":"https:\/\/www.emeraldbayhotelnhatrang.com\/vi\/wp-json\/wp\/v2\/users\/8"}],"replies":[{"embeddable":true,"href":"https:\/\/www.emeraldbayhotelnhatrang.com\/vi\/wp-json\/wp\/v2\/comments?post=145"}],"version-history":[{"count":0,"href":"https:\/\/www.emeraldbayhotelnhatrang.com\/vi\/wp-json\/wp\/v2\/pages\/145\/revisions"}],"up":[{"embeddable":true,"href":"https:\/\/www.emeraldbayhotelnhatrang.com\/vi\/wp-json\/wp\/v2\/pages\/121"}],"wp:featuredmedia":[{"embeddable":true,"href":"https:\/\/www.emeraldbayhotelnhatrang.com\/vi\/wp-json\/wp\/v2\/media\/146"}],"wp:attachment":[{"href":"https:\/\/www.emeraldbayhotelnhatrang.com\/vi\/wp-json\/wp\/v2\/media?parent=145"}],"curies":[{"name":"wp","href":"https:\/\/api.w.org\/{rel}","templated":true}]}}