{"id":138,"date":"2025-12-29T06:16:17","date_gmt":"2025-12-29T06:16:17","guid":{"rendered":"https:\/\/emeraldbayhotelnhatrang.ms2.decms.asia\/?page_id=138"},"modified":"2025-12-29T06:34:12","modified_gmt":"2025-12-29T06:34:12","slug":"private-beach","status":"publish","type":"page","link":"https:\/\/www.emeraldbayhotelnhatrang.com\/vi\/wellness-spa-center\/private-beach\/","title":{"rendered":"B\u00e3i bi\u1ec3n ri\u00eang"},"content":{"rendered":"<p>T\u1eadn h\u01b0\u1edfng kho\u1ea3ng kh\u1eafc th\u01b0 th\u00e1i tuy\u1ec7t \u0111\u1ed1i t\u1ea1i b\u00e3i bi\u1ec3n ri\u00eang c\u1ee7a Emerald Bay Hotel &#038; Spa Nha Trang, n\u01a1i l\u00e0n n\u01b0\u1edbc trong xanh v\u00e0 b\u1edd c\u00e1t m\u1ecbn m\u00e0ng h\u00f2a quy\u1ec7n trong kh\u00f4ng gian y\u00ean t\u0129nh \u0111\u1ea7y cu\u1ed1n h\u00fat. \u0110\u00e2y l\u00e0 \u0111i\u1ec3m d\u1eebng ch\u00e2n l\u00fd t\u01b0\u1edfng \u0111\u1ec3 qu\u00fd kh\u00e1ch th\u1ea3 m\u00ecnh gi\u1eefa thi\u00ean nhi\u00ean, c\u1ea3m nh\u1eadn nh\u1ecbp th\u1edf d\u1ecbu \u00eam c\u1ee7a bi\u1ec3n c\u1ea3. <\/p>\n<p>B\u00e3i bi\u1ec3n ri\u00eang c\u1ee7a kh\u00e1ch s\u1ea1n mi\u1ec5n ph\u00ed cho kh\u00e1ch l\u01b0u tr\u00fa.<\/p>\n","protected":false},"excerpt":{"rendered":"<p>T\u1eadn h\u01b0\u1edfng kho\u1ea3ng kh\u1eafc th\u01b0 th\u00e1i tuy\u1ec7t \u0111\u1ed1i t\u1ea1i b\u00e3i bi\u1ec3n ri\u00eang c\u1ee7a Emerald Bay Hotel &#038; Spa Nha Trang, n\u01a1i l\u00e0n n\u01b0\u1edbc trong xanh v\u00e0 b\u1edd c\u00e1t m\u1ecbn m\u00e0ng h\u00f2a quy\u1ec7n trong kh\u00f4ng gian y\u00ean t\u0129nh \u0111\u1ea7y cu\u1ed1n h\u00fat. \u0110\u00e2y l\u00e0 \u0111i\u1ec3m d\u1eebng ch\u00e2n l\u00fd t\u01b0\u1edfng \u0111\u1ec3 qu\u00fd kh\u00e1ch th\u1ea3 m\u00ecnh gi\u1eefa thi\u00ean nhi\u00ean, [&hellip;]<\/p>\n","protected":false},"author":8,"featured_media":144,"parent":121,"menu_order":0,"comment_status":"closed","ping_status":"closed","template":"","meta":{"footnotes":""},"yoast_head":"<!-- This site is optimized with the Yoast SEO plugin v22.3 - https:\/\/yoast.com\/wordpress\/plugins\/seo\/ -->\n<title>Private Beach| Emerald Bay Hotel &amp; Spa Nha Trang<\/title>\n<meta name=\"description\" content=\"B\u00e3i bi\u1ec3n ri\u00eang t\u1ea1i Emerald Bay Hotel &amp; Spa Nha Trang mang \u0111\u1ebfn kh\u00f4ng gian y\u00ean b\u00ecnh v\u00e0 ri\u00eang t\u01b0, n\u01a1i qu\u00fd kh\u00e1ch th\u01b0 gi\u00e3n, t\u1eafm n\u1eafng v\u00e0 t\u1eadn h\u01b0\u1edfng v\u1ebb \u0111\u1eb9p bi\u1ec3n xanh tuy\u1ec7t m\u1ef9.\" \/>\n<meta name=\"robots\" content=\"index, follow, max-snippet:-1, max-image-preview:large, max-video-preview:-1\" \/>\n<link rel=\"canonical\" href=\"https:\/\/www.emeraldbayhotelnhatrang.com\/vi\/wellness-spa-center\/private-beach\/\" \/>\n<meta property=\"og:locale\" content=\"vi_VN\" \/>\n<meta property=\"og:type\" content=\"article\" \/>\n<meta property=\"og:title\" content=\"Private Beach| Emerald Bay Hotel &amp; Spa Nha Trang\" \/>\n<meta property=\"og:description\" content=\"B\u00e3i bi\u1ec3n ri\u00eang t\u1ea1i Emerald Bay Hotel &amp; Spa Nha Trang mang \u0111\u1ebfn kh\u00f4ng gian y\u00ean b\u00ecnh v\u00e0 ri\u00eang t\u01b0, n\u01a1i qu\u00fd kh\u00e1ch th\u01b0 gi\u00e3n, t\u1eafm n\u1eafng v\u00e0 t\u1eadn h\u01b0\u1edfng v\u1ebb \u0111\u1eb9p bi\u1ec3n xanh tuy\u1ec7t m\u1ef9.\" \/>\n<meta property=\"og:url\" content=\"https:\/\/www.emeraldbayhotelnhatrang.com\/vi\/wellness-spa-center\/private-beach\/\" \/>\n<meta property=\"og:site_name\" content=\"Emerald Bay Hotel &amp; Spa Nha Trang\" \/>\n<meta property=\"article:modified_time\" content=\"2025-12-29T06:34:12+00:00\" \/>\n<meta property=\"og:image\" content=\"https:\/\/www.emeraldbayhotelnhatrang.com\/wp-content\/uploads\/sites\/145\/2025\/12\/2.jpg\" \/>\n\t<meta property=\"og:image:width\" content=\"2200\" \/>\n\t<meta property=\"og:image:height\" content=\"1243\" \/>\n\t<meta property=\"og:image:type\" content=\"image\/jpeg\" \/>\n<meta name=\"twitter:card\" content=\"summary_large_image\" \/>\n<meta name=\"twitter:label1\" content=\"Est. reading time\" \/>\n\t<meta name=\"twitter:data1\" content=\"1 minute\" \/>\n<script type=\"application\/ld+json\" class=\"yoast-schema-graph\">{\"@context\":\"https:\/\/schema.org\",\"@graph\":[{\"@type\":\"WebPage\",\"@id\":\"https:\/\/www.emeraldbayhotelnhatrang.com\/vi\/wellness-spa-center\/private-beach\/\",\"url\":\"https:\/\/www.emeraldbayhotelnhatrang.com\/vi\/wellness-spa-center\/private-beach\/\",\"name\":\"Private Beach| Emerald Bay Hotel & Spa Nha Trang\",\"isPartOf\":{\"@id\":\"https:\/\/www.emeraldbayhotelnhatrang.com\/vi\/#website\"},\"primaryImageOfPage\":{\"@id\":\"https:\/\/www.emeraldbayhotelnhatrang.com\/vi\/wellness-spa-center\/private-beach\/#primaryimage\"},\"image\":{\"@id\":\"https:\/\/www.emeraldbayhotelnhatrang.com\/vi\/wellness-spa-center\/private-beach\/#primaryimage\"},\"thumbnailUrl\":\"https:\/\/www.emeraldbayhotelnhatrang.com\/wp-content\/uploads\/sites\/145\/2025\/12\/2.jpg\",\"datePublished\":\"2025-12-29T06:16:17+00:00\",\"dateModified\":\"2025-12-29T06:34:12+00:00\",\"description\":\"B\u00e3i bi\u1ec3n ri\u00eang t\u1ea1i Emerald Bay Hotel & Spa Nha Trang mang \u0111\u1ebfn kh\u00f4ng gian y\u00ean b\u00ecnh v\u00e0 ri\u00eang t\u01b0, n\u01a1i qu\u00fd kh\u00e1ch th\u01b0 gi\u00e3n, t\u1eafm n\u1eafng v\u00e0 t\u1eadn h\u01b0\u1edfng v\u1ebb \u0111\u1eb9p bi\u1ec3n xanh tuy\u1ec7t m\u1ef9.\",\"breadcrumb\":{\"@id\":\"https:\/\/www.emeraldbayhotelnhatrang.com\/vi\/wellness-spa-center\/private-beach\/#breadcrumb\"},\"inLanguage\":\"vi-VN\",\"potentialAction\":[{\"@type\":\"ReadAction\",\"target\":[\"https:\/\/www.emeraldbayhotelnhatrang.com\/vi\/wellness-spa-center\/private-beach\/\"]}]},{\"@type\":\"ImageObject\",\"inLanguage\":\"vi-VN\",\"@id\":\"https:\/\/www.emeraldbayhotelnhatrang.com\/vi\/wellness-spa-center\/private-beach\/#primaryimage\",\"url\":\"https:\/\/www.emeraldbayhotelnhatrang.com\/wp-content\/uploads\/sites\/145\/2025\/12\/2.jpg\",\"contentUrl\":\"https:\/\/www.emeraldbayhotelnhatrang.com\/wp-content\/uploads\/sites\/145\/2025\/12\/2.jpg\",\"width\":2200,\"height\":1243},{\"@type\":\"BreadcrumbList\",\"@id\":\"https:\/\/www.emeraldbayhotelnhatrang.com\/vi\/wellness-spa-center\/private-beach\/#breadcrumb\",\"itemListElement\":[{\"@type\":\"ListItem\",\"position\":1,\"name\":\"Home\",\"item\":\"https:\/\/www.emeraldbayhotelnhatrang.com\/vi\/\"},{\"@type\":\"ListItem\",\"position\":2,\"name\":\"Ch\u0103m s\u00f3c s\u1ee9c kho\u1ebb &#038; Spa\",\"item\":\"https:\/\/www.emeraldbayhotelnhatrang.com\/vi\/wellness-spa-center\/\"},{\"@type\":\"ListItem\",\"position\":3,\"name\":\"B\u00e3i bi\u1ec3n ri\u00eang\"}]},{\"@type\":\"WebSite\",\"@id\":\"https:\/\/www.emeraldbayhotelnhatrang.com\/vi\/#website\",\"url\":\"https:\/\/www.emeraldbayhotelnhatrang.com\/vi\/\",\"name\":\"Emerald Bay Hotel &amp; Spa Nha Trang\",\"description\":\"\",\"potentialAction\":[{\"@type\":\"SearchAction\",\"target\":{\"@type\":\"EntryPoint\",\"urlTemplate\":\"https:\/\/www.emeraldbayhotelnhatrang.com\/vi\/?s={search_term_string}\"},\"query-input\":\"required name=search_term_string\"}],\"inLanguage\":\"vi-VN\"}]}<\/script>\n<!-- \/ Yoast SEO plugin. -->","yoast_head_json":{"title":"Private Beach| Emerald Bay Hotel & Spa Nha Trang","description":"B\u00e3i bi\u1ec3n ri\u00eang t\u1ea1i Emerald Bay Hotel & Spa Nha Trang mang \u0111\u1ebfn kh\u00f4ng gian y\u00ean b\u00ecnh v\u00e0 ri\u00eang t\u01b0, n\u01a1i qu\u00fd kh\u00e1ch th\u01b0 gi\u00e3n, t\u1eafm n\u1eafng v\u00e0 t\u1eadn h\u01b0\u1edfng v\u1ebb \u0111\u1eb9p bi\u1ec3n xanh tuy\u1ec7t m\u1ef9.","robots":{"index":"index","follow":"follow","max-snippet":"max-snippet:-1","max-image-preview":"max-image-preview:large","max-video-preview":"max-video-preview:-1"},"canonical":"https:\/\/www.emeraldbayhotelnhatrang.com\/vi\/wellness-spa-center\/private-beach\/","og_locale":"vi_VN","og_type":"article","og_title":"Private Beach| Emerald Bay Hotel & Spa Nha Trang","og_description":"B\u00e3i bi\u1ec3n ri\u00eang t\u1ea1i Emerald Bay Hotel & Spa Nha Trang mang \u0111\u1ebfn kh\u00f4ng gian y\u00ean b\u00ecnh v\u00e0 ri\u00eang t\u01b0, n\u01a1i qu\u00fd kh\u00e1ch th\u01b0 gi\u00e3n, t\u1eafm n\u1eafng v\u00e0 t\u1eadn h\u01b0\u1edfng v\u1ebb \u0111\u1eb9p bi\u1ec3n xanh tuy\u1ec7t m\u1ef9.","og_url":"https:\/\/www.emeraldbayhotelnhatrang.com\/vi\/wellness-spa-center\/private-beach\/","og_site_name":"Emerald Bay Hotel &amp; Spa Nha Trang","article_modified_time":"2025-12-29T06:34:12+00:00","og_image":[{"width":2200,"height":1243,"url":"https:\/\/www.emeraldbayhotelnhatrang.com\/wp-content\/uploads\/sites\/145\/2025\/12\/2.jpg","type":"image\/jpeg"}],"twitter_card":"summary_large_image","twitter_misc":{"Est. reading time":"1 minute"},"schema":{"@context":"https:\/\/schema.org","@graph":[{"@type":"WebPage","@id":"https:\/\/www.emeraldbayhotelnhatrang.com\/vi\/wellness-spa-center\/private-beach\/","url":"https:\/\/www.emeraldbayhotelnhatrang.com\/vi\/wellness-spa-center\/private-beach\/","name":"Private Beach| Emerald Bay Hotel & Spa Nha Trang","isPartOf":{"@id":"https:\/\/www.emeraldbayhotelnhatrang.com\/vi\/#website"},"primaryImageOfPage":{"@id":"https:\/\/www.emeraldbayhotelnhatrang.com\/vi\/wellness-spa-center\/private-beach\/#primaryimage"},"image":{"@id":"https:\/\/www.emeraldbayhotelnhatrang.com\/vi\/wellness-spa-center\/private-beach\/#primaryimage"},"thumbnailUrl":"https:\/\/www.emeraldbayhotelnhatrang.com\/wp-content\/uploads\/sites\/145\/2025\/12\/2.jpg","datePublished":"2025-12-29T06:16:17+00:00","dateModified":"2025-12-29T06:34:12+00:00","description":"B\u00e3i bi\u1ec3n ri\u00eang t\u1ea1i Emerald Bay Hotel & Spa Nha Trang mang \u0111\u1ebfn kh\u00f4ng gian y\u00ean b\u00ecnh v\u00e0 ri\u00eang t\u01b0, n\u01a1i qu\u00fd kh\u00e1ch th\u01b0 gi\u00e3n, t\u1eafm n\u1eafng v\u00e0 t\u1eadn h\u01b0\u1edfng v\u1ebb \u0111\u1eb9p bi\u1ec3n xanh tuy\u1ec7t m\u1ef9.","breadcrumb":{"@id":"https:\/\/www.emeraldbayhotelnhatrang.com\/vi\/wellness-spa-center\/private-beach\/#breadcrumb"},"inLanguage":"vi-VN","potentialAction":[{"@type":"ReadAction","target":["https:\/\/www.emeraldbayhotelnhatrang.com\/vi\/wellness-spa-center\/private-beach\/"]}]},{"@type":"ImageObject","inLanguage":"vi-VN","@id":"https:\/\/www.emeraldbayhotelnhatrang.com\/vi\/wellness-spa-center\/private-beach\/#primaryimage","url":"https:\/\/www.emeraldbayhotelnhatrang.com\/wp-content\/uploads\/sites\/145\/2025\/12\/2.jpg","contentUrl":"https:\/\/www.emeraldbayhotelnhatrang.com\/wp-content\/uploads\/sites\/145\/2025\/12\/2.jpg","width":2200,"height":1243},{"@type":"BreadcrumbList","@id":"https:\/\/www.emeraldbayhotelnhatrang.com\/vi\/wellness-spa-center\/private-beach\/#breadcrumb","itemListElement":[{"@type":"ListItem","position":1,"name":"Home","item":"https:\/\/www.emeraldbayhotelnhatrang.com\/vi\/"},{"@type":"ListItem","position":2,"name":"Ch\u0103m s\u00f3c s\u1ee9c kho\u1ebb &#038; Spa","item":"https:\/\/www.emeraldbayhotelnhatrang.com\/vi\/wellness-spa-center\/"},{"@type":"ListItem","position":3,"name":"B\u00e3i bi\u1ec3n ri\u00eang"}]},{"@type":"WebSite","@id":"https:\/\/www.emeraldbayhotelnhatrang.com\/vi\/#website","url":"https:\/\/www.emeraldbayhotelnhatrang.com\/vi\/","name":"Emerald Bay Hotel &amp; Spa Nha Trang","description":"","potentialAction":[{"@type":"SearchAction","target":{"@type":"EntryPoint","urlTemplate":"https:\/\/www.emeraldbayhotelnhatrang.com\/vi\/?s={search_term_string}"},"query-input":"required name=search_term_string"}],"inLanguage":"vi-VN"}]}},"acf":[],"_links":{"self":[{"href":"https:\/\/www.emeraldbayhotelnhatrang.com\/vi\/wp-json\/wp\/v2\/pages\/138"}],"collection":[{"href":"https:\/\/www.emeraldbayhotelnhatrang.com\/vi\/wp-json\/wp\/v2\/pages"}],"about":[{"href":"https:\/\/www.emeraldbayhotelnhatrang.com\/vi\/wp-json\/wp\/v2\/types\/page"}],"author":[{"embeddable":true,"href":"https:\/\/www.emeraldbayhotelnhatrang.com\/vi\/wp-json\/wp\/v2\/users\/8"}],"replies":[{"embeddable":true,"href":"https:\/\/www.emeraldbayhotelnhatrang.com\/vi\/wp-json\/wp\/v2\/comments?post=138"}],"version-history":[{"count":0,"href":"https:\/\/www.emeraldbayhotelnhatrang.com\/vi\/wp-json\/wp\/v2\/pages\/138\/revisions"}],"up":[{"embeddable":true,"href":"https:\/\/www.emeraldbayhotelnhatrang.com\/vi\/wp-json\/wp\/v2\/pages\/121"}],"wp:featuredmedia":[{"embeddable":true,"href":"https:\/\/www.emeraldbayhotelnhatrang.com\/vi\/wp-json\/wp\/v2\/media\/144"}],"wp:attachment":[{"href":"https:\/\/www.emeraldbayhotelnhatrang.com\/vi\/wp-json\/wp\/v2\/media?parent=138"}],"curies":[{"name":"wp","href":"https:\/\/api.w.org\/{rel}","templated":true}]}}