{"id":131,"date":"2025-12-26T09:07:05","date_gmt":"2025-12-26T09:07:05","guid":{"rendered":"https:\/\/emeraldbayhotelnhatrang.ms2.decms.asia\/?page_id=131"},"modified":"2026-04-02T07:24:57","modified_gmt":"2026-04-02T07:24:57","slug":"fitness-center","status":"publish","type":"page","link":"https:\/\/www.emeraldbayhotelnhatrang.com\/vi\/wellness-spa-center\/fitness-center\/","title":{"rendered":"Ph\u00f2ng GYM"},"content":{"rendered":"<p style=\"text-align: center\">Trung t\u00e2m th\u1ec3 h\u00ecnh \u0111\u01b0\u1ee3c trang b\u1ecb \u0111\u1ea7y \u0111\u1ee7 ti\u1ec7n nghi, \u0111\u00e1p \u1ee9ng m\u1ecdi nhu c\u1ea7u r\u00e8n luy\u1ec7n th\u1ec3 l\u1ef1c c\u1ee7a qu\u00fd kh\u00e1ch. Kh\u00f4ng gian t\u1eadp \u0111\u01b0\u1ee3c b\u1ed1 tr\u00ed khoa h\u1ecdc v\u1edbi h\u1ec7 th\u1ed1ng m\u00e1y ch\u1ea1y b\u1ed9, xe \u0111\u1ea1p t\u1eadp, t\u1ea1 r\u1eddi v\u00e0 c\u00e1c thi\u1ebft b\u1ecb h\u1ed7 tr\u1ee3 hi\u1ec7n \u0111\u1ea1i, ph\u00f9 h\u1ee3p cho c\u1ea3 luy\u1ec7n t\u1eadp c\u01b0\u1eddng \u0111\u1ed9 cao l\u1eabn kh\u1edfi \u0111\u1ed9ng nh\u1eb9 nh\u00e0ng.<\/p>\n<p style=\"text-align: center\">Ph\u00f2ng t\u1eadp \u1edf t\u1ea7ng 28 v\u1edbi t\u1ea7m nh\u00ecn h\u01b0\u1edbng th\u00e0nh ph\u1ed1, s\u1ebd gi\u00fap b\u1ea1n c\u00f3 m\u1ed9t tr\u1ea3i nghi\u1ec7m t\u1eadp luy\u1ec7n th\u1ec3 h\u00ecnh th\u00fa v\u1ecb v\u00e0 th\u01b0 gi\u00e3n. \u0110\u1ed9i ng\u0169 nh\u00e2n vi\u00ean lu\u00f4n s\u1eb5n s\u00e0ng h\u1ed7 tr\u1ee3 k\u1ef9 thu\u1eadt v\u00e0 \u0111\u1ea3m b\u1ea3o m\u00f4i tr\u01b0\u1eddng t\u1eadp luy\u1ec7n an to\u00e0n, hi\u1ec7u qu\u1ea3.<\/p>\n<p style=\"text-align: center\">\n","protected":false},"excerpt":{"rendered":"<p>Trung t\u00e2m th\u1ec3 h\u00ecnh \u0111\u01b0\u1ee3c trang b\u1ecb \u0111\u1ea7y \u0111\u1ee7 ti\u1ec7n nghi, \u0111\u00e1p \u1ee9ng m\u1ecdi nhu c\u1ea7u r\u00e8n luy\u1ec7n th\u1ec3 l\u1ef1c c\u1ee7a qu\u00fd kh\u00e1ch. Kh\u00f4ng gian t\u1eadp \u0111\u01b0\u1ee3c b\u1ed1 tr\u00ed khoa h\u1ecdc v\u1edbi h\u1ec7 th\u1ed1ng m\u00e1y ch\u1ea1y b\u1ed9, xe \u0111\u1ea1p t\u1eadp, t\u1ea1 r\u1eddi v\u00e0 c\u00e1c thi\u1ebft b\u1ecb h\u1ed7 tr\u1ee3 hi\u1ec7n \u0111\u1ea1i, ph\u00f9 h\u1ee3p cho c\u1ea3 luy\u1ec7n [&hellip;]<\/p>\n","protected":false},"author":8,"featured_media":132,"parent":121,"menu_order":3,"comment_status":"closed","ping_status":"closed","template":"","meta":{"footnotes":""},"yoast_head":"<!-- This site is optimized with the Yoast SEO plugin v22.3 - https:\/\/yoast.com\/wordpress\/plugins\/seo\/ -->\n<title>GYM| Emerald Bay Hotel &amp; Spa Nha Trang<\/title>\n<meta name=\"description\" content=\"Ph\u00f2ng Gym t\u1ea1i Emerald Bay Hotel &amp; Spa Nha Trang \u0111\u01b0\u1ee3c trang b\u1ecb hi\u1ec7n \u0111\u1ea1i, mang \u0111\u1ebfn kh\u00f4ng gian luy\u1ec7n t\u1eadp ti\u1ec7n nghi gi\u00fap qu\u00fd kh\u00e1ch duy tr\u00ec phong \u0111\u1ed9 v\u00e0 s\u1ee9c kh\u1ecfe trong k\u1ef3 ngh\u1ec9.\" \/>\n<meta name=\"robots\" content=\"index, follow, max-snippet:-1, max-image-preview:large, max-video-preview:-1\" \/>\n<link rel=\"canonical\" href=\"https:\/\/www.emeraldbayhotelnhatrang.com\/vi\/wellness-spa-center\/fitness-center\/\" \/>\n<meta property=\"og:locale\" content=\"vi_VN\" \/>\n<meta property=\"og:type\" content=\"article\" \/>\n<meta property=\"og:title\" content=\"GYM| Emerald Bay Hotel &amp; Spa Nha Trang\" \/>\n<meta property=\"og:description\" content=\"Ph\u00f2ng Gym t\u1ea1i Emerald Bay Hotel &amp; Spa Nha Trang \u0111\u01b0\u1ee3c trang b\u1ecb hi\u1ec7n \u0111\u1ea1i, mang \u0111\u1ebfn kh\u00f4ng gian luy\u1ec7n t\u1eadp ti\u1ec7n nghi gi\u00fap qu\u00fd kh\u00e1ch duy tr\u00ec phong \u0111\u1ed9 v\u00e0 s\u1ee9c kh\u1ecfe trong k\u1ef3 ngh\u1ec9.\" \/>\n<meta property=\"og:url\" content=\"https:\/\/www.emeraldbayhotelnhatrang.com\/vi\/wellness-spa-center\/fitness-center\/\" \/>\n<meta property=\"og:site_name\" content=\"Emerald Bay Hotel &amp; Spa Nha Trang\" \/>\n<meta property=\"article:modified_time\" content=\"2026-04-02T07:24:57+00:00\" \/>\n<meta property=\"og:image\" content=\"http:\/\/www.emeraldbayhotelnhatrang.com\/wp-content\/uploads\/sites\/145\/2025\/12\/Emerald-3-2.jpg\" \/>\n\t<meta property=\"og:image:width\" content=\"2200\" \/>\n\t<meta property=\"og:image:height\" content=\"1522\" \/>\n\t<meta property=\"og:image:type\" content=\"image\/jpeg\" \/>\n<meta name=\"twitter:card\" content=\"summary_large_image\" \/>\n<meta name=\"twitter:label1\" content=\"Est. reading time\" \/>\n\t<meta name=\"twitter:data1\" content=\"1 minute\" \/>\n<script type=\"application\/ld+json\" class=\"yoast-schema-graph\">{\"@context\":\"https:\/\/schema.org\",\"@graph\":[{\"@type\":\"WebPage\",\"@id\":\"https:\/\/www.emeraldbayhotelnhatrang.com\/vi\/wellness-spa-center\/fitness-center\/\",\"url\":\"https:\/\/www.emeraldbayhotelnhatrang.com\/vi\/wellness-spa-center\/fitness-center\/\",\"name\":\"GYM| Emerald Bay Hotel & Spa Nha Trang\",\"isPartOf\":{\"@id\":\"https:\/\/www.emeraldbayhotelnhatrang.com\/vi\/#website\"},\"primaryImageOfPage\":{\"@id\":\"https:\/\/www.emeraldbayhotelnhatrang.com\/vi\/wellness-spa-center\/fitness-center\/#primaryimage\"},\"image\":{\"@id\":\"https:\/\/www.emeraldbayhotelnhatrang.com\/vi\/wellness-spa-center\/fitness-center\/#primaryimage\"},\"thumbnailUrl\":\"https:\/\/www.emeraldbayhotelnhatrang.com\/wp-content\/uploads\/sites\/145\/2025\/12\/Emerald-3-2.jpg\",\"datePublished\":\"2025-12-26T09:07:05+00:00\",\"dateModified\":\"2026-04-02T07:24:57+00:00\",\"description\":\"Ph\u00f2ng Gym t\u1ea1i Emerald Bay Hotel & Spa Nha Trang \u0111\u01b0\u1ee3c trang b\u1ecb hi\u1ec7n \u0111\u1ea1i, mang \u0111\u1ebfn kh\u00f4ng gian luy\u1ec7n t\u1eadp ti\u1ec7n nghi gi\u00fap qu\u00fd kh\u00e1ch duy tr\u00ec phong \u0111\u1ed9 v\u00e0 s\u1ee9c kh\u1ecfe trong k\u1ef3 ngh\u1ec9.\",\"breadcrumb\":{\"@id\":\"https:\/\/www.emeraldbayhotelnhatrang.com\/vi\/wellness-spa-center\/fitness-center\/#breadcrumb\"},\"inLanguage\":\"vi-VN\",\"potentialAction\":[{\"@type\":\"ReadAction\",\"target\":[\"https:\/\/www.emeraldbayhotelnhatrang.com\/vi\/wellness-spa-center\/fitness-center\/\"]}]},{\"@type\":\"ImageObject\",\"inLanguage\":\"vi-VN\",\"@id\":\"https:\/\/www.emeraldbayhotelnhatrang.com\/vi\/wellness-spa-center\/fitness-center\/#primaryimage\",\"url\":\"https:\/\/www.emeraldbayhotelnhatrang.com\/wp-content\/uploads\/sites\/145\/2025\/12\/Emerald-3-2.jpg\",\"contentUrl\":\"https:\/\/www.emeraldbayhotelnhatrang.com\/wp-content\/uploads\/sites\/145\/2025\/12\/Emerald-3-2.jpg\",\"width\":2200,\"height\":1522},{\"@type\":\"BreadcrumbList\",\"@id\":\"https:\/\/www.emeraldbayhotelnhatrang.com\/vi\/wellness-spa-center\/fitness-center\/#breadcrumb\",\"itemListElement\":[{\"@type\":\"ListItem\",\"position\":1,\"name\":\"Home\",\"item\":\"https:\/\/www.emeraldbayhotelnhatrang.com\/vi\/\"},{\"@type\":\"ListItem\",\"position\":2,\"name\":\"Ch\u0103m s\u00f3c s\u1ee9c kho\u1ebb &#038; Spa\",\"item\":\"https:\/\/www.emeraldbayhotelnhatrang.com\/vi\/wellness-spa-center\/\"},{\"@type\":\"ListItem\",\"position\":3,\"name\":\"Ph\u00f2ng GYM\"}]},{\"@type\":\"WebSite\",\"@id\":\"https:\/\/www.emeraldbayhotelnhatrang.com\/vi\/#website\",\"url\":\"https:\/\/www.emeraldbayhotelnhatrang.com\/vi\/\",\"name\":\"Emerald Bay Hotel &amp; Spa Nha Trang\",\"description\":\"\",\"potentialAction\":[{\"@type\":\"SearchAction\",\"target\":{\"@type\":\"EntryPoint\",\"urlTemplate\":\"https:\/\/www.emeraldbayhotelnhatrang.com\/vi\/?s={search_term_string}\"},\"query-input\":\"required name=search_term_string\"}],\"inLanguage\":\"vi-VN\"}]}<\/script>\n<!-- \/ Yoast SEO plugin. -->","yoast_head_json":{"title":"GYM| Emerald Bay Hotel & Spa Nha Trang","description":"Ph\u00f2ng Gym t\u1ea1i Emerald Bay Hotel & Spa Nha Trang \u0111\u01b0\u1ee3c trang b\u1ecb hi\u1ec7n \u0111\u1ea1i, mang \u0111\u1ebfn kh\u00f4ng gian luy\u1ec7n t\u1eadp ti\u1ec7n nghi gi\u00fap qu\u00fd kh\u00e1ch duy tr\u00ec phong \u0111\u1ed9 v\u00e0 s\u1ee9c kh\u1ecfe trong k\u1ef3 ngh\u1ec9.","robots":{"index":"index","follow":"follow","max-snippet":"max-snippet:-1","max-image-preview":"max-image-preview:large","max-video-preview":"max-video-preview:-1"},"canonical":"https:\/\/www.emeraldbayhotelnhatrang.com\/vi\/wellness-spa-center\/fitness-center\/","og_locale":"vi_VN","og_type":"article","og_title":"GYM| Emerald Bay Hotel & Spa Nha Trang","og_description":"Ph\u00f2ng Gym t\u1ea1i Emerald Bay Hotel & Spa Nha Trang \u0111\u01b0\u1ee3c trang b\u1ecb hi\u1ec7n \u0111\u1ea1i, mang \u0111\u1ebfn kh\u00f4ng gian luy\u1ec7n t\u1eadp ti\u1ec7n nghi gi\u00fap qu\u00fd kh\u00e1ch duy tr\u00ec phong \u0111\u1ed9 v\u00e0 s\u1ee9c kh\u1ecfe trong k\u1ef3 ngh\u1ec9.","og_url":"https:\/\/www.emeraldbayhotelnhatrang.com\/vi\/wellness-spa-center\/fitness-center\/","og_site_name":"Emerald Bay Hotel &amp; Spa Nha Trang","article_modified_time":"2026-04-02T07:24:57+00:00","og_image":[{"width":2200,"height":1522,"url":"http:\/\/www.emeraldbayhotelnhatrang.com\/wp-content\/uploads\/sites\/145\/2025\/12\/Emerald-3-2.jpg","type":"image\/jpeg"}],"twitter_card":"summary_large_image","twitter_misc":{"Est. reading time":"1 minute"},"schema":{"@context":"https:\/\/schema.org","@graph":[{"@type":"WebPage","@id":"https:\/\/www.emeraldbayhotelnhatrang.com\/vi\/wellness-spa-center\/fitness-center\/","url":"https:\/\/www.emeraldbayhotelnhatrang.com\/vi\/wellness-spa-center\/fitness-center\/","name":"GYM| Emerald Bay Hotel & Spa Nha Trang","isPartOf":{"@id":"https:\/\/www.emeraldbayhotelnhatrang.com\/vi\/#website"},"primaryImageOfPage":{"@id":"https:\/\/www.emeraldbayhotelnhatrang.com\/vi\/wellness-spa-center\/fitness-center\/#primaryimage"},"image":{"@id":"https:\/\/www.emeraldbayhotelnhatrang.com\/vi\/wellness-spa-center\/fitness-center\/#primaryimage"},"thumbnailUrl":"https:\/\/www.emeraldbayhotelnhatrang.com\/wp-content\/uploads\/sites\/145\/2025\/12\/Emerald-3-2.jpg","datePublished":"2025-12-26T09:07:05+00:00","dateModified":"2026-04-02T07:24:57+00:00","description":"Ph\u00f2ng Gym t\u1ea1i Emerald Bay Hotel & Spa Nha Trang \u0111\u01b0\u1ee3c trang b\u1ecb hi\u1ec7n \u0111\u1ea1i, mang \u0111\u1ebfn kh\u00f4ng gian luy\u1ec7n t\u1eadp ti\u1ec7n nghi gi\u00fap qu\u00fd kh\u00e1ch duy tr\u00ec phong \u0111\u1ed9 v\u00e0 s\u1ee9c kh\u1ecfe trong k\u1ef3 ngh\u1ec9.","breadcrumb":{"@id":"https:\/\/www.emeraldbayhotelnhatrang.com\/vi\/wellness-spa-center\/fitness-center\/#breadcrumb"},"inLanguage":"vi-VN","potentialAction":[{"@type":"ReadAction","target":["https:\/\/www.emeraldbayhotelnhatrang.com\/vi\/wellness-spa-center\/fitness-center\/"]}]},{"@type":"ImageObject","inLanguage":"vi-VN","@id":"https:\/\/www.emeraldbayhotelnhatrang.com\/vi\/wellness-spa-center\/fitness-center\/#primaryimage","url":"https:\/\/www.emeraldbayhotelnhatrang.com\/wp-content\/uploads\/sites\/145\/2025\/12\/Emerald-3-2.jpg","contentUrl":"https:\/\/www.emeraldbayhotelnhatrang.com\/wp-content\/uploads\/sites\/145\/2025\/12\/Emerald-3-2.jpg","width":2200,"height":1522},{"@type":"BreadcrumbList","@id":"https:\/\/www.emeraldbayhotelnhatrang.com\/vi\/wellness-spa-center\/fitness-center\/#breadcrumb","itemListElement":[{"@type":"ListItem","position":1,"name":"Home","item":"https:\/\/www.emeraldbayhotelnhatrang.com\/vi\/"},{"@type":"ListItem","position":2,"name":"Ch\u0103m s\u00f3c s\u1ee9c kho\u1ebb &#038; Spa","item":"https:\/\/www.emeraldbayhotelnhatrang.com\/vi\/wellness-spa-center\/"},{"@type":"ListItem","position":3,"name":"Ph\u00f2ng GYM"}]},{"@type":"WebSite","@id":"https:\/\/www.emeraldbayhotelnhatrang.com\/vi\/#website","url":"https:\/\/www.emeraldbayhotelnhatrang.com\/vi\/","name":"Emerald Bay Hotel &amp; Spa Nha Trang","description":"","potentialAction":[{"@type":"SearchAction","target":{"@type":"EntryPoint","urlTemplate":"https:\/\/www.emeraldbayhotelnhatrang.com\/vi\/?s={search_term_string}"},"query-input":"required name=search_term_string"}],"inLanguage":"vi-VN"}]}},"acf":[],"_links":{"self":[{"href":"https:\/\/www.emeraldbayhotelnhatrang.com\/vi\/wp-json\/wp\/v2\/pages\/131"}],"collection":[{"href":"https:\/\/www.emeraldbayhotelnhatrang.com\/vi\/wp-json\/wp\/v2\/pages"}],"about":[{"href":"https:\/\/www.emeraldbayhotelnhatrang.com\/vi\/wp-json\/wp\/v2\/types\/page"}],"author":[{"embeddable":true,"href":"https:\/\/www.emeraldbayhotelnhatrang.com\/vi\/wp-json\/wp\/v2\/users\/8"}],"replies":[{"embeddable":true,"href":"https:\/\/www.emeraldbayhotelnhatrang.com\/vi\/wp-json\/wp\/v2\/comments?post=131"}],"version-history":[{"count":0,"href":"https:\/\/www.emeraldbayhotelnhatrang.com\/vi\/wp-json\/wp\/v2\/pages\/131\/revisions"}],"up":[{"embeddable":true,"href":"https:\/\/www.emeraldbayhotelnhatrang.com\/vi\/wp-json\/wp\/v2\/pages\/121"}],"wp:featuredmedia":[{"embeddable":true,"href":"https:\/\/www.emeraldbayhotelnhatrang.com\/vi\/wp-json\/wp\/v2\/media\/132"}],"wp:attachment":[{"href":"https:\/\/www.emeraldbayhotelnhatrang.com\/vi\/wp-json\/wp\/v2\/media?parent=131"}],"curies":[{"name":"wp","href":"https:\/\/api.w.org\/{rel}","templated":true}]}}