{"id":121,"date":"2025-12-26T09:01:16","date_gmt":"2025-12-26T09:01:16","guid":{"rendered":"https:\/\/emeraldbayhotelnhatrang.ms2.decms.asia\/?page_id=121"},"modified":"2026-02-05T06:00:17","modified_gmt":"2026-02-05T06:00:17","slug":"wellness-spa-center","status":"publish","type":"page","link":"https:\/\/www.emeraldbayhotelnhatrang.com\/vi\/wellness-spa-center\/","title":{"rendered":"Ch\u0103m s\u00f3c s\u1ee9c kho\u1ebb &#038; Spa"},"content":{"rendered":"<p>\u0110\u1eafm m\u00ecnh trong h\u00e0nh tr\u00ecnh th\u01b0 gi\u00e3n tr\u1ecdn v\u1eb9n t\u1ea1i Emerald Bay Spa &#8211; n\u01a1i kh\u01a1i d\u1eady ngu\u1ed3n n\u0103ng l\u01b0\u1ee3ng t\u00edch c\u1ef1c v\u00e0 s\u1ef1 c\u00e2n b\u1eb1ng b\u00ean trong.<br \/>\nT\u1ea1i \u0111\u00e2y, qu\u00fd kh\u00e1ch \u0111\u01b0\u1ee3c nu\u00f4ng chi\u1ec1u c\u01a1 th\u1ec3 v\u1edbi nh\u1eefng li\u1ec7u ph\u00e1p ch\u0103m s\u00f3c chuy\u00ean bi\u1ec7t, k\u1ebft h\u1ee3p gi\u1eefa k\u1ef9 thu\u1eadt tr\u1ecb li\u1ec7u hi\u1ec7n \u0111\u1ea1i v\u00e0 tinh hoa th\u1ea3o m\u1ed9c thi\u00ean nhi\u00ean. Kh\u00f4ng gian y\u00ean t\u0129nh, m\u00f9i h\u01b0\u01a1ng tinh d\u1ea7u d\u1ecbu nh\u1eb9 c\u00f9ng \u00e2m thanh du d\u01b0\u01a1ng mang \u0111\u1ebfn c\u1ea3m gi\u00e1c th\u01b0 th\u00e1i tuy\u1ec7t \u0111\u1ed1i, gi\u00fap xua tan m\u1ec7t m\u1ecfi v\u00e0 kh\u00f4i ph\u1ee5c s\u1ef1 t\u01b0\u01a1i m\u1edbi cho t\u00e2m h\u1ed3n.<\/p>\n<p>H\u00e3y \u0111\u1ec3 Emerald Bay Spa \u0111\u00e1nh th\u1ee9c m\u1ecdi gi\u00e1c quan c\u1ee7a b\u1ea1n, v\u1edbi \u0111\u1ed9i ng\u0169 chuy\u00ean vi\u00ean tr\u1ecb li\u1ec7u t\u1eadn t\u00e2m, ch\u0103m ch\u00fat k\u1ef9 l\u01b0\u1ee1ng trong t\u1eebng kho\u1ea3nh kh\u1eafc.<\/p>\n","protected":false},"excerpt":{"rendered":"<p>\u0110\u1eafm m\u00ecnh trong h\u00e0nh tr\u00ecnh th\u01b0 gi\u00e3n tr\u1ecdn v\u1eb9n t\u1ea1i Emerald Bay Spa &#8211; n\u01a1i kh\u01a1i d\u1eady ngu\u1ed3n n\u0103ng l\u01b0\u1ee3ng t\u00edch c\u1ef1c v\u00e0 s\u1ef1 c\u00e2n b\u1eb1ng b\u00ean trong. T\u1ea1i \u0111\u00e2y, qu\u00fd kh\u00e1ch \u0111\u01b0\u1ee3c nu\u00f4ng chi\u1ec1u c\u01a1 th\u1ec3 v\u1edbi nh\u1eefng li\u1ec7u ph\u00e1p ch\u0103m s\u00f3c chuy\u00ean bi\u1ec7t, k\u1ebft h\u1ee3p gi\u1eefa k\u1ef9 thu\u1eadt tr\u1ecb li\u1ec7u hi\u1ec7n \u0111\u1ea1i v\u00e0 [&hellip;]<\/p>\n","protected":false},"author":8,"featured_media":122,"parent":0,"menu_order":0,"comment_status":"closed","ping_status":"closed","template":"template-spa.php","meta":{"footnotes":""},"yoast_head":"<!-- This site is optimized with the Yoast SEO plugin v22.3 - https:\/\/yoast.com\/wordpress\/plugins\/seo\/ -->\n<title>Wellness &amp; Spa Center| Emerald Bay Hotel &amp; Spa Nha Trang<\/title>\n<meta name=\"description\" content=\"D\u1ecbch v\u1ee5 Spa t\u1ea1i Emerald Bay Hotel &amp; Spa Nha Trang mang \u0111\u1ebfn kh\u00f4ng gian th\u01b0 gi\u00e3n sang tr\u1ecdng, gi\u00fap qu\u00fd kh\u00e1ch ph\u1ee5c h\u1ed3i n\u0103ng l\u01b0\u1ee3ng v\u00e0 c\u00e2n b\u1eb1ng c\u01a1 th\u1ec3 l\u1eabn tinh th\u1ea7n.\" \/>\n<meta name=\"robots\" content=\"index, follow, max-snippet:-1, max-image-preview:large, max-video-preview:-1\" \/>\n<link rel=\"canonical\" href=\"https:\/\/www.emeraldbayhotelnhatrang.com\/vi\/wellness-spa-center\/\" \/>\n<meta property=\"og:locale\" content=\"vi_VN\" \/>\n<meta property=\"og:type\" content=\"article\" \/>\n<meta property=\"og:title\" content=\"Wellness &amp; Spa Center| Emerald Bay Hotel &amp; Spa Nha Trang\" \/>\n<meta property=\"og:description\" content=\"D\u1ecbch v\u1ee5 Spa t\u1ea1i Emerald Bay Hotel &amp; Spa Nha Trang mang \u0111\u1ebfn kh\u00f4ng gian th\u01b0 gi\u00e3n sang tr\u1ecdng, gi\u00fap qu\u00fd kh\u00e1ch ph\u1ee5c h\u1ed3i n\u0103ng l\u01b0\u1ee3ng v\u00e0 c\u00e2n b\u1eb1ng c\u01a1 th\u1ec3 l\u1eabn tinh th\u1ea7n.\" \/>\n<meta property=\"og:url\" content=\"https:\/\/www.emeraldbayhotelnhatrang.com\/vi\/wellness-spa-center\/\" \/>\n<meta property=\"og:site_name\" content=\"Emerald Bay Hotel &amp; Spa Nha Trang\" \/>\n<meta property=\"article:modified_time\" content=\"2026-02-05T06:00:17+00:00\" \/>\n<meta property=\"og:image\" content=\"https:\/\/www.emeraldbayhotelnhatrang.com\/wp-content\/uploads\/sites\/145\/2025\/12\/TOP-SPa-EBNT.jpg\" \/>\n\t<meta property=\"og:image:width\" content=\"2200\" \/>\n\t<meta property=\"og:image:height\" content=\"1467\" \/>\n\t<meta property=\"og:image:type\" content=\"image\/jpeg\" \/>\n<meta name=\"twitter:card\" content=\"summary_large_image\" \/>\n<meta name=\"twitter:label1\" content=\"Est. reading time\" \/>\n\t<meta name=\"twitter:data1\" content=\"1 minute\" \/>\n<script type=\"application\/ld+json\" class=\"yoast-schema-graph\">{\"@context\":\"https:\/\/schema.org\",\"@graph\":[{\"@type\":\"WebPage\",\"@id\":\"https:\/\/www.emeraldbayhotelnhatrang.com\/vi\/wellness-spa-center\/\",\"url\":\"https:\/\/www.emeraldbayhotelnhatrang.com\/vi\/wellness-spa-center\/\",\"name\":\"Wellness & Spa Center| Emerald Bay Hotel & Spa Nha Trang\",\"isPartOf\":{\"@id\":\"https:\/\/www.emeraldbayhotelnhatrang.com\/vi\/#website\"},\"primaryImageOfPage\":{\"@id\":\"https:\/\/www.emeraldbayhotelnhatrang.com\/vi\/wellness-spa-center\/#primaryimage\"},\"image\":{\"@id\":\"https:\/\/www.emeraldbayhotelnhatrang.com\/vi\/wellness-spa-center\/#primaryimage\"},\"thumbnailUrl\":\"https:\/\/www.emeraldbayhotelnhatrang.com\/wp-content\/uploads\/sites\/145\/2025\/12\/TOP-SPa-EBNT.jpg\",\"datePublished\":\"2025-12-26T09:01:16+00:00\",\"dateModified\":\"2026-02-05T06:00:17+00:00\",\"description\":\"D\u1ecbch v\u1ee5 Spa t\u1ea1i Emerald Bay Hotel & Spa Nha Trang mang \u0111\u1ebfn kh\u00f4ng gian th\u01b0 gi\u00e3n sang tr\u1ecdng, gi\u00fap qu\u00fd kh\u00e1ch ph\u1ee5c h\u1ed3i n\u0103ng l\u01b0\u1ee3ng v\u00e0 c\u00e2n b\u1eb1ng c\u01a1 th\u1ec3 l\u1eabn tinh th\u1ea7n.\",\"breadcrumb\":{\"@id\":\"https:\/\/www.emeraldbayhotelnhatrang.com\/vi\/wellness-spa-center\/#breadcrumb\"},\"inLanguage\":\"vi-VN\",\"potentialAction\":[{\"@type\":\"ReadAction\",\"target\":[\"https:\/\/www.emeraldbayhotelnhatrang.com\/vi\/wellness-spa-center\/\"]}]},{\"@type\":\"ImageObject\",\"inLanguage\":\"vi-VN\",\"@id\":\"https:\/\/www.emeraldbayhotelnhatrang.com\/vi\/wellness-spa-center\/#primaryimage\",\"url\":\"https:\/\/www.emeraldbayhotelnhatrang.com\/wp-content\/uploads\/sites\/145\/2025\/12\/TOP-SPa-EBNT.jpg\",\"contentUrl\":\"https:\/\/www.emeraldbayhotelnhatrang.com\/wp-content\/uploads\/sites\/145\/2025\/12\/TOP-SPa-EBNT.jpg\",\"width\":2200,\"height\":1467,\"caption\":\"Spa composition with body care items on a light background . A place for text, a concept of beauty and body care .\"},{\"@type\":\"BreadcrumbList\",\"@id\":\"https:\/\/www.emeraldbayhotelnhatrang.com\/vi\/wellness-spa-center\/#breadcrumb\",\"itemListElement\":[{\"@type\":\"ListItem\",\"position\":1,\"name\":\"Home\",\"item\":\"https:\/\/www.emeraldbayhotelnhatrang.com\/vi\/\"},{\"@type\":\"ListItem\",\"position\":2,\"name\":\"Ch\u0103m s\u00f3c s\u1ee9c kho\u1ebb &#038; Spa\"}]},{\"@type\":\"WebSite\",\"@id\":\"https:\/\/www.emeraldbayhotelnhatrang.com\/vi\/#website\",\"url\":\"https:\/\/www.emeraldbayhotelnhatrang.com\/vi\/\",\"name\":\"Emerald Bay Hotel &amp; Spa Nha Trang\",\"description\":\"\",\"potentialAction\":[{\"@type\":\"SearchAction\",\"target\":{\"@type\":\"EntryPoint\",\"urlTemplate\":\"https:\/\/www.emeraldbayhotelnhatrang.com\/vi\/?s={search_term_string}\"},\"query-input\":\"required name=search_term_string\"}],\"inLanguage\":\"vi-VN\"}]}<\/script>\n<!-- \/ Yoast SEO plugin. -->","yoast_head_json":{"title":"Wellness & Spa Center| Emerald Bay Hotel & Spa Nha Trang","description":"D\u1ecbch v\u1ee5 Spa t\u1ea1i Emerald Bay Hotel & Spa Nha Trang mang \u0111\u1ebfn kh\u00f4ng gian th\u01b0 gi\u00e3n sang tr\u1ecdng, gi\u00fap qu\u00fd kh\u00e1ch ph\u1ee5c h\u1ed3i n\u0103ng l\u01b0\u1ee3ng v\u00e0 c\u00e2n b\u1eb1ng c\u01a1 th\u1ec3 l\u1eabn tinh th\u1ea7n.","robots":{"index":"index","follow":"follow","max-snippet":"max-snippet:-1","max-image-preview":"max-image-preview:large","max-video-preview":"max-video-preview:-1"},"canonical":"https:\/\/www.emeraldbayhotelnhatrang.com\/vi\/wellness-spa-center\/","og_locale":"vi_VN","og_type":"article","og_title":"Wellness & Spa Center| Emerald Bay Hotel & Spa Nha Trang","og_description":"D\u1ecbch v\u1ee5 Spa t\u1ea1i Emerald Bay Hotel & Spa Nha Trang mang \u0111\u1ebfn kh\u00f4ng gian th\u01b0 gi\u00e3n sang tr\u1ecdng, gi\u00fap qu\u00fd kh\u00e1ch ph\u1ee5c h\u1ed3i n\u0103ng l\u01b0\u1ee3ng v\u00e0 c\u00e2n b\u1eb1ng c\u01a1 th\u1ec3 l\u1eabn tinh th\u1ea7n.","og_url":"https:\/\/www.emeraldbayhotelnhatrang.com\/vi\/wellness-spa-center\/","og_site_name":"Emerald Bay Hotel &amp; Spa Nha Trang","article_modified_time":"2026-02-05T06:00:17+00:00","og_image":[{"width":2200,"height":1467,"url":"https:\/\/www.emeraldbayhotelnhatrang.com\/wp-content\/uploads\/sites\/145\/2025\/12\/TOP-SPa-EBNT.jpg","type":"image\/jpeg"}],"twitter_card":"summary_large_image","twitter_misc":{"Est. reading time":"1 minute"},"schema":{"@context":"https:\/\/schema.org","@graph":[{"@type":"WebPage","@id":"https:\/\/www.emeraldbayhotelnhatrang.com\/vi\/wellness-spa-center\/","url":"https:\/\/www.emeraldbayhotelnhatrang.com\/vi\/wellness-spa-center\/","name":"Wellness & Spa Center| Emerald Bay Hotel & Spa Nha Trang","isPartOf":{"@id":"https:\/\/www.emeraldbayhotelnhatrang.com\/vi\/#website"},"primaryImageOfPage":{"@id":"https:\/\/www.emeraldbayhotelnhatrang.com\/vi\/wellness-spa-center\/#primaryimage"},"image":{"@id":"https:\/\/www.emeraldbayhotelnhatrang.com\/vi\/wellness-spa-center\/#primaryimage"},"thumbnailUrl":"https:\/\/www.emeraldbayhotelnhatrang.com\/wp-content\/uploads\/sites\/145\/2025\/12\/TOP-SPa-EBNT.jpg","datePublished":"2025-12-26T09:01:16+00:00","dateModified":"2026-02-05T06:00:17+00:00","description":"D\u1ecbch v\u1ee5 Spa t\u1ea1i Emerald Bay Hotel & Spa Nha Trang mang \u0111\u1ebfn kh\u00f4ng gian th\u01b0 gi\u00e3n sang tr\u1ecdng, gi\u00fap qu\u00fd kh\u00e1ch ph\u1ee5c h\u1ed3i n\u0103ng l\u01b0\u1ee3ng v\u00e0 c\u00e2n b\u1eb1ng c\u01a1 th\u1ec3 l\u1eabn tinh th\u1ea7n.","breadcrumb":{"@id":"https:\/\/www.emeraldbayhotelnhatrang.com\/vi\/wellness-spa-center\/#breadcrumb"},"inLanguage":"vi-VN","potentialAction":[{"@type":"ReadAction","target":["https:\/\/www.emeraldbayhotelnhatrang.com\/vi\/wellness-spa-center\/"]}]},{"@type":"ImageObject","inLanguage":"vi-VN","@id":"https:\/\/www.emeraldbayhotelnhatrang.com\/vi\/wellness-spa-center\/#primaryimage","url":"https:\/\/www.emeraldbayhotelnhatrang.com\/wp-content\/uploads\/sites\/145\/2025\/12\/TOP-SPa-EBNT.jpg","contentUrl":"https:\/\/www.emeraldbayhotelnhatrang.com\/wp-content\/uploads\/sites\/145\/2025\/12\/TOP-SPa-EBNT.jpg","width":2200,"height":1467,"caption":"Spa composition with body care items on a light background . A place for text, a concept of beauty and body care ."},{"@type":"BreadcrumbList","@id":"https:\/\/www.emeraldbayhotelnhatrang.com\/vi\/wellness-spa-center\/#breadcrumb","itemListElement":[{"@type":"ListItem","position":1,"name":"Home","item":"https:\/\/www.emeraldbayhotelnhatrang.com\/vi\/"},{"@type":"ListItem","position":2,"name":"Ch\u0103m s\u00f3c s\u1ee9c kho\u1ebb &#038; Spa"}]},{"@type":"WebSite","@id":"https:\/\/www.emeraldbayhotelnhatrang.com\/vi\/#website","url":"https:\/\/www.emeraldbayhotelnhatrang.com\/vi\/","name":"Emerald Bay Hotel &amp; Spa Nha Trang","description":"","potentialAction":[{"@type":"SearchAction","target":{"@type":"EntryPoint","urlTemplate":"https:\/\/www.emeraldbayhotelnhatrang.com\/vi\/?s={search_term_string}"},"query-input":"required name=search_term_string"}],"inLanguage":"vi-VN"}]}},"acf":[],"_links":{"self":[{"href":"https:\/\/www.emeraldbayhotelnhatrang.com\/vi\/wp-json\/wp\/v2\/pages\/121"}],"collection":[{"href":"https:\/\/www.emeraldbayhotelnhatrang.com\/vi\/wp-json\/wp\/v2\/pages"}],"about":[{"href":"https:\/\/www.emeraldbayhotelnhatrang.com\/vi\/wp-json\/wp\/v2\/types\/page"}],"author":[{"embeddable":true,"href":"https:\/\/www.emeraldbayhotelnhatrang.com\/vi\/wp-json\/wp\/v2\/users\/8"}],"replies":[{"embeddable":true,"href":"https:\/\/www.emeraldbayhotelnhatrang.com\/vi\/wp-json\/wp\/v2\/comments?post=121"}],"version-history":[{"count":0,"href":"https:\/\/www.emeraldbayhotelnhatrang.com\/vi\/wp-json\/wp\/v2\/pages\/121\/revisions"}],"wp:featuredmedia":[{"embeddable":true,"href":"https:\/\/www.emeraldbayhotelnhatrang.com\/vi\/wp-json\/wp\/v2\/media\/122"}],"wp:attachment":[{"href":"https:\/\/www.emeraldbayhotelnhatrang.com\/vi\/wp-json\/wp\/v2\/media?parent=121"}],"curies":[{"name":"wp","href":"https:\/\/api.w.org\/{rel}","templated":true}]}}