{"id":114,"date":"2025-12-26T08:54:25","date_gmt":"2025-12-26T08:54:25","guid":{"rendered":"https:\/\/emeraldbayhotelnhatrang.ms2.decms.asia\/?page_id=114"},"modified":"2026-04-02T09:02:01","modified_gmt":"2026-04-02T09:02:01","slug":"laundry-service","status":"publish","type":"page","link":"https:\/\/www.emeraldbayhotelnhatrang.com\/vi\/services-and-facilities\/laundry-service\/","title":{"rendered":"D\u1ecbch v\u1ee5 gi\u1eb7t l\u00e0"},"content":{"rendered":"<p style=\"text-align: center\">D\u1ecbch v\u1ee5 gi\u1eb7t l\u00e0 chuy\u00ean nghi\u1ec7p ph\u1ee5c v\u1ee5 h\u00e0ng ng\u00e0y v\u1edbi s\u1ef1 ch\u0103m ch\u00fat k\u0129 l\u01b0\u1ee1ng. T\u1eadn h\u01b0\u1edfng chuy\u1ebfn \u0111i m\u1ed9t c\u00e1ch tr\u1ecdn v\u1eb9n v\u1edbi qu\u1ea7n \u00e1o \u0111\u01b0\u1ee3c gi\u1eb7t l\u00e0 s\u1ea1ch s\u1ebd, ph\u1eb3ng phiu v\u00e0 c\u1ea5t g\u1ecdn trong t\u1ee7.<\/p>\n","protected":false},"excerpt":{"rendered":"<p>D\u1ecbch v\u1ee5 gi\u1eb7t l\u00e0 chuy\u00ean nghi\u1ec7p ph\u1ee5c v\u1ee5 h\u00e0ng ng\u00e0y v\u1edbi s\u1ef1 ch\u0103m ch\u00fat k\u0129 l\u01b0\u1ee1ng. T\u1eadn h\u01b0\u1edfng chuy\u1ebfn \u0111i m\u1ed9t c\u00e1ch tr\u1ecdn v\u1eb9n v\u1edbi qu\u1ea7n \u00e1o \u0111\u01b0\u1ee3c gi\u1eb7t l\u00e0 s\u1ea1ch s\u1ebd, ph\u1eb3ng phiu v\u00e0 c\u1ea5t g\u1ecdn trong t\u1ee7.<\/p>\n","protected":false},"author":8,"featured_media":115,"parent":100,"menu_order":0,"comment_status":"closed","ping_status":"closed","template":"template-single-service.php","meta":{"footnotes":""},"yoast_head":"<!-- This site is optimized with the Yoast SEO plugin v22.3 - https:\/\/yoast.com\/wordpress\/plugins\/seo\/ -->\n<title>Laundry| Emerald Bay Hotel &amp; Spa Nha Trang<\/title>\n<meta name=\"description\" content=\"D\u1ecbch v\u1ee5 gi\u1eb7t \u1ee7i chuy\u00ean nghi\u1ec7p t\u1ea1i Emerald Bay Hotel &amp; Spa Nha Trang mang \u0111\u1ebfn s\u1ef1 ti\u1ec7n l\u1ee3i v\u00e0 ch\u0103m s\u00f3c chu \u0111\u00e1o, gi\u00fap qu\u00fd kh\u00e1ch lu\u00f4n t\u1ef1 tin v\u1edbi trang ph\u1ee5c tinh t\u01b0\u01a1m su\u1ed1t k\u1ef3 ngh\u1ec9.\" \/>\n<meta name=\"robots\" content=\"index, follow, max-snippet:-1, max-image-preview:large, max-video-preview:-1\" \/>\n<link rel=\"canonical\" href=\"https:\/\/www.emeraldbayhotelnhatrang.com\/vi\/services-and-facilities\/laundry-service\/\" \/>\n<meta property=\"og:locale\" content=\"vi_VN\" \/>\n<meta property=\"og:type\" content=\"article\" \/>\n<meta property=\"og:title\" content=\"Laundry| Emerald Bay Hotel &amp; Spa Nha Trang\" \/>\n<meta property=\"og:description\" content=\"D\u1ecbch v\u1ee5 gi\u1eb7t \u1ee7i chuy\u00ean nghi\u1ec7p t\u1ea1i Emerald Bay Hotel &amp; Spa Nha Trang mang \u0111\u1ebfn s\u1ef1 ti\u1ec7n l\u1ee3i v\u00e0 ch\u0103m s\u00f3c chu \u0111\u00e1o, gi\u00fap qu\u00fd kh\u00e1ch lu\u00f4n t\u1ef1 tin v\u1edbi trang ph\u1ee5c tinh t\u01b0\u01a1m su\u1ed1t k\u1ef3 ngh\u1ec9.\" \/>\n<meta property=\"og:url\" content=\"https:\/\/www.emeraldbayhotelnhatrang.com\/vi\/services-and-facilities\/laundry-service\/\" \/>\n<meta property=\"og:site_name\" content=\"Emerald Bay Hotel &amp; Spa Nha Trang\" \/>\n<meta property=\"article:modified_time\" content=\"2026-04-02T09:02:01+00:00\" \/>\n<meta property=\"og:image\" content=\"http:\/\/www.emeraldbayhotelnhatrang.com\/wp-content\/uploads\/sites\/145\/2025\/12\/Laundry-service-2-.jpg\" \/>\n\t<meta property=\"og:image:width\" content=\"2200\" \/>\n\t<meta property=\"og:image:height\" content=\"1237\" \/>\n\t<meta property=\"og:image:type\" content=\"image\/jpeg\" \/>\n<meta name=\"twitter:card\" content=\"summary_large_image\" \/>\n<meta name=\"twitter:label1\" content=\"Est. reading time\" \/>\n\t<meta name=\"twitter:data1\" content=\"1 minute\" \/>\n<script type=\"application\/ld+json\" class=\"yoast-schema-graph\">{\"@context\":\"https:\/\/schema.org\",\"@graph\":[{\"@type\":\"WebPage\",\"@id\":\"https:\/\/www.emeraldbayhotelnhatrang.com\/vi\/services-and-facilities\/laundry-service\/\",\"url\":\"https:\/\/www.emeraldbayhotelnhatrang.com\/vi\/services-and-facilities\/laundry-service\/\",\"name\":\"Laundry| Emerald Bay Hotel & Spa Nha Trang\",\"isPartOf\":{\"@id\":\"https:\/\/www.emeraldbayhotelnhatrang.com\/vi\/#website\"},\"primaryImageOfPage\":{\"@id\":\"https:\/\/www.emeraldbayhotelnhatrang.com\/vi\/services-and-facilities\/laundry-service\/#primaryimage\"},\"image\":{\"@id\":\"https:\/\/www.emeraldbayhotelnhatrang.com\/vi\/services-and-facilities\/laundry-service\/#primaryimage\"},\"thumbnailUrl\":\"https:\/\/www.emeraldbayhotelnhatrang.com\/wp-content\/uploads\/sites\/145\/2025\/12\/Laundry-service-2-.jpg\",\"datePublished\":\"2025-12-26T08:54:25+00:00\",\"dateModified\":\"2026-04-02T09:02:01+00:00\",\"description\":\"D\u1ecbch v\u1ee5 gi\u1eb7t \u1ee7i chuy\u00ean nghi\u1ec7p t\u1ea1i Emerald Bay Hotel & Spa Nha Trang mang \u0111\u1ebfn s\u1ef1 ti\u1ec7n l\u1ee3i v\u00e0 ch\u0103m s\u00f3c chu \u0111\u00e1o, gi\u00fap qu\u00fd kh\u00e1ch lu\u00f4n t\u1ef1 tin v\u1edbi trang ph\u1ee5c tinh t\u01b0\u01a1m su\u1ed1t k\u1ef3 ngh\u1ec9.\",\"breadcrumb\":{\"@id\":\"https:\/\/www.emeraldbayhotelnhatrang.com\/vi\/services-and-facilities\/laundry-service\/#breadcrumb\"},\"inLanguage\":\"vi-VN\",\"potentialAction\":[{\"@type\":\"ReadAction\",\"target\":[\"https:\/\/www.emeraldbayhotelnhatrang.com\/vi\/services-and-facilities\/laundry-service\/\"]}]},{\"@type\":\"ImageObject\",\"inLanguage\":\"vi-VN\",\"@id\":\"https:\/\/www.emeraldbayhotelnhatrang.com\/vi\/services-and-facilities\/laundry-service\/#primaryimage\",\"url\":\"https:\/\/www.emeraldbayhotelnhatrang.com\/wp-content\/uploads\/sites\/145\/2025\/12\/Laundry-service-2-.jpg\",\"contentUrl\":\"https:\/\/www.emeraldbayhotelnhatrang.com\/wp-content\/uploads\/sites\/145\/2025\/12\/Laundry-service-2-.jpg\",\"width\":2200,\"height\":1237,\"caption\":\"Young hotel maid making the bed with clean fresh towels\"},{\"@type\":\"BreadcrumbList\",\"@id\":\"https:\/\/www.emeraldbayhotelnhatrang.com\/vi\/services-and-facilities\/laundry-service\/#breadcrumb\",\"itemListElement\":[{\"@type\":\"ListItem\",\"position\":1,\"name\":\"Home\",\"item\":\"https:\/\/www.emeraldbayhotelnhatrang.com\/vi\/\"},{\"@type\":\"ListItem\",\"position\":2,\"name\":\"D\u1ecbch v\u1ee5 v\u00e0 ti\u1ec7n \u00edch\",\"item\":\"https:\/\/www.emeraldbayhotelnhatrang.com\/vi\/services-and-facilities\/\"},{\"@type\":\"ListItem\",\"position\":3,\"name\":\"D\u1ecbch v\u1ee5 gi\u1eb7t l\u00e0\"}]},{\"@type\":\"WebSite\",\"@id\":\"https:\/\/www.emeraldbayhotelnhatrang.com\/vi\/#website\",\"url\":\"https:\/\/www.emeraldbayhotelnhatrang.com\/vi\/\",\"name\":\"Emerald Bay Hotel &amp; Spa Nha Trang\",\"description\":\"\",\"potentialAction\":[{\"@type\":\"SearchAction\",\"target\":{\"@type\":\"EntryPoint\",\"urlTemplate\":\"https:\/\/www.emeraldbayhotelnhatrang.com\/vi\/?s={search_term_string}\"},\"query-input\":\"required name=search_term_string\"}],\"inLanguage\":\"vi-VN\"}]}<\/script>\n<!-- \/ Yoast SEO plugin. -->","yoast_head_json":{"title":"Laundry| Emerald Bay Hotel & Spa Nha Trang","description":"D\u1ecbch v\u1ee5 gi\u1eb7t \u1ee7i chuy\u00ean nghi\u1ec7p t\u1ea1i Emerald Bay Hotel & Spa Nha Trang mang \u0111\u1ebfn s\u1ef1 ti\u1ec7n l\u1ee3i v\u00e0 ch\u0103m s\u00f3c chu \u0111\u00e1o, gi\u00fap qu\u00fd kh\u00e1ch lu\u00f4n t\u1ef1 tin v\u1edbi trang ph\u1ee5c tinh t\u01b0\u01a1m su\u1ed1t k\u1ef3 ngh\u1ec9.","robots":{"index":"index","follow":"follow","max-snippet":"max-snippet:-1","max-image-preview":"max-image-preview:large","max-video-preview":"max-video-preview:-1"},"canonical":"https:\/\/www.emeraldbayhotelnhatrang.com\/vi\/services-and-facilities\/laundry-service\/","og_locale":"vi_VN","og_type":"article","og_title":"Laundry| Emerald Bay Hotel & Spa Nha Trang","og_description":"D\u1ecbch v\u1ee5 gi\u1eb7t \u1ee7i chuy\u00ean nghi\u1ec7p t\u1ea1i Emerald Bay Hotel & Spa Nha Trang mang \u0111\u1ebfn s\u1ef1 ti\u1ec7n l\u1ee3i v\u00e0 ch\u0103m s\u00f3c chu \u0111\u00e1o, gi\u00fap qu\u00fd kh\u00e1ch lu\u00f4n t\u1ef1 tin v\u1edbi trang ph\u1ee5c tinh t\u01b0\u01a1m su\u1ed1t k\u1ef3 ngh\u1ec9.","og_url":"https:\/\/www.emeraldbayhotelnhatrang.com\/vi\/services-and-facilities\/laundry-service\/","og_site_name":"Emerald Bay Hotel &amp; Spa Nha Trang","article_modified_time":"2026-04-02T09:02:01+00:00","og_image":[{"width":2200,"height":1237,"url":"http:\/\/www.emeraldbayhotelnhatrang.com\/wp-content\/uploads\/sites\/145\/2025\/12\/Laundry-service-2-.jpg","type":"image\/jpeg"}],"twitter_card":"summary_large_image","twitter_misc":{"Est. reading time":"1 minute"},"schema":{"@context":"https:\/\/schema.org","@graph":[{"@type":"WebPage","@id":"https:\/\/www.emeraldbayhotelnhatrang.com\/vi\/services-and-facilities\/laundry-service\/","url":"https:\/\/www.emeraldbayhotelnhatrang.com\/vi\/services-and-facilities\/laundry-service\/","name":"Laundry| Emerald Bay Hotel & Spa Nha Trang","isPartOf":{"@id":"https:\/\/www.emeraldbayhotelnhatrang.com\/vi\/#website"},"primaryImageOfPage":{"@id":"https:\/\/www.emeraldbayhotelnhatrang.com\/vi\/services-and-facilities\/laundry-service\/#primaryimage"},"image":{"@id":"https:\/\/www.emeraldbayhotelnhatrang.com\/vi\/services-and-facilities\/laundry-service\/#primaryimage"},"thumbnailUrl":"https:\/\/www.emeraldbayhotelnhatrang.com\/wp-content\/uploads\/sites\/145\/2025\/12\/Laundry-service-2-.jpg","datePublished":"2025-12-26T08:54:25+00:00","dateModified":"2026-04-02T09:02:01+00:00","description":"D\u1ecbch v\u1ee5 gi\u1eb7t \u1ee7i chuy\u00ean nghi\u1ec7p t\u1ea1i Emerald Bay Hotel & Spa Nha Trang mang \u0111\u1ebfn s\u1ef1 ti\u1ec7n l\u1ee3i v\u00e0 ch\u0103m s\u00f3c chu \u0111\u00e1o, gi\u00fap qu\u00fd kh\u00e1ch lu\u00f4n t\u1ef1 tin v\u1edbi trang ph\u1ee5c tinh t\u01b0\u01a1m su\u1ed1t k\u1ef3 ngh\u1ec9.","breadcrumb":{"@id":"https:\/\/www.emeraldbayhotelnhatrang.com\/vi\/services-and-facilities\/laundry-service\/#breadcrumb"},"inLanguage":"vi-VN","potentialAction":[{"@type":"ReadAction","target":["https:\/\/www.emeraldbayhotelnhatrang.com\/vi\/services-and-facilities\/laundry-service\/"]}]},{"@type":"ImageObject","inLanguage":"vi-VN","@id":"https:\/\/www.emeraldbayhotelnhatrang.com\/vi\/services-and-facilities\/laundry-service\/#primaryimage","url":"https:\/\/www.emeraldbayhotelnhatrang.com\/wp-content\/uploads\/sites\/145\/2025\/12\/Laundry-service-2-.jpg","contentUrl":"https:\/\/www.emeraldbayhotelnhatrang.com\/wp-content\/uploads\/sites\/145\/2025\/12\/Laundry-service-2-.jpg","width":2200,"height":1237,"caption":"Young hotel maid making the bed with clean fresh towels"},{"@type":"BreadcrumbList","@id":"https:\/\/www.emeraldbayhotelnhatrang.com\/vi\/services-and-facilities\/laundry-service\/#breadcrumb","itemListElement":[{"@type":"ListItem","position":1,"name":"Home","item":"https:\/\/www.emeraldbayhotelnhatrang.com\/vi\/"},{"@type":"ListItem","position":2,"name":"D\u1ecbch v\u1ee5 v\u00e0 ti\u1ec7n \u00edch","item":"https:\/\/www.emeraldbayhotelnhatrang.com\/vi\/services-and-facilities\/"},{"@type":"ListItem","position":3,"name":"D\u1ecbch v\u1ee5 gi\u1eb7t l\u00e0"}]},{"@type":"WebSite","@id":"https:\/\/www.emeraldbayhotelnhatrang.com\/vi\/#website","url":"https:\/\/www.emeraldbayhotelnhatrang.com\/vi\/","name":"Emerald Bay Hotel &amp; Spa Nha Trang","description":"","potentialAction":[{"@type":"SearchAction","target":{"@type":"EntryPoint","urlTemplate":"https:\/\/www.emeraldbayhotelnhatrang.com\/vi\/?s={search_term_string}"},"query-input":"required name=search_term_string"}],"inLanguage":"vi-VN"}]}},"acf":[],"_links":{"self":[{"href":"https:\/\/www.emeraldbayhotelnhatrang.com\/vi\/wp-json\/wp\/v2\/pages\/114"}],"collection":[{"href":"https:\/\/www.emeraldbayhotelnhatrang.com\/vi\/wp-json\/wp\/v2\/pages"}],"about":[{"href":"https:\/\/www.emeraldbayhotelnhatrang.com\/vi\/wp-json\/wp\/v2\/types\/page"}],"author":[{"embeddable":true,"href":"https:\/\/www.emeraldbayhotelnhatrang.com\/vi\/wp-json\/wp\/v2\/users\/8"}],"replies":[{"embeddable":true,"href":"https:\/\/www.emeraldbayhotelnhatrang.com\/vi\/wp-json\/wp\/v2\/comments?post=114"}],"version-history":[{"count":0,"href":"https:\/\/www.emeraldbayhotelnhatrang.com\/vi\/wp-json\/wp\/v2\/pages\/114\/revisions"}],"up":[{"embeddable":true,"href":"https:\/\/www.emeraldbayhotelnhatrang.com\/vi\/wp-json\/wp\/v2\/pages\/100"}],"wp:featuredmedia":[{"embeddable":true,"href":"https:\/\/www.emeraldbayhotelnhatrang.com\/vi\/wp-json\/wp\/v2\/media\/115"}],"wp:attachment":[{"href":"https:\/\/www.emeraldbayhotelnhatrang.com\/vi\/wp-json\/wp\/v2\/media?parent=114"}],"curies":[{"name":"wp","href":"https:\/\/api.w.org\/{rel}","templated":true}]}}