{"id":108,"date":"2025-12-26T08:48:00","date_gmt":"2025-12-26T08:48:00","guid":{"rendered":"https:\/\/emeraldbayhotelnhatrang.ms2.decms.asia\/?page_id=108"},"modified":"2026-04-02T09:04:30","modified_gmt":"2026-04-02T09:04:30","slug":"sightseeing-tour","status":"publish","type":"page","link":"https:\/\/www.emeraldbayhotelnhatrang.com\/vi\/services-and-facilities\/sightseeing-tour\/","title":{"rendered":"Tour tham quan"},"content":{"rendered":"<p style=\"text-align: center\">B\u1ed9 ph\u1eadn Ti\u1ec1n s\u1ea3nh v\u1edbi ki\u1ebfn th\u1ee9c d\u00e0y d\u1eb7n s\u1ebd l\u00e0 ngu\u1ed3n th\u00f4ng tin t\u01b0 v\u1ea5n tin c\u1eady nh\u1eefng ho\u1ea1t \u0111\u1ed9ng vui ch\u01a1i v\u00e0 \u0111i\u1ec3m \u0111\u1ebfn h\u1ea5p d\u1eabn. Li\u00ean h\u1ec7 v\u1edbi nh\u00e2n vi\u00ean \u0111\u1ec3 s\u1eafp x\u1ebfp l\u1ecbch tr\u00ecnh cho chuy\u1ebfn kh\u00e1m ph\u00e1 ho\u00e0n h\u1ea3o t\u1ea1i Nha Trang r\u1ef1c r\u1ee1.<\/p>\n","protected":false},"excerpt":{"rendered":"<p>B\u1ed9 ph\u1eadn Ti\u1ec1n s\u1ea3nh v\u1edbi ki\u1ebfn th\u1ee9c d\u00e0y d\u1eb7n s\u1ebd l\u00e0 ngu\u1ed3n th\u00f4ng tin t\u01b0 v\u1ea5n tin c\u1eady nh\u1eefng ho\u1ea1t \u0111\u1ed9ng vui ch\u01a1i v\u00e0 \u0111i\u1ec3m \u0111\u1ebfn h\u1ea5p d\u1eabn. Li\u00ean h\u1ec7 v\u1edbi nh\u00e2n vi\u00ean \u0111\u1ec3 s\u1eafp x\u1ebfp l\u1ecbch tr\u00ecnh cho chuy\u1ebfn kh\u00e1m ph\u00e1 ho\u00e0n h\u1ea3o t\u1ea1i Nha Trang r\u1ef1c r\u1ee1.<\/p>\n","protected":false},"author":8,"featured_media":109,"parent":100,"menu_order":0,"comment_status":"closed","ping_status":"closed","template":"template-single-service.php","meta":{"footnotes":""},"yoast_head":"<!-- This site is optimized with the Yoast SEO plugin v22.3 - https:\/\/yoast.com\/wordpress\/plugins\/seo\/ -->\n<title>Tour| Emerald Bay Hotel &amp; Spa Nha Trang<\/title>\n<meta name=\"description\" content=\"D\u1ecbch v\u1ee5 t\u01b0 v\u1ea5n tour chuy\u00ean nghi\u1ec7p mang \u0111\u1ebfn nhi\u1ec1u l\u1ef1a ch\u1ecdn tour \u0111a d\u1ea1ng, gi\u00fap qu\u00fd kh\u00e1ch kh\u00e1m ph\u00e1 tr\u1ecdn v\u1eb9n v\u1ebb \u0111\u1eb9p Nha Trang.\" \/>\n<meta name=\"robots\" content=\"index, follow, max-snippet:-1, max-image-preview:large, max-video-preview:-1\" \/>\n<link rel=\"canonical\" href=\"https:\/\/www.emeraldbayhotelnhatrang.com\/vi\/services-and-facilities\/sightseeing-tour\/\" \/>\n<meta property=\"og:locale\" content=\"vi_VN\" \/>\n<meta property=\"og:type\" content=\"article\" \/>\n<meta property=\"og:title\" content=\"Tour| Emerald Bay Hotel &amp; Spa Nha Trang\" \/>\n<meta property=\"og:description\" content=\"D\u1ecbch v\u1ee5 t\u01b0 v\u1ea5n tour chuy\u00ean nghi\u1ec7p mang \u0111\u1ebfn nhi\u1ec1u l\u1ef1a ch\u1ecdn tour \u0111a d\u1ea1ng, gi\u00fap qu\u00fd kh\u00e1ch kh\u00e1m ph\u00e1 tr\u1ecdn v\u1eb9n v\u1ebb \u0111\u1eb9p Nha Trang.\" \/>\n<meta property=\"og:url\" content=\"https:\/\/www.emeraldbayhotelnhatrang.com\/vi\/services-and-facilities\/sightseeing-tour\/\" \/>\n<meta property=\"og:site_name\" content=\"Emerald Bay Hotel &amp; Spa Nha Trang\" \/>\n<meta property=\"article:modified_time\" content=\"2026-04-02T09:04:30+00:00\" \/>\n<meta property=\"og:image\" content=\"http:\/\/www.emeraldbayhotelnhatrang.com\/wp-content\/uploads\/sites\/145\/2025\/12\/cover-TOP-Tour.jpg\" \/>\n\t<meta property=\"og:image:width\" content=\"2200\" \/>\n\t<meta property=\"og:image:height\" content=\"1467\" \/>\n\t<meta property=\"og:image:type\" content=\"image\/jpeg\" \/>\n<meta name=\"twitter:card\" content=\"summary_large_image\" \/>\n<meta name=\"twitter:label1\" content=\"Est. reading time\" \/>\n\t<meta name=\"twitter:data1\" content=\"1 minute\" \/>\n<script type=\"application\/ld+json\" class=\"yoast-schema-graph\">{\"@context\":\"https:\/\/schema.org\",\"@graph\":[{\"@type\":\"WebPage\",\"@id\":\"https:\/\/www.emeraldbayhotelnhatrang.com\/vi\/services-and-facilities\/sightseeing-tour\/\",\"url\":\"https:\/\/www.emeraldbayhotelnhatrang.com\/vi\/services-and-facilities\/sightseeing-tour\/\",\"name\":\"Tour| Emerald Bay Hotel & Spa Nha Trang\",\"isPartOf\":{\"@id\":\"https:\/\/www.emeraldbayhotelnhatrang.com\/vi\/#website\"},\"primaryImageOfPage\":{\"@id\":\"https:\/\/www.emeraldbayhotelnhatrang.com\/vi\/services-and-facilities\/sightseeing-tour\/#primaryimage\"},\"image\":{\"@id\":\"https:\/\/www.emeraldbayhotelnhatrang.com\/vi\/services-and-facilities\/sightseeing-tour\/#primaryimage\"},\"thumbnailUrl\":\"https:\/\/www.emeraldbayhotelnhatrang.com\/wp-content\/uploads\/sites\/145\/2025\/12\/cover-TOP-Tour.jpg\",\"datePublished\":\"2025-12-26T08:48:00+00:00\",\"dateModified\":\"2026-04-02T09:04:30+00:00\",\"description\":\"D\u1ecbch v\u1ee5 t\u01b0 v\u1ea5n tour chuy\u00ean nghi\u1ec7p mang \u0111\u1ebfn nhi\u1ec1u l\u1ef1a ch\u1ecdn tour \u0111a d\u1ea1ng, gi\u00fap qu\u00fd kh\u00e1ch kh\u00e1m ph\u00e1 tr\u1ecdn v\u1eb9n v\u1ebb \u0111\u1eb9p Nha Trang.\",\"breadcrumb\":{\"@id\":\"https:\/\/www.emeraldbayhotelnhatrang.com\/vi\/services-and-facilities\/sightseeing-tour\/#breadcrumb\"},\"inLanguage\":\"vi-VN\",\"potentialAction\":[{\"@type\":\"ReadAction\",\"target\":[\"https:\/\/www.emeraldbayhotelnhatrang.com\/vi\/services-and-facilities\/sightseeing-tour\/\"]}]},{\"@type\":\"ImageObject\",\"inLanguage\":\"vi-VN\",\"@id\":\"https:\/\/www.emeraldbayhotelnhatrang.com\/vi\/services-and-facilities\/sightseeing-tour\/#primaryimage\",\"url\":\"https:\/\/www.emeraldbayhotelnhatrang.com\/wp-content\/uploads\/sites\/145\/2025\/12\/cover-TOP-Tour.jpg\",\"contentUrl\":\"https:\/\/www.emeraldbayhotelnhatrang.com\/wp-content\/uploads\/sites\/145\/2025\/12\/cover-TOP-Tour.jpg\",\"width\":2200,\"height\":1467,\"caption\":\"Wooden bridge at Koh Nangyuan island in Surat Thani, Thailand.\"},{\"@type\":\"BreadcrumbList\",\"@id\":\"https:\/\/www.emeraldbayhotelnhatrang.com\/vi\/services-and-facilities\/sightseeing-tour\/#breadcrumb\",\"itemListElement\":[{\"@type\":\"ListItem\",\"position\":1,\"name\":\"Home\",\"item\":\"https:\/\/www.emeraldbayhotelnhatrang.com\/vi\/\"},{\"@type\":\"ListItem\",\"position\":2,\"name\":\"D\u1ecbch v\u1ee5 v\u00e0 ti\u1ec7n \u00edch\",\"item\":\"https:\/\/www.emeraldbayhotelnhatrang.com\/vi\/services-and-facilities\/\"},{\"@type\":\"ListItem\",\"position\":3,\"name\":\"Tour tham quan\"}]},{\"@type\":\"WebSite\",\"@id\":\"https:\/\/www.emeraldbayhotelnhatrang.com\/vi\/#website\",\"url\":\"https:\/\/www.emeraldbayhotelnhatrang.com\/vi\/\",\"name\":\"Emerald Bay Hotel &amp; Spa Nha Trang\",\"description\":\"\",\"potentialAction\":[{\"@type\":\"SearchAction\",\"target\":{\"@type\":\"EntryPoint\",\"urlTemplate\":\"https:\/\/www.emeraldbayhotelnhatrang.com\/vi\/?s={search_term_string}\"},\"query-input\":\"required name=search_term_string\"}],\"inLanguage\":\"vi-VN\"}]}<\/script>\n<!-- \/ Yoast SEO plugin. -->","yoast_head_json":{"title":"Tour| Emerald Bay Hotel & Spa Nha Trang","description":"D\u1ecbch v\u1ee5 t\u01b0 v\u1ea5n tour chuy\u00ean nghi\u1ec7p mang \u0111\u1ebfn nhi\u1ec1u l\u1ef1a ch\u1ecdn tour \u0111a d\u1ea1ng, gi\u00fap qu\u00fd kh\u00e1ch kh\u00e1m ph\u00e1 tr\u1ecdn v\u1eb9n v\u1ebb \u0111\u1eb9p Nha Trang.","robots":{"index":"index","follow":"follow","max-snippet":"max-snippet:-1","max-image-preview":"max-image-preview:large","max-video-preview":"max-video-preview:-1"},"canonical":"https:\/\/www.emeraldbayhotelnhatrang.com\/vi\/services-and-facilities\/sightseeing-tour\/","og_locale":"vi_VN","og_type":"article","og_title":"Tour| Emerald Bay Hotel & Spa Nha Trang","og_description":"D\u1ecbch v\u1ee5 t\u01b0 v\u1ea5n tour chuy\u00ean nghi\u1ec7p mang \u0111\u1ebfn nhi\u1ec1u l\u1ef1a ch\u1ecdn tour \u0111a d\u1ea1ng, gi\u00fap qu\u00fd kh\u00e1ch kh\u00e1m ph\u00e1 tr\u1ecdn v\u1eb9n v\u1ebb \u0111\u1eb9p Nha Trang.","og_url":"https:\/\/www.emeraldbayhotelnhatrang.com\/vi\/services-and-facilities\/sightseeing-tour\/","og_site_name":"Emerald Bay Hotel &amp; Spa Nha Trang","article_modified_time":"2026-04-02T09:04:30+00:00","og_image":[{"width":2200,"height":1467,"url":"http:\/\/www.emeraldbayhotelnhatrang.com\/wp-content\/uploads\/sites\/145\/2025\/12\/cover-TOP-Tour.jpg","type":"image\/jpeg"}],"twitter_card":"summary_large_image","twitter_misc":{"Est. reading time":"1 minute"},"schema":{"@context":"https:\/\/schema.org","@graph":[{"@type":"WebPage","@id":"https:\/\/www.emeraldbayhotelnhatrang.com\/vi\/services-and-facilities\/sightseeing-tour\/","url":"https:\/\/www.emeraldbayhotelnhatrang.com\/vi\/services-and-facilities\/sightseeing-tour\/","name":"Tour| Emerald Bay Hotel & Spa Nha Trang","isPartOf":{"@id":"https:\/\/www.emeraldbayhotelnhatrang.com\/vi\/#website"},"primaryImageOfPage":{"@id":"https:\/\/www.emeraldbayhotelnhatrang.com\/vi\/services-and-facilities\/sightseeing-tour\/#primaryimage"},"image":{"@id":"https:\/\/www.emeraldbayhotelnhatrang.com\/vi\/services-and-facilities\/sightseeing-tour\/#primaryimage"},"thumbnailUrl":"https:\/\/www.emeraldbayhotelnhatrang.com\/wp-content\/uploads\/sites\/145\/2025\/12\/cover-TOP-Tour.jpg","datePublished":"2025-12-26T08:48:00+00:00","dateModified":"2026-04-02T09:04:30+00:00","description":"D\u1ecbch v\u1ee5 t\u01b0 v\u1ea5n tour chuy\u00ean nghi\u1ec7p mang \u0111\u1ebfn nhi\u1ec1u l\u1ef1a ch\u1ecdn tour \u0111a d\u1ea1ng, gi\u00fap qu\u00fd kh\u00e1ch kh\u00e1m ph\u00e1 tr\u1ecdn v\u1eb9n v\u1ebb \u0111\u1eb9p Nha Trang.","breadcrumb":{"@id":"https:\/\/www.emeraldbayhotelnhatrang.com\/vi\/services-and-facilities\/sightseeing-tour\/#breadcrumb"},"inLanguage":"vi-VN","potentialAction":[{"@type":"ReadAction","target":["https:\/\/www.emeraldbayhotelnhatrang.com\/vi\/services-and-facilities\/sightseeing-tour\/"]}]},{"@type":"ImageObject","inLanguage":"vi-VN","@id":"https:\/\/www.emeraldbayhotelnhatrang.com\/vi\/services-and-facilities\/sightseeing-tour\/#primaryimage","url":"https:\/\/www.emeraldbayhotelnhatrang.com\/wp-content\/uploads\/sites\/145\/2025\/12\/cover-TOP-Tour.jpg","contentUrl":"https:\/\/www.emeraldbayhotelnhatrang.com\/wp-content\/uploads\/sites\/145\/2025\/12\/cover-TOP-Tour.jpg","width":2200,"height":1467,"caption":"Wooden bridge at Koh Nangyuan island in Surat Thani, Thailand."},{"@type":"BreadcrumbList","@id":"https:\/\/www.emeraldbayhotelnhatrang.com\/vi\/services-and-facilities\/sightseeing-tour\/#breadcrumb","itemListElement":[{"@type":"ListItem","position":1,"name":"Home","item":"https:\/\/www.emeraldbayhotelnhatrang.com\/vi\/"},{"@type":"ListItem","position":2,"name":"D\u1ecbch v\u1ee5 v\u00e0 ti\u1ec7n \u00edch","item":"https:\/\/www.emeraldbayhotelnhatrang.com\/vi\/services-and-facilities\/"},{"@type":"ListItem","position":3,"name":"Tour tham quan"}]},{"@type":"WebSite","@id":"https:\/\/www.emeraldbayhotelnhatrang.com\/vi\/#website","url":"https:\/\/www.emeraldbayhotelnhatrang.com\/vi\/","name":"Emerald Bay Hotel &amp; Spa Nha Trang","description":"","potentialAction":[{"@type":"SearchAction","target":{"@type":"EntryPoint","urlTemplate":"https:\/\/www.emeraldbayhotelnhatrang.com\/vi\/?s={search_term_string}"},"query-input":"required name=search_term_string"}],"inLanguage":"vi-VN"}]}},"acf":[],"_links":{"self":[{"href":"https:\/\/www.emeraldbayhotelnhatrang.com\/vi\/wp-json\/wp\/v2\/pages\/108"}],"collection":[{"href":"https:\/\/www.emeraldbayhotelnhatrang.com\/vi\/wp-json\/wp\/v2\/pages"}],"about":[{"href":"https:\/\/www.emeraldbayhotelnhatrang.com\/vi\/wp-json\/wp\/v2\/types\/page"}],"author":[{"embeddable":true,"href":"https:\/\/www.emeraldbayhotelnhatrang.com\/vi\/wp-json\/wp\/v2\/users\/8"}],"replies":[{"embeddable":true,"href":"https:\/\/www.emeraldbayhotelnhatrang.com\/vi\/wp-json\/wp\/v2\/comments?post=108"}],"version-history":[{"count":0,"href":"https:\/\/www.emeraldbayhotelnhatrang.com\/vi\/wp-json\/wp\/v2\/pages\/108\/revisions"}],"up":[{"embeddable":true,"href":"https:\/\/www.emeraldbayhotelnhatrang.com\/vi\/wp-json\/wp\/v2\/pages\/100"}],"wp:featuredmedia":[{"embeddable":true,"href":"https:\/\/www.emeraldbayhotelnhatrang.com\/vi\/wp-json\/wp\/v2\/media\/109"}],"wp:attachment":[{"href":"https:\/\/www.emeraldbayhotelnhatrang.com\/vi\/wp-json\/wp\/v2\/media?parent=108"}],"curies":[{"name":"wp","href":"https:\/\/api.w.org\/{rel}","templated":true}]}}