{"id":103,"date":"2025-12-26T08:37:28","date_gmt":"2025-12-26T08:37:28","guid":{"rendered":"https:\/\/emeraldbayhotelnhatrang.ms2.decms.asia\/?page_id=103"},"modified":"2026-04-02T08:52:59","modified_gmt":"2026-04-02T08:52:59","slug":"transportation","status":"publish","type":"page","link":"https:\/\/www.emeraldbayhotelnhatrang.com\/vi\/services-and-facilities\/transportation\/","title":{"rendered":"Di chuy\u1ec3n"},"content":{"rendered":"<p style=\"text-align: center\">Ch\u0103m ch\u00fat t\u1eebng b\u01b0\u1edbc ch\u00e2n c\u1ee7a b\u1ea1n v\u1edbi \u0111\u1ed9i ng\u0169 t\u00e0i x\u1ebf chuy\u00ean nghi\u1ec7p v\u00e0 \u0111\u1ed9i xe hi\u1ec7n \u0111\u1ea1i. C\u00e1c xe Kia Carnival \u0111\u1eddi m\u1edbi \u0111\u1ea3m b\u1ea3o s\u1ef1 tho\u1ea3i m\u00e1i, ri\u00eang t\u01b0, an to\u00e0n, v\u00e0 ti\u1ec7n l\u1ee3i cho nh\u1eefng chuy\u1ebfn tham quan v\u00e0 kh\u00e1m ph\u00e1 t\u1ea1i th\u00e0nh ph\u1ed1 bi\u1ec3n Nha Trang xinh \u0111\u1eb9p.<\/p>\n<p style=\"text-align: center\">D\u1ecbch v\u1ee5 bao g\u1ed3m \u0111\u01b0a \u0111\u00f3n tuy\u1ebfn c\u1ed1 \u0111\u1ecbnh ho\u1eb7c theo y\u00eau c\u1ea7u.<\/p>\n","protected":false},"excerpt":{"rendered":"<p>Ch\u0103m ch\u00fat t\u1eebng b\u01b0\u1edbc ch\u00e2n c\u1ee7a b\u1ea1n v\u1edbi \u0111\u1ed9i ng\u0169 t\u00e0i x\u1ebf chuy\u00ean nghi\u1ec7p v\u00e0 \u0111\u1ed9i xe hi\u1ec7n \u0111\u1ea1i. C\u00e1c xe Kia Carnival \u0111\u1eddi m\u1edbi \u0111\u1ea3m b\u1ea3o s\u1ef1 tho\u1ea3i m\u00e1i, ri\u00eang t\u01b0, an to\u00e0n, v\u00e0 ti\u1ec7n l\u1ee3i cho nh\u1eefng chuy\u1ebfn tham quan v\u00e0 kh\u00e1m ph\u00e1 t\u1ea1i th\u00e0nh ph\u1ed1 bi\u1ec3n Nha Trang xinh \u0111\u1eb9p. D\u1ecbch v\u1ee5 [&hellip;]<\/p>\n","protected":false},"author":8,"featured_media":106,"parent":100,"menu_order":0,"comment_status":"closed","ping_status":"closed","template":"template-single-service.php","meta":{"footnotes":""},"yoast_head":"<!-- This site is optimized with the Yoast SEO plugin v22.3 - https:\/\/yoast.com\/wordpress\/plugins\/seo\/ -->\n<title>Transportation| Emerald Bay Hotel &amp; Spa Nha Trang<\/title>\n<meta name=\"description\" content=\"D\u1ecbch v\u1ee5 \u0111\u01b0a \u0111\u00f3n s\u00e2n bay mang \u0111\u1ebfn tr\u1ea3i nghi\u1ec7m di chuy\u1ec3n li\u1ec1n m\u1ea1ch, \u0111\u00fang gi\u1edd, gi\u00fap qu\u00fd kh\u00e1ch kh\u1edfi \u0111\u1ea7u v\u00e0 k\u1ebft th\u00fac h\u00e0nh tr\u00ecnh t\u1ea1i Emerald Bay Hotel &amp; Spa Nha Trang th\u1eadt tr\u1ecdn v\u1eb9n.\" \/>\n<meta name=\"robots\" content=\"index, follow, max-snippet:-1, max-image-preview:large, max-video-preview:-1\" \/>\n<link rel=\"canonical\" href=\"https:\/\/www.emeraldbayhotelnhatrang.com\/vi\/services-and-facilities\/transportation\/\" \/>\n<meta property=\"og:locale\" content=\"vi_VN\" \/>\n<meta property=\"og:type\" content=\"article\" \/>\n<meta property=\"og:title\" content=\"Transportation| Emerald Bay Hotel &amp; Spa Nha Trang\" \/>\n<meta property=\"og:description\" content=\"D\u1ecbch v\u1ee5 \u0111\u01b0a \u0111\u00f3n s\u00e2n bay mang \u0111\u1ebfn tr\u1ea3i nghi\u1ec7m di chuy\u1ec3n li\u1ec1n m\u1ea1ch, \u0111\u00fang gi\u1edd, gi\u00fap qu\u00fd kh\u00e1ch kh\u1edfi \u0111\u1ea7u v\u00e0 k\u1ebft th\u00fac h\u00e0nh tr\u00ecnh t\u1ea1i Emerald Bay Hotel &amp; Spa Nha Trang th\u1eadt tr\u1ecdn v\u1eb9n.\" \/>\n<meta property=\"og:url\" content=\"https:\/\/www.emeraldbayhotelnhatrang.com\/vi\/services-and-facilities\/transportation\/\" \/>\n<meta property=\"og:site_name\" content=\"Emerald Bay Hotel &amp; Spa Nha Trang\" \/>\n<meta property=\"article:modified_time\" content=\"2026-04-02T08:52:59+00:00\" \/>\n<meta property=\"og:image\" content=\"http:\/\/www.emeraldbayhotelnhatrang.com\/wp-content\/uploads\/sites\/145\/2025\/12\/Thumnail-8-1.jpg\" \/>\n\t<meta property=\"og:image:width\" content=\"2200\" \/>\n\t<meta property=\"og:image:height\" content=\"1798\" \/>\n\t<meta property=\"og:image:type\" content=\"image\/jpeg\" \/>\n<meta name=\"twitter:card\" content=\"summary_large_image\" \/>\n<meta name=\"twitter:label1\" content=\"Est. reading time\" \/>\n\t<meta name=\"twitter:data1\" content=\"1 minute\" \/>\n<script type=\"application\/ld+json\" class=\"yoast-schema-graph\">{\"@context\":\"https:\/\/schema.org\",\"@graph\":[{\"@type\":\"WebPage\",\"@id\":\"https:\/\/www.emeraldbayhotelnhatrang.com\/vi\/services-and-facilities\/transportation\/\",\"url\":\"https:\/\/www.emeraldbayhotelnhatrang.com\/vi\/services-and-facilities\/transportation\/\",\"name\":\"Transportation| Emerald Bay Hotel & Spa Nha Trang\",\"isPartOf\":{\"@id\":\"https:\/\/www.emeraldbayhotelnhatrang.com\/vi\/#website\"},\"primaryImageOfPage\":{\"@id\":\"https:\/\/www.emeraldbayhotelnhatrang.com\/vi\/services-and-facilities\/transportation\/#primaryimage\"},\"image\":{\"@id\":\"https:\/\/www.emeraldbayhotelnhatrang.com\/vi\/services-and-facilities\/transportation\/#primaryimage\"},\"thumbnailUrl\":\"https:\/\/www.emeraldbayhotelnhatrang.com\/wp-content\/uploads\/sites\/145\/2025\/12\/Thumnail-8-1.jpg\",\"datePublished\":\"2025-12-26T08:37:28+00:00\",\"dateModified\":\"2026-04-02T08:52:59+00:00\",\"description\":\"D\u1ecbch v\u1ee5 \u0111\u01b0a \u0111\u00f3n s\u00e2n bay mang \u0111\u1ebfn tr\u1ea3i nghi\u1ec7m di chuy\u1ec3n li\u1ec1n m\u1ea1ch, \u0111\u00fang gi\u1edd, gi\u00fap qu\u00fd kh\u00e1ch kh\u1edfi \u0111\u1ea7u v\u00e0 k\u1ebft th\u00fac h\u00e0nh tr\u00ecnh t\u1ea1i Emerald Bay Hotel & Spa Nha Trang th\u1eadt tr\u1ecdn v\u1eb9n.\",\"breadcrumb\":{\"@id\":\"https:\/\/www.emeraldbayhotelnhatrang.com\/vi\/services-and-facilities\/transportation\/#breadcrumb\"},\"inLanguage\":\"vi-VN\",\"potentialAction\":[{\"@type\":\"ReadAction\",\"target\":[\"https:\/\/www.emeraldbayhotelnhatrang.com\/vi\/services-and-facilities\/transportation\/\"]}]},{\"@type\":\"ImageObject\",\"inLanguage\":\"vi-VN\",\"@id\":\"https:\/\/www.emeraldbayhotelnhatrang.com\/vi\/services-and-facilities\/transportation\/#primaryimage\",\"url\":\"https:\/\/www.emeraldbayhotelnhatrang.com\/wp-content\/uploads\/sites\/145\/2025\/12\/Thumnail-8-1.jpg\",\"contentUrl\":\"https:\/\/www.emeraldbayhotelnhatrang.com\/wp-content\/uploads\/sites\/145\/2025\/12\/Thumnail-8-1.jpg\",\"width\":2200,\"height\":1798},{\"@type\":\"BreadcrumbList\",\"@id\":\"https:\/\/www.emeraldbayhotelnhatrang.com\/vi\/services-and-facilities\/transportation\/#breadcrumb\",\"itemListElement\":[{\"@type\":\"ListItem\",\"position\":1,\"name\":\"Home\",\"item\":\"https:\/\/www.emeraldbayhotelnhatrang.com\/vi\/\"},{\"@type\":\"ListItem\",\"position\":2,\"name\":\"D\u1ecbch v\u1ee5 v\u00e0 ti\u1ec7n \u00edch\",\"item\":\"https:\/\/www.emeraldbayhotelnhatrang.com\/vi\/services-and-facilities\/\"},{\"@type\":\"ListItem\",\"position\":3,\"name\":\"Di chuy\u1ec3n\"}]},{\"@type\":\"WebSite\",\"@id\":\"https:\/\/www.emeraldbayhotelnhatrang.com\/vi\/#website\",\"url\":\"https:\/\/www.emeraldbayhotelnhatrang.com\/vi\/\",\"name\":\"Emerald Bay Hotel &amp; Spa Nha Trang\",\"description\":\"\",\"potentialAction\":[{\"@type\":\"SearchAction\",\"target\":{\"@type\":\"EntryPoint\",\"urlTemplate\":\"https:\/\/www.emeraldbayhotelnhatrang.com\/vi\/?s={search_term_string}\"},\"query-input\":\"required name=search_term_string\"}],\"inLanguage\":\"vi-VN\"}]}<\/script>\n<!-- \/ Yoast SEO plugin. -->","yoast_head_json":{"title":"Transportation| Emerald Bay Hotel & Spa Nha Trang","description":"D\u1ecbch v\u1ee5 \u0111\u01b0a \u0111\u00f3n s\u00e2n bay mang \u0111\u1ebfn tr\u1ea3i nghi\u1ec7m di chuy\u1ec3n li\u1ec1n m\u1ea1ch, \u0111\u00fang gi\u1edd, gi\u00fap qu\u00fd kh\u00e1ch kh\u1edfi \u0111\u1ea7u v\u00e0 k\u1ebft th\u00fac h\u00e0nh tr\u00ecnh t\u1ea1i Emerald Bay Hotel & Spa Nha Trang th\u1eadt tr\u1ecdn v\u1eb9n.","robots":{"index":"index","follow":"follow","max-snippet":"max-snippet:-1","max-image-preview":"max-image-preview:large","max-video-preview":"max-video-preview:-1"},"canonical":"https:\/\/www.emeraldbayhotelnhatrang.com\/vi\/services-and-facilities\/transportation\/","og_locale":"vi_VN","og_type":"article","og_title":"Transportation| Emerald Bay Hotel & Spa Nha Trang","og_description":"D\u1ecbch v\u1ee5 \u0111\u01b0a \u0111\u00f3n s\u00e2n bay mang \u0111\u1ebfn tr\u1ea3i nghi\u1ec7m di chuy\u1ec3n li\u1ec1n m\u1ea1ch, \u0111\u00fang gi\u1edd, gi\u00fap qu\u00fd kh\u00e1ch kh\u1edfi \u0111\u1ea7u v\u00e0 k\u1ebft th\u00fac h\u00e0nh tr\u00ecnh t\u1ea1i Emerald Bay Hotel & Spa Nha Trang th\u1eadt tr\u1ecdn v\u1eb9n.","og_url":"https:\/\/www.emeraldbayhotelnhatrang.com\/vi\/services-and-facilities\/transportation\/","og_site_name":"Emerald Bay Hotel &amp; Spa Nha Trang","article_modified_time":"2026-04-02T08:52:59+00:00","og_image":[{"width":2200,"height":1798,"url":"http:\/\/www.emeraldbayhotelnhatrang.com\/wp-content\/uploads\/sites\/145\/2025\/12\/Thumnail-8-1.jpg","type":"image\/jpeg"}],"twitter_card":"summary_large_image","twitter_misc":{"Est. reading time":"1 minute"},"schema":{"@context":"https:\/\/schema.org","@graph":[{"@type":"WebPage","@id":"https:\/\/www.emeraldbayhotelnhatrang.com\/vi\/services-and-facilities\/transportation\/","url":"https:\/\/www.emeraldbayhotelnhatrang.com\/vi\/services-and-facilities\/transportation\/","name":"Transportation| Emerald Bay Hotel & Spa Nha Trang","isPartOf":{"@id":"https:\/\/www.emeraldbayhotelnhatrang.com\/vi\/#website"},"primaryImageOfPage":{"@id":"https:\/\/www.emeraldbayhotelnhatrang.com\/vi\/services-and-facilities\/transportation\/#primaryimage"},"image":{"@id":"https:\/\/www.emeraldbayhotelnhatrang.com\/vi\/services-and-facilities\/transportation\/#primaryimage"},"thumbnailUrl":"https:\/\/www.emeraldbayhotelnhatrang.com\/wp-content\/uploads\/sites\/145\/2025\/12\/Thumnail-8-1.jpg","datePublished":"2025-12-26T08:37:28+00:00","dateModified":"2026-04-02T08:52:59+00:00","description":"D\u1ecbch v\u1ee5 \u0111\u01b0a \u0111\u00f3n s\u00e2n bay mang \u0111\u1ebfn tr\u1ea3i nghi\u1ec7m di chuy\u1ec3n li\u1ec1n m\u1ea1ch, \u0111\u00fang gi\u1edd, gi\u00fap qu\u00fd kh\u00e1ch kh\u1edfi \u0111\u1ea7u v\u00e0 k\u1ebft th\u00fac h\u00e0nh tr\u00ecnh t\u1ea1i Emerald Bay Hotel & Spa Nha Trang th\u1eadt tr\u1ecdn v\u1eb9n.","breadcrumb":{"@id":"https:\/\/www.emeraldbayhotelnhatrang.com\/vi\/services-and-facilities\/transportation\/#breadcrumb"},"inLanguage":"vi-VN","potentialAction":[{"@type":"ReadAction","target":["https:\/\/www.emeraldbayhotelnhatrang.com\/vi\/services-and-facilities\/transportation\/"]}]},{"@type":"ImageObject","inLanguage":"vi-VN","@id":"https:\/\/www.emeraldbayhotelnhatrang.com\/vi\/services-and-facilities\/transportation\/#primaryimage","url":"https:\/\/www.emeraldbayhotelnhatrang.com\/wp-content\/uploads\/sites\/145\/2025\/12\/Thumnail-8-1.jpg","contentUrl":"https:\/\/www.emeraldbayhotelnhatrang.com\/wp-content\/uploads\/sites\/145\/2025\/12\/Thumnail-8-1.jpg","width":2200,"height":1798},{"@type":"BreadcrumbList","@id":"https:\/\/www.emeraldbayhotelnhatrang.com\/vi\/services-and-facilities\/transportation\/#breadcrumb","itemListElement":[{"@type":"ListItem","position":1,"name":"Home","item":"https:\/\/www.emeraldbayhotelnhatrang.com\/vi\/"},{"@type":"ListItem","position":2,"name":"D\u1ecbch v\u1ee5 v\u00e0 ti\u1ec7n \u00edch","item":"https:\/\/www.emeraldbayhotelnhatrang.com\/vi\/services-and-facilities\/"},{"@type":"ListItem","position":3,"name":"Di chuy\u1ec3n"}]},{"@type":"WebSite","@id":"https:\/\/www.emeraldbayhotelnhatrang.com\/vi\/#website","url":"https:\/\/www.emeraldbayhotelnhatrang.com\/vi\/","name":"Emerald Bay Hotel &amp; Spa Nha Trang","description":"","potentialAction":[{"@type":"SearchAction","target":{"@type":"EntryPoint","urlTemplate":"https:\/\/www.emeraldbayhotelnhatrang.com\/vi\/?s={search_term_string}"},"query-input":"required name=search_term_string"}],"inLanguage":"vi-VN"}]}},"acf":[],"_links":{"self":[{"href":"https:\/\/www.emeraldbayhotelnhatrang.com\/vi\/wp-json\/wp\/v2\/pages\/103"}],"collection":[{"href":"https:\/\/www.emeraldbayhotelnhatrang.com\/vi\/wp-json\/wp\/v2\/pages"}],"about":[{"href":"https:\/\/www.emeraldbayhotelnhatrang.com\/vi\/wp-json\/wp\/v2\/types\/page"}],"author":[{"embeddable":true,"href":"https:\/\/www.emeraldbayhotelnhatrang.com\/vi\/wp-json\/wp\/v2\/users\/8"}],"replies":[{"embeddable":true,"href":"https:\/\/www.emeraldbayhotelnhatrang.com\/vi\/wp-json\/wp\/v2\/comments?post=103"}],"version-history":[{"count":0,"href":"https:\/\/www.emeraldbayhotelnhatrang.com\/vi\/wp-json\/wp\/v2\/pages\/103\/revisions"}],"up":[{"embeddable":true,"href":"https:\/\/www.emeraldbayhotelnhatrang.com\/vi\/wp-json\/wp\/v2\/pages\/100"}],"wp:featuredmedia":[{"embeddable":true,"href":"https:\/\/www.emeraldbayhotelnhatrang.com\/vi\/wp-json\/wp\/v2\/media\/106"}],"wp:attachment":[{"href":"https:\/\/www.emeraldbayhotelnhatrang.com\/vi\/wp-json\/wp\/v2\/media?parent=103"}],"curies":[{"name":"wp","href":"https:\/\/api.w.org\/{rel}","templated":true}]}}