{"id":100,"date":"2025-12-26T08:34:23","date_gmt":"2025-12-26T08:34:23","guid":{"rendered":"https:\/\/emeraldbayhotelnhatrang.ms2.decms.asia\/?page_id=100"},"modified":"2025-12-26T08:35:30","modified_gmt":"2025-12-26T08:35:30","slug":"services-and-facilities","status":"publish","type":"page","link":"https:\/\/www.emeraldbayhotelnhatrang.com\/vi\/services-and-facilities\/","title":{"rendered":"D\u1ecbch v\u1ee5 v\u00e0 ti\u1ec7n \u00edch"},"content":{"rendered":"<p>D\u1ecbch v\u1ee5 &#038; ti\u1ec7n \u00edch t\u1ea1i Emerald Bay Hotel &#038; Spa Nha Trang lu\u00f4n s\u1eb5n s\u00e0ng, \u0111\u00e1p \u1ee9ng t\u1eeb nhu c\u1ea7u ngh\u1ec9 d\u01b0\u1ee1ng \u0111\u1ebfn tham quan c\u1ee7a qu\u00fd kh\u00e1ch. T\u1eeb d\u1ecbch v\u1ee5 \u0111\u01b0a \u0111\u00f3n s\u00e2n bay ti\u1ec7n l\u1ee3i, gi\u1eb7t \u1ee7i chu \u0111\u00e1o, \u0111\u1ebfn c\u00e1c tour kh\u00e1m ph\u00e1 Nha Trang trong ng\u00e0y, m\u1ecdi nhu c\u1ea7u \u0111\u1ec1u \u0111\u01b0\u1ee3c ch\u00fang t\u00f4i ph\u1ee5c v\u1ee5 t\u1eadn t\u00e2m.<\/p>\n","protected":false},"excerpt":{"rendered":"<p>D\u1ecbch v\u1ee5 &#038; ti\u1ec7n \u00edch t\u1ea1i Emerald Bay Hotel &#038; Spa Nha Trang lu\u00f4n s\u1eb5n s\u00e0ng, \u0111\u00e1p \u1ee9ng t\u1eeb nhu c\u1ea7u ngh\u1ec9 d\u01b0\u1ee1ng \u0111\u1ebfn tham quan c\u1ee7a qu\u00fd kh\u00e1ch. T\u1eeb d\u1ecbch v\u1ee5 \u0111\u01b0a \u0111\u00f3n s\u00e2n bay ti\u1ec7n l\u1ee3i, gi\u1eb7t \u1ee7i chu \u0111\u00e1o, \u0111\u1ebfn c\u00e1c tour kh\u00e1m ph\u00e1 Nha Trang trong ng\u00e0y, m\u1ecdi nhu c\u1ea7u \u0111\u1ec1u [&hellip;]<\/p>\n","protected":false},"author":8,"featured_media":101,"parent":0,"menu_order":0,"comment_status":"closed","ping_status":"closed","template":"template-services.php","meta":{"footnotes":""},"yoast_head":"<!-- This site is optimized with the Yoast SEO plugin v22.3 - https:\/\/yoast.com\/wordpress\/plugins\/seo\/ -->\n<title>Services| Emerald Bay Hotel &amp; Spa Nha Trang<\/title>\n<meta name=\"description\" content=\"D\u1ecbch v\u1ee5 to\u00e0n di\u1ec7n cho k\u1ef3 ngh\u1ec9 tr\u1ecdn v\u1eb9n t\u1ea1i trung t\u00e2m Nha Trang.\" \/>\n<meta name=\"robots\" content=\"index, follow, max-snippet:-1, max-image-preview:large, max-video-preview:-1\" \/>\n<link rel=\"canonical\" href=\"https:\/\/www.emeraldbayhotelnhatrang.com\/vi\/services-and-facilities\/\" \/>\n<meta property=\"og:locale\" content=\"vi_VN\" \/>\n<meta property=\"og:type\" content=\"article\" \/>\n<meta property=\"og:title\" content=\"Services| Emerald Bay Hotel &amp; Spa Nha Trang\" \/>\n<meta property=\"og:description\" content=\"D\u1ecbch v\u1ee5 to\u00e0n di\u1ec7n cho k\u1ef3 ngh\u1ec9 tr\u1ecdn v\u1eb9n t\u1ea1i trung t\u00e2m Nha Trang.\" \/>\n<meta property=\"og:url\" content=\"https:\/\/www.emeraldbayhotelnhatrang.com\/vi\/services-and-facilities\/\" \/>\n<meta property=\"og:site_name\" content=\"Emerald Bay Hotel &amp; Spa Nha Trang\" \/>\n<meta property=\"article:modified_time\" content=\"2025-12-26T08:35:30+00:00\" \/>\n<meta property=\"og:image\" content=\"https:\/\/www.emeraldbayhotelnhatrang.com\/wp-content\/uploads\/sites\/145\/2025\/12\/XE-DUA-DON-TOP.jpg\" \/>\n\t<meta property=\"og:image:width\" content=\"2200\" \/>\n\t<meta property=\"og:image:height\" content=\"1467\" \/>\n\t<meta property=\"og:image:type\" content=\"image\/jpeg\" \/>\n<meta name=\"twitter:card\" content=\"summary_large_image\" \/>\n<meta name=\"twitter:label1\" content=\"Est. reading time\" \/>\n\t<meta name=\"twitter:data1\" content=\"1 minute\" \/>\n<script type=\"application\/ld+json\" class=\"yoast-schema-graph\">{\"@context\":\"https:\/\/schema.org\",\"@graph\":[{\"@type\":\"WebPage\",\"@id\":\"https:\/\/www.emeraldbayhotelnhatrang.com\/vi\/services-and-facilities\/\",\"url\":\"https:\/\/www.emeraldbayhotelnhatrang.com\/vi\/services-and-facilities\/\",\"name\":\"Services| Emerald Bay Hotel & Spa Nha Trang\",\"isPartOf\":{\"@id\":\"https:\/\/www.emeraldbayhotelnhatrang.com\/vi\/#website\"},\"primaryImageOfPage\":{\"@id\":\"https:\/\/www.emeraldbayhotelnhatrang.com\/vi\/services-and-facilities\/#primaryimage\"},\"image\":{\"@id\":\"https:\/\/www.emeraldbayhotelnhatrang.com\/vi\/services-and-facilities\/#primaryimage\"},\"thumbnailUrl\":\"https:\/\/www.emeraldbayhotelnhatrang.com\/wp-content\/uploads\/sites\/145\/2025\/12\/XE-DUA-DON-TOP.jpg\",\"datePublished\":\"2025-12-26T08:34:23+00:00\",\"dateModified\":\"2025-12-26T08:35:30+00:00\",\"description\":\"D\u1ecbch v\u1ee5 to\u00e0n di\u1ec7n cho k\u1ef3 ngh\u1ec9 tr\u1ecdn v\u1eb9n t\u1ea1i trung t\u00e2m Nha Trang.\",\"breadcrumb\":{\"@id\":\"https:\/\/www.emeraldbayhotelnhatrang.com\/vi\/services-and-facilities\/#breadcrumb\"},\"inLanguage\":\"vi-VN\",\"potentialAction\":[{\"@type\":\"ReadAction\",\"target\":[\"https:\/\/www.emeraldbayhotelnhatrang.com\/vi\/services-and-facilities\/\"]}]},{\"@type\":\"ImageObject\",\"inLanguage\":\"vi-VN\",\"@id\":\"https:\/\/www.emeraldbayhotelnhatrang.com\/vi\/services-and-facilities\/#primaryimage\",\"url\":\"https:\/\/www.emeraldbayhotelnhatrang.com\/wp-content\/uploads\/sites\/145\/2025\/12\/XE-DUA-DON-TOP.jpg\",\"contentUrl\":\"https:\/\/www.emeraldbayhotelnhatrang.com\/wp-content\/uploads\/sites\/145\/2025\/12\/XE-DUA-DON-TOP.jpg\",\"width\":2200,\"height\":1467},{\"@type\":\"BreadcrumbList\",\"@id\":\"https:\/\/www.emeraldbayhotelnhatrang.com\/vi\/services-and-facilities\/#breadcrumb\",\"itemListElement\":[{\"@type\":\"ListItem\",\"position\":1,\"name\":\"Home\",\"item\":\"https:\/\/www.emeraldbayhotelnhatrang.com\/vi\/\"},{\"@type\":\"ListItem\",\"position\":2,\"name\":\"D\u1ecbch v\u1ee5 v\u00e0 ti\u1ec7n \u00edch\"}]},{\"@type\":\"WebSite\",\"@id\":\"https:\/\/www.emeraldbayhotelnhatrang.com\/vi\/#website\",\"url\":\"https:\/\/www.emeraldbayhotelnhatrang.com\/vi\/\",\"name\":\"Emerald Bay Hotel &amp; Spa Nha Trang\",\"description\":\"\",\"potentialAction\":[{\"@type\":\"SearchAction\",\"target\":{\"@type\":\"EntryPoint\",\"urlTemplate\":\"https:\/\/www.emeraldbayhotelnhatrang.com\/vi\/?s={search_term_string}\"},\"query-input\":\"required name=search_term_string\"}],\"inLanguage\":\"vi-VN\"}]}<\/script>\n<!-- \/ Yoast SEO plugin. -->","yoast_head_json":{"title":"Services| Emerald Bay Hotel & Spa Nha Trang","description":"D\u1ecbch v\u1ee5 to\u00e0n di\u1ec7n cho k\u1ef3 ngh\u1ec9 tr\u1ecdn v\u1eb9n t\u1ea1i trung t\u00e2m Nha Trang.","robots":{"index":"index","follow":"follow","max-snippet":"max-snippet:-1","max-image-preview":"max-image-preview:large","max-video-preview":"max-video-preview:-1"},"canonical":"https:\/\/www.emeraldbayhotelnhatrang.com\/vi\/services-and-facilities\/","og_locale":"vi_VN","og_type":"article","og_title":"Services| Emerald Bay Hotel & Spa Nha Trang","og_description":"D\u1ecbch v\u1ee5 to\u00e0n di\u1ec7n cho k\u1ef3 ngh\u1ec9 tr\u1ecdn v\u1eb9n t\u1ea1i trung t\u00e2m Nha Trang.","og_url":"https:\/\/www.emeraldbayhotelnhatrang.com\/vi\/services-and-facilities\/","og_site_name":"Emerald Bay Hotel &amp; Spa Nha Trang","article_modified_time":"2025-12-26T08:35:30+00:00","og_image":[{"width":2200,"height":1467,"url":"https:\/\/www.emeraldbayhotelnhatrang.com\/wp-content\/uploads\/sites\/145\/2025\/12\/XE-DUA-DON-TOP.jpg","type":"image\/jpeg"}],"twitter_card":"summary_large_image","twitter_misc":{"Est. reading time":"1 minute"},"schema":{"@context":"https:\/\/schema.org","@graph":[{"@type":"WebPage","@id":"https:\/\/www.emeraldbayhotelnhatrang.com\/vi\/services-and-facilities\/","url":"https:\/\/www.emeraldbayhotelnhatrang.com\/vi\/services-and-facilities\/","name":"Services| Emerald Bay Hotel & Spa Nha Trang","isPartOf":{"@id":"https:\/\/www.emeraldbayhotelnhatrang.com\/vi\/#website"},"primaryImageOfPage":{"@id":"https:\/\/www.emeraldbayhotelnhatrang.com\/vi\/services-and-facilities\/#primaryimage"},"image":{"@id":"https:\/\/www.emeraldbayhotelnhatrang.com\/vi\/services-and-facilities\/#primaryimage"},"thumbnailUrl":"https:\/\/www.emeraldbayhotelnhatrang.com\/wp-content\/uploads\/sites\/145\/2025\/12\/XE-DUA-DON-TOP.jpg","datePublished":"2025-12-26T08:34:23+00:00","dateModified":"2025-12-26T08:35:30+00:00","description":"D\u1ecbch v\u1ee5 to\u00e0n di\u1ec7n cho k\u1ef3 ngh\u1ec9 tr\u1ecdn v\u1eb9n t\u1ea1i trung t\u00e2m Nha Trang.","breadcrumb":{"@id":"https:\/\/www.emeraldbayhotelnhatrang.com\/vi\/services-and-facilities\/#breadcrumb"},"inLanguage":"vi-VN","potentialAction":[{"@type":"ReadAction","target":["https:\/\/www.emeraldbayhotelnhatrang.com\/vi\/services-and-facilities\/"]}]},{"@type":"ImageObject","inLanguage":"vi-VN","@id":"https:\/\/www.emeraldbayhotelnhatrang.com\/vi\/services-and-facilities\/#primaryimage","url":"https:\/\/www.emeraldbayhotelnhatrang.com\/wp-content\/uploads\/sites\/145\/2025\/12\/XE-DUA-DON-TOP.jpg","contentUrl":"https:\/\/www.emeraldbayhotelnhatrang.com\/wp-content\/uploads\/sites\/145\/2025\/12\/XE-DUA-DON-TOP.jpg","width":2200,"height":1467},{"@type":"BreadcrumbList","@id":"https:\/\/www.emeraldbayhotelnhatrang.com\/vi\/services-and-facilities\/#breadcrumb","itemListElement":[{"@type":"ListItem","position":1,"name":"Home","item":"https:\/\/www.emeraldbayhotelnhatrang.com\/vi\/"},{"@type":"ListItem","position":2,"name":"D\u1ecbch v\u1ee5 v\u00e0 ti\u1ec7n \u00edch"}]},{"@type":"WebSite","@id":"https:\/\/www.emeraldbayhotelnhatrang.com\/vi\/#website","url":"https:\/\/www.emeraldbayhotelnhatrang.com\/vi\/","name":"Emerald Bay Hotel &amp; Spa Nha Trang","description":"","potentialAction":[{"@type":"SearchAction","target":{"@type":"EntryPoint","urlTemplate":"https:\/\/www.emeraldbayhotelnhatrang.com\/vi\/?s={search_term_string}"},"query-input":"required name=search_term_string"}],"inLanguage":"vi-VN"}]}},"acf":[],"_links":{"self":[{"href":"https:\/\/www.emeraldbayhotelnhatrang.com\/vi\/wp-json\/wp\/v2\/pages\/100"}],"collection":[{"href":"https:\/\/www.emeraldbayhotelnhatrang.com\/vi\/wp-json\/wp\/v2\/pages"}],"about":[{"href":"https:\/\/www.emeraldbayhotelnhatrang.com\/vi\/wp-json\/wp\/v2\/types\/page"}],"author":[{"embeddable":true,"href":"https:\/\/www.emeraldbayhotelnhatrang.com\/vi\/wp-json\/wp\/v2\/users\/8"}],"replies":[{"embeddable":true,"href":"https:\/\/www.emeraldbayhotelnhatrang.com\/vi\/wp-json\/wp\/v2\/comments?post=100"}],"version-history":[{"count":0,"href":"https:\/\/www.emeraldbayhotelnhatrang.com\/vi\/wp-json\/wp\/v2\/pages\/100\/revisions"}],"wp:featuredmedia":[{"embeddable":true,"href":"https:\/\/www.emeraldbayhotelnhatrang.com\/vi\/wp-json\/wp\/v2\/media\/101"}],"wp:attachment":[{"href":"https:\/\/www.emeraldbayhotelnhatrang.com\/vi\/wp-json\/wp\/v2\/media?parent=100"}],"curies":[{"name":"wp","href":"https:\/\/api.w.org\/{rel}","templated":true}]}}