{"id":10,"date":"2025-12-24T07:30:43","date_gmt":"2025-12-24T07:30:43","guid":{"rendered":"https:\/\/emeraldbayhotelnhatrang.ms2.decms.asia\/?page_id=10"},"modified":"2026-01-21T03:47:28","modified_gmt":"2026-01-21T03:47:28","slug":"superior","status":"publish","type":"page","link":"https:\/\/www.emeraldbayhotelnhatrang.com\/vi\/rooms\/superior\/","title":{"rendered":"Superior"},"content":{"rendered":"<p>T\u1ecda l\u1ea1c gi\u1eefa trung t\u00e2m th\u00e0nh ph\u1ed1 Nha Trang s\u00f4i \u0111\u1ed9ng, ph\u00f2ng Superior mang \u0111\u1ebfn kh\u00f4ng gian ngh\u1ec9 d\u01b0\u1ee1ng thanh l\u1ecbch v\u00e0 tho\u1ea3i m\u00e1i v\u1edbi \u00e1nh s\u00e1ng t\u1ef1 nhi\u00ean tr\u00e0n qua khung c\u1eeda s\u1ed5 h\u01b0\u1edbng ph\u1ed1, h\u00f2a c\u00f9ng nh\u1ecbp s\u1ed1ng d\u1ecbu d\u00e0ng b\u00ean ngo\u00e0i, t\u1ea1o n\u00ean c\u1ea3m gi\u00e1c v\u1eeba g\u1ea7n g\u0169i v\u1eeba ri\u00eang t\u01b0. Thi\u1ebft k\u1ebf tinh t\u1ebf, ti\u1ec7n nghi hi\u1ec7n \u0111\u1ea1i v\u1edbi l\u1ef1a ch\u1ecdn 1 gi\u01b0\u1eddng Queen ho\u1eb7c 2 gi\u01b0\u1eddng Twin, ph\u00f9 h\u1ee3p cho 2 ng\u01b0\u1eddi l\u1edbn v\u00e0 2 tr\u1ebb em.<\/p>\n","protected":false},"excerpt":{"rendered":"<p>T\u1ecda l\u1ea1c gi\u1eefa trung t\u00e2m th\u00e0nh ph\u1ed1 Nha Trang s\u00f4i \u0111\u1ed9ng, ph\u00f2ng Superior mang \u0111\u1ebfn kh\u00f4ng gian ngh\u1ec9 d\u01b0\u1ee1ng thanh l\u1ecbch v\u00e0 tho\u1ea3i m\u00e1i v\u1edbi \u00e1nh s\u00e1ng t\u1ef1 nhi\u00ean tr\u00e0n qua khung c\u1eeda s\u1ed5 h\u01b0\u1edbng ph\u1ed1, h\u00f2a c\u00f9ng nh\u1ecbp s\u1ed1ng d\u1ecbu d\u00e0ng b\u00ean ngo\u00e0i, t\u1ea1o n\u00ean c\u1ea3m gi\u00e1c v\u1eeba g\u1ea7n g\u0169i v\u1eeba ri\u00eang t\u01b0. Thi\u1ebft [&hellip;]<\/p>\n","protected":false},"author":8,"featured_media":13,"parent":8,"menu_order":1,"comment_status":"closed","ping_status":"closed","template":"template-single-room.php","meta":{"footnotes":""},"yoast_head":"<!-- This site is optimized with the Yoast SEO plugin v22.3 - https:\/\/yoast.com\/wordpress\/plugins\/seo\/ -->\n<title>Superior | Emerald Bay Hotel &amp; Spa Nha Trang<\/title>\n<meta name=\"description\" content=\"kh\u00f4ng gian ngh\u1ec9 d\u01b0\u1ee1ng thanh l\u1ecbch v\u00e0 tho\u1ea3i m\u00e1i v\u1edbi \u00e1nh s\u00e1ng t\u1ef1 nhi\u00ean tr\u00e0n qua khung c\u1eeda s\u1ed5 h\u01b0\u1edbng ph\u1ed1, thi\u1ebft k\u1ebf tinh t\u1ebf, ti\u1ec7n nghi hi\u1ec7n \u0111\u1ea1i v\u1edbi l\u1ef1a ch\u1ecdn 1 gi\u01b0\u1eddng Queen ho\u1eb7c 2 gi\u01b0\u1eddng Twin, ph\u00f9 h\u1ee3p cho 2 ng\u01b0\u1eddi l\u1edbn v\u00e0 2 tr\u1ebb em.\" \/>\n<meta name=\"robots\" content=\"index, follow, max-snippet:-1, max-image-preview:large, max-video-preview:-1\" \/>\n<link rel=\"canonical\" href=\"https:\/\/www.emeraldbayhotelnhatrang.com\/vi\/rooms\/superior\/\" \/>\n<meta property=\"og:locale\" content=\"vi_VN\" \/>\n<meta property=\"og:type\" content=\"article\" \/>\n<meta property=\"og:title\" content=\"Superior | Emerald Bay Hotel &amp; Spa Nha Trang\" \/>\n<meta property=\"og:description\" content=\"kh\u00f4ng gian ngh\u1ec9 d\u01b0\u1ee1ng thanh l\u1ecbch v\u00e0 tho\u1ea3i m\u00e1i v\u1edbi \u00e1nh s\u00e1ng t\u1ef1 nhi\u00ean tr\u00e0n qua khung c\u1eeda s\u1ed5 h\u01b0\u1edbng ph\u1ed1, thi\u1ebft k\u1ebf tinh t\u1ebf, ti\u1ec7n nghi hi\u1ec7n \u0111\u1ea1i v\u1edbi l\u1ef1a ch\u1ecdn 1 gi\u01b0\u1eddng Queen ho\u1eb7c 2 gi\u01b0\u1eddng Twin, ph\u00f9 h\u1ee3p cho 2 ng\u01b0\u1eddi l\u1edbn v\u00e0 2 tr\u1ebb em.\" \/>\n<meta property=\"og:url\" content=\"https:\/\/www.emeraldbayhotelnhatrang.com\/vi\/rooms\/superior\/\" \/>\n<meta property=\"og:site_name\" content=\"Emerald Bay Hotel &amp; Spa Nha Trang\" \/>\n<meta property=\"article:modified_time\" content=\"2026-01-21T03:47:28+00:00\" \/>\n<meta property=\"og:image\" content=\"https:\/\/www.emeraldbayhotelnhatrang.com\/wp-content\/uploads\/sites\/145\/2025\/12\/Emerald-nt-8.jpg\" \/>\n\t<meta property=\"og:image:width\" content=\"2200\" \/>\n\t<meta property=\"og:image:height\" content=\"1457\" \/>\n\t<meta property=\"og:image:type\" content=\"image\/jpeg\" \/>\n<meta name=\"twitter:card\" content=\"summary_large_image\" \/>\n<meta name=\"twitter:label1\" content=\"Est. reading time\" \/>\n\t<meta name=\"twitter:data1\" content=\"1 minute\" \/>\n<script type=\"application\/ld+json\" class=\"yoast-schema-graph\">{\"@context\":\"https:\/\/schema.org\",\"@graph\":[{\"@type\":\"WebPage\",\"@id\":\"https:\/\/www.emeraldbayhotelnhatrang.com\/vi\/rooms\/superior\/\",\"url\":\"https:\/\/www.emeraldbayhotelnhatrang.com\/vi\/rooms\/superior\/\",\"name\":\"Superior | Emerald Bay Hotel & Spa Nha Trang\",\"isPartOf\":{\"@id\":\"https:\/\/www.emeraldbayhotelnhatrang.com\/vi\/#website\"},\"primaryImageOfPage\":{\"@id\":\"https:\/\/www.emeraldbayhotelnhatrang.com\/vi\/rooms\/superior\/#primaryimage\"},\"image\":{\"@id\":\"https:\/\/www.emeraldbayhotelnhatrang.com\/vi\/rooms\/superior\/#primaryimage\"},\"thumbnailUrl\":\"https:\/\/www.emeraldbayhotelnhatrang.com\/wp-content\/uploads\/sites\/145\/2025\/12\/Top-of-the-page-1.jpg\",\"datePublished\":\"2025-12-24T07:30:43+00:00\",\"dateModified\":\"2026-01-21T03:47:28+00:00\",\"description\":\"kh\u00f4ng gian ngh\u1ec9 d\u01b0\u1ee1ng thanh l\u1ecbch v\u00e0 tho\u1ea3i m\u00e1i v\u1edbi \u00e1nh s\u00e1ng t\u1ef1 nhi\u00ean tr\u00e0n qua khung c\u1eeda s\u1ed5 h\u01b0\u1edbng ph\u1ed1, thi\u1ebft k\u1ebf tinh t\u1ebf, ti\u1ec7n nghi hi\u1ec7n \u0111\u1ea1i v\u1edbi l\u1ef1a ch\u1ecdn 1 gi\u01b0\u1eddng Queen ho\u1eb7c 2 gi\u01b0\u1eddng Twin, ph\u00f9 h\u1ee3p cho 2 ng\u01b0\u1eddi l\u1edbn v\u00e0 2 tr\u1ebb em.\",\"breadcrumb\":{\"@id\":\"https:\/\/www.emeraldbayhotelnhatrang.com\/vi\/rooms\/superior\/#breadcrumb\"},\"inLanguage\":\"vi-VN\",\"potentialAction\":[{\"@type\":\"ReadAction\",\"target\":[\"https:\/\/www.emeraldbayhotelnhatrang.com\/vi\/rooms\/superior\/\"]}]},{\"@type\":\"ImageObject\",\"inLanguage\":\"vi-VN\",\"@id\":\"https:\/\/www.emeraldbayhotelnhatrang.com\/vi\/rooms\/superior\/#primaryimage\",\"url\":\"https:\/\/www.emeraldbayhotelnhatrang.com\/wp-content\/uploads\/sites\/145\/2025\/12\/Top-of-the-page-1.jpg\",\"contentUrl\":\"https:\/\/www.emeraldbayhotelnhatrang.com\/wp-content\/uploads\/sites\/145\/2025\/12\/Top-of-the-page-1.jpg\",\"width\":2200,\"height\":1329},{\"@type\":\"BreadcrumbList\",\"@id\":\"https:\/\/www.emeraldbayhotelnhatrang.com\/vi\/rooms\/superior\/#breadcrumb\",\"itemListElement\":[{\"@type\":\"ListItem\",\"position\":1,\"name\":\"Home\",\"item\":\"https:\/\/www.emeraldbayhotelnhatrang.com\/vi\/\"},{\"@type\":\"ListItem\",\"position\":2,\"name\":\"C\u00e1c h\u1ea1ng ph\u00f2ng\",\"item\":\"https:\/\/www.emeraldbayhotelnhatrang.com\/vi\/rooms\/\"},{\"@type\":\"ListItem\",\"position\":3,\"name\":\"Superior\"}]},{\"@type\":\"WebSite\",\"@id\":\"https:\/\/www.emeraldbayhotelnhatrang.com\/vi\/#website\",\"url\":\"https:\/\/www.emeraldbayhotelnhatrang.com\/vi\/\",\"name\":\"Emerald Bay Hotel &amp; Spa Nha Trang\",\"description\":\"\",\"potentialAction\":[{\"@type\":\"SearchAction\",\"target\":{\"@type\":\"EntryPoint\",\"urlTemplate\":\"https:\/\/www.emeraldbayhotelnhatrang.com\/vi\/?s={search_term_string}\"},\"query-input\":\"required name=search_term_string\"}],\"inLanguage\":\"vi-VN\"}]}<\/script>\n<!-- \/ Yoast SEO plugin. -->","yoast_head_json":{"title":"Superior | Emerald Bay Hotel & Spa Nha Trang","description":"kh\u00f4ng gian ngh\u1ec9 d\u01b0\u1ee1ng thanh l\u1ecbch v\u00e0 tho\u1ea3i m\u00e1i v\u1edbi \u00e1nh s\u00e1ng t\u1ef1 nhi\u00ean tr\u00e0n qua khung c\u1eeda s\u1ed5 h\u01b0\u1edbng ph\u1ed1, thi\u1ebft k\u1ebf tinh t\u1ebf, ti\u1ec7n nghi hi\u1ec7n \u0111\u1ea1i v\u1edbi l\u1ef1a ch\u1ecdn 1 gi\u01b0\u1eddng Queen ho\u1eb7c 2 gi\u01b0\u1eddng Twin, ph\u00f9 h\u1ee3p cho 2 ng\u01b0\u1eddi l\u1edbn v\u00e0 2 tr\u1ebb em.","robots":{"index":"index","follow":"follow","max-snippet":"max-snippet:-1","max-image-preview":"max-image-preview:large","max-video-preview":"max-video-preview:-1"},"canonical":"https:\/\/www.emeraldbayhotelnhatrang.com\/vi\/rooms\/superior\/","og_locale":"vi_VN","og_type":"article","og_title":"Superior | Emerald Bay Hotel & Spa Nha Trang","og_description":"kh\u00f4ng gian ngh\u1ec9 d\u01b0\u1ee1ng thanh l\u1ecbch v\u00e0 tho\u1ea3i m\u00e1i v\u1edbi \u00e1nh s\u00e1ng t\u1ef1 nhi\u00ean tr\u00e0n qua khung c\u1eeda s\u1ed5 h\u01b0\u1edbng ph\u1ed1, thi\u1ebft k\u1ebf tinh t\u1ebf, ti\u1ec7n nghi hi\u1ec7n \u0111\u1ea1i v\u1edbi l\u1ef1a ch\u1ecdn 1 gi\u01b0\u1eddng Queen ho\u1eb7c 2 gi\u01b0\u1eddng Twin, ph\u00f9 h\u1ee3p cho 2 ng\u01b0\u1eddi l\u1edbn v\u00e0 2 tr\u1ebb em.","og_url":"https:\/\/www.emeraldbayhotelnhatrang.com\/vi\/rooms\/superior\/","og_site_name":"Emerald Bay Hotel &amp; Spa Nha Trang","article_modified_time":"2026-01-21T03:47:28+00:00","og_image":[{"width":2200,"height":1457,"url":"https:\/\/www.emeraldbayhotelnhatrang.com\/wp-content\/uploads\/sites\/145\/2025\/12\/Emerald-nt-8.jpg","type":"image\/jpeg"}],"twitter_card":"summary_large_image","twitter_misc":{"Est. reading time":"1 minute"},"schema":{"@context":"https:\/\/schema.org","@graph":[{"@type":"WebPage","@id":"https:\/\/www.emeraldbayhotelnhatrang.com\/vi\/rooms\/superior\/","url":"https:\/\/www.emeraldbayhotelnhatrang.com\/vi\/rooms\/superior\/","name":"Superior | Emerald Bay Hotel & Spa Nha Trang","isPartOf":{"@id":"https:\/\/www.emeraldbayhotelnhatrang.com\/vi\/#website"},"primaryImageOfPage":{"@id":"https:\/\/www.emeraldbayhotelnhatrang.com\/vi\/rooms\/superior\/#primaryimage"},"image":{"@id":"https:\/\/www.emeraldbayhotelnhatrang.com\/vi\/rooms\/superior\/#primaryimage"},"thumbnailUrl":"https:\/\/www.emeraldbayhotelnhatrang.com\/wp-content\/uploads\/sites\/145\/2025\/12\/Top-of-the-page-1.jpg","datePublished":"2025-12-24T07:30:43+00:00","dateModified":"2026-01-21T03:47:28+00:00","description":"kh\u00f4ng gian ngh\u1ec9 d\u01b0\u1ee1ng thanh l\u1ecbch v\u00e0 tho\u1ea3i m\u00e1i v\u1edbi \u00e1nh s\u00e1ng t\u1ef1 nhi\u00ean tr\u00e0n qua khung c\u1eeda s\u1ed5 h\u01b0\u1edbng ph\u1ed1, thi\u1ebft k\u1ebf tinh t\u1ebf, ti\u1ec7n nghi hi\u1ec7n \u0111\u1ea1i v\u1edbi l\u1ef1a ch\u1ecdn 1 gi\u01b0\u1eddng Queen ho\u1eb7c 2 gi\u01b0\u1eddng Twin, ph\u00f9 h\u1ee3p cho 2 ng\u01b0\u1eddi l\u1edbn v\u00e0 2 tr\u1ebb em.","breadcrumb":{"@id":"https:\/\/www.emeraldbayhotelnhatrang.com\/vi\/rooms\/superior\/#breadcrumb"},"inLanguage":"vi-VN","potentialAction":[{"@type":"ReadAction","target":["https:\/\/www.emeraldbayhotelnhatrang.com\/vi\/rooms\/superior\/"]}]},{"@type":"ImageObject","inLanguage":"vi-VN","@id":"https:\/\/www.emeraldbayhotelnhatrang.com\/vi\/rooms\/superior\/#primaryimage","url":"https:\/\/www.emeraldbayhotelnhatrang.com\/wp-content\/uploads\/sites\/145\/2025\/12\/Top-of-the-page-1.jpg","contentUrl":"https:\/\/www.emeraldbayhotelnhatrang.com\/wp-content\/uploads\/sites\/145\/2025\/12\/Top-of-the-page-1.jpg","width":2200,"height":1329},{"@type":"BreadcrumbList","@id":"https:\/\/www.emeraldbayhotelnhatrang.com\/vi\/rooms\/superior\/#breadcrumb","itemListElement":[{"@type":"ListItem","position":1,"name":"Home","item":"https:\/\/www.emeraldbayhotelnhatrang.com\/vi\/"},{"@type":"ListItem","position":2,"name":"C\u00e1c h\u1ea1ng ph\u00f2ng","item":"https:\/\/www.emeraldbayhotelnhatrang.com\/vi\/rooms\/"},{"@type":"ListItem","position":3,"name":"Superior"}]},{"@type":"WebSite","@id":"https:\/\/www.emeraldbayhotelnhatrang.com\/vi\/#website","url":"https:\/\/www.emeraldbayhotelnhatrang.com\/vi\/","name":"Emerald Bay Hotel &amp; Spa Nha Trang","description":"","potentialAction":[{"@type":"SearchAction","target":{"@type":"EntryPoint","urlTemplate":"https:\/\/www.emeraldbayhotelnhatrang.com\/vi\/?s={search_term_string}"},"query-input":"required name=search_term_string"}],"inLanguage":"vi-VN"}]}},"acf":[],"_links":{"self":[{"href":"https:\/\/www.emeraldbayhotelnhatrang.com\/vi\/wp-json\/wp\/v2\/pages\/10"}],"collection":[{"href":"https:\/\/www.emeraldbayhotelnhatrang.com\/vi\/wp-json\/wp\/v2\/pages"}],"about":[{"href":"https:\/\/www.emeraldbayhotelnhatrang.com\/vi\/wp-json\/wp\/v2\/types\/page"}],"author":[{"embeddable":true,"href":"https:\/\/www.emeraldbayhotelnhatrang.com\/vi\/wp-json\/wp\/v2\/users\/8"}],"replies":[{"embeddable":true,"href":"https:\/\/www.emeraldbayhotelnhatrang.com\/vi\/wp-json\/wp\/v2\/comments?post=10"}],"version-history":[{"count":0,"href":"https:\/\/www.emeraldbayhotelnhatrang.com\/vi\/wp-json\/wp\/v2\/pages\/10\/revisions"}],"up":[{"embeddable":true,"href":"https:\/\/www.emeraldbayhotelnhatrang.com\/vi\/wp-json\/wp\/v2\/pages\/8"}],"wp:featuredmedia":[{"embeddable":true,"href":"https:\/\/www.emeraldbayhotelnhatrang.com\/vi\/wp-json\/wp\/v2\/media\/13"}],"wp:attachment":[{"href":"https:\/\/www.emeraldbayhotelnhatrang.com\/vi\/wp-json\/wp\/v2\/media?parent=10"}],"curies":[{"name":"wp","href":"https:\/\/api.w.org\/{rel}","templated":true}]}}